{"id":5430,"date":"2026-01-14T11:57:49","date_gmt":"2026-01-14T11:57:49","guid":{"rendered":"https:\/\/turkishtrade.co\/product\/men-s-suede-loafers\/"},"modified":"2026-04-09T19:34:27","modified_gmt":"2026-04-09T19:34:27","slug":"mens-suede-loafers-premium-calf-leather","status":"publish","type":"product","link":"https:\/\/turkishtrade.co\/es\/shop\/mens-suede-loafers-premium-calf-leather\/","title":{"rendered":"Mocasines de hombre en ante de primera calidad | Piel de becerro y cabra"},"content":{"rendered":"<p data-rm-block-id=\"block-1\"><strong>Mocasines de ante para hombre<\/strong><\/p>\n<p data-rm-block-id=\"block-2\">Disfruta de un estilo y una comodidad incomparables con nuestra colecci\u00f3n de **mocasines de ante para hombre**. Elaborados por expertos para el caballero exigente, estos mocasines son la personificaci\u00f3n del calzado casual y elegante sofisticado. Cada par est\u00e1 fabricado meticulosamente con los mejores materiales, lo que garantiza no s\u00f3lo un tacto lujoso, sino tambi\u00e9n una durabilidad excepcional y un atractivo atemporal. Nuestros **mocasines de ante para hombre** est\u00e1n dise\u00f1ados para realzar cualquier conjunto, desde un relajado look de fin de semana hasta un elegante atuendo informal de negocios.<\/p>\n<h3 data-rm-block-id=\"block-3\">Calidad y artesan\u00eda inigualables<\/h3>\n<p data-rm-block-id=\"block-4\">El exterior de estos **mocasines de ante para hombre** de primera calidad est\u00e1 confeccionado en aut\u00e9ntica piel de ternero, con un acabado de suave y rica textura de ante. Esta elecci\u00f3n de material ofrece un aspecto distintivo y un tacto flexible que se amolda al pie con el paso del tiempo. El robusto exterior se complementa con un lujoso forro interior de aut\u00e9ntica piel de cabra. Este forro suave y transpirable garantiza el m\u00e1ximo confort, incluso durante un uso prolongado, haciendo que estos **mocasines de ante para hombre** sean un placer de calzar. La atenci\u00f3n al detalle en cada puntada subraya la calidad superior de estos vers\u00e1tiles zapatos.<\/p>\n<p data-rm-block-id=\"block-5\">La comodidad es primordial, y nuestros mocasines incorporan una ligera suela Microlight. Esta innovadora suela proporciona una excelente amortiguaci\u00f3n y flexibilidad, reduciendo la fatiga y ofreciendo una zancada natural. El sutil tac\u00f3n de 1-3 cm a\u00f1ade un toque de elegancia cl\u00e1sica sin renunciar a la comodidad. Disponibles en una amplia gama de tallas, de la UE 39 a la 45, estos excepcionales **mocasines de ante para hombre** est\u00e1n dise\u00f1ados para adaptarse a una amplia gama de pies exigentes, proporcionando un ajuste perfecto para la m\u00e1xima satisfacci\u00f3n.<\/p>\n<h3 data-rm-block-id=\"block-6\">Estilo vers\u00e1til para cualquier ocasi\u00f3n<\/h3>\n<p data-rm-block-id=\"block-7\">Ya elijas la elegancia cl\u00e1sica del color topo con hebilla dorada, la sofisticaci\u00f3n del negro con detalle de bocado plateado o la calidez del marr\u00f3n con emblema de caballo dorado, nuestros mocasines de ante para hombre ofrecen opciones de estilo vers\u00e1tiles. Son perfectos para a\u00f1adir un toque de refinamiento a su vestuario diario, realzar un look elegante informal para una cena o completar un sofisticado atuendo informal de negocios para la oficina. Su dise\u00f1o sin cordones garantiza la comodidad sin sacrificar un \u00e1pice de estilo, lo que convierte a estos **mocasines de ante para hombre** en un b\u00e1sico de armario esencial.<\/p>\n<h3 data-rm-block-id=\"block-8\">Oportunidades para los mayoristas y garant\u00eda de calidad<\/h3>\n<p data-rm-block-id=\"block-9\">Para minoristas y empresas que buscan calzado de alta calidad, nuestros **mocasines de ante para hombre** est\u00e1n disponibles para su compra al por mayor con una cantidad m\u00ednima de pedido de s\u00f3lo 8 pares. Nos enorgullecemos de la puntualidad en la entrega, con un plazo de entrega estimado de 12 d\u00edas m\u00e1s gastos de env\u00edo, lo que garantiza que su pedido llegue de forma eficiente. Invierta en estos excepcionales **mocasines de ante para hombre** y ofrezca a sus clientes un producto que combina lujo, comodidad y estilo duradero. Representan una mezcla de artesan\u00eda tradicional y dise\u00f1o moderno, lo que los convierte en un complemento indispensable para cualquier colecci\u00f3n de calzado, garantizando la satisfacci\u00f3n del cliente a cada paso.<\/p>","protected":false},"excerpt":{"rendered":"<ul>\n<li>Material exterior: Piel de becerro de primera calidad (acabado ante)<\/li>\n<li>Material interior: Forro de suave piel de cabra<\/li>\n<li>Suela: ultraligera<\/li>\n<li>Altura del tac\u00f3n: C\u00f3modo 1-3 cm<\/li>\n<li>Tallas disponibles: UE 39-45<\/li>\n<li><strong>Disponibilidad al por mayor:<\/strong> Pedido m\u00ednimo de 8 pares.<\/li>\n<li>Entrega estimada: 12 d\u00edas + gastos de env\u00edo<\/li>\n<\/ul>","protected":false},"featured_media":3654,"template":"","meta":{"_acf_changed":false,"_uag_custom_page_level_css":"","site-sidebar-layout":"default","site-content-layout":"","ast-site-content-layout":"default","site-content-style":"default","site-sidebar-style":"default","ast-global-header-display":"","ast-banner-title-visibility":"","ast-main-header-display":"","ast-hfb-above-header-display":"","ast-hfb-below-header-display":"","ast-hfb-mobile-header-display":"","site-post-title":"","ast-breadcrumbs-content":"","ast-featured-img":"","footer-sml-layout":"","ast-disable-related-posts":"","theme-transparent-header-meta":"default","adv-header-id-meta":"","stick-header-meta":"","header-above-stick-meta":"","header-main-stick-meta":"","header-below-stick-meta":"","astra-migrate-meta-layouts":"set","ast-page-background-enabled":"default","ast-page-background-meta":{"desktop":{"background-color":"var(--ast-global-color-4)","background-image":"","background-repeat":"repeat","background-position":"center center","background-size":"auto","background-attachment":"scroll","background-type":"","background-media":"","overlay-type":"","overlay-color":"","overlay-opacity":"","overlay-gradient":""},"tablet":{"background-color":"","background-image":"","background-repeat":"repeat","background-position":"center center","background-size":"auto","background-attachment":"scroll","background-type":"","background-media":"","overlay-type":"","overlay-color":"","overlay-opacity":"","overlay-gradient":""},"mobile":{"background-color":"","background-image":"","background-repeat":"repeat","background-position":"center center","background-size":"auto","background-attachment":"scroll","background-type":"","background-media":"","overlay-type":"","overlay-color":"","overlay-opacity":"","overlay-gradient":""}},"ast-content-background-meta":{"desktop":{"background-color":"var(--ast-global-color-5)","background-image":"","background-repeat":"repeat","background-position":"center center","background-size":"auto","background-attachment":"scroll","background-type":"","background-media":"","overlay-type":"","overlay-color":"","overlay-opacity":"","overlay-gradient":""},"tablet":{"background-color":"var(--ast-global-color-5)","background-image":"","background-repeat":"repeat","background-position":"center center","background-size":"auto","background-attachment":"scroll","background-type":"","background-media":"","overlay-type":"","overlay-color":"","overlay-opacity":"","overlay-gradient":""},"mobile":{"background-color":"var(--ast-global-color-5)","background-image":"","background-repeat":"repeat","background-position":"center center","background-size":"auto","background-attachment":"scroll","background-type":"","background-media":"","overlay-type":"","overlay-color":"","overlay-opacity":"","overlay-gradient":""}}},"product_brand":[],"product_cat":[48,47,49,430,40],"product_tag":[370,147,185,544,922,189,327,215,384,324,921,466,279,184,923,254],"class_list":{"0":"post-5430","1":"product","2":"type-product","3":"status-publish","4":"has-post-thumbnail","6":"product_cat-casual","7":"product_cat-classic","8":"product_cat-loafer","9":"product_cat-men","10":"product_cat-mens-shoes","11":"product_tag-black-loafers","12":"product_tag-brown-loafers","13":"product_tag-calf-leather-shoes","14":"product_tag-elegant-loafers","15":"product_tag-fashion-loafers","16":"product_tag-goat-leather-lining","17":"product_tag-horsebit-loafers","18":"product_tag-leather-loafers","19":"product_tag-luxury-loafers","20":"product_tag-mens-dress-shoes","21":"product_tag-mens-suede-loafers","22":"product_tag-microlight-sole","23":"product_tag-penny-loafers","24":"product_tag-slip-on-shoes","25":"product_tag-taupe-loafers","26":"product_tag-wholesale-footwear","27":"desktop-align-center","28":"tablet-align-center","29":"mobile-align-center","31":"first","32":"instock","33":"shipping-taxable","34":"purchasable","35":"product-type-variable","36":"has-default-attributes"},"acf":[],"uagb_featured_image_src":{"full":["https:\/\/turkishtrade.co\/wp-content\/uploads\/2026\/01\/2400EJOMN00013-BROWN-TNC_01.png",453,250,false],"thumbnail":["https:\/\/turkishtrade.co\/wp-content\/uploads\/2026\/01\/2400EJOMN00013-BROWN-TNC_01-150x150.png",150,150,true],"medium":["https:\/\/turkishtrade.co\/wp-content\/uploads\/2026\/01\/2400EJOMN00013-BROWN-TNC_01-300x166.png",300,166,true],"medium_large":["https:\/\/turkishtrade.co\/wp-content\/uploads\/2026\/01\/2400EJOMN00013-BROWN-TNC_01.png",453,250,false],"large":["https:\/\/turkishtrade.co\/wp-content\/uploads\/2026\/01\/2400EJOMN00013-BROWN-TNC_01.png",453,250,false],"1536x1536":["https:\/\/turkishtrade.co\/wp-content\/uploads\/2026\/01\/2400EJOMN00013-BROWN-TNC_01.png",453,250,false],"2048x2048":["https:\/\/turkishtrade.co\/wp-content\/uploads\/2026\/01\/2400EJOMN00013-BROWN-TNC_01.png",453,250,false],"trp-custom-language-flag":["https:\/\/turkishtrade.co\/wp-content\/uploads\/2026\/01\/2400EJOMN00013-BROWN-TNC_01-18x10.png",18,10,true],"woocommerce_thumbnail":["https:\/\/turkishtrade.co\/wp-content\/uploads\/2026\/01\/2400EJOMN00013-BROWN-TNC_01-400x250.png",400,250,true],"woocommerce_single":["https:\/\/turkishtrade.co\/wp-content\/uploads\/2026\/01\/2400EJOMN00013-BROWN-TNC_01.png",453,250,false],"woocommerce_gallery_thumbnail":["https:\/\/turkishtrade.co\/wp-content\/uploads\/2026\/01\/2400EJOMN00013-BROWN-TNC_01-100x100.png",100,100,true]},"uagb_author_info":{"display_name":"yaser olabi","author_link":"https:\/\/turkishtrade.co\/es\/author\/"},"uagb_comment_info":0,"uagb_excerpt":"Outer Material: Premium Calf Leather (Suede Finish) Inner Material: Soft Goat Leather Lining Sole: Lightweight Microlight Heel Height: Comfortable 1-3 cm Available Sizes: EU 39-45 Wholesale Availability: Minimum order of 8 pairs. Estimated Delivery: 12 Days + Shipping","_links":{"self":[{"href":"https:\/\/turkishtrade.co\/es\/wp-json\/wp\/v2\/product\/5430","targetHints":{"allow":["GET"]}}],"collection":[{"href":"https:\/\/turkishtrade.co\/es\/wp-json\/wp\/v2\/product"}],"about":[{"href":"https:\/\/turkishtrade.co\/es\/wp-json\/wp\/v2\/types\/product"}],"wp:featuredmedia":[{"embeddable":true,"href":"https:\/\/turkishtrade.co\/es\/wp-json\/wp\/v2\/media\/3654"}],"wp:attachment":[{"href":"https:\/\/turkishtrade.co\/es\/wp-json\/wp\/v2\/media?parent=5430"}],"wp:term":[{"taxonomy":"product_brand","embeddable":true,"href":"https:\/\/turkishtrade.co\/es\/wp-json\/wp\/v2\/product_brand?post=5430"},{"taxonomy":"product_cat","embeddable":true,"href":"https:\/\/turkishtrade.co\/es\/wp-json\/wp\/v2\/product_cat?post=5430"},{"taxonomy":"product_tag","embeddable":true,"href":"https:\/\/turkishtrade.co\/es\/wp-json\/wp\/v2\/product_tag?post=5430"}],"curies":[{"name":"wp","href":"https:\/\/api.w.org\/{rel}","templated":true}]}}