{"id":5415,"date":"2026-01-14T11:55:37","date_gmt":"2026-01-14T11:55:37","guid":{"rendered":"https:\/\/turkishtrade.co\/product\/black-calf-leather-dress-shoes\/"},"modified":"2026-04-09T19:34:58","modified_gmt":"2026-04-09T19:34:58","slug":"black-calf-leather-dress-shoes","status":"publish","type":"product","link":"https:\/\/turkishtrade.co\/es\/shop\/black-calf-leather-dress-shoes\/","title":{"rendered":"Elegantes zapatos de vestir para hombre en piel de becerro negra"},"content":{"rendered":"<p><strong>Zapatos de vestir de piel de becerro negra<\/strong><\/p>\n<p>Descubra el ep\u00edtome de la elegancia atemporal con nuestro <b>Zapatos de vestir de piel de becerro negra<\/b>. Meticulosamente dise\u00f1ados para el caballero exigente, estos zapatos combinan la sofisticaci\u00f3n cl\u00e1sica con la comodidad moderna. Fabricados en piel de ternero de primera calidad, el exterior luce un acabado elegante y pulido que llama la atenci\u00f3n en cualquier ambiente formal o de negocios. Nuestro compromiso con la calidad garantiza que cada par de estos <b>Zapatos de vestir de piel de becerro negra<\/b> no es s\u00f3lo calzado, sino una pieza que realza tu atuendo profesional y para ocasiones especiales con una gracia sin igual. Eleva tu vestuario con un par que dice mucho de tu estilo.<\/p>\n<p>Experimente una comodidad superior a cada paso, gracias a la cuidada construcci\u00f3n de estas excepcionales <b>Zapatos de vestir de piel de becerro negra<\/b>. La superficie exterior est\u00e1 fabricada en piel de ternero 100% aut\u00e9ntica, elegida por su durabilidad, su lujosa textura y su capacidad para mantener un magn\u00edfico brillo. En el interior, sus pies estar\u00e1n acunados por un forro de piel de cabra suave y transpirable, que garantiza la comodidad durante todo el d\u00eda y una salud \u00f3ptima de los pies. La innovadora suela Microlight proporciona una flexibilidad ligera y una excelente absorci\u00f3n de impactos, mientras que el sutil tac\u00f3n de 1-3 cm a\u00f1ade la cantidad justa de elevaci\u00f3n sin comprometer la estabilidad ni la comodidad. Estos zapatos est\u00e1n hechos para durar y dise\u00f1ados para ser llevados al m\u00e1ximo, lo que los convierte en una sabia inversi\u00f3n para cualquier armario sofisticado.<\/p>\n<h3>Estilo y versatilidad inigualables<\/h3>\n<p>Estos vers\u00e1tiles <b>Zapatos de vestir de piel de becerro negra<\/b> son un b\u00e1sico de armario para cualquier hombre. Tanto si te diriges a una reuni\u00f3n de negocios crucial, a una gala formal o a una cena sofisticada, su dise\u00f1o cl\u00e1sico con sutiles detalles perforados ofrece un toque refinado que complementa una amplia gama de atuendos. Desde trajes impecables hasta pantalones de sastrer\u00eda, estos zapatos realzar\u00e1n tu conjunto sin esfuerzo, haci\u00e9ndote sentir segura y elegante. El intenso tono negro garantiza que puedan combinarse con casi cualquier color, lo que los convierte en una opci\u00f3n incre\u00edblemente adaptable para diversas ocasiones. Son el calzado perfecto para completar cualquier look elegante.<\/p>\n<h3>Oportunidad de venta al por mayor para minoristas de calidad<\/h3>\n<p>Para las empresas que desean ofrecer a sus clientes calzado de primera calidad, nuestro <b>Zapatos de vestir de piel de becerro negra<\/b> presentan una excelente oportunidad de venta al por mayor. Entendemos la demanda de zapatos de hombre elegantes y de alta calidad, y estamos orgullosos de ofrecer estos exquisitos pares a precios competitivos al por mayor. Con una cantidad m\u00ednima de pedido de s\u00f3lo 8 pares, los minoristas pueden abastecerse f\u00e1cilmente de estos zapatos superventas. Garantizamos un plazo de entrega fiable de aproximadamente 12 d\u00edas m\u00e1s gastos de env\u00edo, proporcionando un proceso de adquisici\u00f3n fluido y eficaz para su negocio. As\u00f3ciese con nosotros para proporcionar a su clientela un calzado que encarna tanto el lujo como el estilo perdurable, atrayendo a clientes exigentes que buscan zapatos de vestir para hombre del m\u00e1s alto nivel.<\/p>","protected":false},"excerpt":{"rendered":"<ul>\n<li>El exterior est\u00e1 confeccionado en piel de ternero de primera calidad para un acabado elegante y pulido.<\/li>\n<li>Presenta un forro interior de piel de cabra suave y transpirable para un confort superior.<\/li>\n<li>Equipadas con una suela Microlight ligera y duradera y un sutil tac\u00f3n de 1-3 cm.<\/li>\n<li>Disponible en una amplia gama de tallas: EU 39, 40, 41, 42, 43, 44, 45.<\/li>\n<li>Ideal para compradores al por mayor con un pedido m\u00ednimo de 8 pares.<\/li>\n<li>Entrega fiable en 12 d\u00edas m\u00e1s el tiempo de env\u00edo.<\/li>\n<\/ul>","protected":false},"featured_media":3641,"template":"","meta":{"_acf_changed":false,"_uag_custom_page_level_css":"","site-sidebar-layout":"default","site-content-layout":"","ast-site-content-layout":"default","site-content-style":"default","site-sidebar-style":"default","ast-global-header-display":"","ast-banner-title-visibility":"","ast-main-header-display":"","ast-hfb-above-header-display":"","ast-hfb-below-header-display":"","ast-hfb-mobile-header-display":"","site-post-title":"","ast-breadcrumbs-content":"","ast-featured-img":"","footer-sml-layout":"","ast-disable-related-posts":"","theme-transparent-header-meta":"default","adv-header-id-meta":"","stick-header-meta":"","header-above-stick-meta":"","header-main-stick-meta":"","header-below-stick-meta":"","astra-migrate-meta-layouts":"set","ast-page-background-enabled":"default","ast-page-background-meta":{"desktop":{"background-color":"var(--ast-global-color-4)","background-image":"","background-repeat":"repeat","background-position":"center center","background-size":"auto","background-attachment":"scroll","background-type":"","background-media":"","overlay-type":"","overlay-color":"","overlay-opacity":"","overlay-gradient":""},"tablet":{"background-color":"","background-image":"","background-repeat":"repeat","background-position":"center center","background-size":"auto","background-attachment":"scroll","background-type":"","background-media":"","overlay-type":"","overlay-color":"","overlay-opacity":"","overlay-gradient":""},"mobile":{"background-color":"","background-image":"","background-repeat":"repeat","background-position":"center center","background-size":"auto","background-attachment":"scroll","background-type":"","background-media":"","overlay-type":"","overlay-color":"","overlay-opacity":"","overlay-gradient":""}},"ast-content-background-meta":{"desktop":{"background-color":"var(--ast-global-color-5)","background-image":"","background-repeat":"repeat","background-position":"center center","background-size":"auto","background-attachment":"scroll","background-type":"","background-media":"","overlay-type":"","overlay-color":"","overlay-opacity":"","overlay-gradient":""},"tablet":{"background-color":"var(--ast-global-color-5)","background-image":"","background-repeat":"repeat","background-position":"center center","background-size":"auto","background-attachment":"scroll","background-type":"","background-media":"","overlay-type":"","overlay-color":"","overlay-opacity":"","overlay-gradient":""},"mobile":{"background-color":"var(--ast-global-color-5)","background-image":"","background-repeat":"repeat","background-position":"center center","background-size":"auto","background-attachment":"scroll","background-type":"","background-media":"","overlay-type":"","overlay-color":"","overlay-opacity":"","overlay-gradient":""}}},"product_brand":[],"product_cat":[47,430,40],"product_tag":[196,405,202,212,480,201,251,189,416,324,198,820,466,204,889,281],"class_list":{"0":"post-5415","1":"product","2":"type-product","3":"status-publish","4":"has-post-thumbnail","6":"product_cat-classic","7":"product_cat-men","8":"product_cat-mens-shoes","9":"product_tag-black-leather-shoes","10":"product_tag-business-shoes","11":"product_tag-calf-leather","12":"product_tag-derby-shoes","13":"product_tag-elegant-shoes","14":"product_tag-formal-footwear","15":"product_tag-formal-shoes","16":"product_tag-goat-leather-lining","17":"product_tag-luxury-shoes","18":"product_tag-mens-dress-shoes","19":"product_tag-mens-fashion","20":"product_tag-mens-formal-wear","21":"product_tag-microlight-sole","22":"product_tag-oxford-shoes","23":"product_tag-polished-leather-shoes","24":"product_tag-wholesale-shoes","25":"desktop-align-center","26":"tablet-align-center","27":"mobile-align-center","29":"first","30":"instock","31":"shipping-taxable","32":"purchasable","33":"product-type-variable","34":"has-default-attributes"},"acf":[],"uagb_featured_image_src":{"full":["https:\/\/turkishtrade.co\/wp-content\/uploads\/2026\/01\/2400EJOMN00429-BLACK-X_442_1.png",453,250,false],"thumbnail":["https:\/\/turkishtrade.co\/wp-content\/uploads\/2026\/01\/2400EJOMN00429-BLACK-X_442_1.png",150,83,false],"medium":["https:\/\/turkishtrade.co\/wp-content\/uploads\/2026\/01\/2400EJOMN00429-BLACK-X_442_1.png",300,166,false],"medium_large":["https:\/\/turkishtrade.co\/wp-content\/uploads\/2026\/01\/2400EJOMN00429-BLACK-X_442_1.png",453,250,false],"large":["https:\/\/turkishtrade.co\/wp-content\/uploads\/2026\/01\/2400EJOMN00429-BLACK-X_442_1.png",453,250,false],"1536x1536":["https:\/\/turkishtrade.co\/wp-content\/uploads\/2026\/01\/2400EJOMN00429-BLACK-X_442_1.png",453,250,false],"2048x2048":["https:\/\/turkishtrade.co\/wp-content\/uploads\/2026\/01\/2400EJOMN00429-BLACK-X_442_1.png",453,250,false],"trp-custom-language-flag":["https:\/\/turkishtrade.co\/wp-content\/uploads\/2026\/01\/2400EJOMN00429-BLACK-X_442_1.png",18,10,false],"woocommerce_thumbnail":["https:\/\/turkishtrade.co\/wp-content\/uploads\/2026\/01\/2400EJOMN00429-BLACK-X_442_1-400x250.png",400,250,true],"woocommerce_single":["https:\/\/turkishtrade.co\/wp-content\/uploads\/2026\/01\/2400EJOMN00429-BLACK-X_442_1.png",453,250,false],"woocommerce_gallery_thumbnail":["https:\/\/turkishtrade.co\/wp-content\/uploads\/2026\/01\/2400EJOMN00429-BLACK-X_442_1-100x100.png",100,100,true]},"uagb_author_info":{"display_name":"yaser olabi","author_link":"https:\/\/turkishtrade.co\/es\/author\/"},"uagb_comment_info":0,"uagb_excerpt":"Crafted from premium calf leather exterior for a sleek, polished finish. Features a soft and breathable goat leather interior lining for superior comfort. Equipped with a lightweight, durable Microlight sole and a subtle 1-3cm heel. Available in a comprehensive size range: EU 39, 40, 41, 42, 43, 44, 45. Ideal for wholesale buyers with a&hellip;","_links":{"self":[{"href":"https:\/\/turkishtrade.co\/es\/wp-json\/wp\/v2\/product\/5415","targetHints":{"allow":["GET"]}}],"collection":[{"href":"https:\/\/turkishtrade.co\/es\/wp-json\/wp\/v2\/product"}],"about":[{"href":"https:\/\/turkishtrade.co\/es\/wp-json\/wp\/v2\/types\/product"}],"wp:featuredmedia":[{"embeddable":true,"href":"https:\/\/turkishtrade.co\/es\/wp-json\/wp\/v2\/media\/3641"}],"wp:attachment":[{"href":"https:\/\/turkishtrade.co\/es\/wp-json\/wp\/v2\/media?parent=5415"}],"wp:term":[{"taxonomy":"product_brand","embeddable":true,"href":"https:\/\/turkishtrade.co\/es\/wp-json\/wp\/v2\/product_brand?post=5415"},{"taxonomy":"product_cat","embeddable":true,"href":"https:\/\/turkishtrade.co\/es\/wp-json\/wp\/v2\/product_cat?post=5415"},{"taxonomy":"product_tag","embeddable":true,"href":"https:\/\/turkishtrade.co\/es\/wp-json\/wp\/v2\/product_tag?post=5415"}],"curies":[{"name":"wp","href":"https:\/\/api.w.org\/{rel}","templated":true}]}}