{"id":5405,"date":"2026-01-14T11:53:38","date_gmt":"2026-01-14T11:53:38","guid":{"rendered":"https:\/\/turkishtrade.co\/product\/mens-premium-leather-penny-loafers\/"},"modified":"2026-04-09T19:35:15","modified_gmt":"2026-04-09T19:35:15","slug":"mens-premium-leather-loafers-5","status":"publish","type":"product","link":"https:\/\/turkishtrade.co\/es\/shop\/mens-premium-leather-loafers-5\/","title":{"rendered":"Mocasines de piel de primera calidad para hombre con suela ultraligera"},"content":{"rendered":"<p data-rm-block-id=\"block-1\"><strong>Mocasines de piel de primera calidad para hombre<\/strong><\/p>\n<p data-rm-block-id=\"block-2\">Eleve su colecci\u00f3n de calzado con nuestros exquisitos <strong>mocasines de caballero de piel de primera calidad<\/strong>, Estos sofisticados mocasines han sido dise\u00f1ados para el caballero moderno que aprecia la calidad y la elegancia atemporal. Estos sofisticados mocasines est\u00e1n dise\u00f1ados para el caballero moderno que aprecia la calidad y la elegancia atemporal. Desde importantes reuniones de negocios a sofisticados eventos sociales o incluso una elegante salida informal, estos <strong>mocasines de piel de primera calidad para hombre<\/strong> aportan el toque final perfecto a cualquier conjunto.<\/p>\n<p data-rm-block-id=\"block-3\">Cada par de estos extraordinarios <strong>mocasines de piel de primera calidad para hombre<\/strong> cuenta con un lujoso exterior de piel de becerro, famosa por su textura flexible, su brillo natural y su excepcional durabilidad. El rico tono marr\u00f3n bru\u00f1ido a\u00f1ade una capa de profundidad y versatilidad, haci\u00e9ndolos f\u00e1ciles de combinar con varias opciones de vestuario. En el interior, sus pies se acunar\u00e1n en el suave abrazo de la aut\u00e9ntica piel de cabra, conocida por su transpirabilidad superior y su incre\u00edble comodidad, que garantizan una experiencia agradable incluso despu\u00e9s de horas de uso.<\/p>\n<h3 data-rm-block-id=\"block-4\">Comodidad y artesan\u00eda inigualables<\/h3>\n<p data-rm-block-id=\"block-5\">M\u00e1s all\u00e1 de su aspecto llamativo, estos <strong>mocasines de piel de primera calidad para hombre<\/strong> est\u00e1n dise\u00f1adas para el confort. La innovadora suela Microlight proporciona una base ligera pero robusta, ofreciendo una excelente absorci\u00f3n de impactos y flexibilidad. Esta avanzada tecnolog\u00eda de suela garantiza un agarre firme y reduce la fatiga del pie, haciendo de estos mocasines una opci\u00f3n ideal para el uso diario. Un sutil tac\u00f3n en bloque de 1 a 3 cm a\u00f1ade un toque de formalidad cl\u00e1sica sin renunciar a la comodidad.<\/p>\n<p data-rm-block-id=\"block-6\">Nuestro compromiso con la excelencia es evidente en cada puntada y cada detalle. Estos <strong>mocasines de piel de primera calidad para hombre<\/strong> ejemplifican la artesan\u00eda superior, prometiendo un producto que no s\u00f3lo tiene un aspecto magn\u00edfico, sino que tambi\u00e9n est\u00e1 hecho para durar. Disponibles en una amplia gama de tallas, de la UE 39 a la 45, encontrar el ajuste perfecto es sencillo. Experimente la mezcla de tradici\u00f3n e innovaci\u00f3n que distingue a estos excepcionales zapatos de tac\u00f3n. <strong>mocasines de piel de primera calidad para hombre<\/strong> de los dem\u00e1s. Para las empresas, aproveche nuestra oferta al por mayor con un pedido m\u00ednimo de 8 pares, entregados eficazmente en 12 d\u00edas m\u00e1s gastos de env\u00edo. Invierta en estilo y comodidad duraderos con estos imprescindibles <strong>mocasines de piel de primera calidad para hombre<\/strong> hoy.<\/p>","protected":false},"excerpt":{"rendered":"<ul>\n<li><strong>Materiales de primera calidad:<\/strong> Fabricados con un exterior de aut\u00e9ntica piel de becerro y un interior de lujosa piel de cabra para ofrecer el m\u00e1ximo confort y transpirabilidad.<\/li>\n<li><strong>Suela duradera y ligera:<\/strong> Incorpora una suela Microlight de alta calidad, que ofrece un agarre excelente y un peso reducido para llevarlas todo el d\u00eda.<\/li>\n<li><strong>Dise\u00f1o elegante:<\/strong> Silueta cl\u00e1sica de mocas\u00edn con un acabado refinado, adecuado tanto para ocasiones formales como elegantes e informales.<\/li>\n<li><strong>Tac\u00f3n c\u00f3modo:<\/strong> Sutil tac\u00f3n en bloque de 1 a 3 cm para una elevaci\u00f3n discreta.<\/li>\n<li><strong>Tallas disponibles:<\/strong> Se ofrece en una amplia gama de UE 39 a 45.<\/li>\n<li><strong>Disponibilidad al por mayor:<\/strong> Se requiere un pedido m\u00ednimo de 8 pares.<\/li>\n<li><strong>Entrega eficaz:<\/strong> Su pedido se tramitar\u00e1 en un plazo de 12 d\u00edas, m\u00e1s el tiempo de env\u00edo.<\/li>\n<li><strong>Precios competitivos:<\/strong> Precio en USD por par.<\/li>\n<\/ul>","protected":false},"featured_media":3636,"template":"","meta":{"_acf_changed":false,"_uag_custom_page_level_css":"","site-sidebar-layout":"default","site-content-layout":"","ast-site-content-layout":"default","site-content-style":"default","site-sidebar-style":"default","ast-global-header-display":"","ast-banner-title-visibility":"","ast-main-header-display":"","ast-hfb-above-header-display":"","ast-hfb-below-header-display":"","ast-hfb-mobile-header-display":"","site-post-title":"","ast-breadcrumbs-content":"","ast-featured-img":"","footer-sml-layout":"","ast-disable-related-posts":"","theme-transparent-header-meta":"default","adv-header-id-meta":"","stick-header-meta":"","header-above-stick-meta":"","header-main-stick-meta":"","header-below-stick-meta":"","astra-migrate-meta-layouts":"set","ast-page-background-enabled":"default","ast-page-background-meta":{"desktop":{"background-color":"var(--ast-global-color-4)","background-image":"","background-repeat":"repeat","background-position":"center center","background-size":"auto","background-attachment":"scroll","background-type":"","background-media":"","overlay-type":"","overlay-color":"","overlay-opacity":"","overlay-gradient":""},"tablet":{"background-color":"","background-image":"","background-repeat":"repeat","background-position":"center center","background-size":"auto","background-attachment":"scroll","background-type":"","background-media":"","overlay-type":"","overlay-color":"","overlay-opacity":"","overlay-gradient":""},"mobile":{"background-color":"","background-image":"","background-repeat":"repeat","background-position":"center center","background-size":"auto","background-attachment":"scroll","background-type":"","background-media":"","overlay-type":"","overlay-color":"","overlay-opacity":"","overlay-gradient":""}},"ast-content-background-meta":{"desktop":{"background-color":"var(--ast-global-color-5)","background-image":"","background-repeat":"repeat","background-position":"center center","background-size":"auto","background-attachment":"scroll","background-type":"","background-media":"","overlay-type":"","overlay-color":"","overlay-opacity":"","overlay-gradient":""},"tablet":{"background-color":"var(--ast-global-color-5)","background-image":"","background-repeat":"repeat","background-position":"center center","background-size":"auto","background-attachment":"scroll","background-type":"","background-media":"","overlay-type":"","overlay-color":"","overlay-opacity":"","overlay-gradient":""},"mobile":{"background-color":"var(--ast-global-color-5)","background-image":"","background-repeat":"repeat","background-position":"center center","background-size":"auto","background-attachment":"scroll","background-type":"","background-media":"","overlay-type":"","overlay-color":"","overlay-opacity":"","overlay-gradient":""}}},"product_brand":[],"product_cat":[47,430,40],"product_tag":[147,555,222,909,251,908,450,215,324,186,466,279,374,280,456],"class_list":{"0":"post-5405","1":"product","2":"type-product","3":"status-publish","4":"has-post-thumbnail","6":"product_cat-classic","7":"product_cat-men","8":"product_cat-mens-shoes","9":"product_tag-brown-loafers","10":"product_tag-calfskin-loafers","11":"product_tag-comfortable-shoes","12":"product_tag-durable-loafers","13":"product_tag-formal-shoes","14":"product_tag-goat-leather-shoes","15":"product_tag-handcrafted-shoes","16":"product_tag-leather-loafers","17":"product_tag-mens-dress-shoes","18":"product_tag-mens-loafers","19":"product_tag-microlight-sole","20":"product_tag-penny-loafers","21":"product_tag-premium-loafers","22":"product_tag-smart-casual-shoes","23":"product_tag-wholesale-loafers","24":"desktop-align-center","25":"tablet-align-center","26":"mobile-align-center","28":"first","29":"instock","30":"shipping-taxable","31":"purchasable","32":"product-type-variable","33":"has-default-attributes"},"acf":[],"uagb_featured_image_src":{"full":["https:\/\/turkishtrade.co\/wp-content\/uploads\/2026\/01\/2400EJOMN00424-BROWN-ZL_200.png",453,250,false],"thumbnail":["https:\/\/turkishtrade.co\/wp-content\/uploads\/2026\/01\/2400EJOMN00424-BROWN-ZL_200-150x150.png",150,150,true],"medium":["https:\/\/turkishtrade.co\/wp-content\/uploads\/2026\/01\/2400EJOMN00424-BROWN-ZL_200-300x166.png",300,166,true],"medium_large":["https:\/\/turkishtrade.co\/wp-content\/uploads\/2026\/01\/2400EJOMN00424-BROWN-ZL_200.png",453,250,false],"large":["https:\/\/turkishtrade.co\/wp-content\/uploads\/2026\/01\/2400EJOMN00424-BROWN-ZL_200.png",453,250,false],"1536x1536":["https:\/\/turkishtrade.co\/wp-content\/uploads\/2026\/01\/2400EJOMN00424-BROWN-ZL_200.png",453,250,false],"2048x2048":["https:\/\/turkishtrade.co\/wp-content\/uploads\/2026\/01\/2400EJOMN00424-BROWN-ZL_200.png",453,250,false],"trp-custom-language-flag":["https:\/\/turkishtrade.co\/wp-content\/uploads\/2026\/01\/2400EJOMN00424-BROWN-ZL_200-18x10.png",18,10,true],"woocommerce_thumbnail":["https:\/\/turkishtrade.co\/wp-content\/uploads\/2026\/01\/2400EJOMN00424-BROWN-ZL_200-400x250.png",400,250,true],"woocommerce_single":["https:\/\/turkishtrade.co\/wp-content\/uploads\/2026\/01\/2400EJOMN00424-BROWN-ZL_200.png",453,250,false],"woocommerce_gallery_thumbnail":["https:\/\/turkishtrade.co\/wp-content\/uploads\/2026\/01\/2400EJOMN00424-BROWN-ZL_200-100x100.png",100,100,true]},"uagb_author_info":{"display_name":"yaser olabi","author_link":"https:\/\/turkishtrade.co\/es\/author\/"},"uagb_comment_info":0,"uagb_excerpt":"Premium Materials: Crafted with a genuine calfskin leather exterior and luxurious goat leather interior for ultimate comfort and breathability. Durable &amp; Lightweight Sole: Features a high-quality Microlight sole, offering excellent grip and reduced weight for all-day wear. Elegant Design: Classic penny loafer silhouette with a refined finish, suitable for both formal and smart-casual occasions. Comfortable&hellip;","_links":{"self":[{"href":"https:\/\/turkishtrade.co\/es\/wp-json\/wp\/v2\/product\/5405","targetHints":{"allow":["GET"]}}],"collection":[{"href":"https:\/\/turkishtrade.co\/es\/wp-json\/wp\/v2\/product"}],"about":[{"href":"https:\/\/turkishtrade.co\/es\/wp-json\/wp\/v2\/types\/product"}],"wp:featuredmedia":[{"embeddable":true,"href":"https:\/\/turkishtrade.co\/es\/wp-json\/wp\/v2\/media\/3636"}],"wp:attachment":[{"href":"https:\/\/turkishtrade.co\/es\/wp-json\/wp\/v2\/media?parent=5405"}],"wp:term":[{"taxonomy":"product_brand","embeddable":true,"href":"https:\/\/turkishtrade.co\/es\/wp-json\/wp\/v2\/product_brand?post=5405"},{"taxonomy":"product_cat","embeddable":true,"href":"https:\/\/turkishtrade.co\/es\/wp-json\/wp\/v2\/product_cat?post=5405"},{"taxonomy":"product_tag","embeddable":true,"href":"https:\/\/turkishtrade.co\/es\/wp-json\/wp\/v2\/product_tag?post=5405"}],"curies":[{"name":"wp","href":"https:\/\/api.w.org\/{rel}","templated":true}]}}