{"id":5398,"date":"2026-01-14T11:52:29","date_gmt":"2026-01-14T11:52:29","guid":{"rendered":"https:\/\/turkishtrade.co\/product\/navy-calf-leather-loafers\/"},"modified":"2026-04-09T19:35:22","modified_gmt":"2026-04-09T19:35:22","slug":"navy-calf-leather-loafers","status":"publish","type":"product","link":"https:\/\/turkishtrade.co\/es\/shop\/navy-calf-leather-loafers\/","title":{"rendered":"Mocasines de hombre en piel de becerro azul marino con detalle texturizado"},"content":{"rendered":"<p><strong>Mocasines de piel de becerro azul marino<\/strong><\/p>\n<p>Entre en una elegancia atemporal y un confort inigualable con nuestro <b>Mocasines de piel de becerro azul marino<\/b>. Dise\u00f1ados para el caballero moderno, estos exquisitos mocasines combinan a la perfecci\u00f3n un estilo sofisticado con una artesan\u00eda superior. Cada par de estos <b>mocasines de piel de becerro azul marino<\/b> est\u00e1n meticulosamente elaboradas para garantizar un ajuste perfecto y una durabilidad duradera, lo que las convierte en un complemento indispensable de tu colecci\u00f3n de calzado.<\/p>\n<h3>Calidad y artesan\u00eda inigualables<\/h3>\n<p>Confeccionados con la mejor piel de ternero aut\u00e9ntica para el exterior, estos <b>mocasines de hombre azul marino<\/b> tienen una textura rica y un tacto lujoso. El llamativo tono azul marino es a la vez vers\u00e1til y distintivo, lo que le permite hacer una declaraci\u00f3n de estilo sutil pero poderosa. Como complemento al robusto exterior de piel de ternero, el interior est\u00e1 suntuosamente forrado con aut\u00e9ntica piel de cabra, conocida por su excepcional suavidad y transpirabilidad. Esta cuidada combinaci\u00f3n garantiza un confort inigualable, incluso durante un uso prolongado. El exclusivo detalle texturizado de la parte superior a\u00f1ade un toque de encanto a medida, que hace que estos <b>mocasines de piel de primera calidad<\/b> fuera de lo com\u00fan.<\/p>\n<h3>M\u00e1xima comodidad para llevarla todo el d\u00eda<\/h3>\n<p>Experimente una sujeci\u00f3n ligera con la innovadora suela Microlight, dise\u00f1ada para ofrecer flexibilidad y amortiguaci\u00f3n. Esta avanzada tecnolog\u00eda de suela, combinada con una sutil altura de tac\u00f3n de 1-3 cm, proporciona un confort \u00f3ptimo sin comprometer el estilo. Tanto si te enfrentas a un ajetreado d\u00eda de trabajo como si disfrutas de un relajado fin de semana, estas <b>mocasines de piel de becerro azul marino<\/b> le mantendr\u00e1n c\u00f3modo y confiado. Su dise\u00f1o ergon\u00f3mico se adapta a una amplia gama de tama\u00f1os de pie, disponibles del 39 al 45.<\/p>\n<h3>Estilo vers\u00e1til para cualquier ocasi\u00f3n<\/h3>\n<p>Estos vers\u00e1tiles <b>mocasines de hombre en piel de becerro azul marino de primera calidad<\/b> son perfectas para una gran variedad de ocasiones. Comb\u00ednalos con trajes de sastrer\u00eda para un look business casual refinado, o p\u00f3ntelos con unos chinos y una camisa elegante para un conjunto smart casual elevado. Su sofisticado dise\u00f1o los hace adecuados para eventos formales, reuniones nocturnas o simplemente para realzar su estilo cotidiano. Cuando elijas estos <b>mocasines de piel de becerro<\/b>, est\u00e1 invirtiendo en calidad, comodidad y estilo duradero.<\/p>\n<h3>Pedidos al por mayor y oportunidades al por mayor<\/h3>\n<p>Para los minoristas y las empresas, estas excepcionales <b>mocasines de piel de becerro azul marino<\/b> est\u00e1n disponibles para pedidos al por mayor con una cantidad m\u00ednima de 8 pares. Ofrecemos precios competitivos para la venta al por mayor, garantizando que pueda proporcionar a sus clientes calzado de alta calidad y con estilo. El plazo de producci\u00f3n y entrega es de aproximadamente 12 d\u00edas m\u00e1s gastos de env\u00edo, lo que permite una gesti\u00f3n eficaz del inventario. Eleve su inventario y ofrezca a su clientela lo mejor en calzado masculino de primera calidad. Estos <b>mocasines de piel de becerro azul marino<\/b> no son s\u00f3lo zapatos; son una declaraci\u00f3n de gusto sofisticado.<\/p>","protected":false},"excerpt":{"rendered":"<ul>\n<li><b>Material exterior:<\/b> Piel de becerro aut\u00e9ntica de alta calidad<\/li>\n<li><b>Material interior:<\/b> Piel de cabra aut\u00e9ntica, suave y transpirable<\/li>\n<li><b>Suela:<\/b> Microligero ligero y flexible<\/li>\n<li><b>Altura del tac\u00f3n:<\/b> C\u00f3modo 1-3 cm<\/li>\n<li><b>Tallas disponibles:<\/b> 39, 40, 41, 42, 43, 44, 45<\/li>\n<li><b>Precio:<\/b> por par<\/li>\n<li><b>Disponibilidad a granel:<\/b> Pedido m\u00ednimo de 8 pares<\/li>\n<li><b>Plazo de entrega:<\/b> Aproximadamente 12 d\u00edas + gastos de env\u00edo<\/li>\n<\/ul>","protected":false},"featured_media":3632,"template":"","meta":{"_acf_changed":false,"_uag_custom_page_level_css":"","site-sidebar-layout":"default","site-content-layout":"","ast-site-content-layout":"default","site-content-style":"default","site-sidebar-style":"default","ast-global-header-display":"","ast-banner-title-visibility":"","ast-main-header-display":"","ast-hfb-above-header-display":"","ast-hfb-below-header-display":"","ast-hfb-mobile-header-display":"","site-post-title":"","ast-breadcrumbs-content":"","ast-featured-img":"","footer-sml-layout":"","ast-disable-related-posts":"","theme-transparent-header-meta":"default","adv-header-id-meta":"","stick-header-meta":"","header-above-stick-meta":"","header-main-stick-meta":"","header-below-stick-meta":"","astra-migrate-meta-layouts":"set","ast-page-background-enabled":"default","ast-page-background-meta":{"desktop":{"background-color":"var(--ast-global-color-4)","background-image":"","background-repeat":"repeat","background-position":"center center","background-size":"auto","background-attachment":"scroll","background-type":"","background-media":"","overlay-type":"","overlay-color":"","overlay-opacity":"","overlay-gradient":""},"tablet":{"background-color":"","background-image":"","background-repeat":"repeat","background-position":"center center","background-size":"auto","background-attachment":"scroll","background-type":"","background-media":"","overlay-type":"","overlay-color":"","overlay-opacity":"","overlay-gradient":""},"mobile":{"background-color":"","background-image":"","background-repeat":"repeat","background-position":"center center","background-size":"auto","background-attachment":"scroll","background-type":"","background-media":"","overlay-type":"","overlay-color":"","overlay-opacity":"","overlay-gradient":""}},"ast-content-background-meta":{"desktop":{"background-color":"var(--ast-global-color-5)","background-image":"","background-repeat":"repeat","background-position":"center center","background-size":"auto","background-attachment":"scroll","background-type":"","background-media":"","overlay-type":"","overlay-color":"","overlay-opacity":"","overlay-gradient":""},"tablet":{"background-color":"var(--ast-global-color-5)","background-image":"","background-repeat":"repeat","background-position":"center center","background-size":"auto","background-attachment":"scroll","background-type":"","background-media":"","overlay-type":"","overlay-color":"","overlay-opacity":"","overlay-gradient":""},"mobile":{"background-color":"var(--ast-global-color-5)","background-image":"","background-repeat":"repeat","background-position":"center center","background-size":"auto","background-attachment":"scroll","background-type":"","background-media":"","overlay-type":"","overlay-color":"","overlay-opacity":"","overlay-gradient":""}}},"product_brand":[],"product_cat":[47,430,40],"product_tag":[635,513,185,220,737,189,450,198,286,466,903,362,280,411],"class_list":{"0":"post-5398","1":"product","2":"type-product","3":"status-publish","4":"has-post-thumbnail","6":"product_cat-classic","7":"product_cat-men","8":"product_cat-mens-shoes","9":"product_tag-blue-loafers","10":"product_tag-business-casual-shoes","11":"product_tag-calf-leather-shoes","12":"product_tag-comfortable-loafers","13":"product_tag-dress-loafers","14":"product_tag-goat-leather-lining","15":"product_tag-handcrafted-shoes","16":"product_tag-mens-fashion","17":"product_tag-mens-leather-shoes","18":"product_tag-microlight-sole","19":"product_tag-navy-calf-leather-loafers","20":"product_tag-premium-footwear","21":"product_tag-smart-casual-shoes","22":"product_tag-textured-leather-shoes","23":"desktop-align-center","24":"tablet-align-center","25":"mobile-align-center","27":"first","28":"instock","29":"shipping-taxable","30":"purchasable","31":"product-type-variable","32":"has-default-attributes"},"acf":[],"uagb_featured_image_src":{"full":["https:\/\/turkishtrade.co\/wp-content\/uploads\/2026\/01\/2400EJOMN00419-DARK-BLUE-A_12570.png",453,250,false],"thumbnail":["https:\/\/turkishtrade.co\/wp-content\/uploads\/2026\/01\/2400EJOMN00419-DARK-BLUE-A_12570-150x150.png",150,150,true],"medium":["https:\/\/turkishtrade.co\/wp-content\/uploads\/2026\/01\/2400EJOMN00419-DARK-BLUE-A_12570-300x166.png",300,166,true],"medium_large":["https:\/\/turkishtrade.co\/wp-content\/uploads\/2026\/01\/2400EJOMN00419-DARK-BLUE-A_12570.png",453,250,false],"large":["https:\/\/turkishtrade.co\/wp-content\/uploads\/2026\/01\/2400EJOMN00419-DARK-BLUE-A_12570.png",453,250,false],"1536x1536":["https:\/\/turkishtrade.co\/wp-content\/uploads\/2026\/01\/2400EJOMN00419-DARK-BLUE-A_12570.png",453,250,false],"2048x2048":["https:\/\/turkishtrade.co\/wp-content\/uploads\/2026\/01\/2400EJOMN00419-DARK-BLUE-A_12570.png",453,250,false],"trp-custom-language-flag":["https:\/\/turkishtrade.co\/wp-content\/uploads\/2026\/01\/2400EJOMN00419-DARK-BLUE-A_12570-18x10.png",18,10,true],"woocommerce_thumbnail":["https:\/\/turkishtrade.co\/wp-content\/uploads\/2026\/01\/2400EJOMN00419-DARK-BLUE-A_12570-400x250.png",400,250,true],"woocommerce_single":["https:\/\/turkishtrade.co\/wp-content\/uploads\/2026\/01\/2400EJOMN00419-DARK-BLUE-A_12570.png",453,250,false],"woocommerce_gallery_thumbnail":["https:\/\/turkishtrade.co\/wp-content\/uploads\/2026\/01\/2400EJOMN00419-DARK-BLUE-A_12570-100x100.png",100,100,true]},"uagb_author_info":{"display_name":"yaser olabi","author_link":"https:\/\/turkishtrade.co\/es\/author\/"},"uagb_comment_info":0,"uagb_excerpt":"Exterior Material: High-quality genuine Calf Leather Interior Material: Soft and breathable genuine Goat Leather Sole: Lightweight and flexible Microlight Heel Height: Comfortable 1-3 cm Available Sizes: 39, 40, 41, 42, 43, 44, 45 Price: per pair Bulk Availability: Minimum order of 8 pairs Delivery Time: Approximately 12 days + shipping","_links":{"self":[{"href":"https:\/\/turkishtrade.co\/es\/wp-json\/wp\/v2\/product\/5398","targetHints":{"allow":["GET"]}}],"collection":[{"href":"https:\/\/turkishtrade.co\/es\/wp-json\/wp\/v2\/product"}],"about":[{"href":"https:\/\/turkishtrade.co\/es\/wp-json\/wp\/v2\/types\/product"}],"wp:featuredmedia":[{"embeddable":true,"href":"https:\/\/turkishtrade.co\/es\/wp-json\/wp\/v2\/media\/3632"}],"wp:attachment":[{"href":"https:\/\/turkishtrade.co\/es\/wp-json\/wp\/v2\/media?parent=5398"}],"wp:term":[{"taxonomy":"product_brand","embeddable":true,"href":"https:\/\/turkishtrade.co\/es\/wp-json\/wp\/v2\/product_brand?post=5398"},{"taxonomy":"product_cat","embeddable":true,"href":"https:\/\/turkishtrade.co\/es\/wp-json\/wp\/v2\/product_cat?post=5398"},{"taxonomy":"product_tag","embeddable":true,"href":"https:\/\/turkishtrade.co\/es\/wp-json\/wp\/v2\/product_tag?post=5398"}],"curies":[{"name":"wp","href":"https:\/\/api.w.org\/{rel}","templated":true}]}}