{"id":5382,"date":"2026-01-14T11:50:30","date_gmt":"2026-01-14T11:50:30","guid":{"rendered":"https:\/\/turkishtrade.co\/product\/mens-black-leather-derby-shoes-2\/"},"modified":"2026-04-09T19:35:49","modified_gmt":"2026-04-09T19:35:49","slug":"mens-black-leather-derby-shoes-2","status":"publish","type":"product","link":"https:\/\/turkishtrade.co\/es\/shop\/mens-black-leather-derby-shoes-2\/","title":{"rendered":"Zapatos Derby de hombre en piel negra pulida"},"content":{"rendered":"<p><strong>Zapatos Derby de cuero negro para hombre<\/strong><\/p>\n<p>Eleve su atuendo formal y de negocios con nuestro exquisito <b>Zapatos Derby de hombre en piel negra pulida<\/b>. Meticulosamente elaboradas a la perfecci\u00f3n, estas <b>zapatos derby de cuero negro para hombre<\/b> son el ep\u00edtome de la elegancia atemporal y el confort sofisticado. Dise\u00f1ados para el caballero moderno que valora tanto el estilo como la sustancia, cada par promete causar una impresi\u00f3n duradera.<\/p>\n<h3>Artesan\u00eda sin igual y materiales de primera calidad<\/h3>\n<p>Nuestra <b>zapatos derby de cuero negro para hombre<\/b> cuentan con una superficie exterior fabricada por expertos con la mejor piel de becerro. Este material de primera calidad no s\u00f3lo proporciona un acabado lujoso y pulido, sino que tambi\u00e9n garantiza durabilidad y un tacto flexible que se amolda a tus pies con el paso del tiempo. El elegante color negro es vers\u00e1til, por lo que estos <b>zapatos derby de cuero negro para hombre<\/b> un complemento perfecto para cualquier traje o conjunto informal elegante. En el interior, tus pies disfrutar\u00e1n de la m\u00e1xima comodidad gracias al forro de piel de cabra suave y transpirable. Este material natural ayuda a evacuar la humedad, manteniendo los pies secos y c\u00f3modos durante los d\u00edas m\u00e1s largos.<\/p>\n<h3>Dise\u00f1ado para ofrecer comodidad y durabilidad<\/h3>\n<p>M\u00e1s all\u00e1 de su impresionante aspecto, estos <b>zapatos derby de cuero negro para hombre<\/b> est\u00e1n dise\u00f1adas para ofrecer un confort y una sujeci\u00f3n excepcionales. La innovadora suela Microlight ofrece una ligereza y flexibilidad superiores sin comprometer la durabilidad ni la tracci\u00f3n. Esta avanzada tecnolog\u00eda de suela proporciona una excelente amortiguaci\u00f3n, garantizando una zancada c\u00f3moda tanto si se desplaza por las calles de la ciudad como si permanece de pie durante largas reuniones. Una sutil altura de tac\u00f3n de 1-3 cm a\u00f1ade una elegante elevaci\u00f3n, perfeccionando tu postura y realzando la est\u00e9tica general de estos sofisticados zapatos. <b>zapatos derby de cuero negro para hombre<\/b>. Disponibles en una amplia gama de tallas, de la UE 39 a la 45, encontrar su talla perfecta no le supondr\u00e1 ning\u00fan esfuerzo.<\/p>\n<h3>La elecci\u00f3n perfecta para cada ocasi\u00f3n<\/h3>\n<p>Tanto si asiste a una importante reuni\u00f3n de negocios, a un evento formal o a una sofisticada salida nocturna, estas <b>zapatos derby de cuero negro para hombre<\/b> son su compa\u00f1ero ideal. Su dise\u00f1o cl\u00e1sico con cordones garantiza un ajuste seguro y regulable, mientras que su acabado inmaculado irradia confianza y profesionalidad. Tambi\u00e9n atendemos necesidades de venta al por mayor, con una cantidad m\u00ednima de pedido de 8 pares, lo que resulta conveniente para minoristas u organizaciones. Experimente la mezcla de arte tradicional y dise\u00f1o contempor\u00e1neo con nuestra colecci\u00f3n de primera calidad de <b>zapatos derby de cuero negro para hombre<\/b>, y entre en un mundo de estilo refinado que realmente destaca. Su pedido llegar\u00e1 en un plazo de 12 d\u00edas m\u00e1s el tiempo de env\u00edo est\u00e1ndar, lo que garantiza una entrega r\u00e1pida de su nuevo calzado favorito.<\/p>","protected":false},"excerpt":{"rendered":"<ul>\n<li><b>Material exterior:<\/b> Piel de becerro de primera calidad para un acabado elegante y pulido.<\/li>\n<li><b>Forro interior:<\/b> Suave piel de cabra para un confort y una transpirabilidad inigualables.<\/li>\n<li><b>Suela:<\/b> Suela Microlight ligera y duradera para llevarla todo el d\u00eda.<\/li>\n<li><b>Altura del tac\u00f3n:<\/b> De 1 a 3 cm sutiles para una elevaci\u00f3n elegante.<\/li>\n<li><b>Tallas disponibles:<\/b> EU 39, 40, 41, 42, 43, 44, 45.<\/li>\n<li><b>Pedido m\u00ednimo:<\/b> 8 pares (disponibles para la compra al por mayor).<\/li>\n<li><b>Entrega estimada:<\/b> 12 d\u00edas + tiempo de env\u00edo.<\/li>\n<li><b>Precio:<\/b> 37,50 USD el par.<\/li>\n<\/ul>","protected":false},"featured_media":3623,"template":"","meta":{"_acf_changed":false,"_uag_custom_page_level_css":"","site-sidebar-layout":"default","site-content-layout":"","ast-site-content-layout":"default","site-content-style":"default","site-sidebar-style":"default","ast-global-header-display":"","ast-banner-title-visibility":"","ast-main-header-display":"","ast-hfb-above-header-display":"","ast-hfb-below-header-display":"","ast-hfb-mobile-header-display":"","site-post-title":"","ast-breadcrumbs-content":"","ast-featured-img":"","footer-sml-layout":"","ast-disable-related-posts":"","theme-transparent-header-meta":"default","adv-header-id-meta":"","stick-header-meta":"","header-above-stick-meta":"","header-main-stick-meta":"","header-below-stick-meta":"","astra-migrate-meta-layouts":"set","ast-page-background-enabled":"default","ast-page-background-meta":{"desktop":{"background-color":"var(--ast-global-color-4)","background-image":"","background-repeat":"repeat","background-position":"center center","background-size":"auto","background-attachment":"scroll","background-type":"","background-media":"","overlay-type":"","overlay-color":"","overlay-opacity":"","overlay-gradient":""},"tablet":{"background-color":"","background-image":"","background-repeat":"repeat","background-position":"center center","background-size":"auto","background-attachment":"scroll","background-type":"","background-media":"","overlay-type":"","overlay-color":"","overlay-opacity":"","overlay-gradient":""},"mobile":{"background-color":"","background-image":"","background-repeat":"repeat","background-position":"center center","background-size":"auto","background-attachment":"scroll","background-type":"","background-media":"","overlay-type":"","overlay-color":"","overlay-opacity":"","overlay-gradient":""}},"ast-content-background-meta":{"desktop":{"background-color":"var(--ast-global-color-5)","background-image":"","background-repeat":"repeat","background-position":"center center","background-size":"auto","background-attachment":"scroll","background-type":"","background-media":"","overlay-type":"","overlay-color":"","overlay-opacity":"","overlay-gradient":""},"tablet":{"background-color":"var(--ast-global-color-5)","background-image":"","background-repeat":"repeat","background-position":"center center","background-size":"auto","background-attachment":"scroll","background-type":"","background-media":"","overlay-type":"","overlay-color":"","overlay-opacity":"","overlay-gradient":""},"mobile":{"background-color":"var(--ast-global-color-5)","background-image":"","background-repeat":"repeat","background-position":"center center","background-size":"auto","background-attachment":"scroll","background-type":"","background-media":"","overlay-type":"","overlay-color":"","overlay-opacity":"","overlay-gradient":""}}},"product_brand":[],"product_cat":[47,430,40],"product_tag":[295,566,480,591,769,556,615,888,361,843,466,889,855,289],"class_list":{"0":"post-5382","1":"product","2":"type-product","3":"status-publish","4":"has-post-thumbnail","6":"product_cat-classic","7":"product_cat-men","8":"product_cat-mens-shoes","9":"product_tag-black-dress-shoes","10":"product_tag-calfskin-shoes","11":"product_tag-elegant-shoes","12":"product_tag-formal-wear","13":"product_tag-gentlemens-shoes","14":"product_tag-goatskin-lining","15":"product_tag-leather-formal-shoes","16":"product_tag-mens-black-leather-derby-shoes","17":"product_tag-mens-business-shoes","18":"product_tag-mens-classic-shoes","19":"product_tag-microlight-sole","20":"product_tag-polished-leather-shoes","21":"product_tag-sophisticated-footwear","22":"product_tag-wholesale-leather-shoes","23":"desktop-align-center","24":"tablet-align-center","25":"mobile-align-center","27":"first","28":"instock","29":"shipping-taxable","30":"purchasable","31":"product-type-variable","32":"has-default-attributes"},"acf":[],"uagb_featured_image_src":{"full":["https:\/\/turkishtrade.co\/wp-content\/uploads\/2026\/01\/2400EJOMN00183-BLACK-X_12585.png",453,250,false],"thumbnail":["https:\/\/turkishtrade.co\/wp-content\/uploads\/2026\/01\/2400EJOMN00183-BLACK-X_12585-150x150.png",150,150,true],"medium":["https:\/\/turkishtrade.co\/wp-content\/uploads\/2026\/01\/2400EJOMN00183-BLACK-X_12585-300x166.png",300,166,true],"medium_large":["https:\/\/turkishtrade.co\/wp-content\/uploads\/2026\/01\/2400EJOMN00183-BLACK-X_12585.png",453,250,false],"large":["https:\/\/turkishtrade.co\/wp-content\/uploads\/2026\/01\/2400EJOMN00183-BLACK-X_12585.png",453,250,false],"1536x1536":["https:\/\/turkishtrade.co\/wp-content\/uploads\/2026\/01\/2400EJOMN00183-BLACK-X_12585.png",453,250,false],"2048x2048":["https:\/\/turkishtrade.co\/wp-content\/uploads\/2026\/01\/2400EJOMN00183-BLACK-X_12585.png",453,250,false],"trp-custom-language-flag":["https:\/\/turkishtrade.co\/wp-content\/uploads\/2026\/01\/2400EJOMN00183-BLACK-X_12585-18x10.png",18,10,true],"woocommerce_thumbnail":["https:\/\/turkishtrade.co\/wp-content\/uploads\/2026\/01\/2400EJOMN00183-BLACK-X_12585-400x250.png",400,250,true],"woocommerce_single":["https:\/\/turkishtrade.co\/wp-content\/uploads\/2026\/01\/2400EJOMN00183-BLACK-X_12585.png",453,250,false],"woocommerce_gallery_thumbnail":["https:\/\/turkishtrade.co\/wp-content\/uploads\/2026\/01\/2400EJOMN00183-BLACK-X_12585-100x100.png",100,100,true]},"uagb_author_info":{"display_name":"yaser olabi","author_link":"https:\/\/turkishtrade.co\/es\/author\/"},"uagb_comment_info":0,"uagb_excerpt":"Outer Material: Premium Calfskin Leather for a sleek, polished finish. Inner Lining: Soft Goatskin Leather for unparalleled comfort and breathability. Sole: Lightweight and durable Microlight sole for all-day wear. Heel Height: Subtle 1-3 cm for an elegant lift. Available Sizes: EU 39, 40, 41, 42, 43, 44, 45. Minimum Order: 8 pairs (available for bulk&hellip;","_links":{"self":[{"href":"https:\/\/turkishtrade.co\/es\/wp-json\/wp\/v2\/product\/5382","targetHints":{"allow":["GET"]}}],"collection":[{"href":"https:\/\/turkishtrade.co\/es\/wp-json\/wp\/v2\/product"}],"about":[{"href":"https:\/\/turkishtrade.co\/es\/wp-json\/wp\/v2\/types\/product"}],"wp:featuredmedia":[{"embeddable":true,"href":"https:\/\/turkishtrade.co\/es\/wp-json\/wp\/v2\/media\/3623"}],"wp:attachment":[{"href":"https:\/\/turkishtrade.co\/es\/wp-json\/wp\/v2\/media?parent=5382"}],"wp:term":[{"taxonomy":"product_brand","embeddable":true,"href":"https:\/\/turkishtrade.co\/es\/wp-json\/wp\/v2\/product_brand?post=5382"},{"taxonomy":"product_cat","embeddable":true,"href":"https:\/\/turkishtrade.co\/es\/wp-json\/wp\/v2\/product_cat?post=5382"},{"taxonomy":"product_tag","embeddable":true,"href":"https:\/\/turkishtrade.co\/es\/wp-json\/wp\/v2\/product_tag?post=5382"}],"curies":[{"name":"wp","href":"https:\/\/api.w.org\/{rel}","templated":true}]}}