{"id":5374,"date":"2026-01-14T11:49:36","date_gmt":"2026-01-14T11:49:36","guid":{"rendered":"https:\/\/turkishtrade.co\/product\/mens-crocodile-embossed-loafers\/"},"modified":"2026-04-09T19:36:04","modified_gmt":"2026-04-09T19:36:04","slug":"mens-crocodile-embossed-loafers","status":"publish","type":"product","link":"https:\/\/turkishtrade.co\/es\/shop\/mens-crocodile-embossed-loafers\/","title":{"rendered":"Mocasines de hombre con hebilla de piel en relieve de cocodrilo"},"content":{"rendered":"<p><strong>Mocasines de hombre en relieve de cocodrilo<\/strong><\/p>\n<p>Ad\u00e9ntrese en una sofisticaci\u00f3n sin igual con nuestro exquisito <strong>Mocasines de hombre en relieve de cocodrilo<\/strong>. Dise\u00f1ados para el caballero exigente, estos mocasines combinan a la perfecci\u00f3n la elegancia atemporal con el estilo moderno, convirti\u00e9ndolos en un complemento imprescindible de cualquier colecci\u00f3n de calzado de lujo. Cada par de estos impresionantes <strong>Mocasines de hombre en relieve de cocodrilo<\/strong> es un testimonio de artesan\u00eda superior y materiales de alta calidad.<\/p>\n<h3>Dise\u00f1o elegante y versatilidad<\/h3>\n<p>M\u00e1s all\u00e1 de sus lujosos materiales, estos excepcionales <strong>Mocasines de hombre en relieve de cocodrilo<\/strong> presentan un elegante detalle de hebilla met\u00e1lica que a\u00f1ade un toque de sofisticaci\u00f3n cl\u00e1sica. Disponibles en tonos profundos y vers\u00e1tiles como el negro cl\u00e1sico y el marr\u00f3n intenso (como se ve en las im\u00e1genes), son perfectos para una gran variedad de ocasiones. Tanto si se dirige a una reuni\u00f3n de negocios, como si asiste a un evento formal o simplemente quiere realzar su atuendo informal y elegante, estos <strong>Mocasines de hombre en relieve de cocodrilo<\/strong> est\u00e1n dise\u00f1adas para complementar tu estilo sin esfuerzo. La suela Microlight, duradera pero incre\u00edblemente ligera, ofrece un agarre y una flexibilidad superiores, garantizando que cada paso se d\u00e9 con confianza y facilidad. No son s\u00f3lo zapatos; son una declaraci\u00f3n de gusto refinado, perfectos para cualquier conocedor del buen gusto. <strong>mocasines de hombre en relieve de cocodrilo<\/strong>.<\/p>\n<h3>Tama\u00f1os y disponibilidad a granel para su empresa<\/h3>\n<p>Entendemos la importancia de un ajuste perfecto, por lo que nuestros <strong>Mocasines de hombre en relieve de cocodrilo<\/strong> est\u00e1n disponibles en una amplia gama de tallas, de la UE 39 a la 45. Para las empresas y los minoristas que deseen ofrecer a sus clientes calzado de primera calidad, ofrecemos atractivas opciones de venta al por mayor. Con una cantidad m\u00ednima de pedido de tan solo 8 pares, podr\u00e1 abastecerse f\u00e1cilmente de este calzado de gran demanda. <strong>Mocasines de hombre en relieve de cocodrilo<\/strong>. Disfrute de un proceso de entrega \u00e1gil, con pedidos que suelen enviarse en 12 d\u00edas m\u00e1s el tiempo de tr\u00e1nsito est\u00e1ndar de la carga. Invierta en calidad, estilo y comodidad con nuestros excepcionales <strong>Mocasines de hombre en relieve de cocodrilo<\/strong> hoy. A un precio asequible de s\u00f3lo USD el par, el lujo est\u00e1 al alcance de la mano con estos mocasines repujados para hombre de primera calidad.<\/p>","protected":false},"excerpt":{"rendered":"<ul>\n<li><strong>Material de primera calidad:<\/strong> Fabricado por expertos con un exterior de aut\u00e9ntica piel de ternero y un interior de piel de cabra suave y transpirable.<\/li>\n<li><strong>Suela de confort:<\/strong> Incorpora una suela Microlight duradera y ligera para una comodidad y flexibilidad excepcionales durante todo el d\u00eda.<\/li>\n<li><strong>Dise\u00f1o elegante:<\/strong> Presenta un elegante estampado de cocodrilo en relieve complementado con una sofisticada hebilla met\u00e1lica.<\/li>\n<li><strong>Ajuste perfecto:<\/strong> Disponible en una amplia gama de tallas, de la UE 39 a la 45, para garantizar un ajuste perfecto.<\/li>\n<li><strong>Tac\u00f3n sutil:<\/strong> Dise\u00f1ado con una altura de tac\u00f3n c\u00f3moda y estable que oscila entre 1 y 3 cm.<\/li>\n<li><strong>Oportunidad de venta al por mayor:<\/strong> Cantidad m\u00ednima de pedido disponible de 8 pares, ideal para compras al por mayor y al por menor.<\/li>\n<li><strong>Precios competitivos:<\/strong> Con un atractivo precio en d\u00f3lares por par, ofrecen lujo a un precio asequible.<\/li>\n<\/ul>","protected":false},"featured_media":3619,"template":"","meta":{"_acf_changed":false,"_uag_custom_page_level_css":"","site-sidebar-layout":"default","site-content-layout":"","ast-site-content-layout":"default","site-content-style":"default","site-sidebar-style":"default","ast-global-header-display":"","ast-banner-title-visibility":"","ast-main-header-display":"","ast-hfb-above-header-display":"","ast-hfb-below-header-display":"","ast-hfb-mobile-header-display":"","site-post-title":"","ast-breadcrumbs-content":"","ast-featured-img":"","footer-sml-layout":"","ast-disable-related-posts":"","theme-transparent-header-meta":"default","adv-header-id-meta":"","stick-header-meta":"","header-above-stick-meta":"","header-main-stick-meta":"","header-below-stick-meta":"","astra-migrate-meta-layouts":"set","ast-page-background-enabled":"default","ast-page-background-meta":{"desktop":{"background-color":"var(--ast-global-color-4)","background-image":"","background-repeat":"repeat","background-position":"center center","background-size":"auto","background-attachment":"scroll","background-type":"","background-media":"","overlay-type":"","overlay-color":"","overlay-opacity":"","overlay-gradient":""},"tablet":{"background-color":"","background-image":"","background-repeat":"repeat","background-position":"center center","background-size":"auto","background-attachment":"scroll","background-type":"","background-media":"","overlay-type":"","overlay-color":"","overlay-opacity":"","overlay-gradient":""},"mobile":{"background-color":"","background-image":"","background-repeat":"repeat","background-position":"center center","background-size":"auto","background-attachment":"scroll","background-type":"","background-media":"","overlay-type":"","overlay-color":"","overlay-opacity":"","overlay-gradient":""}},"ast-content-background-meta":{"desktop":{"background-color":"var(--ast-global-color-5)","background-image":"","background-repeat":"repeat","background-position":"center center","background-size":"auto","background-attachment":"scroll","background-type":"","background-media":"","overlay-type":"","overlay-color":"","overlay-opacity":"","overlay-gradient":""},"tablet":{"background-color":"var(--ast-global-color-5)","background-image":"","background-repeat":"repeat","background-position":"center center","background-size":"auto","background-attachment":"scroll","background-type":"","background-media":"","overlay-type":"","overlay-color":"","overlay-opacity":"","overlay-gradient":""},"mobile":{"background-color":"var(--ast-global-color-5)","background-image":"","background-repeat":"repeat","background-position":"center center","background-size":"auto","background-attachment":"scroll","background-type":"","background-media":"","overlay-type":"","overlay-color":"","overlay-opacity":"","overlay-gradient":""}}},"product_brand":[],"product_cat":[47,430,40],"product_tag":[315,185,534,737,750,251,189,215,384,198,186,466,362,280,456],"class_list":{"0":"post-5374","1":"product","2":"type-product","3":"status-publish","4":"has-post-thumbnail","6":"product_cat-classic","7":"product_cat-men","8":"product_cat-mens-shoes","9":"product_tag-buckle-loafers","10":"product_tag-calf-leather-shoes","11":"product_tag-crocodile-embossed-shoes","12":"product_tag-dress-loafers","13":"product_tag-embossed-leather-shoes","14":"product_tag-formal-shoes","15":"product_tag-goat-leather-lining","16":"product_tag-leather-loafers","17":"product_tag-luxury-loafers","18":"product_tag-mens-fashion","19":"product_tag-mens-loafers","20":"product_tag-microlight-sole","21":"product_tag-premium-footwear","22":"product_tag-smart-casual-shoes","23":"product_tag-wholesale-loafers","24":"desktop-align-center","25":"tablet-align-center","26":"mobile-align-center","28":"first","29":"instock","30":"shipping-taxable","31":"purchasable","32":"product-type-variable","33":"has-default-attributes"},"acf":[],"uagb_featured_image_src":{"full":["https:\/\/turkishtrade.co\/wp-content\/uploads\/2026\/01\/2400EJOMN00178-DARK-BROWN-B_10.png",453,250,false],"thumbnail":["https:\/\/turkishtrade.co\/wp-content\/uploads\/2026\/01\/2400EJOMN00178-DARK-BROWN-B_10-150x150.png",150,150,true],"medium":["https:\/\/turkishtrade.co\/wp-content\/uploads\/2026\/01\/2400EJOMN00178-DARK-BROWN-B_10-300x166.png",300,166,true],"medium_large":["https:\/\/turkishtrade.co\/wp-content\/uploads\/2026\/01\/2400EJOMN00178-DARK-BROWN-B_10.png",453,250,false],"large":["https:\/\/turkishtrade.co\/wp-content\/uploads\/2026\/01\/2400EJOMN00178-DARK-BROWN-B_10.png",453,250,false],"1536x1536":["https:\/\/turkishtrade.co\/wp-content\/uploads\/2026\/01\/2400EJOMN00178-DARK-BROWN-B_10.png",453,250,false],"2048x2048":["https:\/\/turkishtrade.co\/wp-content\/uploads\/2026\/01\/2400EJOMN00178-DARK-BROWN-B_10.png",453,250,false],"trp-custom-language-flag":["https:\/\/turkishtrade.co\/wp-content\/uploads\/2026\/01\/2400EJOMN00178-DARK-BROWN-B_10-18x10.png",18,10,true],"woocommerce_thumbnail":["https:\/\/turkishtrade.co\/wp-content\/uploads\/2026\/01\/2400EJOMN00178-DARK-BROWN-B_10-400x250.png",400,250,true],"woocommerce_single":["https:\/\/turkishtrade.co\/wp-content\/uploads\/2026\/01\/2400EJOMN00178-DARK-BROWN-B_10.png",453,250,false],"woocommerce_gallery_thumbnail":["https:\/\/turkishtrade.co\/wp-content\/uploads\/2026\/01\/2400EJOMN00178-DARK-BROWN-B_10-100x100.png",100,100,true]},"uagb_author_info":{"display_name":"yaser olabi","author_link":"https:\/\/turkishtrade.co\/es\/author\/"},"uagb_comment_info":0,"uagb_excerpt":"Premium Material: Expertly crafted with a genuine calf leather exterior and a soft, breathable goat leather interior. Comfort Sole: Features a durable yet lightweight Microlight sole for exceptional all-day comfort and flexibility. Stylish Design: Showcases an elegant crocodile embossed pattern complemented by a sophisticated metal buckle accent. Perfect Fit: Available in a comprehensive range of&hellip;","_links":{"self":[{"href":"https:\/\/turkishtrade.co\/es\/wp-json\/wp\/v2\/product\/5374","targetHints":{"allow":["GET"]}}],"collection":[{"href":"https:\/\/turkishtrade.co\/es\/wp-json\/wp\/v2\/product"}],"about":[{"href":"https:\/\/turkishtrade.co\/es\/wp-json\/wp\/v2\/types\/product"}],"wp:featuredmedia":[{"embeddable":true,"href":"https:\/\/turkishtrade.co\/es\/wp-json\/wp\/v2\/media\/3619"}],"wp:attachment":[{"href":"https:\/\/turkishtrade.co\/es\/wp-json\/wp\/v2\/media?parent=5374"}],"wp:term":[{"taxonomy":"product_brand","embeddable":true,"href":"https:\/\/turkishtrade.co\/es\/wp-json\/wp\/v2\/product_brand?post=5374"},{"taxonomy":"product_cat","embeddable":true,"href":"https:\/\/turkishtrade.co\/es\/wp-json\/wp\/v2\/product_cat?post=5374"},{"taxonomy":"product_tag","embeddable":true,"href":"https:\/\/turkishtrade.co\/es\/wp-json\/wp\/v2\/product_tag?post=5374"}],"curies":[{"name":"wp","href":"https:\/\/api.w.org\/{rel}","templated":true}]}}