{"id":5356,"date":"2026-01-14T11:47:25","date_gmt":"2026-01-14T11:47:25","guid":{"rendered":"https:\/\/turkishtrade.co\/product\/mens-brown-leather-derby-shoes-2\/"},"modified":"2026-04-09T19:36:36","modified_gmt":"2026-04-09T19:36:36","slug":"mens-brown-leather-derby-shoes-2","status":"publish","type":"product","link":"https:\/\/turkishtrade.co\/es\/shop\/mens-brown-leather-derby-shoes-2\/","title":{"rendered":"Zapatos derby con puntera de piel de becerro marr\u00f3n para hombre de primera calidad"},"content":{"rendered":"<p><strong>Zapatos Derby de piel marr\u00f3n para hombre<\/strong><\/p>\n<p>Entre en la elegancia atemporal con nuestro exquisito <strong>Zapatos Derby de piel marr\u00f3n para hombre<\/strong>. Meticulosamente elaborados para el caballero exigente, estos zapatos combinan un dise\u00f1o cl\u00e1sico con un confort y una durabilidad superiores. La rica tonalidad marr\u00f3n de estos <strong>Zapatos Derby de piel marr\u00f3n para hombre<\/strong> hacen de ellos un complemento vers\u00e1til para cualquier armario, perfecto tanto para entornos formales de negocios como para ocasiones informales elegantes.<\/p>\n<p><h3>Artesan\u00eda sin igual y materiales de lujo<\/h3>\n<\/p>\n<p>Experimente una calidad inigualable con un exterior fabricado en piel de ternero de primera calidad. Esta piel de becerro de primera calidad no s\u00f3lo proporciona un brillo sofisticado, sino que tambi\u00e9n promete una longevidad y una resistencia al desgaste excepcionales, amold\u00e1ndose maravillosamente a tu pie con el paso del tiempo. Como complemento al robusto exterior, el interior est\u00e1 totalmente forrado con lujosa piel de cabra, que ofrece transpirabilidad y una sensaci\u00f3n de felpa y confort a cada paso.<\/p>\n<p>No se trata de cualquier <strong>Zapatos Derby de piel marr\u00f3n para hombre<\/strong>; son una inversi\u00f3n en estilo y comodidad duraderos.<\/p>\n<p><h3>Confort avanzado con tecnolog\u00eda de suela ultraligera<\/h3>\n<\/p>\n<p>Dise\u00f1ado pensando en un estilo de vida moderno, nuestro <strong>Zapatos Derby de piel marr\u00f3n para hombre<\/strong> incorporan una ligera suela Microlight. Esta innovadora tecnolog\u00eda de suela garantiza la m\u00e1xima flexibilidad y reduce la fatiga, permiti\u00e9ndole mantenerse c\u00f3modo durante sus d\u00edas m\u00e1s ajetreados. La sutil altura del tac\u00f3n de 1 a 3 cm a\u00f1ade un toque de sofisticaci\u00f3n al tiempo que mantiene la sujeci\u00f3n ergon\u00f3mica.<\/p>\n<p>El dise\u00f1o cl\u00e1sico de la puntera realza la distinguida silueta del zapato, haciendo que estos <strong>Zapatos Derby de piel marr\u00f3n para hombre<\/strong> una pieza por excelencia para la colecci\u00f3n de cualquier hombre.<\/p>\n<p><h3>Oportunidad para los mayoristas de calzado de calidad<\/h3>\n<\/p>\n<p>Entendemos las necesidades de nuestros socios mayoristas, por eso estos excepcionales <strong>Zapatos Derby de piel marr\u00f3n para hombre<\/strong> est\u00e1n disponibles para pedidos al por mayor con una compra m\u00ednima de 8 pares. Al ofrecer precios competitivos y un plazo de entrega fiable de 12 d\u00edas m\u00e1s gastos de env\u00edo, garantizamos una experiencia perfecta para su negocio. Proporcione a sus clientes el mejor calzado, en tallas que van de la 39 a la 45.<\/p>\n<p>Eleve su inventario con estos art\u00edculos de estilo y confecci\u00f3n impecables. <strong>Zapatos Derby de piel marr\u00f3n para hombre<\/strong> hoy.<\/p>","protected":false},"excerpt":{"rendered":"<ul>\n<li>Material exterior: Piel de becerro de primera calidad<\/li>\n<li>Material interior: Forro de suave piel de cabra<\/li>\n<li>Suela: tecnolog\u00eda ligera Microlight<\/li>\n<li>Altura del tac\u00f3n: 1-3 cm para un confort \u00f3ptimo<\/li>\n<li>Tallas disponibles: 39, 40, 41, 42, 43, 44, 45<\/li>\n<li>Pedido M\u00ednimo: 8 Pares (Disponibilidad al por mayor)<\/li>\n<li>Plazo de entrega: 12 d\u00edas + gastos de env\u00edo<\/li>\n<\/ul>","protected":false},"featured_media":3606,"template":"","meta":{"_acf_changed":false,"_uag_custom_page_level_css":"","site-sidebar-layout":"default","site-content-layout":"","ast-site-content-layout":"default","site-content-style":"default","site-sidebar-style":"default","ast-global-header-display":"","ast-banner-title-visibility":"","ast-main-header-display":"","ast-hfb-above-header-display":"","ast-hfb-below-header-display":"","ast-hfb-mobile-header-display":"","site-post-title":"","ast-breadcrumbs-content":"","ast-featured-img":"","footer-sml-layout":"","ast-disable-related-posts":"","theme-transparent-header-meta":"","adv-header-id-meta":"","stick-header-meta":"","header-above-stick-meta":"","header-main-stick-meta":"","header-below-stick-meta":"","astra-migrate-meta-layouts":"default","ast-page-background-enabled":"default","ast-page-background-meta":{"desktop":{"background-color":"var(--ast-global-color-4)","background-image":"","background-repeat":"repeat","background-position":"center center","background-size":"auto","background-attachment":"scroll","background-type":"","background-media":"","overlay-type":"","overlay-color":"","overlay-opacity":"","overlay-gradient":""},"tablet":{"background-color":"","background-image":"","background-repeat":"repeat","background-position":"center center","background-size":"auto","background-attachment":"scroll","background-type":"","background-media":"","overlay-type":"","overlay-color":"","overlay-opacity":"","overlay-gradient":""},"mobile":{"background-color":"","background-image":"","background-repeat":"repeat","background-position":"center center","background-size":"auto","background-attachment":"scroll","background-type":"","background-media":"","overlay-type":"","overlay-color":"","overlay-opacity":"","overlay-gradient":""}},"ast-content-background-meta":{"desktop":{"background-color":"var(--ast-global-color-5)","background-image":"","background-repeat":"repeat","background-position":"center center","background-size":"auto","background-attachment":"scroll","background-type":"","background-media":"","overlay-type":"","overlay-color":"","overlay-opacity":"","overlay-gradient":""},"tablet":{"background-color":"var(--ast-global-color-5)","background-image":"","background-repeat":"repeat","background-position":"center center","background-size":"auto","background-attachment":"scroll","background-type":"","background-media":"","overlay-type":"","overlay-color":"","overlay-opacity":"","overlay-gradient":""},"mobile":{"background-color":"var(--ast-global-color-5)","background-image":"","background-repeat":"repeat","background-position":"center center","background-size":"auto","background-attachment":"scroll","background-type":"","background-media":"","overlay-type":"","overlay-color":"","overlay-opacity":"","overlay-gradient":""}}},"product_brand":[],"product_cat":[47,430,40],"product_tag":[199,405,185,458,480,189,351,872,324,565,466,362,281],"class_list":{"0":"post-5356","1":"product","2":"type-product","3":"status-publish","4":"has-post-thumbnail","6":"product_cat-classic","7":"product_cat-men","8":"product_cat-mens-shoes","9":"product_tag-brown-dress-shoes","10":"product_tag-business-shoes","11":"product_tag-calf-leather-shoes","12":"product_tag-cap-toe-shoes","13":"product_tag-elegant-shoes","14":"product_tag-goat-leather-lining","15":"product_tag-leather-footwear","16":"product_tag-mens-brown-leather-derby-shoes","17":"product_tag-mens-dress-shoes","18":"product_tag-mens-formal-shoes","19":"product_tag-microlight-sole","20":"product_tag-premium-footwear","21":"product_tag-wholesale-shoes","22":"desktop-align-center","23":"tablet-align-center","24":"mobile-align-center","26":"first","27":"instock","28":"shipping-taxable","29":"purchasable","30":"product-type-variable","31":"has-default-attributes"},"acf":[],"uagb_featured_image_src":{"full":["https:\/\/turkishtrade.co\/wp-content\/uploads\/2026\/01\/2400EJOMN00171-Brown-Y-873.png",453,250,false],"thumbnail":["https:\/\/turkishtrade.co\/wp-content\/uploads\/2026\/01\/2400EJOMN00171-Brown-Y-873-150x150.png",150,150,true],"medium":["https:\/\/turkishtrade.co\/wp-content\/uploads\/2026\/01\/2400EJOMN00171-Brown-Y-873-300x166.png",300,166,true],"medium_large":["https:\/\/turkishtrade.co\/wp-content\/uploads\/2026\/01\/2400EJOMN00171-Brown-Y-873.png",453,250,false],"large":["https:\/\/turkishtrade.co\/wp-content\/uploads\/2026\/01\/2400EJOMN00171-Brown-Y-873.png",453,250,false],"1536x1536":["https:\/\/turkishtrade.co\/wp-content\/uploads\/2026\/01\/2400EJOMN00171-Brown-Y-873.png",453,250,false],"2048x2048":["https:\/\/turkishtrade.co\/wp-content\/uploads\/2026\/01\/2400EJOMN00171-Brown-Y-873.png",453,250,false],"trp-custom-language-flag":["https:\/\/turkishtrade.co\/wp-content\/uploads\/2026\/01\/2400EJOMN00171-Brown-Y-873-18x10.png",18,10,true],"woocommerce_thumbnail":["https:\/\/turkishtrade.co\/wp-content\/uploads\/2026\/01\/2400EJOMN00171-Brown-Y-873-400x250.png",400,250,true],"woocommerce_single":["https:\/\/turkishtrade.co\/wp-content\/uploads\/2026\/01\/2400EJOMN00171-Brown-Y-873.png",453,250,false],"woocommerce_gallery_thumbnail":["https:\/\/turkishtrade.co\/wp-content\/uploads\/2026\/01\/2400EJOMN00171-Brown-Y-873-100x100.png",100,100,true]},"uagb_author_info":{"display_name":"yaser olabi","author_link":"https:\/\/turkishtrade.co\/es\/author\/"},"uagb_comment_info":0,"uagb_excerpt":"Outer Material: Premium Calf Leather Inner Material: Soft Goat Leather Lining Sole: Lightweight Microlight Technology Heel Height: 1-3 cm for optimal comfort Available Sizes: 39, 40, 41, 42, 43, 44, 45 Minimum Order: 8 Pairs (Wholesale Availability) Delivery Time: 12 Days + Shipping","_links":{"self":[{"href":"https:\/\/turkishtrade.co\/es\/wp-json\/wp\/v2\/product\/5356","targetHints":{"allow":["GET"]}}],"collection":[{"href":"https:\/\/turkishtrade.co\/es\/wp-json\/wp\/v2\/product"}],"about":[{"href":"https:\/\/turkishtrade.co\/es\/wp-json\/wp\/v2\/types\/product"}],"wp:featuredmedia":[{"embeddable":true,"href":"https:\/\/turkishtrade.co\/es\/wp-json\/wp\/v2\/media\/3606"}],"wp:attachment":[{"href":"https:\/\/turkishtrade.co\/es\/wp-json\/wp\/v2\/media?parent=5356"}],"wp:term":[{"taxonomy":"product_brand","embeddable":true,"href":"https:\/\/turkishtrade.co\/es\/wp-json\/wp\/v2\/product_brand?post=5356"},{"taxonomy":"product_cat","embeddable":true,"href":"https:\/\/turkishtrade.co\/es\/wp-json\/wp\/v2\/product_cat?post=5356"},{"taxonomy":"product_tag","embeddable":true,"href":"https:\/\/turkishtrade.co\/es\/wp-json\/wp\/v2\/product_tag?post=5356"}],"curies":[{"name":"wp","href":"https:\/\/api.w.org\/{rel}","templated":true}]}}