{"id":5353,"date":"2026-01-14T11:47:03","date_gmt":"2026-01-14T11:47:03","guid":{"rendered":"https:\/\/turkishtrade.co\/product\/mens-leather-brogue-oxfords\/"},"modified":"2026-04-09T19:36:40","modified_gmt":"2026-04-09T19:36:40","slug":"mens-leather-brogue-oxfords","status":"publish","type":"product","link":"https:\/\/turkishtrade.co\/es\/shop\/mens-leather-brogue-oxfords\/","title":{"rendered":"Lujosos zapatos Oxford Brogue de piel para hombre hechos a mano"},"content":{"rendered":"<p><strong>Bordados de cuero para hombre<\/strong><\/p>\n<p>Ad\u00e9ntrese en un mundo de elegancia atemporal y artesan\u00eda superior con nuestro <strong>Lujosos zapatos Oxford Brogue de piel para hombre hechos a mano<\/strong>. Dise\u00f1ados para el caballero exigente, estos exquisitos zapatos combinan el estilo cl\u00e1sico con la comodidad moderna, convirti\u00e9ndolos en un complemento indispensable para cualquier armario sofisticado. Cada par de nuestros <strong>Oxfords brogue de cuero para hombre<\/strong> es un testimonio de habilidad art\u00edstica, que garantiza que destaques con gracia y confianza en cualquier ocasi\u00f3n.<\/p>\n<p>Elaborados con los mejores materiales, el exterior de estos impresionantes zapatos est\u00e1 confeccionado en aut\u00e9ntica piel de ternero, meticulosamente seleccionada por su lujoso tacto, su rica textura y su calidad duradera. El interior est\u00e1 forrado con flexible piel de cabra, que proporciona un nivel de comodidad sin igual que se amolda al pie con el paso del tiempo. Esta cuidada combinaci\u00f3n de materiales no s\u00f3lo realza el atractivo est\u00e9tico, sino que tambi\u00e9n garantiza la transpirabilidad y un uso duradero. El intrincado detalle de brogue en la puntera a\u00f1ade un toque de sofisticaci\u00f3n cl\u00e1sica que distingue a estos zapatos. <strong>Oxfords brogue de cuero para hombre<\/strong> como una verdadera opci\u00f3n de primera calidad.<\/p>\n<h3>Estilo y versatilidad sin igual<\/h3>\n<p>Tanto si asiste a una reuni\u00f3n formal de negocios como a una boda o a un sofisticado evento social, estos zapatos Oxford de estilo brogue son su compa\u00f1ero perfecto. Su dise\u00f1o atemporal, disponible en cautivadores tonos de marr\u00f3n intenso, azul oscuro y gris elegante, garantiza que puedan combinarse sin esfuerzo con una gran variedad de atuendos, desde elegantes trajes de negocios hasta conjuntos informales elegantes. El sutil tac\u00f3n de 1 a 3 cm proporciona una c\u00f3moda elevaci\u00f3n sin comprometer la estabilidad, contribuyendo a una silueta pulida y refinada. Eleve su imagen profesional o complete su atuendo de noche con un calzado que dice mucho de su gusto.<\/p>\n<h3>Comodidad y durabilidad excepcionales<\/h3>\n<p>La comodidad es primordial, y nuestro <strong>Oxfords brogue de cuero para hombre<\/strong> cumplen en todos los frentes. La innovadora suela ultraligera ofrece una amortiguaci\u00f3n y flexibilidad superiores, reduciendo la fatiga durante largas horas de uso. Esta suela ligera pero duradera proporciona un agarre excelente, garantizando confianza a cada paso. La robusta construcci\u00f3n y la piel de alta calidad garantizan que estos zapatos no s\u00f3lo son elegantes, sino que tambi\u00e9n est\u00e1n hechos para durar, proporcionando un valor excepcional en los a\u00f1os venideros. Invertir en estos zapatos significa invertir en estilo y comodidad duraderos.<\/p>\n<p>Para empresas y minoristas, ofrecemos atractivas opciones de venta al por mayor con un pedido m\u00ednimo de 8 pares. Disfrute de un servicio r\u00e1pido con entregas en 12 d\u00edas m\u00e1s gastos de env\u00edo. Mejore su inventario y ofrezca a sus clientes lo mejor en calzado para hombre con nuestra excepcional gama de productos. <strong>Oxfords brogue de cuero para hombre<\/strong>. Disponibles en las tallas 39 a 45, estos zapatos prometen un ajuste perfecto para una amplia clientela. Haga su pedido hoy mismo y descubra la diferencia que marca la verdadera artesan\u00eda.<\/p>","protected":false},"excerpt":{"rendered":"<ul>\n<li><strong>Materiales de primera calidad:<\/strong> Fabricado con piel de ternero aut\u00e9ntica en el exterior y piel de cabra suave en el interior para una mayor comodidad y durabilidad.<\/li>\n<li><strong>Suela ultraligera:<\/strong> Incorpora una suela ultraligera ligera y resistente con un sutil tac\u00f3n de 1-3 cm para un uso c\u00f3modo durante todo el d\u00eda.<\/li>\n<li><strong>Dise\u00f1o elegante:<\/strong> Cl\u00e1sico estilo Oxford con intrincados detalles, disponible en marr\u00f3n intenso, azul sofisticado y gris atemporal.<\/li>\n<li><strong>Tallas vers\u00e1tiles:<\/strong> Disponible en las tallas 39, 40, 41, 42, 43, 44 y 45 de la UE para garantizar un ajuste perfecto.<\/li>\n<li><strong>Disponibilidad a granel:<\/strong> Se requiere un pedido m\u00ednimo de 8 pares. Entrega normalmente en 12 d\u00edas + gastos de env\u00edo.<\/li>\n<\/ul>","protected":false},"featured_media":3605,"template":"","meta":{"_acf_changed":false,"_uag_custom_page_level_css":"","site-sidebar-layout":"default","site-content-layout":"","ast-site-content-layout":"default","site-content-style":"default","site-sidebar-style":"default","ast-global-header-display":"","ast-banner-title-visibility":"","ast-main-header-display":"","ast-hfb-above-header-display":"","ast-hfb-below-header-display":"","ast-hfb-mobile-header-display":"","site-post-title":"","ast-breadcrumbs-content":"","ast-featured-img":"","footer-sml-layout":"","ast-disable-related-posts":"","theme-transparent-header-meta":"default","adv-header-id-meta":"","stick-header-meta":"","header-above-stick-meta":"","header-main-stick-meta":"","header-below-stick-meta":"","astra-migrate-meta-layouts":"set","ast-page-background-enabled":"default","ast-page-background-meta":{"desktop":{"background-color":"var(--ast-global-color-4)","background-image":"","background-repeat":"repeat","background-position":"center center","background-size":"auto","background-attachment":"scroll","background-type":"","background-media":"","overlay-type":"","overlay-color":"","overlay-opacity":"","overlay-gradient":""},"tablet":{"background-color":"","background-image":"","background-repeat":"repeat","background-position":"center center","background-size":"auto","background-attachment":"scroll","background-type":"","background-media":"","overlay-type":"","overlay-color":"","overlay-opacity":"","overlay-gradient":""},"mobile":{"background-color":"","background-image":"","background-repeat":"repeat","background-position":"center center","background-size":"auto","background-attachment":"scroll","background-type":"","background-media":"","overlay-type":"","overlay-color":"","overlay-opacity":"","overlay-gradient":""}},"ast-content-background-meta":{"desktop":{"background-color":"var(--ast-global-color-5)","background-image":"","background-repeat":"repeat","background-position":"center center","background-size":"auto","background-attachment":"scroll","background-type":"","background-media":"","overlay-type":"","overlay-color":"","overlay-opacity":"","overlay-gradient":""},"tablet":{"background-color":"var(--ast-global-color-5)","background-image":"","background-repeat":"repeat","background-position":"center center","background-size":"auto","background-attachment":"scroll","background-type":"","background-media":"","overlay-type":"","overlay-color":"","overlay-opacity":"","overlay-gradient":""},"mobile":{"background-color":"var(--ast-global-color-5)","background-image":"","background-repeat":"repeat","background-position":"center center","background-size":"auto","background-attachment":"scroll","background-type":"","background-media":"","overlay-type":"","overlay-color":"","overlay-opacity":"","overlay-gradient":""}}},"product_brand":[],"product_cat":[47,430,40],"product_tag":[654,405,202,284,251,437,450,227,217,198,466,204,250],"class_list":{"0":"post-5353","1":"product","2":"type-product","3":"status-publish","4":"has-post-thumbnail","6":"product_cat-classic","7":"product_cat-men","8":"product_cat-mens-shoes","9":"product_tag-brogue-shoes","10":"product_tag-business-shoes","11":"product_tag-calf-leather","12":"product_tag-dress-shoes","13":"product_tag-formal-shoes","14":"product_tag-goat-leather","15":"product_tag-handcrafted-shoes","16":"product_tag-leather-shoes","17":"product_tag-luxury-footwear","18":"product_tag-mens-fashion","19":"product_tag-microlight-sole","20":"product_tag-oxford-shoes","21":"product_tag-premium-leather","22":"desktop-align-center","23":"tablet-align-center","24":"mobile-align-center","26":"first","27":"instock","28":"shipping-taxable","29":"purchasable","30":"product-type-variable","31":"has-default-attributes"},"acf":[],"uagb_featured_image_src":{"full":["https:\/\/turkishtrade.co\/wp-content\/uploads\/2026\/01\/2400EJOMN00170-SMOKED-X_7202.png",453,250,false],"thumbnail":["https:\/\/turkishtrade.co\/wp-content\/uploads\/2026\/01\/2400EJOMN00170-SMOKED-X_7202-150x150.png",150,150,true],"medium":["https:\/\/turkishtrade.co\/wp-content\/uploads\/2026\/01\/2400EJOMN00170-SMOKED-X_7202-300x166.png",300,166,true],"medium_large":["https:\/\/turkishtrade.co\/wp-content\/uploads\/2026\/01\/2400EJOMN00170-SMOKED-X_7202.png",453,250,false],"large":["https:\/\/turkishtrade.co\/wp-content\/uploads\/2026\/01\/2400EJOMN00170-SMOKED-X_7202.png",453,250,false],"1536x1536":["https:\/\/turkishtrade.co\/wp-content\/uploads\/2026\/01\/2400EJOMN00170-SMOKED-X_7202.png",453,250,false],"2048x2048":["https:\/\/turkishtrade.co\/wp-content\/uploads\/2026\/01\/2400EJOMN00170-SMOKED-X_7202.png",453,250,false],"trp-custom-language-flag":["https:\/\/turkishtrade.co\/wp-content\/uploads\/2026\/01\/2400EJOMN00170-SMOKED-X_7202-18x10.png",18,10,true],"woocommerce_thumbnail":["https:\/\/turkishtrade.co\/wp-content\/uploads\/2026\/01\/2400EJOMN00170-SMOKED-X_7202-400x250.png",400,250,true],"woocommerce_single":["https:\/\/turkishtrade.co\/wp-content\/uploads\/2026\/01\/2400EJOMN00170-SMOKED-X_7202.png",453,250,false],"woocommerce_gallery_thumbnail":["https:\/\/turkishtrade.co\/wp-content\/uploads\/2026\/01\/2400EJOMN00170-SMOKED-X_7202-100x100.png",100,100,true]},"uagb_author_info":{"display_name":"yaser olabi","author_link":"https:\/\/turkishtrade.co\/es\/author\/"},"uagb_comment_info":0,"uagb_excerpt":"Premium Materials: Crafted with genuine calf leather exterior and soft goat leather interior for ultimate comfort and durability. Microlight Sole: Features a lightweight and resilient microlight sole with a subtle 1-3 cm heel for comfortable all-day wear. Elegant Design: Classic brogue Oxford styling with intricate detailing, available in rich brown, sophisticated blue, and timeless grey&hellip;","_links":{"self":[{"href":"https:\/\/turkishtrade.co\/es\/wp-json\/wp\/v2\/product\/5353","targetHints":{"allow":["GET"]}}],"collection":[{"href":"https:\/\/turkishtrade.co\/es\/wp-json\/wp\/v2\/product"}],"about":[{"href":"https:\/\/turkishtrade.co\/es\/wp-json\/wp\/v2\/types\/product"}],"wp:featuredmedia":[{"embeddable":true,"href":"https:\/\/turkishtrade.co\/es\/wp-json\/wp\/v2\/media\/3605"}],"wp:attachment":[{"href":"https:\/\/turkishtrade.co\/es\/wp-json\/wp\/v2\/media?parent=5353"}],"wp:term":[{"taxonomy":"product_brand","embeddable":true,"href":"https:\/\/turkishtrade.co\/es\/wp-json\/wp\/v2\/product_brand?post=5353"},{"taxonomy":"product_cat","embeddable":true,"href":"https:\/\/turkishtrade.co\/es\/wp-json\/wp\/v2\/product_cat?post=5353"},{"taxonomy":"product_tag","embeddable":true,"href":"https:\/\/turkishtrade.co\/es\/wp-json\/wp\/v2\/product_tag?post=5353"}],"curies":[{"name":"wp","href":"https:\/\/api.w.org\/{rel}","templated":true}]}}