{"id":5310,"date":"2026-01-14T11:40:51","date_gmt":"2026-01-14T11:40:51","guid":{"rendered":"https:\/\/turkishtrade.co\/product\/mens-two-tone-monk-strap\/"},"modified":"2026-04-09T19:38:01","modified_gmt":"2026-04-09T19:38:01","slug":"mens-two-tone-monk-strap","status":"publish","type":"product","link":"https:\/\/turkishtrade.co\/es\/shop\/mens-two-tone-monk-strap\/","title":{"rendered":"Elegantes zapatos monk strap bicolor de piel de becerro para hombre"},"content":{"rendered":"<p><strong>Correa monje bicolor para hombre<\/strong><\/p>\n<p>Ad\u00e9ntrese en un reino de estilo y sofisticaci\u00f3n sin parang\u00f3n con nuestro <strong>Elegantes zapatos monk strap bicolor de piel de becerro para hombre<\/strong>. Dise\u00f1ados para el caballero exigente, estos zapatos no son s\u00f3lo calzado; son una declaraci\u00f3n de lujo y gusto impecable. El distintivo dise\u00f1o en dos tonos, que combina intensos marrones con toques m\u00e1s oscuros, los convierte en una pieza \u00fanica. <strong>Correa monje bicolor para hombre<\/strong> y los convierte en el centro de atenci\u00f3n de cualquier conjunto.<\/p>\n<h3>Artesan\u00eda sin concesiones y materiales de primera calidad<\/h3>\n<p>Cada par de estos exquisitos zapatos es un testimonio de artesan\u00eda superior. El exterior est\u00e1 meticulosamente confeccionado en piel de becerro de primera calidad, conocida por su textura flexible, su durabilidad y su capacidad para desarrollar una hermosa p\u00e1tina con el paso del tiempo. Esta superficie exterior de alta calidad no s\u00f3lo garantiza la longevidad, sino que tambi\u00e9n proporciona un tacto y un aspecto lujosos. Como complemento del robusto exterior, el interior est\u00e1 forrado con piel de cabra suntuosamente suave, que ofrece una transpirabilidad y un confort excepcionales que acunan los pies durante todo el d\u00eda.<\/p>\n<p>La base de estos notables <strong>Correa monje bicolor para hombre<\/strong> es una suela Microlight, dise\u00f1ada para ofrecer una flexibilidad ligera y un agarre excelente. Esta innovadora tecnolog\u00eda de suela garantiza el confort a cada paso, por lo que son ideales para un uso prolongado. Un sutil tac\u00f3n de 1-3 cm a\u00f1ade un toque de elegancia cl\u00e1sica y apoyo ergon\u00f3mico, perfecto para eventos formales, reuniones de negocios o sofisticadas salidas informales.<\/p>\n<h3>Estilo vers\u00e1til para cualquier ocasi\u00f3n<\/h3>\n<p>El cl\u00e1sico cierre de correa monje no s\u00f3lo asegura el zapato con discreta elegancia, sino que tambi\u00e9n contribuye a su atractivo atemporal. La sofisticada mezcla de colores de estos <strong>Correa monje bicolor para hombre<\/strong> los hace incre\u00edblemente vers\u00e1tiles. Comb\u00ednalos con un traje de sastrer\u00eda para un look business impecable, con unos pantalones chinos y una americana para eventos informales o incluso con unos vaqueros oscuros para un estilo de fin de semana sofisticado. Con tallas que van de la 39 a la 45, encontrar el ajuste perfecto no supone ning\u00fan esfuerzo.<\/p>\n<h3>Calidad y valor para pedidos al por mayor<\/h3>\n<p>Comprendemos las necesidades de los minoristas y de quienes buscan calidad en cantidad. Nuestra <strong>Correa monje bicolor para hombre<\/strong> est\u00e1n disponibles para su compra al por mayor, con un pedido m\u00ednimo de 8 pares. Esto le permite ofrecer a sus clientes calzado de primera calidad que combina lujo, comodidad y estilo duradero. Disfrute de precios al por mayor competitivos a s\u00f3lo USD por par (para estilos que no sean botas). Garantizamos un proceso \u00e1gil con un plazo de entrega de 12 d\u00edas m\u00e1s gastos de env\u00edo, para que pueda planificar su inventario con confianza. Eleve su colecci\u00f3n con estos excepcionales <strong>Correa monje bicolor para hombre<\/strong> una inversi\u00f3n en calidad y moda atemporal.<\/p>","protected":false},"excerpt":{"rendered":"<ul>\n<li><b>Material exquisito:<\/b> Superficie exterior de lujosa piel de becerro, forro interior de suave piel de cabra para mayor comodidad y transpirabilidad.<\/li>\n<li><b>Dise\u00f1o sofisticado:<\/b> Con un distintivo acabado bicolor y un cl\u00e1sico cierre de correa monje, son perfectos tanto para atuendos formales como informales.<\/li>\n<li><b>Suela c\u00f3moda:<\/b> Equipadas con una ligera suela Microlight para una mayor flexibilidad y comodidad durante todo el d\u00eda.<\/li>\n<li><b>Altura ideal del tac\u00f3n:<\/b> El sutil tac\u00f3n de 1-3 cm proporciona una elegante elevaci\u00f3n sin comprometer la estabilidad.<\/li>\n<li><b>Tallas disponibles:<\/b> Se ofrece en una amplia gama de tallas, de la 39 a la 45 (UE).<\/li>\n<li><b>Disponibilidad al por mayor:<\/b> Un pedido m\u00ednimo de 8 pares le garantiza que podr\u00e1 abastecerse de estos zapatos Monk Strap bicolor para hombre de primera calidad.<\/li>\n<li><b>Entrega:<\/b> Los pedidos se tramitan con un plazo de 12 d\u00edas m\u00e1s gastos de env\u00edo.<\/li>\n<li><b>Precios competitivos:<\/b> Precio por par en USD para pedidos al por mayor (estilos que no sean botas).<\/li>\n<\/ul>","protected":false},"featured_media":3576,"template":"","meta":{"_acf_changed":false,"_uag_custom_page_level_css":"","site-sidebar-layout":"default","site-content-layout":"","ast-site-content-layout":"default","site-content-style":"default","site-sidebar-style":"default","ast-global-header-display":"","ast-banner-title-visibility":"","ast-main-header-display":"","ast-hfb-above-header-display":"","ast-hfb-below-header-display":"","ast-hfb-mobile-header-display":"","site-post-title":"","ast-breadcrumbs-content":"","ast-featured-img":"","footer-sml-layout":"","ast-disable-related-posts":"","theme-transparent-header-meta":"default","adv-header-id-meta":"","stick-header-meta":"","header-above-stick-meta":"","header-main-stick-meta":"","header-below-stick-meta":"","astra-migrate-meta-layouts":"set","ast-page-background-enabled":"default","ast-page-background-meta":{"desktop":{"background-color":"var(--ast-global-color-4)","background-image":"","background-repeat":"repeat","background-position":"center center","background-size":"auto","background-attachment":"scroll","background-type":"","background-media":"","overlay-type":"","overlay-color":"","overlay-opacity":"","overlay-gradient":""},"tablet":{"background-color":"","background-image":"","background-repeat":"repeat","background-position":"center center","background-size":"auto","background-attachment":"scroll","background-type":"","background-media":"","overlay-type":"","overlay-color":"","overlay-opacity":"","overlay-gradient":""},"mobile":{"background-color":"","background-image":"","background-repeat":"repeat","background-position":"center center","background-size":"auto","background-attachment":"scroll","background-type":"","background-media":"","overlay-type":"","overlay-color":"","overlay-opacity":"","overlay-gradient":""}},"ast-content-background-meta":{"desktop":{"background-color":"var(--ast-global-color-5)","background-image":"","background-repeat":"repeat","background-position":"center center","background-size":"auto","background-attachment":"scroll","background-type":"","background-media":"","overlay-type":"","overlay-color":"","overlay-opacity":"","overlay-gradient":""},"tablet":{"background-color":"var(--ast-global-color-5)","background-image":"","background-repeat":"repeat","background-position":"center center","background-size":"auto","background-attachment":"scroll","background-type":"","background-media":"","overlay-type":"","overlay-color":"","overlay-opacity":"","overlay-gradient":""},"mobile":{"background-color":"var(--ast-global-color-5)","background-image":"","background-repeat":"repeat","background-position":"center center","background-size":"auto","background-attachment":"scroll","background-type":"","background-media":"","overlay-type":"","overlay-color":"","overlay-opacity":"","overlay-gradient":""}}},"product_brand":[],"product_cat":[47,430,40],"product_tag":[218,405,582,284,480,251,583,219,227,217,198,466,404,210,846,281],"class_list":{"0":"post-5310","1":"product","2":"type-product","3":"status-publish","4":"has-post-thumbnail","6":"product_cat-classic","7":"product_cat-men","8":"product_cat-mens-shoes","9":"product_tag-brown-shoes","10":"product_tag-business-shoes","11":"product_tag-calfskin","12":"product_tag-dress-shoes","13":"product_tag-elegant-shoes","14":"product_tag-formal-shoes","15":"product_tag-goatskin","16":"product_tag-handmade-shoes","17":"product_tag-leather-shoes","18":"product_tag-luxury-footwear","19":"product_tag-mens-fashion","20":"product_tag-microlight-sole","21":"product_tag-monk-strap","22":"product_tag-smart-casual","23":"product_tag-two-tone","24":"product_tag-wholesale-shoes","25":"desktop-align-center","26":"tablet-align-center","27":"mobile-align-center","29":"first","30":"instock","31":"shipping-taxable","32":"purchasable","33":"product-type-variable","34":"has-default-attributes"},"acf":[],"uagb_featured_image_src":{"full":["https:\/\/turkishtrade.co\/wp-content\/uploads\/2026\/01\/2400EJOMN00155-BROWN-X_12584.png",453,250,false],"thumbnail":["https:\/\/turkishtrade.co\/wp-content\/uploads\/2026\/01\/2400EJOMN00155-BROWN-X_12584-150x150.png",150,150,true],"medium":["https:\/\/turkishtrade.co\/wp-content\/uploads\/2026\/01\/2400EJOMN00155-BROWN-X_12584-300x166.png",300,166,true],"medium_large":["https:\/\/turkishtrade.co\/wp-content\/uploads\/2026\/01\/2400EJOMN00155-BROWN-X_12584.png",453,250,false],"large":["https:\/\/turkishtrade.co\/wp-content\/uploads\/2026\/01\/2400EJOMN00155-BROWN-X_12584.png",453,250,false],"1536x1536":["https:\/\/turkishtrade.co\/wp-content\/uploads\/2026\/01\/2400EJOMN00155-BROWN-X_12584.png",453,250,false],"2048x2048":["https:\/\/turkishtrade.co\/wp-content\/uploads\/2026\/01\/2400EJOMN00155-BROWN-X_12584.png",453,250,false],"trp-custom-language-flag":["https:\/\/turkishtrade.co\/wp-content\/uploads\/2026\/01\/2400EJOMN00155-BROWN-X_12584-18x10.png",18,10,true],"woocommerce_thumbnail":["https:\/\/turkishtrade.co\/wp-content\/uploads\/2026\/01\/2400EJOMN00155-BROWN-X_12584-400x250.png",400,250,true],"woocommerce_single":["https:\/\/turkishtrade.co\/wp-content\/uploads\/2026\/01\/2400EJOMN00155-BROWN-X_12584.png",453,250,false],"woocommerce_gallery_thumbnail":["https:\/\/turkishtrade.co\/wp-content\/uploads\/2026\/01\/2400EJOMN00155-BROWN-X_12584-100x100.png",100,100,true]},"uagb_author_info":{"display_name":"yaser olabi","author_link":"https:\/\/turkishtrade.co\/es\/author\/"},"uagb_comment_info":0,"uagb_excerpt":"Exquisite Material: Outer surface crafted from luxurious calfskin, inner lining from soft goatskin for superior comfort and breathability. Sophisticated Design: Features a distinctive two-tone finish and a classic monk strap closure, perfect for both formal and smart-casual attire. Comfortable Sole: Equipped with a lightweight Microlight sole for enhanced flexibility and all-day comfort. Ideal Heel Height:&hellip;","_links":{"self":[{"href":"https:\/\/turkishtrade.co\/es\/wp-json\/wp\/v2\/product\/5310","targetHints":{"allow":["GET"]}}],"collection":[{"href":"https:\/\/turkishtrade.co\/es\/wp-json\/wp\/v2\/product"}],"about":[{"href":"https:\/\/turkishtrade.co\/es\/wp-json\/wp\/v2\/types\/product"}],"wp:featuredmedia":[{"embeddable":true,"href":"https:\/\/turkishtrade.co\/es\/wp-json\/wp\/v2\/media\/3576"}],"wp:attachment":[{"href":"https:\/\/turkishtrade.co\/es\/wp-json\/wp\/v2\/media?parent=5310"}],"wp:term":[{"taxonomy":"product_brand","embeddable":true,"href":"https:\/\/turkishtrade.co\/es\/wp-json\/wp\/v2\/product_brand?post=5310"},{"taxonomy":"product_cat","embeddable":true,"href":"https:\/\/turkishtrade.co\/es\/wp-json\/wp\/v2\/product_cat?post=5310"},{"taxonomy":"product_tag","embeddable":true,"href":"https:\/\/turkishtrade.co\/es\/wp-json\/wp\/v2\/product_tag?post=5310"}],"curies":[{"name":"wp","href":"https:\/\/api.w.org\/{rel}","templated":true}]}}