{"id":5302,"date":"2026-01-14T11:39:43","date_gmt":"2026-01-14T11:39:43","guid":{"rendered":"https:\/\/turkishtrade.co\/product\/men-leather-brogue-derby-shoes\/"},"modified":"2026-04-09T19:38:19","modified_gmt":"2026-04-09T19:38:19","slug":"mens-leather-brogue-derby-shoes","status":"publish","type":"product","link":"https:\/\/turkishtrade.co\/es\/shop\/mens-leather-brogue-derby-shoes\/","title":{"rendered":"Elegantes zapatos Derby Brogue de piel de becerro para hombre"},"content":{"rendered":"<p><strong>Zapatos Derby Brogue de piel para hombre<\/strong><\/p>\n<p>Eleve su colecci\u00f3n de calzado con nuestros exquisitos <strong>Zapatos Derby Brogue de piel para hombre<\/strong>, dise\u00f1ados para el caballero moderno que aprecia tanto el estilo como la esencia. Estos zapatos de primera calidad son un testimonio de artesan\u00eda superior y dise\u00f1o atemporal, lo que los convierte en un complemento indispensable para cualquier conjunto formal o elegante-casual. Cada par de estos extraordinarios <strong>Zapatos Derby Brogue de piel para hombre<\/strong> est\u00e1 meticulosamente elaborado para garantizar no s\u00f3lo un aspecto impecable, sino tambi\u00e9n un confort y una durabilidad sin igual. Invierta en calidad con estos excepcionales <strong>Zapatos Derby Brogue de piel para hombre<\/strong>.<\/p>\n<h3>Calidad y comodidad inigualables<\/h3>\n<p>El exterior de estos sofisticados <strong>Zapatos Derby Brogue de piel para hombre<\/strong> est\u00e1 confeccionado con la mejor piel de becerro, famosa por su textura suave, su resistencia y su elegante acabado. Esta elecci\u00f3n de material garantiza que su par de <strong>Zapatos Derby Brogue de piel para hombre<\/strong> envejecer\u00e1n con gracia, desarrollando con el tiempo una p\u00e1tina \u00fanica que realza su car\u00e1cter. El exterior robusto se complementa con un lujoso forro interior de suave piel de cabra, que proporciona una transpirabilidad excepcional y un tacto afelpado en contacto con el pie. Esta combinaci\u00f3n de pieles de primera calidad garantiza una c\u00f3moda experiencia de uso, incluso durante periodos prolongados, lo que los convierte en el calzado ideal. <strong>Zapatos Derby Brogue de piel para hombre<\/strong> para llevarlo todo el d\u00eda.<\/p>\n<h3>Dise\u00f1o cl\u00e1sico, prestaciones modernas<\/h3>\n<p>Con un distintivo detalle de brogue a lo largo de la puntera y el empeine, estas <strong>Zapatos Derby Brogue de piel para hombre<\/strong> destilan encanto cl\u00e1sico sin perder el toque contempor\u00e1neo. El sistema de cordones abiertos caracter\u00edstico de los zapatos derby ofrece una est\u00e9tica ligeramente m\u00e1s relajada, pero a\u00fan as\u00ed refinada, en comparaci\u00f3n con los oxford, lo que los hace incre\u00edblemente vers\u00e1tiles. Tanto si asiste a una reuni\u00f3n de negocios como a un evento formal o simplemente disfruta de una sofisticada salida nocturna, estos impresionantes <strong>Zapatos Derby Brogue de piel para hombre<\/strong> te asegurar\u00e1 una impresi\u00f3n duradera. El sutil tac\u00f3n de 1 a 3 cm proporciona una c\u00f3moda elevaci\u00f3n, fomentando una mejor postura sin comprometer la estabilidad, perfecto para el hombre moderno que busca un calzado excepcional. <strong>Zapatos Derby Brogue de piel para hombre<\/strong>.<\/p>\n<h3>Durabilidad ligera con suela ultraligera<\/h3>\n<p>La base de su refinado dise\u00f1o es una avanzada suela Microlight, elegida por sus excepcionales propiedades de ligereza y su flexibilidad superior. Esta innovadora tecnolog\u00eda de suela ofrece una excelente absorci\u00f3n de impactos y agarre, permitiendo un movimiento sin esfuerzo y comodidad durante todo el d\u00eda. A diferencia de las suelas pesadas tradicionales, la suela Microlight asegura que tus pasos sean ligeros y \u00e1giles, haciendo que estas <strong>Zapatos Derby Brogue de piel para hombre<\/strong> una elecci\u00f3n pr\u00e1ctica para estilos de vida din\u00e1micos. Experimente la combinaci\u00f3n perfecta de tradici\u00f3n e innovaci\u00f3n con nuestros <strong>Zapatos Derby Brogue de piel para hombre<\/strong>.<\/p>\n<h3>Oportunidad para mayoristas<\/h3>\n<p>Para los minoristas y las empresas que buscan calzado de alta calidad, nuestro <strong>Zapatos Derby Brogue de piel para hombre<\/strong> est\u00e1n disponibles para su compra al por mayor. Con una cantidad m\u00ednima de pedido de tan solo 8 pares, podr\u00e1 abastecer f\u00e1cilmente su inventario con estos codiciados dise\u00f1os. Cada pedido se procesa con cuidado, con un plazo de entrega de aproximadamente 12 d\u00edas m\u00e1s el env\u00edo, lo que garantiza la entrega puntual de su calzado de primera calidad. Ofrezca a sus clientes la elegancia y la calidad que se merecen con estos preciosos zapatos hechos a mano. <strong>Zapatos Derby Brogue de piel para hombre<\/strong>.<\/p>","protected":false},"excerpt":{"rendered":"<ul>\n<li><strong>Material exterior:<\/strong> Piel de becerro de primera calidad para una mayor durabilidad y un acabado elegante<\/li>\n<li><strong>Forro interior:<\/strong> Suave piel de cabra para una mayor comodidad y transpirabilidad<\/li>\n<li><strong>Tipo de suela:<\/strong> Suela ligera Microlight para una mayor flexibilidad y absorci\u00f3n de impactos<\/li>\n<li><strong>Altura del tac\u00f3n:<\/strong> Sutil 1-3 cm para una postura y comodidad \u00f3ptimas<\/li>\n<li><strong>Tallas disponibles:<\/strong> EU 39-45 para adaptarse a una amplia gama de caballeros<\/li>\n<li><strong>Cantidad m\u00ednima de pedido:<\/strong> 8 Pares (ideal para compras al por mayor y al por mayor)<\/li>\n<li><strong>Plazo de entrega:<\/strong> Aproximadamente 12 d\u00edas + gastos de env\u00edo para una entrega puntual<\/li>\n<\/ul>","protected":false},"featured_media":3572,"template":"","meta":{"_acf_changed":false,"_uag_custom_page_level_css":"","site-sidebar-layout":"default","site-content-layout":"","ast-site-content-layout":"default","site-content-style":"default","site-sidebar-style":"default","ast-global-header-display":"","ast-banner-title-visibility":"","ast-main-header-display":"","ast-hfb-above-header-display":"","ast-hfb-below-header-display":"","ast-hfb-mobile-header-display":"","site-post-title":"","ast-breadcrumbs-content":"","ast-featured-img":"","footer-sml-layout":"","ast-disable-related-posts":"","theme-transparent-header-meta":"default","adv-header-id-meta":"","stick-header-meta":"","header-above-stick-meta":"","header-main-stick-meta":"","header-below-stick-meta":"","astra-migrate-meta-layouts":"set","ast-page-background-enabled":"default","ast-page-background-meta":{"desktop":{"background-color":"var(--ast-global-color-4)","background-image":"","background-repeat":"repeat","background-position":"center center","background-size":"auto","background-attachment":"scroll","background-type":"","background-media":"","overlay-type":"","overlay-color":"","overlay-opacity":"","overlay-gradient":""},"tablet":{"background-color":"","background-image":"","background-repeat":"repeat","background-position":"center center","background-size":"auto","background-attachment":"scroll","background-type":"","background-media":"","overlay-type":"","overlay-color":"","overlay-opacity":"","overlay-gradient":""},"mobile":{"background-color":"","background-image":"","background-repeat":"repeat","background-position":"center center","background-size":"auto","background-attachment":"scroll","background-type":"","background-media":"","overlay-type":"","overlay-color":"","overlay-opacity":"","overlay-gradient":""}},"ast-content-background-meta":{"desktop":{"background-color":"var(--ast-global-color-5)","background-image":"","background-repeat":"repeat","background-position":"center center","background-size":"auto","background-attachment":"scroll","background-type":"","background-media":"","overlay-type":"","overlay-color":"","overlay-opacity":"","overlay-gradient":""},"tablet":{"background-color":"var(--ast-global-color-5)","background-image":"","background-repeat":"repeat","background-position":"center center","background-size":"auto","background-attachment":"scroll","background-type":"","background-media":"","overlay-type":"","overlay-color":"","overlay-opacity":"","overlay-gradient":""},"mobile":{"background-color":"var(--ast-global-color-5)","background-image":"","background-repeat":"repeat","background-position":"center center","background-size":"auto","background-attachment":"scroll","background-type":"","background-media":"","overlay-type":"","overlay-color":"","overlay-opacity":"","overlay-gradient":""}}},"product_brand":[],"product_cat":[47,430,40],"product_tag":[196,654,292,405,451,212,284,480,487,251,437,450,198,286,466,280,281],"class_list":{"0":"post-5302","1":"product","2":"type-product","3":"status-publish","4":"has-post-thumbnail","6":"product_cat-classic","7":"product_cat-men","8":"product_cat-mens-shoes","9":"product_tag-black-leather-shoes","10":"product_tag-brogue-shoes","11":"product_tag-brown-leather-shoes","12":"product_tag-business-shoes","13":"product_tag-calfskin-leather","14":"product_tag-derby-shoes","15":"product_tag-dress-shoes","16":"product_tag-elegant-shoes","17":"product_tag-footwear","18":"product_tag-formal-shoes","19":"product_tag-goat-leather","20":"product_tag-handcrafted-shoes","21":"product_tag-mens-fashion","22":"product_tag-mens-leather-shoes","23":"product_tag-microlight-sole","24":"product_tag-smart-casual-shoes","25":"product_tag-wholesale-shoes","26":"desktop-align-center","27":"tablet-align-center","28":"mobile-align-center","30":"first","31":"instock","32":"shipping-taxable","33":"purchasable","34":"product-type-variable","35":"has-default-attributes"},"acf":[],"uagb_featured_image_src":{"full":["https:\/\/turkishtrade.co\/wp-content\/uploads\/2026\/01\/2400EJOMN00151-DARK-BROWN-X_872.png",453,250,false],"thumbnail":["https:\/\/turkishtrade.co\/wp-content\/uploads\/2026\/01\/2400EJOMN00151-DARK-BROWN-X_872-150x150.png",150,150,true],"medium":["https:\/\/turkishtrade.co\/wp-content\/uploads\/2026\/01\/2400EJOMN00151-DARK-BROWN-X_872-300x166.png",300,166,true],"medium_large":["https:\/\/turkishtrade.co\/wp-content\/uploads\/2026\/01\/2400EJOMN00151-DARK-BROWN-X_872.png",453,250,false],"large":["https:\/\/turkishtrade.co\/wp-content\/uploads\/2026\/01\/2400EJOMN00151-DARK-BROWN-X_872.png",453,250,false],"1536x1536":["https:\/\/turkishtrade.co\/wp-content\/uploads\/2026\/01\/2400EJOMN00151-DARK-BROWN-X_872.png",453,250,false],"2048x2048":["https:\/\/turkishtrade.co\/wp-content\/uploads\/2026\/01\/2400EJOMN00151-DARK-BROWN-X_872.png",453,250,false],"trp-custom-language-flag":["https:\/\/turkishtrade.co\/wp-content\/uploads\/2026\/01\/2400EJOMN00151-DARK-BROWN-X_872-18x10.png",18,10,true],"woocommerce_thumbnail":["https:\/\/turkishtrade.co\/wp-content\/uploads\/2026\/01\/2400EJOMN00151-DARK-BROWN-X_872-400x250.png",400,250,true],"woocommerce_single":["https:\/\/turkishtrade.co\/wp-content\/uploads\/2026\/01\/2400EJOMN00151-DARK-BROWN-X_872.png",453,250,false],"woocommerce_gallery_thumbnail":["https:\/\/turkishtrade.co\/wp-content\/uploads\/2026\/01\/2400EJOMN00151-DARK-BROWN-X_872-100x100.png",100,100,true]},"uagb_author_info":{"display_name":"yaser olabi","author_link":"https:\/\/turkishtrade.co\/es\/author\/"},"uagb_comment_info":0,"uagb_excerpt":"Outer Material: Premium Calfskin Leather for durability and a sleek finish Inner Lining: Soft Goat Leather for superior comfort and breathability Sole Type: Lightweight Microlight Sole for enhanced flexibility and shock absorption Heel Height: Subtle 1-3 cm for optimal posture and comfort Available Sizes: EU 39-45 to fit a wide range of gentlemen Minimum Order&hellip;","_links":{"self":[{"href":"https:\/\/turkishtrade.co\/es\/wp-json\/wp\/v2\/product\/5302","targetHints":{"allow":["GET"]}}],"collection":[{"href":"https:\/\/turkishtrade.co\/es\/wp-json\/wp\/v2\/product"}],"about":[{"href":"https:\/\/turkishtrade.co\/es\/wp-json\/wp\/v2\/types\/product"}],"wp:featuredmedia":[{"embeddable":true,"href":"https:\/\/turkishtrade.co\/es\/wp-json\/wp\/v2\/media\/3572"}],"wp:attachment":[{"href":"https:\/\/turkishtrade.co\/es\/wp-json\/wp\/v2\/media?parent=5302"}],"wp:term":[{"taxonomy":"product_brand","embeddable":true,"href":"https:\/\/turkishtrade.co\/es\/wp-json\/wp\/v2\/product_brand?post=5302"},{"taxonomy":"product_cat","embeddable":true,"href":"https:\/\/turkishtrade.co\/es\/wp-json\/wp\/v2\/product_cat?post=5302"},{"taxonomy":"product_tag","embeddable":true,"href":"https:\/\/turkishtrade.co\/es\/wp-json\/wp\/v2\/product_tag?post=5302"}],"curies":[{"name":"wp","href":"https:\/\/api.w.org\/{rel}","templated":true}]}}