{"id":5292,"date":"2026-01-14T11:38:22","date_gmt":"2026-01-14T11:38:22","guid":{"rendered":"https:\/\/turkishtrade.co\/product\/mens-leather-derby-shoes-3\/"},"modified":"2026-04-09T19:38:36","modified_gmt":"2026-04-09T19:38:36","slug":"mens-leather-derby-shoes-3","status":"publish","type":"product","link":"https:\/\/turkishtrade.co\/es\/shop\/mens-leather-derby-shoes-3\/","title":{"rendered":"Zapatos Derby de caballero con puntera de piel de becerro hechos a mano"},"content":{"rendered":"<p><strong>Zapatos Derby de piel para hombre<\/strong><\/p>\n<p>Ad\u00e9ntrese en una sofisticaci\u00f3n sin igual con nuestra exquisita colecci\u00f3n de <strong>zapatos derby de piel para hombre<\/strong>. Meticulosamente elaboradas a mano a la perfecci\u00f3n, estas <strong>zapatos derby de piel para hombre<\/strong> combinan la elegancia atemporal con la comodidad moderna, convirti\u00e9ndolos en un complemento indispensable para el guardarropa de cualquier caballero exigente. Dise\u00f1ados para ofrecer estilo y durabilidad, nuestros <strong>zapatos derby de piel para hombre<\/strong> son perfectos para una gran variedad de ocasiones, desde importantes reuniones de negocios hasta sofisticadas reuniones sociales, definiendo realmente el calzado masculino superior.<\/p>\n<p>Cada par de estos superiores <strong>zapatos derby de piel para hombre<\/strong> presenta un lujoso exterior de aut\u00e9ntica piel de ternero, famosa por su suave textura, durabilidad y capacidad para envejecer maravillosamente. El interior est\u00e1 forrado con flexible piel de cabra, que ofrece una transpirabilidad excepcional y un ajuste como el de un guante que se amolda al pie con el paso del tiempo, garantizando el m\u00e1ximo confort durante todo el d\u00eda. La ligera suela ultraligera proporciona una excelente amortiguaci\u00f3n y flexibilidad, mientras que el sutil tac\u00f3n de 1-3 cm a\u00f1ade un toque de elevaci\u00f3n cl\u00e1sica sin comprometer la estabilidad. El distintivo dise\u00f1o de la puntera, complementado con elegantes detalles de estilo brogue, realza el atractivo cl\u00e1sico de estos zapatos. <strong>zapatos derby de piel para hombre<\/strong>.<\/p>\n<p>Nuestro compromiso con la artesan\u00eda se hace evidente en cada puntada y acabado, estableciendo nuestro <strong>zapatos derby de piel para hombre<\/strong> aparte. H\u00e1biles artesanos elaboran meticulosamente a mano cada par, garantizando precisi\u00f3n y atenci\u00f3n al detalle que dan como resultado un zapato de calidad excepcional. Los acabados ricos en matices, disponibles en azul elegante y marr\u00f3n cl\u00e1sico, ofrecen opciones vers\u00e1tiles para complementar cualquier atuendo. Ya sea con un traje elegante para un evento formal o con unos pantalones chinos para un look informal y elegante, estos zapatos son el complemento perfecto para cualquier ocasi\u00f3n. <strong>zapatos derby de piel para hombre<\/strong> eleve su estilo sin esfuerzo. Experimente la fusi\u00f3n perfecta entre las t\u00e9cnicas tradicionales de fabricaci\u00f3n de calzado y el dise\u00f1o contempor\u00e1neo con nuestra selecci\u00f3n premium de <strong>zapatos derby de piel para hombre<\/strong>.<\/p>\n<p>Entendemos la importancia de la diversidad de tallas, por lo que estos excepcionales <strong>zapatos derby de piel para hombre<\/strong> est\u00e1n disponibles en una amplia gama de tallas de la UE, de la 39 a la 45. Para los mayoristas, ofrecemos opciones flexibles de pedidos al por mayor con una cantidad m\u00ednima de 8 pares, lo que le permite almacenar f\u00e1cilmente una variedad de colores y tama\u00f1os para satisfacer las demandas de calidad de sus clientes. <strong>zapatos derby de piel para hombre<\/strong>. El plazo de producci\u00f3n es de aproximadamente 12 d\u00edas, m\u00e1s gastos de env\u00edo, lo que garantiza una entrega puntual para sus necesidades de inventario. Invierta en un calzado de calidad que marque la diferencia y resista el paso del tiempo. <strong>zapatos derby de piel para hombre<\/strong> para su colecci\u00f3n.<\/p>","protected":false},"excerpt":{"rendered":"<ul>\n<li>Exterior de piel de becerro de primera calidad para un estilo sofisticado y durabilidad<\/li>\n<li>Forro interior de suave piel de cabra para mayor comodidad y transpirabilidad<\/li>\n<li>Suela ligera Microlight para un uso flexible durante todo el d\u00eda<\/li>\n<li>Altura de tac\u00f3n sutil de 1-3 cm para una elevaci\u00f3n elegante<\/li>\n<li>Disponible en una amplia gama de tallas EU: 39-45<\/li>\n<li>Cantidad m\u00ednima de pedido: 8 Pares (Mezclar y Combinar Colores\/Tallas)<\/li>\n<\/ul>","protected":false},"featured_media":3566,"template":"","meta":{"_acf_changed":false,"_uag_custom_page_level_css":"","site-sidebar-layout":"default","site-content-layout":"","ast-site-content-layout":"default","site-content-style":"default","site-sidebar-style":"default","ast-global-header-display":"","ast-banner-title-visibility":"","ast-main-header-display":"","ast-hfb-above-header-display":"","ast-hfb-below-header-display":"","ast-hfb-mobile-header-display":"","site-post-title":"","ast-breadcrumbs-content":"","ast-featured-img":"","footer-sml-layout":"","ast-disable-related-posts":"","theme-transparent-header-meta":"default","adv-header-id-meta":"","stick-header-meta":"","header-above-stick-meta":"","header-main-stick-meta":"","header-below-stick-meta":"","astra-migrate-meta-layouts":"set","ast-page-background-enabled":"default","ast-page-background-meta":{"desktop":{"background-color":"var(--ast-global-color-4)","background-image":"","background-repeat":"repeat","background-position":"center center","background-size":"auto","background-attachment":"scroll","background-type":"","background-media":"","overlay-type":"","overlay-color":"","overlay-opacity":"","overlay-gradient":""},"tablet":{"background-color":"","background-image":"","background-repeat":"repeat","background-position":"center center","background-size":"auto","background-attachment":"scroll","background-type":"","background-media":"","overlay-type":"","overlay-color":"","overlay-opacity":"","overlay-gradient":""},"mobile":{"background-color":"","background-image":"","background-repeat":"repeat","background-position":"center center","background-size":"auto","background-attachment":"scroll","background-type":"","background-media":"","overlay-type":"","overlay-color":"","overlay-opacity":"","overlay-gradient":""}},"ast-content-background-meta":{"desktop":{"background-color":"var(--ast-global-color-5)","background-image":"","background-repeat":"repeat","background-position":"center center","background-size":"auto","background-attachment":"scroll","background-type":"","background-media":"","overlay-type":"","overlay-color":"","overlay-opacity":"","overlay-gradient":""},"tablet":{"background-color":"var(--ast-global-color-5)","background-image":"","background-repeat":"repeat","background-position":"center center","background-size":"auto","background-attachment":"scroll","background-type":"","background-media":"","overlay-type":"","overlay-color":"","overlay-opacity":"","overlay-gradient":""},"mobile":{"background-color":"var(--ast-global-color-5)","background-image":"","background-repeat":"repeat","background-position":"center center","background-size":"auto","background-attachment":"scroll","background-type":"","background-media":"","overlay-type":"","overlay-color":"","overlay-opacity":"","overlay-gradient":""}}},"product_brand":[],"product_cat":[47,430,40],"product_tag":[646,672,218,202,638,212,284,251,221,437,219,227,466,280,281],"class_list":{"0":"post-5292","1":"product","2":"type-product","3":"status-publish","4":"has-post-thumbnail","6":"product_cat-classic","7":"product_cat-men","8":"product_cat-mens-shoes","9":"product_tag-blue-shoes","10":"product_tag-brogues","11":"product_tag-brown-shoes","12":"product_tag-calf-leather","13":"product_tag-cap-toe","14":"product_tag-derby-shoes","15":"product_tag-dress-shoes","16":"product_tag-formal-shoes","17":"product_tag-genuine-leather","18":"product_tag-goat-leather","19":"product_tag-handmade-shoes","20":"product_tag-leather-shoes","21":"product_tag-microlight-sole","22":"product_tag-smart-casual-shoes","23":"product_tag-wholesale-shoes","24":"desktop-align-center","25":"tablet-align-center","26":"mobile-align-center","28":"first","29":"instock","30":"shipping-taxable","31":"purchasable","32":"product-type-variable","33":"has-default-attributes"},"acf":[],"uagb_featured_image_src":{"full":["https:\/\/turkishtrade.co\/wp-content\/uploads\/2026\/01\/2400EJOMN00147-DARK-BROWN-X_440.png",453,250,false],"thumbnail":["https:\/\/turkishtrade.co\/wp-content\/uploads\/2026\/01\/2400EJOMN00147-DARK-BROWN-X_440-150x150.png",150,150,true],"medium":["https:\/\/turkishtrade.co\/wp-content\/uploads\/2026\/01\/2400EJOMN00147-DARK-BROWN-X_440-300x166.png",300,166,true],"medium_large":["https:\/\/turkishtrade.co\/wp-content\/uploads\/2026\/01\/2400EJOMN00147-DARK-BROWN-X_440.png",453,250,false],"large":["https:\/\/turkishtrade.co\/wp-content\/uploads\/2026\/01\/2400EJOMN00147-DARK-BROWN-X_440.png",453,250,false],"1536x1536":["https:\/\/turkishtrade.co\/wp-content\/uploads\/2026\/01\/2400EJOMN00147-DARK-BROWN-X_440.png",453,250,false],"2048x2048":["https:\/\/turkishtrade.co\/wp-content\/uploads\/2026\/01\/2400EJOMN00147-DARK-BROWN-X_440.png",453,250,false],"trp-custom-language-flag":["https:\/\/turkishtrade.co\/wp-content\/uploads\/2026\/01\/2400EJOMN00147-DARK-BROWN-X_440-18x10.png",18,10,true],"woocommerce_thumbnail":["https:\/\/turkishtrade.co\/wp-content\/uploads\/2026\/01\/2400EJOMN00147-DARK-BROWN-X_440-400x250.png",400,250,true],"woocommerce_single":["https:\/\/turkishtrade.co\/wp-content\/uploads\/2026\/01\/2400EJOMN00147-DARK-BROWN-X_440.png",453,250,false],"woocommerce_gallery_thumbnail":["https:\/\/turkishtrade.co\/wp-content\/uploads\/2026\/01\/2400EJOMN00147-DARK-BROWN-X_440-100x100.png",100,100,true]},"uagb_author_info":{"display_name":"yaser olabi","author_link":"https:\/\/turkishtrade.co\/es\/author\/"},"uagb_comment_info":0,"uagb_excerpt":"Premium Calf Leather Outer for sophisticated style and durability Soft Goat Leather Inner Lining for ultimate comfort and breathability Lightweight Microlight Sole for flexible, all-day wear Subtle 1-3 cm Heel Height for elegant elevation Available in a wide range of EU sizes: 39-45 Minimum Order Quantity: 8 Pairs (Mix &amp; Match Colors\/Sizes)","_links":{"self":[{"href":"https:\/\/turkishtrade.co\/es\/wp-json\/wp\/v2\/product\/5292","targetHints":{"allow":["GET"]}}],"collection":[{"href":"https:\/\/turkishtrade.co\/es\/wp-json\/wp\/v2\/product"}],"about":[{"href":"https:\/\/turkishtrade.co\/es\/wp-json\/wp\/v2\/types\/product"}],"wp:featuredmedia":[{"embeddable":true,"href":"https:\/\/turkishtrade.co\/es\/wp-json\/wp\/v2\/media\/3566"}],"wp:attachment":[{"href":"https:\/\/turkishtrade.co\/es\/wp-json\/wp\/v2\/media?parent=5292"}],"wp:term":[{"taxonomy":"product_brand","embeddable":true,"href":"https:\/\/turkishtrade.co\/es\/wp-json\/wp\/v2\/product_brand?post=5292"},{"taxonomy":"product_cat","embeddable":true,"href":"https:\/\/turkishtrade.co\/es\/wp-json\/wp\/v2\/product_cat?post=5292"},{"taxonomy":"product_tag","embeddable":true,"href":"https:\/\/turkishtrade.co\/es\/wp-json\/wp\/v2\/product_tag?post=5292"}],"curies":[{"name":"wp","href":"https:\/\/api.w.org\/{rel}","templated":true}]}}