{"id":5280,"date":"2026-01-14T11:36:46","date_gmt":"2026-01-14T11:36:46","guid":{"rendered":"https:\/\/turkishtrade.co\/product\/mens-calf-leather-shoes\/"},"modified":"2026-04-09T19:38:54","modified_gmt":"2026-04-09T19:38:54","slug":"mens-calf-leather-shoes","status":"publish","type":"product","link":"https:\/\/turkishtrade.co\/es\/shop\/mens-calf-leather-shoes\/","title":{"rendered":"Zapatos Derby de vestir para hombre en piel de becerro de primera calidad"},"content":{"rendered":"<p><strong>Zapatos de hombre de piel de becerro<\/strong><\/p>\n<p>Entre en la elegancia atemporal con nuestro exquisito dise\u00f1o <strong>zapatos de hombre de piel de becerro<\/strong>. Dise\u00f1ados para el caballero moderno que aprecia tanto el estilo como la esencia, estos zapatos de vestir derby de primera calidad son un testimonio de artesan\u00eda superior. Cada par cuenta con un lujoso exterior de piel de becerro, prometiendo un aspecto refinado y una durabilidad excepcional que resistir\u00e1 el paso del tiempo. Tanto si se dirige a una reuni\u00f3n de negocios crucial, a un evento formal o simplemente busca elevar su atuendo diario, estos zapatos son la elecci\u00f3n perfecta para completar su sofisticado conjunto.<\/p>\n<h3>Confort y dise\u00f1o incomparables<\/h3>\n<p>Experimente una comodidad inigualable a cada paso, gracias a la cuidada construcci\u00f3n de estas elegantes <strong>zapatos de hombre de piel de becerro<\/strong>. El interior est\u00e1 meticulosamente forrado con piel de cabra suave y transpirable, lo que garantiza un tacto afelpado y excelentes propiedades de evacuaci\u00f3n de la humedad para llevarlas puestas todo el d\u00eda. Como complemento, la innovadora suela ultraligera proporciona una amortiguaci\u00f3n ligera y flexibilidad sin renunciar a la est\u00e9tica cl\u00e1sica. El sutil tac\u00f3n de 1 a 3 cm ofrece una elevaci\u00f3n refinada, mejorando tu postura y presencia en general, haciendo que estos zapatos sean tan c\u00f3modos como elegantes.<\/p>\n<h3>Versatilidad para todas las ocasiones<\/h3>\n<p>Nuestra colecci\u00f3n de <strong>zapatos de hombre de piel de becerro<\/strong> est\u00e1 disponible en una amplia gama de tallas, de la 39 a la 45, que garantizan un ajuste perfecto para cualquier usuario exigente. El vers\u00e1til dise\u00f1o derby, disponible tanto en negro cl\u00e1sico como en marr\u00f3n intenso, los convierte en un complemento indispensable para cualquier armario, ya que combinan f\u00e1cilmente con trajes, pantalones elegantes e incluso con sofisticadas prendas informales. Estos zapatos no son s\u00f3lo un accesorio; son una inversi\u00f3n en estilo y confort duraderos, que refleja un compromiso con la calidad evidente en cada puntada y acabado. Desde reuniones formales a presentaciones importantes, estos zapatos le garantizar\u00e1n una impresi\u00f3n duradera.<\/p>\n<h3>Pedidos al por mayor para empresas<\/h3>\n<p>Para minoristas y empresas, ofrecemos precios competitivos y c\u00f3modas opciones de pedido al por mayor. Con un pedido m\u00ednimo de 8 pares, puede almacenar sin esfuerzo estos excepcionales... <strong>zapatos de hombre de piel de becerro<\/strong> para su clientela. Cada pedido se gestiona con meticuloso cuidado, garantizando una entrega r\u00e1pida en un plazo de 12 d\u00edas m\u00e1s gastos de env\u00edo, para que pueda llevar este calzado de primera calidad a sus clientes sin demora. Elija calidad, elija estilo, elija nuestros zapatos premium de piel de becerro para hombre para mejorar su oferta de productos y satisfacer la demanda de calzado de lujo de sus clientes.<\/p>","protected":false},"excerpt":{"rendered":"<ul>\n<li>Fabricado en piel de ternero de primera calidad para un exterior refinado<\/li>\n<li>El lujoso forro interior de piel de cabra garantiza un confort superior<\/li>\n<li>Equipado con una suela ultraligera ligera y flexible<\/li>\n<li>Presenta un sutil tac\u00f3n de 1-3 cm para mejorar la postura.<\/li>\n<li>Disponible en una amplia gama de tallas: 39-45<\/li>\n<li>Cantidad m\u00ednima de pedido: 8 pares<\/li>\n<li>Plazo de entrega: 12 d\u00edas + gastos de env\u00edo<\/li>\n<\/ul>","protected":false},"featured_media":3558,"template":"","meta":{"_acf_changed":false,"_uag_custom_page_level_css":"","site-sidebar-layout":"default","site-content-layout":"","ast-site-content-layout":"default","site-content-style":"default","site-sidebar-style":"default","ast-global-header-display":"","ast-banner-title-visibility":"","ast-main-header-display":"","ast-hfb-above-header-display":"","ast-hfb-below-header-display":"","ast-hfb-mobile-header-display":"","site-post-title":"","ast-breadcrumbs-content":"","ast-featured-img":"","footer-sml-layout":"","ast-disable-related-posts":"","theme-transparent-header-meta":"default","adv-header-id-meta":"","stick-header-meta":"","header-above-stick-meta":"","header-main-stick-meta":"","header-below-stick-meta":"","astra-migrate-meta-layouts":"set","ast-page-background-enabled":"default","ast-page-background-meta":{"desktop":{"background-color":"var(--ast-global-color-4)","background-image":"","background-repeat":"repeat","background-position":"center center","background-size":"auto","background-attachment":"scroll","background-type":"","background-media":"","overlay-type":"","overlay-color":"","overlay-opacity":"","overlay-gradient":""},"tablet":{"background-color":"","background-image":"","background-repeat":"repeat","background-position":"center center","background-size":"auto","background-attachment":"scroll","background-type":"","background-media":"","overlay-type":"","overlay-color":"","overlay-opacity":"","overlay-gradient":""},"mobile":{"background-color":"","background-image":"","background-repeat":"repeat","background-position":"center center","background-size":"auto","background-attachment":"scroll","background-type":"","background-media":"","overlay-type":"","overlay-color":"","overlay-opacity":"","overlay-gradient":""}},"ast-content-background-meta":{"desktop":{"background-color":"var(--ast-global-color-5)","background-image":"","background-repeat":"repeat","background-position":"center center","background-size":"auto","background-attachment":"scroll","background-type":"","background-media":"","overlay-type":"","overlay-color":"","overlay-opacity":"","overlay-gradient":""},"tablet":{"background-color":"var(--ast-global-color-5)","background-image":"","background-repeat":"repeat","background-position":"center center","background-size":"auto","background-attachment":"scroll","background-type":"","background-media":"","overlay-type":"","overlay-color":"","overlay-opacity":"","overlay-gradient":""},"mobile":{"background-color":"var(--ast-global-color-5)","background-image":"","background-repeat":"repeat","background-position":"center center","background-size":"auto","background-attachment":"scroll","background-type":"","background-media":"","overlay-type":"","overlay-color":"","overlay-opacity":"","overlay-gradient":""}}},"product_brand":[],"product_cat":[47,430,40],"product_tag":[295,199,405,145,480,251,189,219,649,839,324,198,466,362,840],"class_list":{"0":"post-5280","1":"product","2":"type-product","3":"status-publish","4":"has-post-thumbnail","6":"product_cat-classic","7":"product_cat-men","8":"product_cat-mens-shoes","9":"product_tag-black-dress-shoes","10":"product_tag-brown-dress-shoes","11":"product_tag-business-shoes","12":"product_tag-classic-shoes","13":"product_tag-elegant-shoes","14":"product_tag-formal-shoes","15":"product_tag-goat-leather-lining","16":"product_tag-handmade-shoes","17":"product_tag-leather-derby-shoes","18":"product_tag-mens-calf-leather-shoes","19":"product_tag-mens-dress-shoes","20":"product_tag-mens-fashion","21":"product_tag-microlight-sole","22":"product_tag-premium-footwear","23":"product_tag-sizes-39-45","24":"desktop-align-center","25":"tablet-align-center","26":"mobile-align-center","28":"first","29":"instock","30":"shipping-taxable","31":"purchasable","32":"product-type-variable","33":"has-default-attributes"},"acf":[],"uagb_featured_image_src":{"full":["https:\/\/turkishtrade.co\/wp-content\/uploads\/2026\/01\/2400EJOMN00143-BROWN-X_12594.png",453,250,false],"thumbnail":["https:\/\/turkishtrade.co\/wp-content\/uploads\/2026\/01\/2400EJOMN00143-BROWN-X_12594-150x150.png",150,150,true],"medium":["https:\/\/turkishtrade.co\/wp-content\/uploads\/2026\/01\/2400EJOMN00143-BROWN-X_12594-300x166.png",300,166,true],"medium_large":["https:\/\/turkishtrade.co\/wp-content\/uploads\/2026\/01\/2400EJOMN00143-BROWN-X_12594.png",453,250,false],"large":["https:\/\/turkishtrade.co\/wp-content\/uploads\/2026\/01\/2400EJOMN00143-BROWN-X_12594.png",453,250,false],"1536x1536":["https:\/\/turkishtrade.co\/wp-content\/uploads\/2026\/01\/2400EJOMN00143-BROWN-X_12594.png",453,250,false],"2048x2048":["https:\/\/turkishtrade.co\/wp-content\/uploads\/2026\/01\/2400EJOMN00143-BROWN-X_12594.png",453,250,false],"trp-custom-language-flag":["https:\/\/turkishtrade.co\/wp-content\/uploads\/2026\/01\/2400EJOMN00143-BROWN-X_12594-18x10.png",18,10,true],"woocommerce_thumbnail":["https:\/\/turkishtrade.co\/wp-content\/uploads\/2026\/01\/2400EJOMN00143-BROWN-X_12594-400x250.png",400,250,true],"woocommerce_single":["https:\/\/turkishtrade.co\/wp-content\/uploads\/2026\/01\/2400EJOMN00143-BROWN-X_12594.png",453,250,false],"woocommerce_gallery_thumbnail":["https:\/\/turkishtrade.co\/wp-content\/uploads\/2026\/01\/2400EJOMN00143-BROWN-X_12594-100x100.png",100,100,true]},"uagb_author_info":{"display_name":"yaser olabi","author_link":"https:\/\/turkishtrade.co\/es\/author\/"},"uagb_comment_info":0,"uagb_excerpt":"Crafted from premium calf leather for a refined exterior Luxurious goat leather interior lining ensures superior comfort Equipped with a lightweight and flexible microlight sole Features a subtle 1-3cm heel for enhanced posture Available in a comprehensive range of sizes: 39-45 Minimum order quantity: 8 pairs Delivery timeframe: 12 days + shipping","_links":{"self":[{"href":"https:\/\/turkishtrade.co\/es\/wp-json\/wp\/v2\/product\/5280","targetHints":{"allow":["GET"]}}],"collection":[{"href":"https:\/\/turkishtrade.co\/es\/wp-json\/wp\/v2\/product"}],"about":[{"href":"https:\/\/turkishtrade.co\/es\/wp-json\/wp\/v2\/types\/product"}],"wp:featuredmedia":[{"embeddable":true,"href":"https:\/\/turkishtrade.co\/es\/wp-json\/wp\/v2\/media\/3558"}],"wp:attachment":[{"href":"https:\/\/turkishtrade.co\/es\/wp-json\/wp\/v2\/media?parent=5280"}],"wp:term":[{"taxonomy":"product_brand","embeddable":true,"href":"https:\/\/turkishtrade.co\/es\/wp-json\/wp\/v2\/product_brand?post=5280"},{"taxonomy":"product_cat","embeddable":true,"href":"https:\/\/turkishtrade.co\/es\/wp-json\/wp\/v2\/product_cat?post=5280"},{"taxonomy":"product_tag","embeddable":true,"href":"https:\/\/turkishtrade.co\/es\/wp-json\/wp\/v2\/product_tag?post=5280"}],"curies":[{"name":"wp","href":"https:\/\/api.w.org\/{rel}","templated":true}]}}