{"id":5277,"date":"2026-01-14T11:36:27","date_gmt":"2026-01-14T11:36:27","guid":{"rendered":"https:\/\/turkishtrade.co\/product\/mens-leather-monk-strap-shoes-2\/"},"modified":"2026-04-09T19:38:59","modified_gmt":"2026-04-09T19:38:59","slug":"mens-leather-monk-strap-shoes-2","status":"publish","type":"product","link":"https:\/\/turkishtrade.co\/es\/shop\/mens-leather-monk-strap-shoes-2\/","title":{"rendered":"Zapatos monk strap cl\u00e1sicos de hombre en piel de becerro"},"content":{"rendered":"<p><strong>Zapatos Monk Strap de piel para hombre<\/strong><\/p>\n<p>Entre en la elegancia refinada con nuestro exquisito <strong>Zapatos Monk Strap de piel para hombre<\/strong>. Estos zapatos est\u00e1n meticulosamente elaborados para ofrecer un estilo atemporal y una comodidad inigualable, lo que los convierte en un complemento imprescindible en el armario de cualquier caballero exigente. Fabricados con la mejor piel de ternero aut\u00e9ntica para la superficie exterior, estos <strong>Zapatos Monk Strap de piel para hombre<\/strong> cuentan con un acabado lujoso que es a la vez duradero y visualmente impresionante. La rica textura de la piel de becerro garantiza que estos zapatos envejecer\u00e1n maravillosamente, desarrollando una p\u00e1tina \u00fanica con el tiempo, un sello distintivo del calzado de calidad.<\/p>\n<h3>Confort inigualable y artesan\u00eda superior<\/h3>\n<p>En el interior, tus pies se acunar\u00e1n en el suave abrazo del forro de piel de cabra de primera calidad. Este exquisito material interior proporciona una transpirabilidad y un confort excepcionales, permiti\u00e9ndote llevar tus <strong>Zapatos Monk Strap de piel para hombre<\/strong> todo el d\u00eda sin molestias. La atenci\u00f3n al detalle se extiende a la suela, que presenta una ligera construcci\u00f3n Microlight. Esta innovadora tecnolog\u00eda de suela ofrece una flexibilidad y amortiguaci\u00f3n superiores, garantizando que cada paso sea un placer. Con una sutil altura de tac\u00f3n de 1 a 3 cm, estos zapatos monk strap proporcionan una sofisticada elevaci\u00f3n sin comprometer la estabilidad ni la marcha natural.<\/p>\n<h3>Estilo vers\u00e1til para cualquier ocasi\u00f3n<\/h3>\n<p>El dise\u00f1o de correa monje con hebilla \u00fanica es un verdadero cl\u00e1sico, que ofrece una alternativa distintiva y elegante a los zapatos de cordones tradicionales. Exuda confianza y sofisticaci\u00f3n, haciendo de estos <strong>Zapatos Monk Strap de piel para hombre<\/strong> incre\u00edblemente vers\u00e1tiles. Tanto si acude a una reuni\u00f3n formal de negocios como a un evento especial o simplemente para realzar su atuendo informal y elegante, estos zapatos completar\u00e1n su look sin esfuerzo. Disponibles en una amplia gama de tallas, de la 39 a la 45, encontrar el ajuste perfecto es sencillo, ya que garantizan la m\u00e1xima comodidad y una sensaci\u00f3n de ajuste a medida.<\/p>\n<h3>Pedidos al por mayor para minoristas y empresas<\/h3>\n<p>Para nuestros valiosos clientes B2B, estos excepcionales <strong>Zapatos Monk Strap de piel para hombre<\/strong> est\u00e1n disponibles para la compra al por mayor con una cantidad m\u00ednima de pedido de 8 pares. Entendemos la importancia de la entrega a tiempo, y usted puede esperar que su pedido llegue dentro de 12 d\u00edas m\u00e1s el tiempo de env\u00edo est\u00e1ndar. Invierta en calidad, comodidad y estilo duradero con nuestra colecci\u00f3n premium de <strong>Zapatos Monk Strap de piel para hombre<\/strong>. Eleva tu colecci\u00f3n de calzado con un par dise\u00f1ado para impresionar, asegur\u00e1ndote de que siempre das lo mejor de ti con estos distinguidos... <strong>Zapatos Monk Strap de piel para hombre<\/strong>.<\/p>","protected":false},"excerpt":{"rendered":"<ul>\n<li><strong>Material de primera calidad:<\/strong> Confeccionadas con un exterior de aut\u00e9ntica piel de becerro y un lujoso forro interior de piel de cabra para ofrecer el m\u00e1ximo confort y durabilidad.<\/li>\n<li><strong>Suela ligera:<\/strong> Incorpora una suela Microlight, que garantiza flexibilidad y un confort excepcional a cada paso.<\/li>\n<li><strong>Dise\u00f1o cl\u00e1sico:<\/strong> Estilo monk strap con una sola hebilla, perfecto tanto para ocasiones formales como elegantes e informales.<\/li>\n<li><strong>Tal\u00f3n \u00f3ptimo:<\/strong> Un sutil tac\u00f3n de 1 a 3 cm de altura aporta elegancia sin renunciar a la comodidad.<\/li>\n<li><strong>Amplia gama de tama\u00f1os:<\/strong> Disponible en las tallas 39-45 para garantizar un ajuste perfecto a cada caballero.<\/li>\n<li><strong>Disponibilidad a granel:<\/strong> Cantidad m\u00ednima de pedido de 8 pares, ideal para minoristas y compradores al por mayor.<\/li>\n<li><strong>Entrega eficaz:<\/strong> Entrega en 12 d\u00edas m\u00e1s gastos de env\u00edo.<\/li>\n<\/ul>","protected":false},"featured_media":3556,"template":"","meta":{"_acf_changed":false,"_uag_custom_page_level_css":"","site-sidebar-layout":"default","site-content-layout":"","ast-site-content-layout":"default","site-content-style":"default","site-sidebar-style":"default","ast-global-header-display":"","ast-banner-title-visibility":"","ast-main-header-display":"","ast-hfb-above-header-display":"","ast-hfb-below-header-display":"","ast-hfb-mobile-header-display":"","site-post-title":"","ast-breadcrumbs-content":"","ast-featured-img":"","footer-sml-layout":"","ast-disable-related-posts":"","theme-transparent-header-meta":"default","adv-header-id-meta":"","stick-header-meta":"","header-above-stick-meta":"","header-main-stick-meta":"","header-below-stick-meta":"","astra-migrate-meta-layouts":"set","ast-page-background-enabled":"default","ast-page-background-meta":{"desktop":{"background-color":"var(--ast-global-color-4)","background-image":"","background-repeat":"repeat","background-position":"center center","background-size":"auto","background-attachment":"scroll","background-type":"","background-media":"","overlay-type":"","overlay-color":"","overlay-opacity":"","overlay-gradient":""},"tablet":{"background-color":"","background-image":"","background-repeat":"repeat","background-position":"center center","background-size":"auto","background-attachment":"scroll","background-type":"","background-media":"","overlay-type":"","overlay-color":"","overlay-opacity":"","overlay-gradient":""},"mobile":{"background-color":"","background-image":"","background-repeat":"repeat","background-position":"center center","background-size":"auto","background-attachment":"scroll","background-type":"","background-media":"","overlay-type":"","overlay-color":"","overlay-opacity":"","overlay-gradient":""}},"ast-content-background-meta":{"desktop":{"background-color":"var(--ast-global-color-5)","background-image":"","background-repeat":"repeat","background-position":"center center","background-size":"auto","background-attachment":"scroll","background-type":"","background-media":"","overlay-type":"","overlay-color":"","overlay-opacity":"","overlay-gradient":""},"tablet":{"background-color":"var(--ast-global-color-5)","background-image":"","background-repeat":"repeat","background-position":"center center","background-size":"auto","background-attachment":"scroll","background-type":"","background-media":"","overlay-type":"","overlay-color":"","overlay-opacity":"","overlay-gradient":""},"mobile":{"background-color":"var(--ast-global-color-5)","background-image":"","background-repeat":"repeat","background-position":"center center","background-size":"auto","background-attachment":"scroll","background-type":"","background-media":"","overlay-type":"","overlay-color":"","overlay-opacity":"","overlay-gradient":""}}},"product_brand":[],"product_cat":[47,430,40],"product_tag":[405,202,480,251,189,535,666,567,837,466,838],"class_list":{"0":"post-5277","1":"product","2":"type-product","3":"status-publish","4":"has-post-thumbnail","6":"product_cat-classic","7":"product_cat-men","8":"product_cat-mens-shoes","9":"product_tag-business-shoes","10":"product_tag-calf-leather","11":"product_tag-elegant-shoes","12":"product_tag-formal-shoes","13":"product_tag-goat-leather-lining","14":"product_tag-leather-dress-shoes","15":"product_tag-mens-formal-footwear","16":"product_tag-mens-luxury-shoes","17":"product_tag-mens-monk-strap-shoes","18":"product_tag-microlight-sole","19":"product_tag-single-buckle-shoes","20":"desktop-align-center","21":"tablet-align-center","22":"mobile-align-center","24":"first","25":"instock","26":"shipping-taxable","27":"purchasable","28":"product-type-variable","29":"has-default-attributes"},"acf":[],"uagb_featured_image_src":{"full":["https:\/\/turkishtrade.co\/wp-content\/uploads\/2026\/01\/2400EJOMN00142-BROWN-X_876.png",453,250,false],"thumbnail":["https:\/\/turkishtrade.co\/wp-content\/uploads\/2026\/01\/2400EJOMN00142-BROWN-X_876.png",150,83,false],"medium":["https:\/\/turkishtrade.co\/wp-content\/uploads\/2026\/01\/2400EJOMN00142-BROWN-X_876.png",300,166,false],"medium_large":["https:\/\/turkishtrade.co\/wp-content\/uploads\/2026\/01\/2400EJOMN00142-BROWN-X_876.png",453,250,false],"large":["https:\/\/turkishtrade.co\/wp-content\/uploads\/2026\/01\/2400EJOMN00142-BROWN-X_876.png",453,250,false],"1536x1536":["https:\/\/turkishtrade.co\/wp-content\/uploads\/2026\/01\/2400EJOMN00142-BROWN-X_876.png",453,250,false],"2048x2048":["https:\/\/turkishtrade.co\/wp-content\/uploads\/2026\/01\/2400EJOMN00142-BROWN-X_876.png",453,250,false],"trp-custom-language-flag":["https:\/\/turkishtrade.co\/wp-content\/uploads\/2026\/01\/2400EJOMN00142-BROWN-X_876.png",18,10,false],"woocommerce_thumbnail":["https:\/\/turkishtrade.co\/wp-content\/uploads\/2026\/01\/2400EJOMN00142-BROWN-X_876-400x250.png",400,250,true],"woocommerce_single":["https:\/\/turkishtrade.co\/wp-content\/uploads\/2026\/01\/2400EJOMN00142-BROWN-X_876.png",453,250,false],"woocommerce_gallery_thumbnail":["https:\/\/turkishtrade.co\/wp-content\/uploads\/2026\/01\/2400EJOMN00142-BROWN-X_876-100x100.png",100,100,true]},"uagb_author_info":{"display_name":"yaser olabi","author_link":"https:\/\/turkishtrade.co\/es\/author\/"},"uagb_comment_info":0,"uagb_excerpt":"Premium Material: Crafted with genuine Calf Leather outer and luxurious Goat Leather inner lining for ultimate comfort and durability. Lightweight Sole: Features a Microlight sole, ensuring flexibility and exceptional comfort with every step. Classic Design: Single buckle monk strap style, perfect for both formal and and smart-casual occasions. Optimal Heel: A subtle 1-3 cm heel&hellip;","_links":{"self":[{"href":"https:\/\/turkishtrade.co\/es\/wp-json\/wp\/v2\/product\/5277","targetHints":{"allow":["GET"]}}],"collection":[{"href":"https:\/\/turkishtrade.co\/es\/wp-json\/wp\/v2\/product"}],"about":[{"href":"https:\/\/turkishtrade.co\/es\/wp-json\/wp\/v2\/types\/product"}],"wp:featuredmedia":[{"embeddable":true,"href":"https:\/\/turkishtrade.co\/es\/wp-json\/wp\/v2\/media\/3556"}],"wp:attachment":[{"href":"https:\/\/turkishtrade.co\/es\/wp-json\/wp\/v2\/media?parent=5277"}],"wp:term":[{"taxonomy":"product_brand","embeddable":true,"href":"https:\/\/turkishtrade.co\/es\/wp-json\/wp\/v2\/product_brand?post=5277"},{"taxonomy":"product_cat","embeddable":true,"href":"https:\/\/turkishtrade.co\/es\/wp-json\/wp\/v2\/product_cat?post=5277"},{"taxonomy":"product_tag","embeddable":true,"href":"https:\/\/turkishtrade.co\/es\/wp-json\/wp\/v2\/product_tag?post=5277"}],"curies":[{"name":"wp","href":"https:\/\/api.w.org\/{rel}","templated":true}]}}