{"id":5267,"date":"2026-01-14T11:35:31","date_gmt":"2026-01-14T11:35:31","guid":{"rendered":"https:\/\/turkishtrade.co\/product\/men-leather-oxford-shoes\/"},"modified":"2026-04-09T19:39:20","modified_gmt":"2026-04-09T19:39:20","slug":"mens-leather-oxford-shoes-formal-footwear","status":"publish","type":"product","link":"https:\/\/turkishtrade.co\/es\/shop\/mens-leather-oxford-shoes-formal-footwear\/","title":{"rendered":"Zapatos Oxford de hombre hechos a mano en piel de becerro"},"content":{"rendered":"<p><strong>Zapatos Oxford de piel para hombre<\/strong><\/p>\n<p>Ad\u00e9ntrese en un estilo sofisticado con nuestra meticulosamente elaborada <b>Zapatos Oxford de hombre hechos a mano en piel de becerro<\/b>. Dise\u00f1ados para el caballero exigente, estos exquisitos zapatos combinan el arte de la zapater\u00eda tradicional con la comodidad moderna. Cada par es un testimonio de calidad, lo que garantiza una impresi\u00f3n duradera en cualquier evento formal, reuni\u00f3n de negocios u ocasi\u00f3n especial.<\/p>\n<p>Nuestra prima <b>zapatos Oxford de piel para hombre<\/b> est\u00e1n fabricados con los mejores materiales. El exterior est\u00e1 confeccionado en lujosa piel de becerro, famosa por su textura suave, su durabilidad y su elegante acabado, que le confiere un aspecto elegante y pulido. En el interior, tus pies experimentar\u00e1n el m\u00e1ximo confort gracias al flexible forro de piel de cabra, que ofrece transpirabilidad y un ajuste como un guante que se adapta a tu pie con el paso del tiempo.<\/p>\n<h3>Confort inigualable y dise\u00f1o atemporal<\/h3>\n<p>Experimente una comodidad superior al caminar con la innovadora suela Microlight. Este avanzado material de suela es excepcionalmente ligero pero muy duradero, y ofrece una excelente tracci\u00f3n y absorci\u00f3n de impactos con una sutil altura de tac\u00f3n de 1-3 cm. La cl\u00e1sica silueta Oxford se realza con refinados detalles de brogue y una sofisticada puntera, haciendo de estos <b>zapatos Oxford de piel para hombre<\/b> un complemento vers\u00e1til para cualquier armario. Est\u00e1n disponibles en una gama de tallas del 39 al 45, lo que garantiza un ajuste perfecto para cada cliente.<\/p>\n<h3>Ideal para pedidos al por mayor y a granel<\/h3>\n<p>Para los minoristas y las empresas que buscan calzado formal de alta calidad, estas <b>zapatos Oxford de piel para hombre<\/b> est\u00e1n disponibles para la compra al por mayor. Con un pedido m\u00ednimo de s\u00f3lo 8 pares, podr\u00e1 abastecerse f\u00e1cilmente de un producto que promete elegancia y satisfacci\u00f3n al cliente. Entendemos la importancia de la entrega a tiempo; por favor, espere 12 d\u00edas para la producci\u00f3n m\u00e1s el tiempo de env\u00edo adicional para recibir su pedido. Nuestros precios competitivos para estos zapatos excepcionales los convierten en una opci\u00f3n atractiva para los compradores al por mayor que buscan ofrecer productos de primera calidad.<\/p>\n<p>Invierta en un calzado que combina el atractivo est\u00e9tico con la calidad duradera. Estos zapatos Oxford de piel de becerro hechos a mano son algo m\u00e1s que un accesorio; son una declaraci\u00f3n de clase y confianza, dise\u00f1ados para elevar su estilo profesional y personal. Elija la excelencia; elija nuestros zapatos Oxford de piel para hombre.<\/p>","protected":false},"excerpt":{"rendered":"<ul>\n<li>Exquisitamente elaborada a mano en piel de ternera de primera calidad en el exterior y suave piel de cabra en el interior.<\/li>\n<li>Incorpora una suela Microlight duradera y ligera para ofrecer comodidad durante todo el d\u00eda.<\/li>\n<li>Dise\u00f1o Oxford cl\u00e1sico con elegantes detalles de brogue y una distinguida puntera de ca\u00f1a.<\/li>\n<li>Disponible en una amplia gama de tallas: 39, 40, 41, 42, 43, 44, 45.<\/li>\n<li>Cantidad m\u00ednima de pedido: 8 pares, perfecto para compras al por mayor o al por mayor.<\/li>\n<li>Entrega estimada: 12 d\u00edas m\u00e1s el tiempo de env\u00edo.<\/li>\n<\/ul>","protected":false},"featured_media":3549,"template":"","meta":{"_acf_changed":false,"_uag_custom_page_level_css":"","site-sidebar-layout":"default","site-content-layout":"","ast-site-content-layout":"default","site-content-style":"default","site-sidebar-style":"default","ast-global-header-display":"","ast-banner-title-visibility":"","ast-main-header-display":"","ast-hfb-above-header-display":"","ast-hfb-below-header-display":"","ast-hfb-mobile-header-display":"","site-post-title":"","ast-breadcrumbs-content":"","ast-featured-img":"","footer-sml-layout":"","ast-disable-related-posts":"","theme-transparent-header-meta":"default","adv-header-id-meta":"","stick-header-meta":"","header-above-stick-meta":"","header-main-stick-meta":"","header-below-stick-meta":"","astra-migrate-meta-layouts":"set","ast-page-background-enabled":"default","ast-page-background-meta":{"desktop":{"background-color":"var(--ast-global-color-4)","background-image":"","background-repeat":"repeat","background-position":"center center","background-size":"auto","background-attachment":"scroll","background-type":"","background-media":"","overlay-type":"","overlay-color":"","overlay-opacity":"","overlay-gradient":""},"tablet":{"background-color":"","background-image":"","background-repeat":"repeat","background-position":"center center","background-size":"auto","background-attachment":"scroll","background-type":"","background-media":"","overlay-type":"","overlay-color":"","overlay-opacity":"","overlay-gradient":""},"mobile":{"background-color":"","background-image":"","background-repeat":"repeat","background-position":"center center","background-size":"auto","background-attachment":"scroll","background-type":"","background-media":"","overlay-type":"","overlay-color":"","overlay-opacity":"","overlay-gradient":""}},"ast-content-background-meta":{"desktop":{"background-color":"var(--ast-global-color-5)","background-image":"","background-repeat":"repeat","background-position":"center center","background-size":"auto","background-attachment":"scroll","background-type":"","background-media":"","overlay-type":"","overlay-color":"","overlay-opacity":"","overlay-gradient":""},"tablet":{"background-color":"var(--ast-global-color-5)","background-image":"","background-repeat":"repeat","background-position":"center center","background-size":"auto","background-attachment":"scroll","background-type":"","background-media":"","overlay-type":"","overlay-color":"","overlay-opacity":"","overlay-gradient":""},"mobile":{"background-color":"var(--ast-global-color-5)","background-image":"","background-repeat":"repeat","background-position":"center center","background-size":"auto","background-attachment":"scroll","background-type":"","background-media":"","overlay-type":"","overlay-color":"","overlay-opacity":"","overlay-gradient":""}}},"product_brand":[],"product_cat":[47,430,40],"product_tag":[654,405,185,458,251,189,450,324,829,466,204,632,281],"class_list":{"0":"post-5267","1":"product","2":"type-product","3":"status-publish","4":"has-post-thumbnail","6":"product_cat-classic","7":"product_cat-men","8":"product_cat-mens-shoes","9":"product_tag-brogue-shoes","10":"product_tag-business-shoes","11":"product_tag-calf-leather-shoes","12":"product_tag-cap-toe-shoes","13":"product_tag-formal-shoes","14":"product_tag-goat-leather-lining","15":"product_tag-handcrafted-shoes","16":"product_tag-mens-dress-shoes","17":"product_tag-mens-leather-oxford-shoes","18":"product_tag-microlight-sole","19":"product_tag-oxford-shoes","20":"product_tag-premium-leather-shoes","21":"product_tag-wholesale-shoes","22":"desktop-align-center","23":"tablet-align-center","24":"mobile-align-center","26":"first","27":"instock","28":"shipping-taxable","29":"purchasable","30":"product-type-variable","31":"has-default-attributes"},"acf":[],"uagb_featured_image_src":{"full":["https:\/\/turkishtrade.co\/wp-content\/uploads\/2026\/01\/2400EJOMN00139-DARK-BROWN-KDM_7636.png",453,250,false],"thumbnail":["https:\/\/turkishtrade.co\/wp-content\/uploads\/2026\/01\/2400EJOMN00139-DARK-BROWN-KDM_7636-150x150.png",150,150,true],"medium":["https:\/\/turkishtrade.co\/wp-content\/uploads\/2026\/01\/2400EJOMN00139-DARK-BROWN-KDM_7636-300x166.png",300,166,true],"medium_large":["https:\/\/turkishtrade.co\/wp-content\/uploads\/2026\/01\/2400EJOMN00139-DARK-BROWN-KDM_7636.png",453,250,false],"large":["https:\/\/turkishtrade.co\/wp-content\/uploads\/2026\/01\/2400EJOMN00139-DARK-BROWN-KDM_7636.png",453,250,false],"1536x1536":["https:\/\/turkishtrade.co\/wp-content\/uploads\/2026\/01\/2400EJOMN00139-DARK-BROWN-KDM_7636.png",453,250,false],"2048x2048":["https:\/\/turkishtrade.co\/wp-content\/uploads\/2026\/01\/2400EJOMN00139-DARK-BROWN-KDM_7636.png",453,250,false],"trp-custom-language-flag":["https:\/\/turkishtrade.co\/wp-content\/uploads\/2026\/01\/2400EJOMN00139-DARK-BROWN-KDM_7636-18x10.png",18,10,true],"woocommerce_thumbnail":["https:\/\/turkishtrade.co\/wp-content\/uploads\/2026\/01\/2400EJOMN00139-DARK-BROWN-KDM_7636-400x250.png",400,250,true],"woocommerce_single":["https:\/\/turkishtrade.co\/wp-content\/uploads\/2026\/01\/2400EJOMN00139-DARK-BROWN-KDM_7636.png",453,250,false],"woocommerce_gallery_thumbnail":["https:\/\/turkishtrade.co\/wp-content\/uploads\/2026\/01\/2400EJOMN00139-DARK-BROWN-KDM_7636-100x100.png",100,100,true]},"uagb_author_info":{"display_name":"yaser olabi","author_link":"https:\/\/turkishtrade.co\/es\/author\/"},"uagb_comment_info":0,"uagb_excerpt":"Exquisitely handcrafted from premium Calf Leather exterior and soft Goat Leather interior. Features a durable and lightweight Microlight sole for all-day comfort. Classic Oxford design with elegant brogue detailing and a distinguished cap toe. Available in a comprehensive range of sizes: 39, 40, 41, 42, 43, 44, 45. Minimum order quantity: 8 pairs, perfect for&hellip;","_links":{"self":[{"href":"https:\/\/turkishtrade.co\/es\/wp-json\/wp\/v2\/product\/5267","targetHints":{"allow":["GET"]}}],"collection":[{"href":"https:\/\/turkishtrade.co\/es\/wp-json\/wp\/v2\/product"}],"about":[{"href":"https:\/\/turkishtrade.co\/es\/wp-json\/wp\/v2\/types\/product"}],"wp:featuredmedia":[{"embeddable":true,"href":"https:\/\/turkishtrade.co\/es\/wp-json\/wp\/v2\/media\/3549"}],"wp:attachment":[{"href":"https:\/\/turkishtrade.co\/es\/wp-json\/wp\/v2\/media?parent=5267"}],"wp:term":[{"taxonomy":"product_brand","embeddable":true,"href":"https:\/\/turkishtrade.co\/es\/wp-json\/wp\/v2\/product_brand?post=5267"},{"taxonomy":"product_cat","embeddable":true,"href":"https:\/\/turkishtrade.co\/es\/wp-json\/wp\/v2\/product_cat?post=5267"},{"taxonomy":"product_tag","embeddable":true,"href":"https:\/\/turkishtrade.co\/es\/wp-json\/wp\/v2\/product_tag?post=5267"}],"curies":[{"name":"wp","href":"https:\/\/api.w.org\/{rel}","templated":true}]}}