{"id":5248,"date":"2026-01-14T11:33:17","date_gmt":"2026-01-14T11:33:17","guid":{"rendered":"https:\/\/turkishtrade.co\/product\/mens-leather-oxford-shoes-2\/"},"modified":"2026-04-09T19:39:57","modified_gmt":"2026-04-09T19:39:57","slug":"mens-leather-oxford-shoes-2","status":"publish","type":"product","link":"https:\/\/turkishtrade.co\/es\/shop\/mens-leather-oxford-shoes-2\/","title":{"rendered":"Zapatos de vestir Oxford de piel con puntera de primera calidad para hombre"},"content":{"rendered":"<p><strong>Zapatos Oxford de piel para hombre<\/strong><\/p>\n<p>Eleve su atuendo profesional y formal con nuestros exquisitos <strong>Zapatos Oxford de piel para hombre<\/strong>. Meticulosamente elaborados a mano, estos cl\u00e1sicos zapatos de vestir con puntera en punta representan la cumbre de la zapater\u00eda tradicional combinada con el confort moderno. Dise\u00f1ados para el caballero exigente, nuestros <strong>Zapatos Oxford de piel para hombre<\/strong> son algo m\u00e1s que calzado; son una inversi\u00f3n en estilo atemporal y calidad sin igual. Perfectos para reuniones de negocios, eventos elegantes o sofisticados atuendos diarios, estos oxfords realzar\u00e1n sin duda su vestuario.<\/p>\n<p>&nbsp;<\/p>\n<h3>Una declaraci\u00f3n de estilo para cada ocasi\u00f3n<\/h3>\n<p>Tanto si asiste a una importante reuni\u00f3n de negocios, a una boda formal o a un sofisticado evento nocturno, estas vers\u00e1tiles <strong>Zapatos Oxford de piel para hombre<\/strong> son el complemento perfecto para tu conjunto. Su dise\u00f1o atemporal, disponible en negro cl\u00e1sico y marr\u00f3n intenso (como se muestra en las im\u00e1genes del producto), los convierte en un complemento esencial del armario masculino. Comb\u00ednalos sin esfuerzo con un traje elegante para una presencia imponente, unos pantalones de sastrer\u00eda para una elegancia elegante e informal, o incluso eleva un conjunto m\u00e1s relajado para un look impecablemente pulido. Estos <strong>Zapatos Oxford de piel para hombre<\/strong> est\u00e1n realmente dise\u00f1ados para causar una impresi\u00f3n duradera.<\/p>\n<h3>Oportunidades al por mayor y entrega fiable<\/h3>\n<p>Comprendemos las necesidades de los minoristas y las empresas que buscan un calzado de alta calidad, por lo que estos productos premium <strong>Zapatos Oxford de piel para hombre<\/strong> est\u00e1n disponibles para la compra al por mayor. Con un pedido m\u00ednimo de s\u00f3lo 8 pares, puede abastecerse de un calzado excepcional que impresionar\u00e1 a sus clientes m\u00e1s exigentes. Nuestros competitivos precios al por mayor empiezan en unos atractivos USD por par, lo que hace que el lujo sea accesible para su negocio. Nos comprometemos a un plazo de entrega eficaz de 12 d\u00edas m\u00e1s gastos de env\u00edo, garantizando que su pedido llegue r\u00e1pida y eficazmente. Disponibles en una amplia gama de tallas, de 39 a 45 EUR, estas <strong>Zapatos Oxford de piel para hombre<\/strong> para una amplia clientela. Invierta hoy mismo en calidad, comodidad y estilo cl\u00e1sico con nuestros excepcionales oxfords.<\/p>","protected":false},"excerpt":{"rendered":"<ul>\n<li>Fabricado a mano con un lujoso exterior de piel de becerro<\/li>\n<li>Forro interior de piel de cabra afelpada para mayor transpirabilidad y comodidad<\/li>\n<li>Suela Microlight duradera complementada con un refinado tac\u00f3n de 1-3 cm de altura<\/li>\n<li>Dise\u00f1o cl\u00e1sico de puntera, perfecto para ocasiones formales y de negocios<\/li>\n<li>Disponible en una amplia gama de tallas: 39, 40, 41, 42, 43, 44, 45 EUR<\/li>\n<li>Cantidad m\u00ednima de pedido: 8 pares<\/li>\n<li>Precios al por mayor competitivos a partir de USD por par para pedidos al por mayor<\/li>\n<li>Entrega eficaz en 12 d\u00edas m\u00e1s el tiempo de env\u00edo est\u00e1ndar<\/li>\n<\/ul>","protected":false},"featured_media":3536,"template":"","meta":{"_acf_changed":false,"_uag_custom_page_level_css":"","site-sidebar-layout":"default","site-content-layout":"","ast-site-content-layout":"default","site-content-style":"default","site-sidebar-style":"default","ast-global-header-display":"","ast-banner-title-visibility":"","ast-main-header-display":"","ast-hfb-above-header-display":"","ast-hfb-below-header-display":"","ast-hfb-mobile-header-display":"","site-post-title":"","ast-breadcrumbs-content":"","ast-featured-img":"","footer-sml-layout":"","ast-disable-related-posts":"","theme-transparent-header-meta":"default","adv-header-id-meta":"","stick-header-meta":"","header-above-stick-meta":"","header-main-stick-meta":"","header-below-stick-meta":"","astra-migrate-meta-layouts":"set","ast-page-background-enabled":"default","ast-page-background-meta":{"desktop":{"background-color":"var(--ast-global-color-4)","background-image":"","background-repeat":"repeat","background-position":"center center","background-size":"auto","background-attachment":"scroll","background-type":"","background-media":"","overlay-type":"","overlay-color":"","overlay-opacity":"","overlay-gradient":""},"tablet":{"background-color":"","background-image":"","background-repeat":"repeat","background-position":"center center","background-size":"auto","background-attachment":"scroll","background-type":"","background-media":"","overlay-type":"","overlay-color":"","overlay-opacity":"","overlay-gradient":""},"mobile":{"background-color":"","background-image":"","background-repeat":"repeat","background-position":"center center","background-size":"auto","background-attachment":"scroll","background-type":"","background-media":"","overlay-type":"","overlay-color":"","overlay-opacity":"","overlay-gradient":""}},"ast-content-background-meta":{"desktop":{"background-color":"var(--ast-global-color-5)","background-image":"","background-repeat":"repeat","background-position":"center center","background-size":"auto","background-attachment":"scroll","background-type":"","background-media":"","overlay-type":"","overlay-color":"","overlay-opacity":"","overlay-gradient":""},"tablet":{"background-color":"var(--ast-global-color-5)","background-image":"","background-repeat":"repeat","background-position":"center center","background-size":"auto","background-attachment":"scroll","background-type":"","background-media":"","overlay-type":"","overlay-color":"","overlay-opacity":"","overlay-gradient":""},"mobile":{"background-color":"var(--ast-global-color-5)","background-image":"","background-repeat":"repeat","background-position":"center center","background-size":"auto","background-attachment":"scroll","background-type":"","background-media":"","overlay-type":"","overlay-color":"","overlay-opacity":"","overlay-gradient":""}}},"product_brand":[],"product_cat":[47,430,40],"product_tag":[653,768,405,451,541,551,284,822,251,821,556,219,820,286,204,362,281],"class_list":{"0":"post-5248","1":"product","2":"type-product","3":"status-publish","4":"has-post-thumbnail","6":"product_cat-classic","7":"product_cat-men","8":"product_cat-mens-shoes","9":"product_tag-black-oxfords","10":"product_tag-brown-oxfords","11":"product_tag-business-shoes","12":"product_tag-calfskin-leather","13":"product_tag-cap-toe-oxfords","14":"product_tag-classic-style","15":"product_tag-dress-shoes","16":"product_tag-event-shoes","17":"product_tag-formal-shoes","18":"product_tag-gentlemans-shoes","19":"product_tag-goatskin-lining","20":"product_tag-handmade-shoes","21":"product_tag-mens-formal-wear","22":"product_tag-mens-leather-shoes","23":"product_tag-oxford-shoes","24":"product_tag-premium-footwear","25":"product_tag-wholesale-shoes","26":"desktop-align-center","27":"tablet-align-center","28":"mobile-align-center","30":"first","31":"instock","32":"shipping-taxable","33":"purchasable","34":"product-type-variable","35":"has-default-attributes"},"acf":[],"uagb_featured_image_src":{"full":["https:\/\/turkishtrade.co\/wp-content\/uploads\/2026\/01\/2400EJOMN00133-BROWN-B_250.png",453,250,false],"thumbnail":["https:\/\/turkishtrade.co\/wp-content\/uploads\/2026\/01\/2400EJOMN00133-BROWN-B_250-150x150.png",150,150,true],"medium":["https:\/\/turkishtrade.co\/wp-content\/uploads\/2026\/01\/2400EJOMN00133-BROWN-B_250-300x166.png",300,166,true],"medium_large":["https:\/\/turkishtrade.co\/wp-content\/uploads\/2026\/01\/2400EJOMN00133-BROWN-B_250.png",453,250,false],"large":["https:\/\/turkishtrade.co\/wp-content\/uploads\/2026\/01\/2400EJOMN00133-BROWN-B_250.png",453,250,false],"1536x1536":["https:\/\/turkishtrade.co\/wp-content\/uploads\/2026\/01\/2400EJOMN00133-BROWN-B_250.png",453,250,false],"2048x2048":["https:\/\/turkishtrade.co\/wp-content\/uploads\/2026\/01\/2400EJOMN00133-BROWN-B_250.png",453,250,false],"trp-custom-language-flag":["https:\/\/turkishtrade.co\/wp-content\/uploads\/2026\/01\/2400EJOMN00133-BROWN-B_250-18x10.png",18,10,true],"woocommerce_thumbnail":["https:\/\/turkishtrade.co\/wp-content\/uploads\/2026\/01\/2400EJOMN00133-BROWN-B_250-400x250.png",400,250,true],"woocommerce_single":["https:\/\/turkishtrade.co\/wp-content\/uploads\/2026\/01\/2400EJOMN00133-BROWN-B_250.png",453,250,false],"woocommerce_gallery_thumbnail":["https:\/\/turkishtrade.co\/wp-content\/uploads\/2026\/01\/2400EJOMN00133-BROWN-B_250-100x100.png",100,100,true]},"uagb_author_info":{"display_name":"yaser olabi","author_link":"https:\/\/turkishtrade.co\/es\/author\/"},"uagb_comment_info":0,"uagb_excerpt":"Handcrafted with a luxurious Calfskin Leather exterior Plush Goatskin Leather interior lining for superior breathability and comfort Durable Microlight sole complemented by a refined 1-3 cm heel height Classic cap-toe design, perfect for formal and business occasions Available in a comprehensive size range: 39, 40, 41, 42, 43, 44, 45 EUR Minimum order quantity: 8&hellip;","_links":{"self":[{"href":"https:\/\/turkishtrade.co\/es\/wp-json\/wp\/v2\/product\/5248","targetHints":{"allow":["GET"]}}],"collection":[{"href":"https:\/\/turkishtrade.co\/es\/wp-json\/wp\/v2\/product"}],"about":[{"href":"https:\/\/turkishtrade.co\/es\/wp-json\/wp\/v2\/types\/product"}],"wp:featuredmedia":[{"embeddable":true,"href":"https:\/\/turkishtrade.co\/es\/wp-json\/wp\/v2\/media\/3536"}],"wp:attachment":[{"href":"https:\/\/turkishtrade.co\/es\/wp-json\/wp\/v2\/media?parent=5248"}],"wp:term":[{"taxonomy":"product_brand","embeddable":true,"href":"https:\/\/turkishtrade.co\/es\/wp-json\/wp\/v2\/product_brand?post=5248"},{"taxonomy":"product_cat","embeddable":true,"href":"https:\/\/turkishtrade.co\/es\/wp-json\/wp\/v2\/product_cat?post=5248"},{"taxonomy":"product_tag","embeddable":true,"href":"https:\/\/turkishtrade.co\/es\/wp-json\/wp\/v2\/product_tag?post=5248"}],"curies":[{"name":"wp","href":"https:\/\/api.w.org\/{rel}","templated":true}]}}