{"id":5243,"date":"2026-01-14T11:32:38","date_gmt":"2026-01-14T11:32:38","guid":{"rendered":"https:\/\/turkishtrade.co\/product\/black-leather-tassel-loafers\/"},"modified":"2026-04-09T19:40:05","modified_gmt":"2026-04-09T19:40:05","slug":"black-leather-tassel-loafers","status":"publish","type":"product","link":"https:\/\/turkishtrade.co\/es\/shop\/black-leather-tassel-loafers\/","title":{"rendered":"Mocasines de hombre con borlas de piel de becerro negra y detalles de charol"},"content":{"rendered":"<p><strong>Mocasines negros de piel con borlas<\/strong><\/p>\n<p>Ad\u00e9ntrese en una sofisticaci\u00f3n sin parang\u00f3n con nuestros <strong>Mocasines negros de piel con borlas<\/strong>. Dise\u00f1ados para el caballero moderno, estos elegantes zapatos sin cordones combinan sin esfuerzo la artesan\u00eda tradicional con el estilo contempor\u00e1neo. Nuestro <strong>mocasines de cuero negro con borlas<\/strong> son algo m\u00e1s que calzado: son una declaraci\u00f3n de gusto refinado, perfectos para elevar cualquier conjunto formal o elegante-casual. Experimente la lujosa comodidad y el atractivo distintivo que s\u00f3lo unos zapatos meticulosamente elaborados pueden ofrecer. <strong>mocasines de cuero negro con borlas<\/strong> puede proporcionar.<\/p>\n<h3>Artesan\u00eda inigualable y materiales de primera calidad<\/h3>\n<p>Cada par de estos exquisitos <strong>mocasines de cuero negro con borlas<\/strong> es un testimonio de arte superior y calidad de los materiales. El exterior est\u00e1 confeccionado con piel de ternero de alta calidad, famosa por su suave acabado, excepcional durabilidad y lujoso tacto. Esta robusta capa exterior se complementa con un interior forrado de piel de cabra suntuosamente suave, que garantiza una experiencia transpirable e incre\u00edblemente c\u00f3moda a cada paso. La armoniosa mezcla de estas pieles de primera calidad garantiza la longevidad y un ajuste personalizado que se amolda gradualmente a su pie. Invertir en estos <strong>mocasines de cuero negro con borlas<\/strong> significa invertir en estilo y confort duraderos.<\/p>\n<h3>Dise\u00f1o sofisticado con detalles distintivos<\/h3>\n<p>El llamativo atractivo visual de estos <strong>mocasines de cuero negro con borlas<\/strong> es realmente cautivadora. Presentan un dise\u00f1o \u00fanico que incorpora una puntera y un tal\u00f3n de charol brillante, creando un sofisticado contraste con la pala sutilmente texturizada. Este distintivo panel texturizado, junto con las elegantes borlas dobles que adornan la parte delantera, infunde a los zapatos encanto e individualidad a medida. El elegante perfil de estos <strong>mocasines de cuero negro con borlas<\/strong> se ve reforzada por una suela Microlight ligera, dise\u00f1ada para ofrecer una flexibilidad superior y una tracci\u00f3n fiable, junto con un tac\u00f3n perfectamente equilibrado de 1 a 3 cm que ofrece una sutil elevaci\u00f3n sin sacrificar la comodidad. Estos cuidados detalles garantizan <strong>mocasines de cuero negro con borlas<\/strong> llamar la atenci\u00f3n.<\/p>\n<h3>Versatilidad para todas las ocasiones<\/h3>\n<p>Tanto si se est\u00e1 preparando para una importante reuni\u00f3n de negocios, como si va a asistir a una gala formal o simplemente quiere perfeccionar su atuendo informal y elegante, nuestros <strong>mocasines de cuero negro con borlas<\/strong> son la elecci\u00f3n por excelencia. Su dise\u00f1o vers\u00e1til permite combinarlos sin problemas con trajes de sastrer\u00eda, pantalones elegantes o incluso vaqueros de alta calidad para lucir una est\u00e9tica refinada durante el fin de semana. Disfrute de la fusi\u00f3n perfecta de estilo cl\u00e1sico y comodidad contempor\u00e1nea que ofrecen estos zapatos. <strong>mocasines de cuero negro con borlas<\/strong> oferta. Est\u00e1n meticulosamente dise\u00f1ados para ser tu calzado de cabecera y causar una impresi\u00f3n inolvidable.<\/p>\n<h3>Oportunidad de venta al por mayor para las empresas<\/h3>\n<p>Para los minoristas y las empresas que buscan enriquecer su oferta de calzado, estos productos premium <strong>mocasines de cuero negro con borlas<\/strong> est\u00e1n disponibles para pedidos al por mayor. Con una cantidad m\u00ednima de pedido de s\u00f3lo 8 pares y un atractivo precio de USD por par, puede proporcionar a su clientela zapatos de lujo sin una inversi\u00f3n inicial considerable. Garantizamos un procesamiento eficiente con un plazo de entrega de aproximadamente 12 d\u00edas para la producci\u00f3n, m\u00e1s el env\u00edo est\u00e1ndar, garantizando que su pedido llegue r\u00e1pidamente. Aproveche esta excelente oportunidad para integrar estos codiciados <strong>mocasines de cuero negro con borlas<\/strong> en su gama de productos.<\/p>","protected":false},"excerpt":{"rendered":"<ul>\n<li><strong>Artesan\u00eda exquisita:<\/strong> Fabricados con un exterior de piel de ternero de primera calidad y un interior de suave piel de cabra para ofrecer el m\u00e1ximo confort y durabilidad.<\/li>\n<li><strong>Dise\u00f1o distintivo:<\/strong> Presenta una sofisticada puntera y tal\u00f3n de charol negro, complementados con una exclusiva pala texturizada y elegantes detalles de borlas.<\/li>\n<li><strong>Suela confortable:<\/strong> Equipadas con una ligera suela Microlight y un c\u00f3modo tac\u00f3n de 1-3 cm para llevarlas todo el d\u00eda.<\/li>\n<li><strong>Tallas disponibles:<\/strong> EU 39, 40, 41, 42, 43, 44, 45.<\/li>\n<li><strong>Oportunidad de venta al por mayor:<\/strong> Se requiere un pedido m\u00ednimo de 8 pares.<\/li>\n<li><strong>Precios competitivos:<\/strong> A un precio de s\u00f3lo USD el par para pedidos al por mayor.<\/li>\n<li><strong>Entrega eficaz:<\/strong> Permita 12 d\u00edas para la producci\u00f3n m\u00e1s el tiempo de env\u00edo a su ubicaci\u00f3n.<\/li>\n<\/ul>","protected":false},"featured_media":3532,"template":"","meta":{"_acf_changed":false,"_uag_custom_page_level_css":"","site-sidebar-layout":"default","site-content-layout":"","ast-site-content-layout":"default","site-content-style":"default","site-sidebar-style":"default","ast-global-header-display":"","ast-banner-title-visibility":"","ast-main-header-display":"","ast-hfb-above-header-display":"","ast-hfb-below-header-display":"","ast-hfb-mobile-header-display":"","site-post-title":"","ast-breadcrumbs-content":"","ast-featured-img":"","footer-sml-layout":"","ast-disable-related-posts":"","theme-transparent-header-meta":"default","adv-header-id-meta":"","stick-header-meta":"","header-above-stick-meta":"","header-main-stick-meta":"","header-below-stick-meta":"","astra-migrate-meta-layouts":"set","ast-page-background-enabled":"default","ast-page-background-meta":{"desktop":{"background-color":"var(--ast-global-color-4)","background-image":"","background-repeat":"repeat","background-position":"center center","background-size":"auto","background-attachment":"scroll","background-type":"","background-media":"","overlay-type":"","overlay-color":"","overlay-opacity":"","overlay-gradient":""},"tablet":{"background-color":"","background-image":"","background-repeat":"repeat","background-position":"center center","background-size":"auto","background-attachment":"scroll","background-type":"","background-media":"","overlay-type":"","overlay-color":"","overlay-opacity":"","overlay-gradient":""},"mobile":{"background-color":"","background-image":"","background-repeat":"repeat","background-position":"center center","background-size":"auto","background-attachment":"scroll","background-type":"","background-media":"","overlay-type":"","overlay-color":"","overlay-opacity":"","overlay-gradient":""}},"ast-content-background-meta":{"desktop":{"background-color":"var(--ast-global-color-5)","background-image":"","background-repeat":"repeat","background-position":"center center","background-size":"auto","background-attachment":"scroll","background-type":"","background-media":"","overlay-type":"","overlay-color":"","overlay-opacity":"","overlay-gradient":""},"tablet":{"background-color":"var(--ast-global-color-5)","background-image":"","background-repeat":"repeat","background-position":"center center","background-size":"auto","background-attachment":"scroll","background-type":"","background-media":"","overlay-type":"","overlay-color":"","overlay-opacity":"","overlay-gradient":""},"mobile":{"background-color":"var(--ast-global-color-5)","background-image":"","background-repeat":"repeat","background-position":"center center","background-size":"auto","background-attachment":"scroll","background-type":"","background-media":"","overlay-type":"","overlay-color":"","overlay-opacity":"","overlay-gradient":""}}},"product_brand":[],"product_cat":[47,430,40],"product_tag":[814,674,202,251,591,189,324,198,466,657,184,210,349,456],"class_list":{"0":"post-5243","1":"product","2":"type-product","3":"status-publish","4":"has-post-thumbnail","6":"product_cat-classic","7":"product_cat-men","8":"product_cat-mens-shoes","9":"product_tag-black-leather-loafers","10":"product_tag-bulk-shoes","11":"product_tag-calf-leather","12":"product_tag-formal-shoes","13":"product_tag-formal-wear","14":"product_tag-goat-leather-lining","15":"product_tag-mens-dress-shoes","16":"product_tag-mens-fashion","17":"product_tag-microlight-sole","18":"product_tag-patent-leather-shoes","19":"product_tag-slip-on-shoes","20":"product_tag-smart-casual","21":"product_tag-tassel-loafers","22":"product_tag-wholesale-loafers","23":"desktop-align-center","24":"tablet-align-center","25":"mobile-align-center","27":"first","28":"instock","29":"shipping-taxable","30":"purchasable","31":"product-type-variable","32":"has-default-attributes"},"acf":[],"uagb_featured_image_src":{"full":["https:\/\/turkishtrade.co\/wp-content\/uploads\/2026\/01\/2400EJOMN00131-BLACK-Y_571.png",453,250,false],"thumbnail":["https:\/\/turkishtrade.co\/wp-content\/uploads\/2026\/01\/2400EJOMN00131-BLACK-Y_571-150x150.png",150,150,true],"medium":["https:\/\/turkishtrade.co\/wp-content\/uploads\/2026\/01\/2400EJOMN00131-BLACK-Y_571-300x166.png",300,166,true],"medium_large":["https:\/\/turkishtrade.co\/wp-content\/uploads\/2026\/01\/2400EJOMN00131-BLACK-Y_571.png",453,250,false],"large":["https:\/\/turkishtrade.co\/wp-content\/uploads\/2026\/01\/2400EJOMN00131-BLACK-Y_571.png",453,250,false],"1536x1536":["https:\/\/turkishtrade.co\/wp-content\/uploads\/2026\/01\/2400EJOMN00131-BLACK-Y_571.png",453,250,false],"2048x2048":["https:\/\/turkishtrade.co\/wp-content\/uploads\/2026\/01\/2400EJOMN00131-BLACK-Y_571.png",453,250,false],"trp-custom-language-flag":["https:\/\/turkishtrade.co\/wp-content\/uploads\/2026\/01\/2400EJOMN00131-BLACK-Y_571-18x10.png",18,10,true],"woocommerce_thumbnail":["https:\/\/turkishtrade.co\/wp-content\/uploads\/2026\/01\/2400EJOMN00131-BLACK-Y_571-400x250.png",400,250,true],"woocommerce_single":["https:\/\/turkishtrade.co\/wp-content\/uploads\/2026\/01\/2400EJOMN00131-BLACK-Y_571.png",453,250,false],"woocommerce_gallery_thumbnail":["https:\/\/turkishtrade.co\/wp-content\/uploads\/2026\/01\/2400EJOMN00131-BLACK-Y_571-100x100.png",100,100,true]},"uagb_author_info":{"display_name":"yaser olabi","author_link":"https:\/\/turkishtrade.co\/es\/author\/"},"uagb_comment_info":0,"uagb_excerpt":"Exquisite Craftsmanship: Made with premium calf leather exterior and soft goat leather interior for ultimate comfort and durability. Distinctive Design: Features a sophisticated black patent leather toe cap and heel, complemented by a unique textured vamp and stylish tassel details. Comfort-Focused Sole: Equipped with a lightweight Microlight sole and a comfortable 1-3cm heel for all-day&hellip;","_links":{"self":[{"href":"https:\/\/turkishtrade.co\/es\/wp-json\/wp\/v2\/product\/5243","targetHints":{"allow":["GET"]}}],"collection":[{"href":"https:\/\/turkishtrade.co\/es\/wp-json\/wp\/v2\/product"}],"about":[{"href":"https:\/\/turkishtrade.co\/es\/wp-json\/wp\/v2\/types\/product"}],"wp:featuredmedia":[{"embeddable":true,"href":"https:\/\/turkishtrade.co\/es\/wp-json\/wp\/v2\/media\/3532"}],"wp:attachment":[{"href":"https:\/\/turkishtrade.co\/es\/wp-json\/wp\/v2\/media?parent=5243"}],"wp:term":[{"taxonomy":"product_brand","embeddable":true,"href":"https:\/\/turkishtrade.co\/es\/wp-json\/wp\/v2\/product_brand?post=5243"},{"taxonomy":"product_cat","embeddable":true,"href":"https:\/\/turkishtrade.co\/es\/wp-json\/wp\/v2\/product_cat?post=5243"},{"taxonomy":"product_tag","embeddable":true,"href":"https:\/\/turkishtrade.co\/es\/wp-json\/wp\/v2\/product_tag?post=5243"}],"curies":[{"name":"wp","href":"https:\/\/api.w.org\/{rel}","templated":true}]}}