{"id":5225,"date":"2026-01-14T11:30:25","date_gmt":"2026-01-14T11:30:25","guid":{"rendered":"https:\/\/turkishtrade.co\/product\/premium-black-calf-leather-monk-strap-loafers\/"},"modified":"2026-04-09T19:40:35","modified_gmt":"2026-04-09T19:40:35","slug":"premium-black-calf-leather","status":"publish","type":"product","link":"https:\/\/turkishtrade.co\/es\/shop\/premium-black-calf-leather\/","title":{"rendered":"Mocasines Monk Strap de piel de becerro negra de primera calidad"},"content":{"rendered":"<p><strong>Mocasines Monk Strap de piel de becerro negra de primera calidad<\/strong><\/p>\n<p>Ad\u00e9ntrese en la sofisticaci\u00f3n atemporal con nuestros mocasines monk strap de piel de becerro negra de primera calidad. Meticulosamente elaborados para el caballero exigente, estos exquisitos... <b>mocasines monk strap<\/b> combinan a la perfecci\u00f3n la elegancia tradicional con el dise\u00f1o contempor\u00e1neo. Dise\u00f1ados para ofrecer un estilo excepcional y una comodidad inquebrantable, son la elecci\u00f3n ideal para los profesionales de los negocios y las personas a la moda que buscan un calzado de alta calidad.<\/p>\n<h3>Artesan\u00eda sin igual y materiales de primera calidad<\/h3>\n<p>Cada par de estos extraordinarios <b>mocasines monk strap<\/b> es un testimonio de artesan\u00eda superior. La superficie exterior est\u00e1 fabricada con piel de ternero 100% aut\u00e9ntica, que ofrece una textura suave y rica y una durabilidad notable que madurar\u00e1 maravillosamente con el paso del tiempo. En el interior, sus pies se ver\u00e1n envueltos en la lujosa suavidad del forro de piel de cabra pura, que garantiza la transpirabilidad y un confort inigualable a cada paso. Este compromiso con los materiales de primera calidad garantiza un zapato que no s\u00f3lo tiene un aspecto magn\u00edfico, sino que ofrece una sensaci\u00f3n incre\u00edble durante todo el d\u00eda.<\/p>\n<h3>El dise\u00f1o sofisticado se une a la m\u00e1xima comodidad<\/h3>\n<p>El dise\u00f1o distintivo de la correa monje, con una elegante hebilla plateada, a\u00f1ade un toque de car\u00e1cter refinado a estos cl\u00e1sicos. <b>mocasines monk strap<\/b>. El sutil detalle de brogue a lo largo de la puntera realza su atractivo sartorial, haci\u00e9ndolos lo suficientemente vers\u00e1tiles para diversas ocasiones. Bajo sus pies, la avanzada suela ultraligera proporciona una ligereza y flexibilidad excepcionales, garantizando la comodidad sin comprometer la durabilidad. Con una altura de tac\u00f3n de 1-3 cm, estos <b>mocasines monk strap<\/b> ofrecen la elevaci\u00f3n perfecta para una silueta elegante, lo que las hace adecuadas para un uso prolongado tanto si est\u00e1s en la oficina como si asistes a un evento formal.<\/p>\n<p>Estas zapatillas de piel de becerro negra de primera calidad <b>mocasines monk strap<\/b> est\u00e1n disponibles en una amplia gama de tallas para hombre, desde la 39 hasta la 45, lo que garantiza un ajuste perfecto para una clientela diversa. Entendemos las exigencias de calidad y valor, por lo que estos excepcionales... <b>mocasines monk strap<\/b> se ofrecen con precios al por mayor a s\u00f3lo USD el par, con una cantidad m\u00ednima de pedido de 8 pares. Experimente la mezcla perfecta de estilo, comodidad y calidad duradera con estos excepcionales zapatos de piel de becerro. <b>mocasines monk strap<\/b>. Eleve su colecci\u00f3n de calzado y atienda a sus clientes que aprecian el verdadero lujo y el dise\u00f1o experto. La entrega suele tardar 12 d\u00edas m\u00e1s el tiempo de env\u00edo.<\/p>","protected":false},"excerpt":{"rendered":"<ul>\n<li>Fabricado a mano en aut\u00e9ntica piel de ternero de primera calidad para un exterior sofisticado.<\/li>\n<li>Lujoso y transpirable forro interior de piel de cabra para un confort superior.<\/li>\n<li>Incorpora una suela Microlight ligera y duradera con un c\u00f3modo tac\u00f3n de 1-3 cm.<\/li>\n<li>Elegante dise\u00f1o monk strap con una elegante hebilla plateada y sutiles detalles brogue.<\/li>\n<li>Disponible en las tallas de hombre 39, 40, 41, 42, 43, 44 y 45.<\/li>\n<li>Precio al por mayor: USD por par. Cantidad m\u00ednima de pedido: 8 pares.<\/li>\n<\/ul>","protected":false},"featured_media":3522,"template":"","meta":{"_acf_changed":false,"_uag_custom_page_level_css":"","site-sidebar-layout":"default","site-content-layout":"","ast-site-content-layout":"default","site-content-style":"default","site-sidebar-style":"default","ast-global-header-display":"","ast-banner-title-visibility":"","ast-main-header-display":"","ast-hfb-above-header-display":"","ast-hfb-below-header-display":"","ast-hfb-mobile-header-display":"","site-post-title":"","ast-breadcrumbs-content":"","ast-featured-img":"","footer-sml-layout":"","ast-disable-related-posts":"","theme-transparent-header-meta":"default","adv-header-id-meta":"","stick-header-meta":"","header-above-stick-meta":"","header-main-stick-meta":"","header-below-stick-meta":"","astra-migrate-meta-layouts":"set","ast-page-background-enabled":"default","ast-page-background-meta":{"desktop":{"background-color":"var(--ast-global-color-4)","background-image":"","background-repeat":"repeat","background-position":"center center","background-size":"auto","background-attachment":"scroll","background-type":"","background-media":"","overlay-type":"","overlay-color":"","overlay-opacity":"","overlay-gradient":""},"tablet":{"background-color":"","background-image":"","background-repeat":"repeat","background-position":"center center","background-size":"auto","background-attachment":"scroll","background-type":"","background-media":"","overlay-type":"","overlay-color":"","overlay-opacity":"","overlay-gradient":""},"mobile":{"background-color":"","background-image":"","background-repeat":"repeat","background-position":"center center","background-size":"auto","background-attachment":"scroll","background-type":"","background-media":"","overlay-type":"","overlay-color":"","overlay-opacity":"","overlay-gradient":""}},"ast-content-background-meta":{"desktop":{"background-color":"var(--ast-global-color-5)","background-image":"","background-repeat":"repeat","background-position":"center center","background-size":"auto","background-attachment":"scroll","background-type":"","background-media":"","overlay-type":"","overlay-color":"","overlay-opacity":"","overlay-gradient":""},"tablet":{"background-color":"var(--ast-global-color-5)","background-image":"","background-repeat":"repeat","background-position":"center center","background-size":"auto","background-attachment":"scroll","background-type":"","background-media":"","overlay-type":"","overlay-color":"","overlay-opacity":"","overlay-gradient":""},"mobile":{"background-color":"var(--ast-global-color-5)","background-image":"","background-repeat":"repeat","background-position":"center center","background-size":"auto","background-attachment":"scroll","background-type":"","background-media":"","overlay-type":"","overlay-color":"","overlay-opacity":"","overlay-gradient":""}}},"product_brand":[],"product_cat":[47,430,40],"product_tag":[370,799,185,284,352,189,219,198,286,466,798,281],"class_list":{"0":"post-5225","1":"product","2":"type-product","3":"status-publish","4":"has-post-thumbnail","6":"product_cat-classic","7":"product_cat-men","8":"product_cat-mens-shoes","9":"product_tag-black-loafers","10":"product_tag-brogue-loafers","11":"product_tag-calf-leather-shoes","12":"product_tag-dress-shoes","13":"product_tag-formal-loafers","14":"product_tag-goat-leather-lining","15":"product_tag-handmade-shoes","16":"product_tag-mens-fashion","17":"product_tag-mens-leather-shoes","18":"product_tag-microlight-sole","19":"product_tag-monk-strap-loafers","20":"product_tag-wholesale-shoes","21":"desktop-align-center","22":"tablet-align-center","23":"mobile-align-center","25":"first","26":"instock","27":"shipping-taxable","28":"purchasable","29":"product-type-variable","30":"has-default-attributes"},"acf":[],"uagb_featured_image_src":{"full":["https:\/\/turkishtrade.co\/wp-content\/uploads\/2026\/01\/2400EJOMN00121-BLACK-R_6591.png",453,250,false],"thumbnail":["https:\/\/turkishtrade.co\/wp-content\/uploads\/2026\/01\/2400EJOMN00121-BLACK-R_6591-150x150.png",150,150,true],"medium":["https:\/\/turkishtrade.co\/wp-content\/uploads\/2026\/01\/2400EJOMN00121-BLACK-R_6591-300x166.png",300,166,true],"medium_large":["https:\/\/turkishtrade.co\/wp-content\/uploads\/2026\/01\/2400EJOMN00121-BLACK-R_6591.png",453,250,false],"large":["https:\/\/turkishtrade.co\/wp-content\/uploads\/2026\/01\/2400EJOMN00121-BLACK-R_6591.png",453,250,false],"1536x1536":["https:\/\/turkishtrade.co\/wp-content\/uploads\/2026\/01\/2400EJOMN00121-BLACK-R_6591.png",453,250,false],"2048x2048":["https:\/\/turkishtrade.co\/wp-content\/uploads\/2026\/01\/2400EJOMN00121-BLACK-R_6591.png",453,250,false],"trp-custom-language-flag":["https:\/\/turkishtrade.co\/wp-content\/uploads\/2026\/01\/2400EJOMN00121-BLACK-R_6591-18x10.png",18,10,true],"woocommerce_thumbnail":["https:\/\/turkishtrade.co\/wp-content\/uploads\/2026\/01\/2400EJOMN00121-BLACK-R_6591-400x250.png",400,250,true],"woocommerce_single":["https:\/\/turkishtrade.co\/wp-content\/uploads\/2026\/01\/2400EJOMN00121-BLACK-R_6591.png",453,250,false],"woocommerce_gallery_thumbnail":["https:\/\/turkishtrade.co\/wp-content\/uploads\/2026\/01\/2400EJOMN00121-BLACK-R_6591-100x100.png",100,100,true]},"uagb_author_info":{"display_name":"yaser olabi","author_link":"https:\/\/turkishtrade.co\/es\/author\/"},"uagb_comment_info":0,"uagb_excerpt":"Handcrafted from premium genuine calf leather for a sophisticated exterior. Luxurious and breathable goat leather interior lining for superior comfort. Features a lightweight and durable Microlight sole with a comfortable 1-3cm heel. Elegant monk strap design with a sleek silver-tone buckle and subtle brogue detailing. Available in men's sizes 39, 40, 41, 42, 43, 44,&hellip;","_links":{"self":[{"href":"https:\/\/turkishtrade.co\/es\/wp-json\/wp\/v2\/product\/5225","targetHints":{"allow":["GET"]}}],"collection":[{"href":"https:\/\/turkishtrade.co\/es\/wp-json\/wp\/v2\/product"}],"about":[{"href":"https:\/\/turkishtrade.co\/es\/wp-json\/wp\/v2\/types\/product"}],"wp:featuredmedia":[{"embeddable":true,"href":"https:\/\/turkishtrade.co\/es\/wp-json\/wp\/v2\/media\/3522"}],"wp:attachment":[{"href":"https:\/\/turkishtrade.co\/es\/wp-json\/wp\/v2\/media?parent=5225"}],"wp:term":[{"taxonomy":"product_brand","embeddable":true,"href":"https:\/\/turkishtrade.co\/es\/wp-json\/wp\/v2\/product_brand?post=5225"},{"taxonomy":"product_cat","embeddable":true,"href":"https:\/\/turkishtrade.co\/es\/wp-json\/wp\/v2\/product_cat?post=5225"},{"taxonomy":"product_tag","embeddable":true,"href":"https:\/\/turkishtrade.co\/es\/wp-json\/wp\/v2\/product_tag?post=5225"}],"curies":[{"name":"wp","href":"https:\/\/api.w.org\/{rel}","templated":true}]}}