{"id":5207,"date":"2026-01-14T11:28:00","date_gmt":"2026-01-14T11:28:00","guid":{"rendered":"https:\/\/turkishtrade.co\/product\/mens-brown-leather-derby-shoes\/"},"modified":"2026-04-09T19:41:01","modified_gmt":"2026-04-09T19:41:01","slug":"mens-brown-leather-derby-shoes","status":"publish","type":"product","link":"https:\/\/turkishtrade.co\/es\/shop\/mens-brown-leather-derby-shoes\/","title":{"rendered":"Zapatos Derby de piel marr\u00f3n para hombre hechos a mano"},"content":{"rendered":"<p><strong>Zapatos Derby de piel marr\u00f3n para hombre<\/strong><\/p>\n<p>Eleve su colecci\u00f3n de calzado con nuestros exquisitos <strong>Zapatos Derby de piel marr\u00f3n para hombre<\/strong>. Dise\u00f1ados para el individuo exigente, estos zapatos combinan un estilo atemporal con una comodidad y una artesan\u00eda inigualables. Cada par de estos zapatos <strong>Zapatos Derby de piel marr\u00f3n para hombre<\/strong> est\u00e1 meticulosamente hecho a mano, garantizando un acabado que dice mucho de la calidad y la atenci\u00f3n al detalle. Perfecto para minoristas y boutiques que buscan ofrecer calzado duradero de gama alta.<\/p>\n<h3>Artesan\u00eda superior y materiales de primera calidad<\/h3>\n<p>Nuestra <strong>Zapatos Derby de piel marr\u00f3n para hombre<\/strong> est\u00e1n fabricados con los mejores materiales para garantizar lujo y durabilidad. El exterior es de aut\u00e9ntica piel de becerro, conocida por su suave textura, resistencia y elegante brillo. Esta piel de primera calidad se amolda perfectamente al pie con el paso del tiempo, ofreciendo un ajuste personalizado. En el interior, encontrar\u00e1 un forro de piel de cabra suntuosamente suave, que proporciona una transpirabilidad y un confort excepcionales desde el primer uso. Esta combinaci\u00f3n de materiales garantiza que estos <strong>Zapatos Derby de piel marr\u00f3n para hombre<\/strong> no s\u00f3lo son elegantes, sino tambi\u00e9n un placer de llevar durante todo el d\u00eda.<\/p>\n<h3>Dise\u00f1ado para ofrecer comodidad y estilo<\/h3>\n<p>M\u00e1s all\u00e1 de su impresionante est\u00e9tica, estos <strong>Zapatos Derby de piel marr\u00f3n para hombre<\/strong> est\u00e1n dise\u00f1adas para ofrecer el m\u00e1ximo confort. La innovadora suela Microlight proporciona una base ligera y flexible, absorbiendo los impactos y reduciendo la fatiga. Esta avanzada tecnolog\u00eda de suela hace que estas <strong>Zapatos Derby de piel marr\u00f3n para hombre<\/strong> ideales para largas jornadas de pie, ya sea en la oficina o en eventos especiales. Con un sutil tac\u00f3n de 1-3 cm, ofrecen la elevaci\u00f3n justa para una silueta refinada. El cl\u00e1sico dise\u00f1o Derby, caracterizado por su sistema de cordones abiertos, ofrece tanto versatilidad como un sofisticado encanto, haciendo de estos <strong>Zapatos Derby de piel marr\u00f3n para hombre<\/strong> un b\u00e1sico para cualquier armario.<\/p>\n<h3>Ideal para compradores al por mayor<\/h3>\n<p>Para las empresas que desean almacenar calzado de calidad superior, estas <strong>Zapatos Derby de piel marr\u00f3n para hombre<\/strong> presentan una excelente oportunidad. Ofrecemos un precio al por mayor competitivo de USD por par, con una cantidad m\u00ednima de pedido de s\u00f3lo 8 pares. Esto le permite reponer f\u00e1cilmente su inventario con las tallas m\u00e1s solicitadas, que van de la UE 39 a la 45. Nuestro eficaz sistema de producci\u00f3n y entrega garantiza que su pedido de <strong>Zapatos Derby de piel marr\u00f3n para hombre<\/strong> estar\u00e1 listo para su env\u00edo en 12 d\u00edas, m\u00e1s el tiempo de tr\u00e1nsito. Ofrezca a sus clientes la mezcla perfecta de tradici\u00f3n, modernidad y comodidad con estas excepcionales <strong>Zapatos Derby de piel marr\u00f3n para hombre<\/strong>.<\/p>","protected":false},"excerpt":{"rendered":"<ul>\n<li><strong>Materiales de primera calidad:<\/strong> Fabricado con piel de ternero aut\u00e9ntica en el exterior y suave piel de cabra en el interior.<\/li>\n<li><strong>Suela de confort:<\/strong> Incorpora una suela Microlight ligera para una mayor comodidad y durabilidad.<\/li>\n<li><strong>Dise\u00f1o elegante:<\/strong> Tac\u00f3n cl\u00e1sico de 1-3 cm de altura y sofisticado acabado marr\u00f3n, perfecto para vestir formal o elegante-casual.<\/li>\n<li><strong>Tallas disponibles:<\/strong> Se ofrece en una amplia gama de tallas de la UE, de la 39 a la 45.<\/li>\n<li><strong>Disponibilidad al por mayor:<\/strong> Pedido m\u00ednimo de 8 pares. El precio al por mayor de los zapatos es de USD por par.<\/li>\n<li><strong>Entrega eficaz:<\/strong> Plazo de entrega de 12 d\u00edas m\u00e1s gastos de env\u00edo para pedidos al por mayor.<\/li>\n<\/ul>","protected":false},"featured_media":3513,"template":"","meta":{"_acf_changed":false,"_uag_custom_page_level_css":"","site-sidebar-layout":"default","site-content-layout":"","ast-site-content-layout":"default","site-content-style":"default","site-sidebar-style":"default","ast-global-header-display":"","ast-banner-title-visibility":"","ast-main-header-display":"","ast-hfb-above-header-display":"","ast-hfb-below-header-display":"","ast-hfb-mobile-header-display":"","site-post-title":"","ast-breadcrumbs-content":"","ast-featured-img":"","footer-sml-layout":"","ast-disable-related-posts":"","theme-transparent-header-meta":"default","adv-header-id-meta":"","stick-header-meta":"","header-above-stick-meta":"","header-main-stick-meta":"","header-below-stick-meta":"","astra-migrate-meta-layouts":"set","ast-page-background-enabled":"default","ast-page-background-meta":{"desktop":{"background-color":"var(--ast-global-color-4)","background-image":"","background-repeat":"repeat","background-position":"center center","background-size":"auto","background-attachment":"scroll","background-type":"","background-media":"","overlay-type":"","overlay-color":"","overlay-opacity":"","overlay-gradient":""},"tablet":{"background-color":"","background-image":"","background-repeat":"repeat","background-position":"center center","background-size":"auto","background-attachment":"scroll","background-type":"","background-media":"","overlay-type":"","overlay-color":"","overlay-opacity":"","overlay-gradient":""},"mobile":{"background-color":"","background-image":"","background-repeat":"repeat","background-position":"center center","background-size":"auto","background-attachment":"scroll","background-type":"","background-media":"","overlay-type":"","overlay-color":"","overlay-opacity":"","overlay-gradient":""}},"ast-content-background-meta":{"desktop":{"background-color":"var(--ast-global-color-5)","background-image":"","background-repeat":"repeat","background-position":"center center","background-size":"auto","background-attachment":"scroll","background-type":"","background-media":"","overlay-type":"","overlay-color":"","overlay-opacity":"","overlay-gradient":""},"tablet":{"background-color":"var(--ast-global-color-5)","background-image":"","background-repeat":"repeat","background-position":"center center","background-size":"auto","background-attachment":"scroll","background-type":"","background-media":"","overlay-type":"","overlay-color":"","overlay-opacity":"","overlay-gradient":""},"mobile":{"background-color":"var(--ast-global-color-5)","background-image":"","background-repeat":"repeat","background-position":"center center","background-size":"auto","background-attachment":"scroll","background-type":"","background-media":"","overlay-type":"","overlay-color":"","overlay-opacity":"","overlay-gradient":""}}},"product_brand":[],"product_cat":[47,430,40],"product_tag":[199,513,185,181,212,480,650,251,189,786,286,466,787,281],"class_list":{"0":"post-5207","1":"product","2":"type-product","3":"status-publish","4":"has-post-thumbnail","6":"product_cat-classic","7":"product_cat-men","8":"product_cat-mens-shoes","9":"product_tag-brown-dress-shoes","10":"product_tag-business-casual-shoes","11":"product_tag-calf-leather-shoes","12":"product_tag-comfortable-dress-shoes","13":"product_tag-derby-shoes","14":"product_tag-elegant-shoes","15":"product_tag-eu-sizes","16":"product_tag-formal-shoes","17":"product_tag-goat-leather-lining","18":"product_tag-handcrafted-footwear","19":"product_tag-mens-leather-shoes","20":"product_tag-microlight-sole","21":"product_tag-premium-mens-shoes","22":"product_tag-wholesale-shoes","23":"desktop-align-center","24":"tablet-align-center","25":"mobile-align-center","27":"first","28":"instock","29":"shipping-taxable","30":"purchasable","31":"product-type-variable","32":"has-default-attributes"},"acf":[],"uagb_featured_image_src":{"full":["https:\/\/turkishtrade.co\/wp-content\/uploads\/2026\/01\/2400EJOMN00112-BROWN-Y_541.png",453,250,false],"thumbnail":["https:\/\/turkishtrade.co\/wp-content\/uploads\/2026\/01\/2400EJOMN00112-BROWN-Y_541-150x150.png",150,150,true],"medium":["https:\/\/turkishtrade.co\/wp-content\/uploads\/2026\/01\/2400EJOMN00112-BROWN-Y_541-300x166.png",300,166,true],"medium_large":["https:\/\/turkishtrade.co\/wp-content\/uploads\/2026\/01\/2400EJOMN00112-BROWN-Y_541.png",453,250,false],"large":["https:\/\/turkishtrade.co\/wp-content\/uploads\/2026\/01\/2400EJOMN00112-BROWN-Y_541.png",453,250,false],"1536x1536":["https:\/\/turkishtrade.co\/wp-content\/uploads\/2026\/01\/2400EJOMN00112-BROWN-Y_541.png",453,250,false],"2048x2048":["https:\/\/turkishtrade.co\/wp-content\/uploads\/2026\/01\/2400EJOMN00112-BROWN-Y_541.png",453,250,false],"trp-custom-language-flag":["https:\/\/turkishtrade.co\/wp-content\/uploads\/2026\/01\/2400EJOMN00112-BROWN-Y_541-18x10.png",18,10,true],"woocommerce_thumbnail":["https:\/\/turkishtrade.co\/wp-content\/uploads\/2026\/01\/2400EJOMN00112-BROWN-Y_541-400x250.png",400,250,true],"woocommerce_single":["https:\/\/turkishtrade.co\/wp-content\/uploads\/2026\/01\/2400EJOMN00112-BROWN-Y_541.png",453,250,false],"woocommerce_gallery_thumbnail":["https:\/\/turkishtrade.co\/wp-content\/uploads\/2026\/01\/2400EJOMN00112-BROWN-Y_541-100x100.png",100,100,true]},"uagb_author_info":{"display_name":"yaser olabi","author_link":"https:\/\/turkishtrade.co\/es\/author\/"},"uagb_comment_info":0,"uagb_excerpt":"Premium Materials: Crafted with genuine calf leather exterior and soft goat leather interior. Comfort Sole: Features a lightweight Microlight sole for superior comfort and durability. Elegant Design: Classic 1-3 cm heel height and sophisticated brown finish, perfect for formal or smart-casual wear. Available Sizes: Offered in a comprehensive range of EU sizes from 39 to&hellip;","_links":{"self":[{"href":"https:\/\/turkishtrade.co\/es\/wp-json\/wp\/v2\/product\/5207","targetHints":{"allow":["GET"]}}],"collection":[{"href":"https:\/\/turkishtrade.co\/es\/wp-json\/wp\/v2\/product"}],"about":[{"href":"https:\/\/turkishtrade.co\/es\/wp-json\/wp\/v2\/types\/product"}],"wp:featuredmedia":[{"embeddable":true,"href":"https:\/\/turkishtrade.co\/es\/wp-json\/wp\/v2\/media\/3513"}],"wp:attachment":[{"href":"https:\/\/turkishtrade.co\/es\/wp-json\/wp\/v2\/media?parent=5207"}],"wp:term":[{"taxonomy":"product_brand","embeddable":true,"href":"https:\/\/turkishtrade.co\/es\/wp-json\/wp\/v2\/product_brand?post=5207"},{"taxonomy":"product_cat","embeddable":true,"href":"https:\/\/turkishtrade.co\/es\/wp-json\/wp\/v2\/product_cat?post=5207"},{"taxonomy":"product_tag","embeddable":true,"href":"https:\/\/turkishtrade.co\/es\/wp-json\/wp\/v2\/product_tag?post=5207"}],"curies":[{"name":"wp","href":"https:\/\/api.w.org\/{rel}","templated":true}]}}