{"id":5203,"date":"2026-01-14T11:27:26","date_gmt":"2026-01-14T11:27:26","guid":{"rendered":"https:\/\/turkishtrade.co\/product\/mens-navy-monk-strap-shoes\/"},"modified":"2026-04-09T19:41:07","modified_gmt":"2026-04-09T19:41:07","slug":"mens-navy-monk-strap-shoes","status":"publish","type":"product","link":"https:\/\/turkishtrade.co\/es\/shop\/mens-navy-monk-strap-shoes\/","title":{"rendered":"Zapatos monk strap de piel azul marino para hombre de primera calidad"},"content":{"rendered":"<p><strong>Zapatos monk strap azul marino para hombre<\/strong><\/p>\n<p>Ad\u00e9ntrese en una sofisticaci\u00f3n sin igual con nuestro exquisito <strong>Zapatos monk strap azul marino para hombre<\/strong>. Creados para el caballero exigente, estos zapatos combinan un dise\u00f1o atemporal con una elegancia contempor\u00e1nea, convirti\u00e9ndolos en un complemento indispensable para cualquier armario. Nuestro <strong>Zapatos monk strap azul marino para hombre<\/strong> son algo m\u00e1s que calzado: son una declaraci\u00f3n de clase y gusto impecable, perfectos tanto para ocasiones formales como para conjuntos business casual elevados.<\/p>\n<h3>Eleva tu estilo: Los zapatos monk strap azul marino para hombre<\/h3>\n<p>Experimente el lujoso tacto de la aut\u00e9ntica piel de becerro que conforma la superficie exterior de estos extraordinarios zapatos, ofreciendo una durabilidad excepcional y un tono azul marino intenso que desarrolla una p\u00e1tina \u00fanica con el paso del tiempo. El interior cuenta con un forro de piel de cabra suntuosamente suave, que garantiza una comodidad y transpirabilidad superiores durante todo el d\u00eda. Cada par de estos <strong>Zapatos monk strap azul marino para hombre<\/strong> est\u00e1 meticulosamente elaborado, prestando atenci\u00f3n a los detalles en cada puntada y curva, desde la cl\u00e1sica hebilla monk strap hasta las sutiles perforaciones en la puntera.<\/p>\n<p>La comodidad es primordial, por eso estas <strong>Zapatos monk strap azul marino para hombre<\/strong> incorporan una suela Microlight ligera y flexible. Esta innovadora tecnolog\u00eda de suela proporciona una excelente amortiguaci\u00f3n y sujeci\u00f3n, permiti\u00e9ndole moverse con facilidad desde las reuniones matutinas hasta los eventos nocturnos. La sutil altura del tac\u00f3n de 1 a 3 cm a\u00f1ade la elevaci\u00f3n justa sin comprometer la comodidad. Ya sea con un traje elegante, unos pantalones de sastrer\u00eda o incluso unos vaqueros elegantes, estos zapatos monk strap azul marino para hombre realzar\u00e1n tu look con un aire de refinada confianza, consolidando su estatus de esenciales. <strong>zapatos monk strap azul marino para hombre<\/strong>.<\/p>\n<p>Para los minoristas y las empresas que buscan calzado de alta calidad, nuestro <strong>Zapatos monk strap azul marino para hombre<\/strong> est\u00e1n disponibles para pedidos al por mayor con una cantidad m\u00ednima de 8 pares. Nos enorgullecemos de una producci\u00f3n y entrega eficientes, garantizando que su pedido llegue en un plazo de 12 d\u00edas m\u00e1s gastos de env\u00edo. Eleve su inventario con estos <strong>Zapatos monk strap azul marino para hombre<\/strong>, ofrecen una mezcla de elegancia tradicional y comodidad moderna que sus clientes adorar\u00e1n. Disponibles en una amplia gama de tallas, de la UE 39 a la 45, son realmente excepcionales. <strong>zapatos monk strap azul marino para hombre<\/strong>.<\/p>","protected":false},"excerpt":{"rendered":"<ul>\n<li><strong>Material superior:<\/strong> Lujosa piel de becerro aut\u00e9ntica<\/li>\n<li><strong>Material del forro:<\/strong> Piel de cabra suave y transpirable<\/li>\n<li><strong>Suela:<\/strong> Suela ultraligera, ligera y flexible<\/li>\n<li><strong>Altura del tac\u00f3n:<\/strong> Sutil 1-3 cm<\/li>\n<li><strong>Estilo:<\/strong> Elegante monk strap con detalle de punta de ala<\/li>\n<li><strong>Tallas disponibles:<\/strong> UE 39, 40, 41, 42, 43, 44, 45<\/li>\n<li><strong>Disponibilidad a granel:<\/strong> Pedido m\u00ednimo de 8 pares.<\/li>\n<li><strong>Entrega:<\/strong> Env\u00edo en 12 d\u00edas + tiempo de env\u00edo est\u00e1ndar.<\/li>\n<\/ul>","protected":false},"featured_media":3511,"template":"","meta":{"_acf_changed":false,"_uag_custom_page_level_css":"","site-sidebar-layout":"default","site-content-layout":"","ast-site-content-layout":"default","site-content-style":"default","site-sidebar-style":"default","ast-global-header-display":"","ast-banner-title-visibility":"","ast-main-header-display":"","ast-hfb-above-header-display":"","ast-hfb-below-header-display":"","ast-hfb-mobile-header-display":"","site-post-title":"","ast-breadcrumbs-content":"","ast-featured-img":"","footer-sml-layout":"","ast-disable-related-posts":"","theme-transparent-header-meta":"default","adv-header-id-meta":"","stick-header-meta":"","header-above-stick-meta":"","header-main-stick-meta":"","header-below-stick-meta":"","astra-migrate-meta-layouts":"set","ast-page-background-enabled":"default","ast-page-background-meta":{"desktop":{"background-color":"var(--ast-global-color-4)","background-image":"","background-repeat":"repeat","background-position":"center center","background-size":"auto","background-attachment":"scroll","background-type":"","background-media":"","overlay-type":"","overlay-color":"","overlay-opacity":"","overlay-gradient":""},"tablet":{"background-color":"","background-image":"","background-repeat":"repeat","background-position":"center center","background-size":"auto","background-attachment":"scroll","background-type":"","background-media":"","overlay-type":"","overlay-color":"","overlay-opacity":"","overlay-gradient":""},"mobile":{"background-color":"","background-image":"","background-repeat":"repeat","background-position":"center center","background-size":"auto","background-attachment":"scroll","background-type":"","background-media":"","overlay-type":"","overlay-color":"","overlay-opacity":"","overlay-gradient":""}},"ast-content-background-meta":{"desktop":{"background-color":"var(--ast-global-color-5)","background-image":"","background-repeat":"repeat","background-position":"center center","background-size":"auto","background-attachment":"scroll","background-type":"","background-media":"","overlay-type":"","overlay-color":"","overlay-opacity":"","overlay-gradient":""},"tablet":{"background-color":"var(--ast-global-color-5)","background-image":"","background-repeat":"repeat","background-position":"center center","background-size":"auto","background-attachment":"scroll","background-type":"","background-media":"","overlay-type":"","overlay-color":"","overlay-opacity":"","overlay-gradient":""},"mobile":{"background-color":"var(--ast-global-color-5)","background-image":"","background-repeat":"repeat","background-position":"center center","background-size":"auto","background-attachment":"scroll","background-type":"","background-media":"","overlay-type":"","overlay-color":"","overlay-opacity":"","overlay-gradient":""}}},"product_brand":[],"product_cat":[47,430,40],"product_tag":[646,405,202,284,251,437,783,227,466,404,479,508,281,702],"class_list":{"0":"post-5203","1":"product","2":"type-product","3":"status-publish","4":"has-post-thumbnail","6":"product_cat-classic","7":"product_cat-men","8":"product_cat-mens-shoes","9":"product_tag-blue-shoes","10":"product_tag-business-shoes","11":"product_tag-calf-leather","12":"product_tag-dress-shoes","13":"product_tag-formal-shoes","14":"product_tag-goat-leather","15":"product_tag-handcrafted","16":"product_tag-leather-shoes","17":"product_tag-microlight-sole","18":"product_tag-monk-strap","19":"product_tag-navy-shoes","20":"product_tag-single-monk-strap","21":"product_tag-wholesale-shoes","22":"product_tag-wingtip-shoes","23":"desktop-align-center","24":"tablet-align-center","25":"mobile-align-center","27":"first","28":"instock","29":"shipping-taxable","30":"purchasable","31":"product-type-variable","32":"has-default-attributes"},"acf":[],"uagb_featured_image_src":{"full":["https:\/\/turkishtrade.co\/wp-content\/uploads\/2026\/01\/2400EJOMN00109-DARK-BLUE-Z_82.png",453,250,false],"thumbnail":["https:\/\/turkishtrade.co\/wp-content\/uploads\/2026\/01\/2400EJOMN00109-DARK-BLUE-Z_82-150x150.png",150,150,true],"medium":["https:\/\/turkishtrade.co\/wp-content\/uploads\/2026\/01\/2400EJOMN00109-DARK-BLUE-Z_82-300x166.png",300,166,true],"medium_large":["https:\/\/turkishtrade.co\/wp-content\/uploads\/2026\/01\/2400EJOMN00109-DARK-BLUE-Z_82.png",453,250,false],"large":["https:\/\/turkishtrade.co\/wp-content\/uploads\/2026\/01\/2400EJOMN00109-DARK-BLUE-Z_82.png",453,250,false],"1536x1536":["https:\/\/turkishtrade.co\/wp-content\/uploads\/2026\/01\/2400EJOMN00109-DARK-BLUE-Z_82.png",453,250,false],"2048x2048":["https:\/\/turkishtrade.co\/wp-content\/uploads\/2026\/01\/2400EJOMN00109-DARK-BLUE-Z_82.png",453,250,false],"trp-custom-language-flag":["https:\/\/turkishtrade.co\/wp-content\/uploads\/2026\/01\/2400EJOMN00109-DARK-BLUE-Z_82-18x10.png",18,10,true],"woocommerce_thumbnail":["https:\/\/turkishtrade.co\/wp-content\/uploads\/2026\/01\/2400EJOMN00109-DARK-BLUE-Z_82-400x250.png",400,250,true],"woocommerce_single":["https:\/\/turkishtrade.co\/wp-content\/uploads\/2026\/01\/2400EJOMN00109-DARK-BLUE-Z_82.png",453,250,false],"woocommerce_gallery_thumbnail":["https:\/\/turkishtrade.co\/wp-content\/uploads\/2026\/01\/2400EJOMN00109-DARK-BLUE-Z_82-100x100.png",100,100,true]},"uagb_author_info":{"display_name":"yaser olabi","author_link":"https:\/\/turkishtrade.co\/es\/author\/"},"uagb_comment_info":0,"uagb_excerpt":"Upper Material: Luxurious Genuine Calf Leather Lining Material: Soft and Breathable Goat Leather Sole: Lightweight and Flexible Microlight Sole Heel Height: Subtle 1-3 cm Style: Elegant Single Monk Strap with Wingtip Detailing Available Sizes: EU 39, 40, 41, 42, 43, 44, 45 Bulk Availability: Minimum order quantity of 8 pairs. Delivery: Ships within 12 days&hellip;","_links":{"self":[{"href":"https:\/\/turkishtrade.co\/es\/wp-json\/wp\/v2\/product\/5203","targetHints":{"allow":["GET"]}}],"collection":[{"href":"https:\/\/turkishtrade.co\/es\/wp-json\/wp\/v2\/product"}],"about":[{"href":"https:\/\/turkishtrade.co\/es\/wp-json\/wp\/v2\/types\/product"}],"wp:featuredmedia":[{"embeddable":true,"href":"https:\/\/turkishtrade.co\/es\/wp-json\/wp\/v2\/media\/3511"}],"wp:attachment":[{"href":"https:\/\/turkishtrade.co\/es\/wp-json\/wp\/v2\/media?parent=5203"}],"wp:term":[{"taxonomy":"product_brand","embeddable":true,"href":"https:\/\/turkishtrade.co\/es\/wp-json\/wp\/v2\/product_brand?post=5203"},{"taxonomy":"product_cat","embeddable":true,"href":"https:\/\/turkishtrade.co\/es\/wp-json\/wp\/v2\/product_cat?post=5203"},{"taxonomy":"product_tag","embeddable":true,"href":"https:\/\/turkishtrade.co\/es\/wp-json\/wp\/v2\/product_tag?post=5203"}],"curies":[{"name":"wp","href":"https:\/\/api.w.org\/{rel}","templated":true}]}}