{"id":5189,"date":"2026-01-14T11:25:33","date_gmt":"2026-01-14T11:25:33","guid":{"rendered":"https:\/\/turkishtrade.co\/product\/mens-leather-dress-shoes\/"},"modified":"2026-04-09T19:41:32","modified_gmt":"2026-04-09T19:41:32","slug":"mens-leather-dress-shoes","status":"publish","type":"product","link":"https:\/\/turkishtrade.co\/es\/shop\/mens-leather-dress-shoes\/","title":{"rendered":"Zapatos de vestir cl\u00e1sicos de piel marr\u00f3n para hombre con suela ultraligera"},"content":{"rendered":"<p><strong>Zapatos de vestir de piel para hombre<\/strong><\/p>\n<p>Entre en la sofisticaci\u00f3n con nuestros zapatos de vestir cl\u00e1sicos de piel marr\u00f3n para hombre, meticulosamente dise\u00f1ados para el caballero exigente. Estos excepcionales <strong>zapatos de vestir de piel para hombre<\/strong> combinan un estilo atemporal con un confort moderno, convirti\u00e9ndolos en la piedra angular de cualquier armario refinado. Confeccionados con los mejores materiales, estos zapatos formales son perfectos para reuniones de negocios, eventos especiales o cualquier ocasi\u00f3n en la que un aspecto pulido sea primordial.<\/p>\n<h3>Artesan\u00eda inigualable y materiales de primera calidad<\/h3>\n<p>Nuestra <strong>zapatos de vestir de piel para hombre<\/strong> cuentan con un exquisito exterior de aut\u00e9ntica piel de becerro, conocida por su textura flexible, brillo natural y notable durabilidad. Esta piel de primera calidad se amolda perfectamente al pie con el paso del tiempo, garantizando un ajuste c\u00f3modo y personalizado. El interior est\u00e1 suntuosamente forrado con suave piel de cabra, que proporciona una transpirabilidad superior y un tacto incre\u00edblemente suave sobre la piel. Esta cuidada combinaci\u00f3n de materiales garantiza no s\u00f3lo longevidad, sino tambi\u00e9n un confort sin igual, manteniendo sus pies frescos durante todo el d\u00eda.<\/p>\n<h3>El confort se une a la durabilidad con la suela ultraligera<\/h3>\n<p>Experimente la combinaci\u00f3n perfecta de sujeci\u00f3n y ligereza con nuestra innovadora suela Microlight. Esta avanzada tecnolog\u00eda de suela reduce significativamente el peso del zapato sin comprometer la durabilidad ni la tracci\u00f3n. La suela Microlight ofrece una excelente absorci\u00f3n de impactos, amortiguando tus pasos y proporcionando comodidad durante todo el d\u00eda, tanto si te mueves por las calles de la ciudad como si permaneces de pie durante largos periodos. Complementa la suela un elegante tac\u00f3n de 1 a 3 cm, que ofrece una sutil elevaci\u00f3n y realza la silueta cl\u00e1sica del zapato. Estas caracter\u00edsticas hacen que nuestros <strong>zapatos de vestir de piel para hombre<\/strong> una elecci\u00f3n inteligente tanto por su estilo como por su practicidad.<\/p>\n<h3>Estilo vers\u00e1til para cualquier ocasi\u00f3n<\/h3>\n<p>El tono marr\u00f3n intenso de estas <strong>zapatos de vestir de piel para hombre<\/strong> ofrece una versatilidad incre\u00edble, combinando sin esfuerzo con una amplia gama de atuendos formales y semiformales. Desde trajes de sastrer\u00eda y pantalones business casual hasta elegantes blazers, estos zapatos realzar\u00e1n su conjunto con su sofisticado atractivo. El dise\u00f1o cl\u00e1sico con cordones a\u00f1ade un toque de elegancia tradicional, garantizando que estos zapatos sigan siendo una inversi\u00f3n atemporal en su colecci\u00f3n de calzado. Disponibles en una amplia gama de tallas, de la 39 a la 45, garantizamos un ajuste perfecto para una amplia clientela.<\/p>\n<p>Para las empresas que buscan calzado formal de alta calidad, estos <strong>zapatos de vestir de piel para hombre<\/strong> est\u00e1n disponibles para su compra al por mayor con un pedido m\u00ednimo de 8 pares. Ofrecemos precios competitivos a s\u00f3lo USD por par, excluidas las botas. Nuestro eficiente sistema de producci\u00f3n y entrega garantiza que su pedido se procese r\u00e1pidamente, con un plazo de entrega de 12 d\u00edas m\u00e1s gastos de env\u00edo. Invierta en calidad superior y estilo refinado con nuestros excepcionales zapatos de vestir de piel para hombre: la elecci\u00f3n definitiva tanto para clientes exigentes como para empresas.<\/p>","protected":false},"excerpt":{"rendered":"<ul>\n<li>Fabricado a mano con piel de becerro de primera calidad en el exterior y suave piel de cabra en el interior.<\/li>\n<li>Incorpora una suela Microlight ligera y flexible para una mayor comodidad y durabilidad.<\/li>\n<li>Elegante tac\u00f3n de 1-3 cm de altura, perfecto para todas las ocasiones formales y de negocios.<\/li>\n<li>Disponible en una amplia gama de tallas: 39, 40, 41, 42, 43, 44, 45.<\/li>\n<li>Cantidad m\u00ednima de pedido: 8 pares, ideal para compradores al por mayor y a granel.<\/li>\n<li>Plazo de entrega eficaz: 12 d\u00edas + gastos de env\u00edo.<\/li>\n<li>A un precio competitivo de s\u00f3lo USD el par para los modelos que no son botas.<\/li>\n<\/ul>","protected":false},"featured_media":3503,"template":"","meta":{"_acf_changed":false,"_uag_custom_page_level_css":"","site-sidebar-layout":"default","site-content-layout":"","ast-site-content-layout":"default","site-content-style":"default","site-sidebar-style":"default","ast-global-header-display":"","ast-banner-title-visibility":"","ast-main-header-display":"","ast-hfb-above-header-display":"","ast-hfb-below-header-display":"","ast-hfb-mobile-header-display":"","site-post-title":"","ast-breadcrumbs-content":"","ast-featured-img":"","footer-sml-layout":"","ast-disable-related-posts":"","theme-transparent-header-meta":"default","adv-header-id-meta":"","stick-header-meta":"","header-above-stick-meta":"","header-main-stick-meta":"","header-below-stick-meta":"","astra-migrate-meta-layouts":"set","ast-page-background-enabled":"default","ast-page-background-meta":{"desktop":{"background-color":"var(--ast-global-color-4)","background-image":"","background-repeat":"repeat","background-position":"center center","background-size":"auto","background-attachment":"scroll","background-type":"","background-media":"","overlay-type":"","overlay-color":"","overlay-opacity":"","overlay-gradient":""},"tablet":{"background-color":"","background-image":"","background-repeat":"repeat","background-position":"center center","background-size":"auto","background-attachment":"scroll","background-type":"","background-media":"","overlay-type":"","overlay-color":"","overlay-opacity":"","overlay-gradient":""},"mobile":{"background-color":"","background-image":"","background-repeat":"repeat","background-position":"center center","background-size":"auto","background-attachment":"scroll","background-type":"","background-media":"","overlay-type":"","overlay-color":"","overlay-opacity":"","overlay-gradient":""}},"ast-content-background-meta":{"desktop":{"background-color":"var(--ast-global-color-5)","background-image":"","background-repeat":"repeat","background-position":"center center","background-size":"auto","background-attachment":"scroll","background-type":"","background-media":"","overlay-type":"","overlay-color":"","overlay-opacity":"","overlay-gradient":""},"tablet":{"background-color":"var(--ast-global-color-5)","background-image":"","background-repeat":"repeat","background-position":"center center","background-size":"auto","background-attachment":"scroll","background-type":"","background-media":"","overlay-type":"","overlay-color":"","overlay-opacity":"","overlay-gradient":""},"mobile":{"background-color":"var(--ast-global-color-5)","background-image":"","background-repeat":"repeat","background-position":"center center","background-size":"auto","background-attachment":"scroll","background-type":"","background-media":"","overlay-type":"","overlay-color":"","overlay-opacity":"","overlay-gradient":""}}},"product_brand":[],"product_cat":[47,430,40],"product_tag":[292,405,185,314,189,666,774,466,632,633],"class_list":{"0":"post-5189","1":"product","2":"type-product","3":"status-publish","4":"has-post-thumbnail","6":"product_cat-classic","7":"product_cat-men","8":"product_cat-mens-shoes","9":"product_tag-brown-leather-shoes","10":"product_tag-business-shoes","11":"product_tag-calf-leather-shoes","12":"product_tag-formal-mens-shoes","13":"product_tag-goat-leather-lining","14":"product_tag-mens-formal-footwear","15":"product_tag-mens-leather-dress-shoes","16":"product_tag-microlight-sole","17":"product_tag-premium-leather-shoes","18":"product_tag-wholesale-dress-shoes","19":"desktop-align-center","20":"tablet-align-center","21":"mobile-align-center","23":"first","24":"instock","25":"shipping-taxable","26":"purchasable","27":"product-type-variable","28":"has-default-attributes"},"acf":[],"uagb_featured_image_src":{"full":["https:\/\/turkishtrade.co\/wp-content\/uploads\/2026\/01\/2400EJOMN00103-DARK-BROWN-12644.png",453,250,false],"thumbnail":["https:\/\/turkishtrade.co\/wp-content\/uploads\/2026\/01\/2400EJOMN00103-DARK-BROWN-12644.png",150,83,false],"medium":["https:\/\/turkishtrade.co\/wp-content\/uploads\/2026\/01\/2400EJOMN00103-DARK-BROWN-12644.png",300,166,false],"medium_large":["https:\/\/turkishtrade.co\/wp-content\/uploads\/2026\/01\/2400EJOMN00103-DARK-BROWN-12644.png",453,250,false],"large":["https:\/\/turkishtrade.co\/wp-content\/uploads\/2026\/01\/2400EJOMN00103-DARK-BROWN-12644.png",453,250,false],"1536x1536":["https:\/\/turkishtrade.co\/wp-content\/uploads\/2026\/01\/2400EJOMN00103-DARK-BROWN-12644.png",453,250,false],"2048x2048":["https:\/\/turkishtrade.co\/wp-content\/uploads\/2026\/01\/2400EJOMN00103-DARK-BROWN-12644.png",453,250,false],"trp-custom-language-flag":["https:\/\/turkishtrade.co\/wp-content\/uploads\/2026\/01\/2400EJOMN00103-DARK-BROWN-12644.png",18,10,false],"woocommerce_thumbnail":["https:\/\/turkishtrade.co\/wp-content\/uploads\/2026\/01\/2400EJOMN00103-DARK-BROWN-12644-400x250.png",400,250,true],"woocommerce_single":["https:\/\/turkishtrade.co\/wp-content\/uploads\/2026\/01\/2400EJOMN00103-DARK-BROWN-12644.png",453,250,false],"woocommerce_gallery_thumbnail":["https:\/\/turkishtrade.co\/wp-content\/uploads\/2026\/01\/2400EJOMN00103-DARK-BROWN-12644-100x100.png",100,100,true]},"uagb_author_info":{"display_name":"yaser olabi","author_link":"https:\/\/turkishtrade.co\/es\/author\/"},"uagb_comment_info":0,"uagb_excerpt":"Handcrafted from premium Calf Leather exterior and soft Goat Leather interior. Features a lightweight and flexible Microlight sole for superior comfort and durability. Elegant 1-3 cm heel height, perfect for all formal and business occasions. Available in a comprehensive size range: 39, 40, 41, 42, 43, 44, 45. Minimum order quantity: 8 pairs, ideal for&hellip;","_links":{"self":[{"href":"https:\/\/turkishtrade.co\/es\/wp-json\/wp\/v2\/product\/5189","targetHints":{"allow":["GET"]}}],"collection":[{"href":"https:\/\/turkishtrade.co\/es\/wp-json\/wp\/v2\/product"}],"about":[{"href":"https:\/\/turkishtrade.co\/es\/wp-json\/wp\/v2\/types\/product"}],"wp:featuredmedia":[{"embeddable":true,"href":"https:\/\/turkishtrade.co\/es\/wp-json\/wp\/v2\/media\/3503"}],"wp:attachment":[{"href":"https:\/\/turkishtrade.co\/es\/wp-json\/wp\/v2\/media?parent=5189"}],"wp:term":[{"taxonomy":"product_brand","embeddable":true,"href":"https:\/\/turkishtrade.co\/es\/wp-json\/wp\/v2\/product_brand?post=5189"},{"taxonomy":"product_cat","embeddable":true,"href":"https:\/\/turkishtrade.co\/es\/wp-json\/wp\/v2\/product_cat?post=5189"},{"taxonomy":"product_tag","embeddable":true,"href":"https:\/\/turkishtrade.co\/es\/wp-json\/wp\/v2\/product_tag?post=5189"}],"curies":[{"name":"wp","href":"https:\/\/api.w.org\/{rel}","templated":true}]}}