{"id":5181,"date":"2026-01-14T11:24:23","date_gmt":"2026-01-14T11:24:23","guid":{"rendered":"https:\/\/turkishtrade.co\/product\/men-black-leather-oxford-shoes\/"},"modified":"2026-04-09T19:41:43","modified_gmt":"2026-04-09T19:41:43","slug":"mens-black-leather-oxford-shoes-2","status":"publish","type":"product","link":"https:\/\/turkishtrade.co\/es\/shop\/mens-black-leather-oxford-shoes-2\/","title":{"rendered":"Zapatos Oxford cl\u00e1sicos de cuero negro para hombre"},"content":{"rendered":"<p><strong>Zapatos Oxford de cuero negro para hombre<\/strong><\/p>\n<p>Ad\u00e9ntrese en una sofisticaci\u00f3n sin igual con nuestro exquisito <strong>Zapatos Oxford de cuero negro para hombre<\/strong>. Dise\u00f1ados para el caballero exigente, estos zapatos de vestir cl\u00e1sicos son un testimonio de artesan\u00eda superior y estilo atemporal. Perfectos para reuniones de negocios, eventos formales o cualquier ocasi\u00f3n en la que una presentaci\u00f3n impecable sea clave, estos <strong>Zapatos Oxford de cuero negro para hombre<\/strong> elevar\u00e1 tu vestuario.<\/p>\n<h3>Materiales de primera calidad para una comodidad y durabilidad inigualables<\/h3>\n<p>Cada par de nuestros <strong>Zapatos Oxford de cuero negro para hombre<\/strong> est\u00e1 fabricado meticulosamente con los mejores materiales. El exterior est\u00e1 confeccionado en piel de ternero de primera calidad, famosa por su textura suave, brillo natural y durabilidad excepcional, lo que garantiza que tus zapatos no solo tengan un aspecto fant\u00e1stico, sino que tambi\u00e9n resistan el paso del tiempo. En el interior, sus pies se acunar\u00e1n en el lujo con un suave forro de piel de cabra, que proporciona transpirabilidad y un ajuste c\u00f3modo que se amolda a su pie con el tiempo.<\/p>\n<p>La base de estos notables <strong>Zapatos Oxford de cuero negro para hombre<\/strong> es la innovadora suela Microlight. Esta suela ligera pero robusta ofrece un agarre y una flexibilidad excelentes, haci\u00e9ndolos c\u00f3modos para un uso prolongado sin comprometer su perfil elegante. Con una sutil altura de tac\u00f3n de 1 a 3 cm, estos zapatos proporcionan la elevaci\u00f3n justa para una silueta refinada.<\/p>\n<h3>Dise\u00f1o atemporal y estilo vers\u00e1til<\/h3>\n<p>El ic\u00f3nico dise\u00f1o Oxford de puntera hace que estas <strong>Zapatos Oxford de cuero negro para hombre<\/strong> un b\u00e1sico vers\u00e1til para cualquier atuendo formal o semiformal. Ya sea con un elegante traje de negocios, un esmoquin o un pantal\u00f3n informal, irradian elegancia y seguridad. Su cl\u00e1sico tono negro garantiza su perfecta integraci\u00f3n en cualquier vestuario, convirti\u00e9ndolos en un accesorio indispensable para el hombre moderno. Invierta en un par de nuestros <strong>Zapatos Oxford de cuero negro para hombre<\/strong> y experimente la mezcla perfecta de tradici\u00f3n y elegancia contempor\u00e1nea.<\/p>\n<h3>Informaci\u00f3n sobre pedidos y entregas<\/h3>\n<p>Estos productos de alta calidad <strong>Zapatos Oxford de cuero negro para hombre<\/strong> est\u00e1n disponibles en varias tallas, de la 39 a la 45 (UE). Nos dirigimos tanto a clientes particulares exigentes como a empresas que desean hacer pedidos al por mayor. Tenga en cuenta que el pedido m\u00ednimo es de 8 pares. Una vez realizado el pedido de estos excepcionales <strong>Zapatos Oxford de cuero negro para hombre<\/strong> el plazo de entrega es de aproximadamente 12 d\u00edas, m\u00e1s la duraci\u00f3n del env\u00edo, para que reciba su calzado de primera calidad lo antes posible.<\/p>","protected":false},"excerpt":{"rendered":"<ul>\n<li>Exquisita parte superior de piel de becerro<\/li>\n<li>Lujoso forro de piel de cabra para un confort superior<\/li>\n<li>Suela Microlight duradera y ligera<\/li>\n<li>Sofisticado dise\u00f1o Cap-Toe Oxford<\/li>\n<li>Altura c\u00f3moda del tac\u00f3n de 1-3 cm<\/li>\n<li>Disponible en las tallas 39-45 (EU)<\/li>\n<li>Cantidad m\u00ednima de pedido: 8 pares (descuentos por volumen disponibles)<\/li>\n<\/ul>","protected":false},"featured_media":3499,"template":"","meta":{"_acf_changed":false,"_uag_custom_page_level_css":"","site-sidebar-layout":"default","site-content-layout":"","ast-site-content-layout":"default","site-content-style":"default","site-sidebar-style":"default","ast-global-header-display":"","ast-banner-title-visibility":"","ast-main-header-display":"","ast-hfb-above-header-display":"","ast-hfb-below-header-display":"","ast-hfb-mobile-header-display":"","site-post-title":"","ast-breadcrumbs-content":"","ast-featured-img":"","footer-sml-layout":"","ast-disable-related-posts":"","theme-transparent-header-meta":"default","adv-header-id-meta":"","stick-header-meta":"","header-above-stick-meta":"","header-main-stick-meta":"","header-below-stick-meta":"","astra-migrate-meta-layouts":"set","ast-page-background-enabled":"default","ast-page-background-meta":{"desktop":{"background-color":"var(--ast-global-color-4)","background-image":"","background-repeat":"repeat","background-position":"center center","background-size":"auto","background-attachment":"scroll","background-type":"","background-media":"","overlay-type":"","overlay-color":"","overlay-opacity":"","overlay-gradient":""},"tablet":{"background-color":"","background-image":"","background-repeat":"repeat","background-position":"center center","background-size":"auto","background-attachment":"scroll","background-type":"","background-media":"","overlay-type":"","overlay-color":"","overlay-opacity":"","overlay-gradient":""},"mobile":{"background-color":"","background-image":"","background-repeat":"repeat","background-position":"center center","background-size":"auto","background-attachment":"scroll","background-type":"","background-media":"","overlay-type":"","overlay-color":"","overlay-opacity":"","overlay-gradient":""}},"ast-content-background-meta":{"desktop":{"background-color":"var(--ast-global-color-5)","background-image":"","background-repeat":"repeat","background-position":"center center","background-size":"auto","background-attachment":"scroll","background-type":"","background-media":"","overlay-type":"","overlay-color":"","overlay-opacity":"","overlay-gradient":""},"tablet":{"background-color":"var(--ast-global-color-5)","background-image":"","background-repeat":"repeat","background-position":"center center","background-size":"auto","background-attachment":"scroll","background-type":"","background-media":"","overlay-type":"","overlay-color":"","overlay-opacity":"","overlay-gradient":""},"mobile":{"background-color":"var(--ast-global-color-5)","background-image":"","background-repeat":"repeat","background-position":"center center","background-size":"auto","background-attachment":"scroll","background-type":"","background-media":"","overlay-type":"","overlay-color":"","overlay-opacity":"","overlay-gradient":""}}},"product_brand":[],"product_cat":[47,430,40],"product_tag":[653,405,202,541,284,480,251,437,219,360,766,466,250],"class_list":{"0":"post-5181","1":"product","2":"type-product","3":"status-publish","4":"has-post-thumbnail","6":"product_cat-classic","7":"product_cat-men","8":"product_cat-mens-shoes","9":"product_tag-black-oxfords","10":"product_tag-business-shoes","11":"product_tag-calf-leather","12":"product_tag-cap-toe-oxfords","13":"product_tag-dress-shoes","14":"product_tag-elegant-shoes","15":"product_tag-formal-shoes","16":"product_tag-goat-leather","17":"product_tag-handmade-shoes","18":"product_tag-leather-oxfords","19":"product_tag-mens-black-leather-oxford-shoes","20":"product_tag-microlight-sole","21":"product_tag-premium-leather","22":"desktop-align-center","23":"tablet-align-center","24":"mobile-align-center","26":"first","27":"instock","28":"shipping-taxable","29":"purchasable","30":"product-type-variable","31":"has-default-attributes"},"acf":[],"uagb_featured_image_src":{"full":["https:\/\/turkishtrade.co\/wp-content\/uploads\/2026\/01\/2400EJOMN00099-BLACK-1_132.png",453,250,false],"thumbnail":["https:\/\/turkishtrade.co\/wp-content\/uploads\/2026\/01\/2400EJOMN00099-BLACK-1_132.png",150,83,false],"medium":["https:\/\/turkishtrade.co\/wp-content\/uploads\/2026\/01\/2400EJOMN00099-BLACK-1_132.png",300,166,false],"medium_large":["https:\/\/turkishtrade.co\/wp-content\/uploads\/2026\/01\/2400EJOMN00099-BLACK-1_132.png",453,250,false],"large":["https:\/\/turkishtrade.co\/wp-content\/uploads\/2026\/01\/2400EJOMN00099-BLACK-1_132.png",453,250,false],"1536x1536":["https:\/\/turkishtrade.co\/wp-content\/uploads\/2026\/01\/2400EJOMN00099-BLACK-1_132.png",453,250,false],"2048x2048":["https:\/\/turkishtrade.co\/wp-content\/uploads\/2026\/01\/2400EJOMN00099-BLACK-1_132.png",453,250,false],"trp-custom-language-flag":["https:\/\/turkishtrade.co\/wp-content\/uploads\/2026\/01\/2400EJOMN00099-BLACK-1_132.png",18,10,false],"woocommerce_thumbnail":["https:\/\/turkishtrade.co\/wp-content\/uploads\/2026\/01\/2400EJOMN00099-BLACK-1_132-400x250.png",400,250,true],"woocommerce_single":["https:\/\/turkishtrade.co\/wp-content\/uploads\/2026\/01\/2400EJOMN00099-BLACK-1_132.png",453,250,false],"woocommerce_gallery_thumbnail":["https:\/\/turkishtrade.co\/wp-content\/uploads\/2026\/01\/2400EJOMN00099-BLACK-1_132-100x100.png",100,100,true]},"uagb_author_info":{"display_name":"yaser olabi","author_link":"https:\/\/turkishtrade.co\/es\/author\/"},"uagb_comment_info":0,"uagb_excerpt":"Exquisite Calf Leather Upper Luxurious Goat Leather Lining for superior comfort Durable and lightweight Microlight Sole Sophisticated Cap-Toe Oxford Design Comfortable 1-3 cm Heel Height Available in sizes 39-45 (EU) Minimum order quantity: 8 pairs (Bulk discounts available)","_links":{"self":[{"href":"https:\/\/turkishtrade.co\/es\/wp-json\/wp\/v2\/product\/5181","targetHints":{"allow":["GET"]}}],"collection":[{"href":"https:\/\/turkishtrade.co\/es\/wp-json\/wp\/v2\/product"}],"about":[{"href":"https:\/\/turkishtrade.co\/es\/wp-json\/wp\/v2\/types\/product"}],"wp:featuredmedia":[{"embeddable":true,"href":"https:\/\/turkishtrade.co\/es\/wp-json\/wp\/v2\/media\/3499"}],"wp:attachment":[{"href":"https:\/\/turkishtrade.co\/es\/wp-json\/wp\/v2\/media?parent=5181"}],"wp:term":[{"taxonomy":"product_brand","embeddable":true,"href":"https:\/\/turkishtrade.co\/es\/wp-json\/wp\/v2\/product_brand?post=5181"},{"taxonomy":"product_cat","embeddable":true,"href":"https:\/\/turkishtrade.co\/es\/wp-json\/wp\/v2\/product_cat?post=5181"},{"taxonomy":"product_tag","embeddable":true,"href":"https:\/\/turkishtrade.co\/es\/wp-json\/wp\/v2\/product_tag?post=5181"}],"curies":[{"name":"wp","href":"https:\/\/api.w.org\/{rel}","templated":true}]}}