{"id":5147,"date":"2026-01-14T11:20:29","date_gmt":"2026-01-14T11:20:29","guid":{"rendered":"https:\/\/turkishtrade.co\/product\/men-s-leather-loafers\/"},"modified":"2026-04-09T19:42:47","modified_gmt":"2026-04-09T19:42:47","slug":"premium-dress-shoes-mens-leather-loafers","status":"publish","type":"product","link":"https:\/\/turkishtrade.co\/es\/shop\/premium-dress-shoes-mens-leather-loafers\/","title":{"rendered":"Mocasines de lujo para hombre en piel de becerro y cabra con suela ultraligera"},"content":{"rendered":"<p><strong>Mocasines de piel para hombre<\/strong><\/p>\n<p>Sum\u00e9rjase en una sofisticaci\u00f3n y un confort incomparables con nuestro exquisito <b>Mocasines de piel para hombre<\/b>. Dise\u00f1ados para el caballero exigente, estos lujosos zapatos slip-on son un testimonio de artesan\u00eda superior y estilo atemporal. Tanto si te diriges a una reuni\u00f3n de negocios como a un evento formal o simplemente disfrutas de una salida informal elegante, estas zapatillas de primera calidad son perfectas para ti. <b>mocasines de piel para hombre<\/b> elevar\u00e1 tu look sin esfuerzo.<\/p>\n<p>Cada par de estas elegantes <b>mocasines de piel para hombre<\/b> est\u00e1 fabricado meticulosamente con los mejores materiales. El exterior est\u00e1 confeccionado en piel de ternero flexible de alta calidad, famosa por su durabilidad y su tacto lujoso, mientras que el interior est\u00e1 forrado en suave piel de cabra, que garantiza la m\u00e1xima transpirabilidad y comodidad sobre la piel. Esta combinaci\u00f3n de pieles de primera calidad proporciona un ajuste como el de un guante que se amolda a sus pies con el paso del tiempo.<\/p>\n<h3>Confort y dise\u00f1o inigualables<\/h3>\n<p>La comodidad es primordial con nuestro <b>Mocasines de piel para hombre<\/b>. Incorporan una suela Microlight de \u00faltima generaci\u00f3n, dise\u00f1ada para proporcionar una ligereza y flexibilidad excepcionales, reduciendo la fatiga del pie incluso tras largas horas de uso. El sutil tac\u00f3n de 1-3 cm a\u00f1ade un toque de refinamiento sin comprometer la estabilidad ni la comodidad. El cuidado dise\u00f1o tambi\u00e9n incluye delicados detalles de piel texturizada en la pala, que a\u00f1aden un toque distintivo de elegancia a estos excepcionales zapatos. <b>mocasines de piel para hombre<\/b>. Disponibles en una amplia gama de tallas, de la UE 39 a la 45, estos mocasines est\u00e1n dise\u00f1ados para ajustarse a la perfecci\u00f3n.<\/p>\n<h3>Estilo vers\u00e1til para cualquier ocasi\u00f3n<\/h3>\n<p>Nuestra <b>Mocasines de piel para hombre<\/b> son incre\u00edblemente vers\u00e1tiles, lo que las convierte en imprescindibles en cualquier armario moderno. Elige entre la cl\u00e1sica profundidad del negro o la rica calidez del marr\u00f3n para complementar cualquier atuendo. Estos zapatos de vestir sin cordones se adaptan perfectamente a entornos profesionales y a la sofisticaci\u00f3n del fin de semana, demostrando que el estilo y la comodidad pueden ir de la mano. Para las empresas que buscan un calzado de alta calidad, estos <b>mocasines de piel para hombre<\/b> est\u00e1n disponibles con un pedido m\u00ednimo de 8 pares, lo que garantiza una excelente relaci\u00f3n calidad-precio y fiabilidad. El plazo de entrega suele ser de 12 d\u00edas m\u00e1s gastos de env\u00edo, lo que facilita la planificaci\u00f3n de su inventario.<\/p>\n<p>Invierta en un par de nuestros lujosos <b>Mocasines de piel para hombre<\/b> y experimente la fusi\u00f3n perfecta de estilo, calidad y comodidad. No son solo zapatos; son una declaraci\u00f3n de elegancia perdurable.<\/p>","protected":false},"excerpt":{"rendered":"<ul>\n<li><b>Materiales de primera calidad:<\/b> Exquisito exterior de piel de becerro combinado con un suave interior de piel de cabra.<\/li>\n<li><b>M\u00e1xima comodidad:<\/b> Suela ligera Microlight y tac\u00f3n bajo (1-3 cm) para llevarlas todo el d\u00eda.<\/li>\n<li><b>Estilo vers\u00e1til:<\/b> Perfecto para ocasiones formales, de negocios o elegantes e informales.<\/li>\n<li><b>Tallas disponibles:<\/b> Amplia gama de UE 39 a 45.<\/li>\n<li><b>Disponibilidad a granel:<\/b> Pedido m\u00ednimo de 8 pares. Entrega en 12 d\u00edas + gastos de env\u00edo.<\/li>\n<\/ul>","protected":false},"featured_media":3477,"template":"","meta":{"_acf_changed":false,"_uag_custom_page_level_css":"","site-sidebar-layout":"default","site-content-layout":"","ast-site-content-layout":"default","site-content-style":"default","site-sidebar-style":"default","ast-global-header-display":"","ast-banner-title-visibility":"","ast-main-header-display":"","ast-hfb-above-header-display":"","ast-hfb-below-header-display":"","ast-hfb-mobile-header-display":"","site-post-title":"","ast-breadcrumbs-content":"","ast-featured-img":"","footer-sml-layout":"","ast-disable-related-posts":"","theme-transparent-header-meta":"default","adv-header-id-meta":"","stick-header-meta":"","header-above-stick-meta":"","header-main-stick-meta":"","header-below-stick-meta":"","astra-migrate-meta-layouts":"set","ast-page-background-enabled":"default","ast-page-background-meta":{"desktop":{"background-color":"var(--ast-global-color-4)","background-image":"","background-repeat":"repeat","background-position":"center center","background-size":"auto","background-attachment":"scroll","background-type":"","background-media":"","overlay-type":"","overlay-color":"","overlay-opacity":"","overlay-gradient":""},"tablet":{"background-color":"","background-image":"","background-repeat":"repeat","background-position":"center center","background-size":"auto","background-attachment":"scroll","background-type":"","background-media":"","overlay-type":"","overlay-color":"","overlay-opacity":"","overlay-gradient":""},"mobile":{"background-color":"","background-image":"","background-repeat":"repeat","background-position":"center center","background-size":"auto","background-attachment":"scroll","background-type":"","background-media":"","overlay-type":"","overlay-color":"","overlay-opacity":"","overlay-gradient":""}},"ast-content-background-meta":{"desktop":{"background-color":"var(--ast-global-color-5)","background-image":"","background-repeat":"repeat","background-position":"center center","background-size":"auto","background-attachment":"scroll","background-type":"","background-media":"","overlay-type":"","overlay-color":"","overlay-opacity":"","overlay-gradient":""},"tablet":{"background-color":"var(--ast-global-color-5)","background-image":"","background-repeat":"repeat","background-position":"center center","background-size":"auto","background-attachment":"scroll","background-type":"","background-media":"","overlay-type":"","overlay-color":"","overlay-opacity":"","overlay-gradient":""},"mobile":{"background-color":"var(--ast-global-color-5)","background-image":"","background-repeat":"repeat","background-position":"center center","background-size":"auto","background-attachment":"scroll","background-type":"","background-media":"","overlay-type":"","overlay-color":"","overlay-opacity":"","overlay-gradient":""}}},"product_brand":[],"product_cat":[47,430,40],"product_tag":[370,147,185,220,284,480,189,215,416,198,186,466,362,184,281],"class_list":{"0":"post-5147","1":"product","2":"type-product","3":"status-publish","4":"has-post-thumbnail","6":"product_cat-classic","7":"product_cat-men","8":"product_cat-mens-shoes","9":"product_tag-black-loafers","10":"product_tag-brown-loafers","11":"product_tag-calf-leather-shoes","12":"product_tag-comfortable-loafers","13":"product_tag-dress-shoes","14":"product_tag-elegant-shoes","15":"product_tag-goat-leather-lining","16":"product_tag-leather-loafers","17":"product_tag-luxury-shoes","18":"product_tag-mens-fashion","19":"product_tag-mens-loafers","20":"product_tag-microlight-sole","21":"product_tag-premium-footwear","22":"product_tag-slip-on-shoes","23":"product_tag-wholesale-shoes","24":"desktop-align-center","25":"tablet-align-center","26":"mobile-align-center","28":"first","29":"instock","30":"shipping-taxable","31":"purchasable","32":"product-type-variable","33":"has-default-attributes"},"acf":[],"uagb_featured_image_src":{"full":["https:\/\/turkishtrade.co\/wp-content\/uploads\/2026\/01\/2400EJOMN00087-BROWN-DKS_872_1.png",453,250,false],"thumbnail":["https:\/\/turkishtrade.co\/wp-content\/uploads\/2026\/01\/2400EJOMN00087-BROWN-DKS_872_1-150x150.png",150,150,true],"medium":["https:\/\/turkishtrade.co\/wp-content\/uploads\/2026\/01\/2400EJOMN00087-BROWN-DKS_872_1-300x166.png",300,166,true],"medium_large":["https:\/\/turkishtrade.co\/wp-content\/uploads\/2026\/01\/2400EJOMN00087-BROWN-DKS_872_1.png",453,250,false],"large":["https:\/\/turkishtrade.co\/wp-content\/uploads\/2026\/01\/2400EJOMN00087-BROWN-DKS_872_1.png",453,250,false],"1536x1536":["https:\/\/turkishtrade.co\/wp-content\/uploads\/2026\/01\/2400EJOMN00087-BROWN-DKS_872_1.png",453,250,false],"2048x2048":["https:\/\/turkishtrade.co\/wp-content\/uploads\/2026\/01\/2400EJOMN00087-BROWN-DKS_872_1.png",453,250,false],"trp-custom-language-flag":["https:\/\/turkishtrade.co\/wp-content\/uploads\/2026\/01\/2400EJOMN00087-BROWN-DKS_872_1-18x10.png",18,10,true],"woocommerce_thumbnail":["https:\/\/turkishtrade.co\/wp-content\/uploads\/2026\/01\/2400EJOMN00087-BROWN-DKS_872_1-400x250.png",400,250,true],"woocommerce_single":["https:\/\/turkishtrade.co\/wp-content\/uploads\/2026\/01\/2400EJOMN00087-BROWN-DKS_872_1.png",453,250,false],"woocommerce_gallery_thumbnail":["https:\/\/turkishtrade.co\/wp-content\/uploads\/2026\/01\/2400EJOMN00087-BROWN-DKS_872_1-100x100.png",100,100,true]},"uagb_author_info":{"display_name":"yaser olabi","author_link":"https:\/\/turkishtrade.co\/es\/author\/"},"uagb_comment_info":0,"uagb_excerpt":"Premium Materials: Exquisite calf leather exterior combined with a soft goat leather interior. Ultimate Comfort: Lightweight Microlight sole and a low heel (1-3 cm) for all-day wear. Versatile Style: Perfect for formal, business, or smart casual occasions. Available Sizes: Extensive range from EU 39 to 45. Bulk Availability: Minimum order of 8 pairs. Delivery within&hellip;","_links":{"self":[{"href":"https:\/\/turkishtrade.co\/es\/wp-json\/wp\/v2\/product\/5147","targetHints":{"allow":["GET"]}}],"collection":[{"href":"https:\/\/turkishtrade.co\/es\/wp-json\/wp\/v2\/product"}],"about":[{"href":"https:\/\/turkishtrade.co\/es\/wp-json\/wp\/v2\/types\/product"}],"wp:featuredmedia":[{"embeddable":true,"href":"https:\/\/turkishtrade.co\/es\/wp-json\/wp\/v2\/media\/3477"}],"wp:attachment":[{"href":"https:\/\/turkishtrade.co\/es\/wp-json\/wp\/v2\/media?parent=5147"}],"wp:term":[{"taxonomy":"product_brand","embeddable":true,"href":"https:\/\/turkishtrade.co\/es\/wp-json\/wp\/v2\/product_brand?post=5147"},{"taxonomy":"product_cat","embeddable":true,"href":"https:\/\/turkishtrade.co\/es\/wp-json\/wp\/v2\/product_cat?post=5147"},{"taxonomy":"product_tag","embeddable":true,"href":"https:\/\/turkishtrade.co\/es\/wp-json\/wp\/v2\/product_tag?post=5147"}],"curies":[{"name":"wp","href":"https:\/\/api.w.org\/{rel}","templated":true}]}}