{"id":5144,"date":"2026-01-14T11:20:09","date_gmt":"2026-01-14T11:20:09","guid":{"rendered":"https:\/\/turkishtrade.co\/product\/men-leather-horsebit-loafers\/"},"modified":"2026-04-09T19:42:53","modified_gmt":"2026-04-09T19:42:53","slug":"style-mens-leather-horsebit-loafers","status":"publish","type":"product","link":"https:\/\/turkishtrade.co\/es\/shop\/style-mens-leather-horsebit-loafers\/","title":{"rendered":"Mocasines de caballero en piel de becerro de primera calidad"},"content":{"rendered":"<p><strong>Mocasines de piel Horsebit para hombre<\/strong><\/p>\n<p>Entre en la sofisticaci\u00f3n con nuestro exquisito <strong>mocasines horsebit de piel para hombre<\/strong>, dise\u00f1adas para el caballero exigente. Estos zapatos slip-on de primera calidad son el ep\u00edtome del estilo atemporal, combinando a la perfecci\u00f3n el dise\u00f1o cl\u00e1sico con la comodidad moderna. Perfectos tanto para ocasiones formales como para conjuntos informales elegantes, nuestros mocasines de lujo son un complemento imprescindible para cualquier armario sofisticado.<\/p>\n<p>Cada par de estos mocasines finamente elaborados cuenta con una superficie exterior fabricada con la mejor piel de becerro, que ofrece un lujoso brillo y una notable durabilidad que resistir\u00e1 el paso del tiempo. El forro interior, de flexible piel de cabra, garantiza una experiencia excepcionalmente suave y transpirable, amold\u00e1ndose suavemente al pie para ofrecer el m\u00e1ximo confort durante todo el d\u00eda. El dise\u00f1o exclusivo incluye un llamativo detalle met\u00e1lico en forma de bocado en la pala, junto con una inserci\u00f3n de tela con un monograma distintivo que a\u00f1ade un toque de elegancia a medida. Disponibles en un azul intenso y vers\u00e1til y en un marr\u00f3n rico y cl\u00e1sico, estas <strong>mocasines horsebit de piel para hombre<\/strong> ofrecen opciones de estilo vers\u00e1tiles para complementar una amplia gama de atuendos.<\/p>\n<h3>Experimente una comodidad inigualable con nuestros mocasines Horsebit de piel para hombre<\/h3>\n<p>La comodidad es primordial en nuestra filosof\u00eda de dise\u00f1o, por eso estos <strong>mocasines horsebit de piel para hombre<\/strong> est\u00e1n equipadas con una ligera suela Microlight. Esta innovadora suela proporciona una excelente amortiguaci\u00f3n y flexibilidad, haciendo que cada paso se sienta sin esfuerzo y reduciendo la fatiga. Con un sutil tac\u00f3n de 1 a 3 cm, estos mocasines ofrecen la elevaci\u00f3n justa sin comprometer la estabilidad ni la comodidad. Cada par est\u00e1 meticulosamente elaborado a mano por artesanos expertos, lo que refleja un arte superior y una inquebrantable atenci\u00f3n al detalle, garantizando un producto que no s\u00f3lo tiene un aspecto espectacular, sino que tambi\u00e9n proporciona una calidad duradera.<\/p>\n<p>Tanto si acude a una importante reuni\u00f3n de negocios como a un evento social especial o simplemente disfruta de una refinada salida de fin de semana, estos mocasines de lujo realzar\u00e1n sin duda todo su look. Su atractivo vers\u00e1til permite combinarlos a la perfecci\u00f3n con trajes de sastrer\u00eda, chinos elegantes, pantalones elegantes o incluso vaqueros de primera calidad para un conjunto informal pulido. Para los minoristas y las empresas que buscan ofrecer calzado masculino de alta calidad hecho a mano, estos mocasines de primera calidad son la opci\u00f3n perfecta. <strong>mocasines horsebit de piel para hombre<\/strong> est\u00e1n disponibles para pedidos al por mayor, con un m\u00ednimo de 8 pares por compra y un plazo de entrega estimado de 12 d\u00edas m\u00e1s gastos de env\u00edo. Invierta en un estilo duradero, una comodidad inigualable y una artesan\u00eda excepcional con nuestra distinguida colecci\u00f3n de mocasines de piel de lujo.<\/p>","protected":false},"excerpt":{"rendered":"<ul>\n<li>Fabricado con piel de ternero de primera calidad en el exterior y suave piel de cabra en el interior para ofrecer la m\u00e1xima comodidad.<\/li>\n<li>Presenta un distintivo detalle de bocado met\u00e1lico y una elegante inserci\u00f3n de tela con monograma.<\/li>\n<li>C\u00f3moda suela Microlight para llevar todo el d\u00eda con una sutil altura de tac\u00f3n de 1-3 cm.<\/li>\n<li>Disponible en las vers\u00e1tiles tallas 39-45 para garantizar un ajuste perfecto.<\/li>\n<li>Cantidad m\u00ednima de pedido: 8 pares, perfecto para socios mayoristas y minoristas.<\/li>\n<li>Entrega estimada: 12 d\u00edas + gastos de env\u00edo para una gesti\u00f3n eficaz de las existencias.<\/li>\n<\/ul>","protected":false},"featured_media":3475,"template":"","meta":{"_acf_changed":false,"_uag_custom_page_level_css":"","site-sidebar-layout":"default","site-content-layout":"","ast-site-content-layout":"default","site-content-style":"default","site-sidebar-style":"default","ast-global-header-display":"","ast-banner-title-visibility":"","ast-main-header-display":"","ast-hfb-above-header-display":"","ast-hfb-below-header-display":"","ast-hfb-mobile-header-display":"","site-post-title":"","ast-breadcrumbs-content":"","ast-featured-img":"","footer-sml-layout":"","ast-disable-related-posts":"","theme-transparent-header-meta":"default","adv-header-id-meta":"","stick-header-meta":"","header-above-stick-meta":"","header-main-stick-meta":"","header-below-stick-meta":"","astra-migrate-meta-layouts":"set","ast-page-background-enabled":"default","ast-page-background-meta":{"desktop":{"background-color":"var(--ast-global-color-4)","background-image":"","background-repeat":"repeat","background-position":"center center","background-size":"auto","background-attachment":"scroll","background-type":"","background-media":"","overlay-type":"","overlay-color":"","overlay-opacity":"","overlay-gradient":""},"tablet":{"background-color":"","background-image":"","background-repeat":"repeat","background-position":"center center","background-size":"auto","background-attachment":"scroll","background-type":"","background-media":"","overlay-type":"","overlay-color":"","overlay-opacity":"","overlay-gradient":""},"mobile":{"background-color":"","background-image":"","background-repeat":"repeat","background-position":"center center","background-size":"auto","background-attachment":"scroll","background-type":"","background-media":"","overlay-type":"","overlay-color":"","overlay-opacity":"","overlay-gradient":""}},"ast-content-background-meta":{"desktop":{"background-color":"var(--ast-global-color-5)","background-image":"","background-repeat":"repeat","background-position":"center center","background-size":"auto","background-attachment":"scroll","background-type":"","background-media":"","overlay-type":"","overlay-color":"","overlay-opacity":"","overlay-gradient":""},"tablet":{"background-color":"var(--ast-global-color-5)","background-image":"","background-repeat":"repeat","background-position":"center center","background-size":"auto","background-attachment":"scroll","background-type":"","background-media":"","overlay-type":"","overlay-color":"","overlay-opacity":"","overlay-gradient":""},"mobile":{"background-color":"var(--ast-global-color-5)","background-image":"","background-repeat":"repeat","background-position":"center center","background-size":"auto","background-attachment":"scroll","background-type":"","background-media":"","overlay-type":"","overlay-color":"","overlay-opacity":"","overlay-gradient":""}}},"product_brand":[],"product_cat":[47,430,40],"product_tag":[635,147,202,284,352,437,450,327,215,217,198,186,466,374,184,546,456],"class_list":{"0":"post-5144","1":"product","2":"type-product","3":"status-publish","4":"has-post-thumbnail","6":"product_cat-classic","7":"product_cat-men","8":"product_cat-mens-shoes","9":"product_tag-blue-loafers","10":"product_tag-brown-loafers","11":"product_tag-calf-leather","12":"product_tag-dress-shoes","13":"product_tag-formal-loafers","14":"product_tag-goat-leather","15":"product_tag-handcrafted-shoes","16":"product_tag-horsebit-loafers","17":"product_tag-leather-loafers","18":"product_tag-luxury-footwear","19":"product_tag-mens-fashion","20":"product_tag-mens-loafers","21":"product_tag-microlight-sole","22":"product_tag-premium-loafers","23":"product_tag-slip-on-shoes","24":"product_tag-stylish-mens-shoes","25":"product_tag-wholesale-loafers","26":"desktop-align-center","27":"tablet-align-center","28":"mobile-align-center","30":"first","31":"instock","32":"shipping-taxable","33":"purchasable","34":"product-type-variable","35":"has-default-attributes"},"acf":[],"uagb_featured_image_src":{"full":["https:\/\/turkishtrade.co\/wp-content\/uploads\/2026\/01\/2400EJOMN00085-BROWN-X_77.png",453,250,false],"thumbnail":["https:\/\/turkishtrade.co\/wp-content\/uploads\/2026\/01\/2400EJOMN00085-BROWN-X_77-150x150.png",150,150,true],"medium":["https:\/\/turkishtrade.co\/wp-content\/uploads\/2026\/01\/2400EJOMN00085-BROWN-X_77-300x166.png",300,166,true],"medium_large":["https:\/\/turkishtrade.co\/wp-content\/uploads\/2026\/01\/2400EJOMN00085-BROWN-X_77.png",453,250,false],"large":["https:\/\/turkishtrade.co\/wp-content\/uploads\/2026\/01\/2400EJOMN00085-BROWN-X_77.png",453,250,false],"1536x1536":["https:\/\/turkishtrade.co\/wp-content\/uploads\/2026\/01\/2400EJOMN00085-BROWN-X_77.png",453,250,false],"2048x2048":["https:\/\/turkishtrade.co\/wp-content\/uploads\/2026\/01\/2400EJOMN00085-BROWN-X_77.png",453,250,false],"trp-custom-language-flag":["https:\/\/turkishtrade.co\/wp-content\/uploads\/2026\/01\/2400EJOMN00085-BROWN-X_77-18x10.png",18,10,true],"woocommerce_thumbnail":["https:\/\/turkishtrade.co\/wp-content\/uploads\/2026\/01\/2400EJOMN00085-BROWN-X_77-400x250.png",400,250,true],"woocommerce_single":["https:\/\/turkishtrade.co\/wp-content\/uploads\/2026\/01\/2400EJOMN00085-BROWN-X_77.png",453,250,false],"woocommerce_gallery_thumbnail":["https:\/\/turkishtrade.co\/wp-content\/uploads\/2026\/01\/2400EJOMN00085-BROWN-X_77-100x100.png",100,100,true]},"uagb_author_info":{"display_name":"yaser olabi","author_link":"https:\/\/turkishtrade.co\/es\/author\/"},"uagb_comment_info":0,"uagb_excerpt":"Crafted from premium Calf Leather exterior and soft Goat Leather interior for ultimate comfort. Features a distinctive metallic horsebit detail and elegant monogram-style fabric insert. Comfortable Microlight sole for all-day wear with a subtle 1-3 cm heel height. Available in versatile sizes 39-45 to ensure a perfect fit. Minimum order quantity: 8 pairs, perfect for&hellip;","_links":{"self":[{"href":"https:\/\/turkishtrade.co\/es\/wp-json\/wp\/v2\/product\/5144","targetHints":{"allow":["GET"]}}],"collection":[{"href":"https:\/\/turkishtrade.co\/es\/wp-json\/wp\/v2\/product"}],"about":[{"href":"https:\/\/turkishtrade.co\/es\/wp-json\/wp\/v2\/types\/product"}],"wp:featuredmedia":[{"embeddable":true,"href":"https:\/\/turkishtrade.co\/es\/wp-json\/wp\/v2\/media\/3475"}],"wp:attachment":[{"href":"https:\/\/turkishtrade.co\/es\/wp-json\/wp\/v2\/media?parent=5144"}],"wp:term":[{"taxonomy":"product_brand","embeddable":true,"href":"https:\/\/turkishtrade.co\/es\/wp-json\/wp\/v2\/product_brand?post=5144"},{"taxonomy":"product_cat","embeddable":true,"href":"https:\/\/turkishtrade.co\/es\/wp-json\/wp\/v2\/product_cat?post=5144"},{"taxonomy":"product_tag","embeddable":true,"href":"https:\/\/turkishtrade.co\/es\/wp-json\/wp\/v2\/product_tag?post=5144"}],"curies":[{"name":"wp","href":"https:\/\/api.w.org\/{rel}","templated":true}]}}