{"id":5134,"date":"2026-01-14T11:18:03","date_gmt":"2026-01-14T11:18:03","guid":{"rendered":"https:\/\/turkishtrade.co\/product\/mens-black-leather-loafers\/"},"modified":"2026-04-09T19:43:08","modified_gmt":"2026-04-09T19:43:08","slug":"mens-black-leather-loafers","status":"publish","type":"product","link":"https:\/\/turkishtrade.co\/es\/shop\/mens-black-leather-loafers\/","title":{"rendered":"Mocasines de hombre en charol negro de primera calidad"},"content":{"rendered":"<p><strong>Mocasines de cuero negro para hombre<\/strong><\/p>\n<p>Eleve su colecci\u00f3n de calzado con nuestros exquisitos <strong>Mocasines de cuero negro para hombre<\/strong>, dise\u00f1ados para el caballero exigente que valora tanto el estilo impecable como la comodidad suprema. Estos mocasines de primera calidad son un testimonio de artesan\u00eda superior, ofreciendo un aspecto elegante y pulido perfecto para una variedad de ocasiones, desde importantes reuniones de negocios hasta sofisticados eventos nocturnos. Su dise\u00f1o atemporal garantiza <strong>Mocasines de cuero negro para hombre<\/strong> seguir\u00e1 siendo un b\u00e1sico vers\u00e1til y esencial en su armario en los pr\u00f3ximos a\u00f1os, ofreciendo una mezcla de elegancia cl\u00e1sica y atractivo moderno.<\/p>\n<h3>Calidad y comodidad inigualables<\/h3>\n<p>Elaborados con los mejores materiales, la superficie exterior de estos extraordinarios zapatos es de aut\u00e9ntica piel de becerro, famosa por su excepcional durabilidad, suave textura y lujoso brillo. El acabado en negro intenso, que parece un sofisticado tratamiento de charol, desprende un nivel de sofisticaci\u00f3n sin parang\u00f3n y garantiza un llamativo atractivo visual que atraer\u00e1 todas las miradas. En el interior, sus pies experimentar\u00e1n una comodidad sin igual gracias al forro de piel de cabra suave y flexible. Este material natural es muy transpirable, evitando molestias y garantizando una experiencia agradable incluso durante un uso prolongado, lo que los convierte en los zapatos ideales para cualquier mujer. <strong>Mocasines de cuero negro para hombre<\/strong> para cualquier d\u00eda ajetreado.<\/p>\n<h3>Dise\u00f1o innovador para un uso moderno<\/h3>\n<p>La base de estos excepcionales <strong>Mocasines de cuero negro para hombre<\/strong> es la innovadora suela Microlight. Esta avanzada tecnolog\u00eda de suela proporciona una sensaci\u00f3n de ligereza incre\u00edble sin comprometer el agarre, la flexibilidad o la sujeci\u00f3n esencial. Apenas notar\u00e1s que las llevas puestas, lo que las convierte en la elecci\u00f3n perfecta para largas jornadas de pie o compromisos sociales prolongados. Un sutil tac\u00f3n de 1 a 3 cm a\u00f1ade un toque de elegante elevaci\u00f3n, mejorando tu postura y completando la refinada silueta. Disponibles en una amplia gama de tallas de la UE, de la 39 a la 45, encontrar el ajuste perfecto para estos elegantes mocasines es sencillo y directo.<\/p>\n<h3>Oportunidad de venta al por mayor para minoristas<\/h3>\n<p>Estos mocasines de cuero negro representan una excelente oportunidad para los minoristas y las empresas que desean ofrecer calzado de alta calidad y de gran demanda. Est\u00e1n disponibles para su compra al por mayor con una cantidad m\u00ednima de pedido extraordinariamente baja de tan solo 8 pares. Con un precio al por mayor competitivo de USD por par, puede abastecerse f\u00e1cilmente de un producto que promete constantemente la satisfacci\u00f3n del cliente y la repetici\u00f3n del negocio. Puede esperar una entrega eficaz en un plazo de 12 d\u00edas, m\u00e1s el tiempo de env\u00edo est\u00e1ndar, lo que permite una gesti\u00f3n de inventario sin problemas y una r\u00e1pida respuesta. Invierta en un calzado que combina sin esfuerzo la elegancia cl\u00e1sica con la comodidad y la durabilidad modernas: elija nuestro calzado de primera calidad. <strong>Mocasines de cuero negro para hombre<\/strong> hoy mismo y ofrezca a sus clientes s\u00f3lo lo mejor.<\/p>","protected":false},"excerpt":{"rendered":"<ul>\n<li>Parte superior de piel de becerro de primera calidad con acabado elegante<\/li>\n<li>Forro de suave piel de cabra para mayor comodidad y transpirabilidad<\/li>\n<li>Suela ultraligera para llevarla todo el d\u00eda<\/li>\n<li>Altura de tac\u00f3n sutil de 1-3 cm para mejorar la postura<\/li>\n<li>Disponible en tallas EU: 39, 40, 41, 42, 43, 44, 45<\/li>\n<li>Cantidad m\u00ednima de pedido: 8 Pares<\/li>\n<li>Precio al por mayor: USD por par<\/li>\n<li>Entrega: 12 d\u00edas + gastos de env\u00edo<\/li>\n<\/ul>","protected":false},"featured_media":3469,"template":"","meta":{"_acf_changed":false,"_uag_custom_page_level_css":"","site-sidebar-layout":"default","site-content-layout":"","ast-site-content-layout":"default","site-content-style":"default","site-sidebar-style":"default","ast-global-header-display":"","ast-banner-title-visibility":"","ast-main-header-display":"","ast-hfb-above-header-display":"","ast-hfb-below-header-display":"","ast-hfb-mobile-header-display":"","site-post-title":"","ast-breadcrumbs-content":"","ast-featured-img":"","footer-sml-layout":"","ast-disable-related-posts":"","theme-transparent-header-meta":"default","adv-header-id-meta":"","stick-header-meta":"","header-above-stick-meta":"","header-main-stick-meta":"","header-below-stick-meta":"","astra-migrate-meta-layouts":"set","ast-page-background-enabled":"default","ast-page-background-meta":{"desktop":{"background-color":"var(--ast-global-color-4)","background-image":"","background-repeat":"repeat","background-position":"center center","background-size":"auto","background-attachment":"scroll","background-type":"","background-media":"","overlay-type":"","overlay-color":"","overlay-opacity":"","overlay-gradient":""},"tablet":{"background-color":"","background-image":"","background-repeat":"repeat","background-position":"center center","background-size":"auto","background-attachment":"scroll","background-type":"","background-media":"","overlay-type":"","overlay-color":"","overlay-opacity":"","overlay-gradient":""},"mobile":{"background-color":"","background-image":"","background-repeat":"repeat","background-position":"center center","background-size":"auto","background-attachment":"scroll","background-type":"","background-media":"","overlay-type":"","overlay-color":"","overlay-opacity":"","overlay-gradient":""}},"ast-content-background-meta":{"desktop":{"background-color":"var(--ast-global-color-5)","background-image":"","background-repeat":"repeat","background-position":"center center","background-size":"auto","background-attachment":"scroll","background-type":"","background-media":"","overlay-type":"","overlay-color":"","overlay-opacity":"","overlay-gradient":""},"tablet":{"background-color":"var(--ast-global-color-5)","background-image":"","background-repeat":"repeat","background-position":"center center","background-size":"auto","background-attachment":"scroll","background-type":"","background-media":"","overlay-type":"","overlay-color":"","overlay-opacity":"","overlay-gradient":""},"mobile":{"background-color":"var(--ast-global-color-5)","background-image":"","background-repeat":"repeat","background-position":"center center","background-size":"auto","background-attachment":"scroll","background-type":"","background-media":"","overlay-type":"","overlay-color":"","overlay-opacity":"","overlay-gradient":""}}},"product_brand":[],"product_cat":[47,430,40],"product_tag":[295,370,405,202,284,480,545,251,437,215,416,186,466,657,184,281],"class_list":{"0":"post-5134","1":"product","2":"type-product","3":"status-publish","4":"has-post-thumbnail","6":"product_cat-classic","7":"product_cat-men","8":"product_cat-mens-shoes","9":"product_tag-black-dress-shoes","10":"product_tag-black-loafers","11":"product_tag-business-shoes","12":"product_tag-calf-leather","13":"product_tag-dress-shoes","14":"product_tag-elegant-shoes","15":"product_tag-eu-39-45","16":"product_tag-formal-shoes","17":"product_tag-goat-leather","18":"product_tag-leather-loafers","19":"product_tag-luxury-shoes","20":"product_tag-mens-loafers","21":"product_tag-microlight-sole","22":"product_tag-patent-leather-shoes","23":"product_tag-slip-on-shoes","24":"product_tag-wholesale-shoes","25":"desktop-align-center","26":"tablet-align-center","27":"mobile-align-center","29":"first","30":"instock","31":"shipping-taxable","32":"purchasable","33":"product-type-variable","34":"has-default-attributes"},"acf":[],"uagb_featured_image_src":{"full":["https:\/\/turkishtrade.co\/wp-content\/uploads\/2026\/01\/2400EJOMN00079-BLACK-DKS_70.png",453,250,false],"thumbnail":["https:\/\/turkishtrade.co\/wp-content\/uploads\/2026\/01\/2400EJOMN00079-BLACK-DKS_70-150x150.png",150,150,true],"medium":["https:\/\/turkishtrade.co\/wp-content\/uploads\/2026\/01\/2400EJOMN00079-BLACK-DKS_70-300x166.png",300,166,true],"medium_large":["https:\/\/turkishtrade.co\/wp-content\/uploads\/2026\/01\/2400EJOMN00079-BLACK-DKS_70.png",453,250,false],"large":["https:\/\/turkishtrade.co\/wp-content\/uploads\/2026\/01\/2400EJOMN00079-BLACK-DKS_70.png",453,250,false],"1536x1536":["https:\/\/turkishtrade.co\/wp-content\/uploads\/2026\/01\/2400EJOMN00079-BLACK-DKS_70.png",453,250,false],"2048x2048":["https:\/\/turkishtrade.co\/wp-content\/uploads\/2026\/01\/2400EJOMN00079-BLACK-DKS_70.png",453,250,false],"trp-custom-language-flag":["https:\/\/turkishtrade.co\/wp-content\/uploads\/2026\/01\/2400EJOMN00079-BLACK-DKS_70-18x10.png",18,10,true],"woocommerce_thumbnail":["https:\/\/turkishtrade.co\/wp-content\/uploads\/2026\/01\/2400EJOMN00079-BLACK-DKS_70-400x250.png",400,250,true],"woocommerce_single":["https:\/\/turkishtrade.co\/wp-content\/uploads\/2026\/01\/2400EJOMN00079-BLACK-DKS_70.png",453,250,false],"woocommerce_gallery_thumbnail":["https:\/\/turkishtrade.co\/wp-content\/uploads\/2026\/01\/2400EJOMN00079-BLACK-DKS_70-100x100.png",100,100,true]},"uagb_author_info":{"display_name":"yaser olabi","author_link":"https:\/\/turkishtrade.co\/es\/author\/"},"uagb_comment_info":0,"uagb_excerpt":"Premium Calf Leather Upper with Elegant Finish Soft Goat Leather Lining for Breathable Comfort Lightweight Microlight Sole for All-Day Wear Subtle 1-3cm Heel Height for Enhanced Posture Available in EU Sizes: 39, 40, 41, 42, 43, 44, 45 Minimum Order Quantity: 8 Pairs Wholesale Price: USD per pair Delivery: 12 Days + Shipping","_links":{"self":[{"href":"https:\/\/turkishtrade.co\/es\/wp-json\/wp\/v2\/product\/5134","targetHints":{"allow":["GET"]}}],"collection":[{"href":"https:\/\/turkishtrade.co\/es\/wp-json\/wp\/v2\/product"}],"about":[{"href":"https:\/\/turkishtrade.co\/es\/wp-json\/wp\/v2\/types\/product"}],"wp:featuredmedia":[{"embeddable":true,"href":"https:\/\/turkishtrade.co\/es\/wp-json\/wp\/v2\/media\/3469"}],"wp:attachment":[{"href":"https:\/\/turkishtrade.co\/es\/wp-json\/wp\/v2\/media?parent=5134"}],"wp:term":[{"taxonomy":"product_brand","embeddable":true,"href":"https:\/\/turkishtrade.co\/es\/wp-json\/wp\/v2\/product_brand?post=5134"},{"taxonomy":"product_cat","embeddable":true,"href":"https:\/\/turkishtrade.co\/es\/wp-json\/wp\/v2\/product_cat?post=5134"},{"taxonomy":"product_tag","embeddable":true,"href":"https:\/\/turkishtrade.co\/es\/wp-json\/wp\/v2\/product_tag?post=5134"}],"curies":[{"name":"wp","href":"https:\/\/api.w.org\/{rel}","templated":true}]}}