{"id":5100,"date":"2026-01-14T11:13:51","date_gmt":"2026-01-14T11:13:51","guid":{"rendered":"https:\/\/turkishtrade.co\/product\/men-navy-cap-toe-derby\/"},"modified":"2026-04-09T19:44:17","modified_gmt":"2026-04-09T19:44:17","slug":"epic-mens-navy-cap-toe-derby-shoes","status":"publish","type":"product","link":"https:\/\/turkishtrade.co\/es\/shop\/epic-mens-navy-cap-toe-derby-shoes\/","title":{"rendered":"Zapatos derby con puntera de punta azul marino para hombre de primera calidad"},"content":{"rendered":"<p><strong>Derby azul marino con puntera redondeada<\/strong><\/p>\n<p>Eleve su colecci\u00f3n de calzado con nuestros exquisitos <strong>Derby azul marino con puntera redondeada<\/strong> meticulosamente elaborados para el caballero exigente. No son s\u00f3lo unos zapatos; son una declaraci\u00f3n de sofisticaci\u00f3n y estilo atemporal, perfectos tanto para ocasiones formales como para conjuntos elegantes e informales. El intenso tono azul marino es una alternativa moderna a los tradicionales negro o marr\u00f3n, y ofrece opciones de estilo vers\u00e1tiles que complementar\u00e1n una amplia gama de atuendos. <strong>Derby azul marino con puntera redondeada<\/strong> zapatos imprescindibles.<\/p>\n<p>Confeccionadas en piel de ternero de primera calidad para el exterior, estas <strong>Derby azul marino con puntera redondeada<\/strong> prometen una durabilidad excepcional y un acabado lujoso que s\u00f3lo mejora con los a\u00f1os. El distintivo dise\u00f1o de la puntera a\u00f1ade un toque de elegancia cl\u00e1sica, asegurando que estos <strong>Derby azul marino con puntera redondeada<\/strong> son el complemento por excelencia de cualquier armario. En su interior, tus pies experimentar\u00e1n una comodidad sin igual gracias al flexible forro de piel de cabra, que ofrece una transpirabilidad superior y un tacto suave, garantizando el confort durante todo tu ajetreado d\u00eda. Nuestro compromiso con la comodidad y el estilo es evidente en cada par de <strong>Derby azul marino con puntera redondeada<\/strong> zapatos que producimos.<\/p>\n<h3>Comodidad y artesan\u00eda inigualables<\/h3>\n<p>La base de estos notables <strong>Derby azul marino con puntera redondeada<\/strong> es su innovadora suela Microlight. Dise\u00f1ada para ofrecer una comodidad superior y una ligereza incre\u00edble, esta suela reduce significativamente el peso total del zapato sin comprometer la durabilidad ni el agarre. Tanto si se desplaza por las calles de la ciudad como si asiste a un evento importante, apreciar\u00e1 la sensaci\u00f3n de comodidad y la tracci\u00f3n fiable que le proporciona nuestro calzado Microlight. <strong>Derby azul marino con puntera redondeada<\/strong> proporciona calzado. Ofrecemos estos magn\u00edficos <strong>Derby azul marino con puntera redondeada<\/strong> zapatos en una amplia gama de tallas europeas, de la 39 a la 45, que garantizan un ajuste perfecto para una clientela diversa.<\/p>\n<h3>Oportunidad para los mayoristas de calzado de calidad<\/h3>\n<p>Para las empresas que desean almacenar calzado de alta calidad, nuestro <strong>Derby azul marino con puntera redondeada<\/strong> est\u00e1n disponibles para su compra al por mayor con un pedido m\u00ednimo de 8 pares. Cada par se ofrece al precio competitivo de , lo que representa un valor excelente para un producto de este calibre. Nos enorgullecemos de ofrecer un servicio eficaz, con pedidos procesados y enviados en un plazo de 12 d\u00edas, seguidos de un env\u00edo est\u00e1ndar. Invierta en el atractivo duradero y la artesan\u00eda superior de nuestros <strong>Derby azul marino con puntera redondeada<\/strong> y ofrezca a sus clientes un producto que realmente destaque. Experimente la mezcla perfecta de tradici\u00f3n, innovaci\u00f3n y estilo a cada paso cuando elija estos excepcionales <strong>Derby azul marino con puntera redondeada<\/strong> zapatos.<\/p>","protected":false},"excerpt":{"rendered":"<ul>\n<li><strong>Dise\u00f1o exquisito:<\/strong> Moderno estilo derby con puntera en un sofisticado tono azul marino.<\/li>\n<li><strong>Materiales de primera calidad:<\/strong> Lujoso exterior de piel de ternero combinado con un suave forro de piel de cabra para el m\u00e1ximo confort.<\/li>\n<li><strong>Confort ligero:<\/strong> Incorpora una suela Microlight duradera pero incre\u00edblemente ligera, perfecta para llevarla todo el d\u00eda.<\/li>\n<li><strong>Talla europea:<\/strong> Disponible en las tallas 39, 40, 41, 42, 43, 44 y 45 para garantizar un ajuste perfecto.<\/li>\n<li><strong>Disponibilidad al por mayor:<\/strong> Cantidad m\u00ednima de pedido de 8 pares con un precio especial al por mayor de por par.<\/li>\n<li><strong>Entrega eficaz:<\/strong> Los pedidos se env\u00edan en un plazo de 12 d\u00edas m\u00e1s el tiempo de tr\u00e1nsito est\u00e1ndar de la carga.<\/li>\n<\/ul>","protected":false},"featured_media":3446,"template":"","meta":{"_acf_changed":false,"_uag_custom_page_level_css":"","site-sidebar-layout":"default","site-content-layout":"","ast-site-content-layout":"default","site-content-style":"default","site-sidebar-style":"default","ast-global-header-display":"","ast-banner-title-visibility":"","ast-main-header-display":"","ast-hfb-above-header-display":"","ast-hfb-below-header-display":"","ast-hfb-mobile-header-display":"","site-post-title":"","ast-breadcrumbs-content":"","ast-featured-img":"","footer-sml-layout":"","ast-disable-related-posts":"","theme-transparent-header-meta":"default","adv-header-id-meta":"","stick-header-meta":"","header-above-stick-meta":"","header-main-stick-meta":"","header-below-stick-meta":"","astra-migrate-meta-layouts":"set","ast-page-background-enabled":"default","ast-page-background-meta":{"desktop":{"background-color":"var(--ast-global-color-4)","background-image":"","background-repeat":"repeat","background-position":"center center","background-size":"auto","background-attachment":"scroll","background-type":"","background-media":"","overlay-type":"","overlay-color":"","overlay-opacity":"","overlay-gradient":""},"tablet":{"background-color":"","background-image":"","background-repeat":"repeat","background-position":"center center","background-size":"auto","background-attachment":"scroll","background-type":"","background-media":"","overlay-type":"","overlay-color":"","overlay-opacity":"","overlay-gradient":""},"mobile":{"background-color":"","background-image":"","background-repeat":"repeat","background-position":"center center","background-size":"auto","background-attachment":"scroll","background-type":"","background-media":"","overlay-type":"","overlay-color":"","overlay-opacity":"","overlay-gradient":""}},"ast-content-background-meta":{"desktop":{"background-color":"var(--ast-global-color-5)","background-image":"","background-repeat":"repeat","background-position":"center center","background-size":"auto","background-attachment":"scroll","background-type":"","background-media":"","overlay-type":"","overlay-color":"","overlay-opacity":"","overlay-gradient":""},"tablet":{"background-color":"var(--ast-global-color-5)","background-image":"","background-repeat":"repeat","background-position":"center center","background-size":"auto","background-attachment":"scroll","background-type":"","background-media":"","overlay-type":"","overlay-color":"","overlay-opacity":"","overlay-gradient":""},"mobile":{"background-color":"var(--ast-global-color-5)","background-image":"","background-repeat":"repeat","background-position":"center center","background-size":"auto","background-attachment":"scroll","background-type":"","background-media":"","overlay-type":"","overlay-color":"","overlay-opacity":"","overlay-gradient":""}}},"product_brand":[],"product_cat":[47,430,40],"product_tag":[202,458,212,284,251,437,227,198,466,428,709,210,285,281],"class_list":{"0":"post-5100","1":"product","2":"type-product","3":"status-publish","4":"has-post-thumbnail","6":"product_cat-classic","7":"product_cat-men","8":"product_cat-mens-shoes","9":"product_tag-calf-leather","10":"product_tag-cap-toe-shoes","11":"product_tag-derby-shoes","12":"product_tag-dress-shoes","13":"product_tag-formal-shoes","14":"product_tag-goat-leather","15":"product_tag-leather-shoes","16":"product_tag-mens-fashion","17":"product_tag-microlight-sole","18":"product_tag-navy-blue-shoes","19":"product_tag-quality-footwear","20":"product_tag-smart-casual","21":"product_tag-turkish-shoes","22":"product_tag-wholesale-shoes","23":"desktop-align-center","24":"tablet-align-center","25":"mobile-align-center","27":"first","28":"instock","29":"shipping-taxable","30":"purchasable","31":"product-type-variable","32":"has-default-attributes"},"acf":[],"uagb_featured_image_src":{"full":["https:\/\/turkishtrade.co\/wp-content\/uploads\/2026\/01\/2400EJOMN00069-Blue-Y-873.png",453,250,false],"thumbnail":["https:\/\/turkishtrade.co\/wp-content\/uploads\/2026\/01\/2400EJOMN00069-Blue-Y-873-150x150.png",150,150,true],"medium":["https:\/\/turkishtrade.co\/wp-content\/uploads\/2026\/01\/2400EJOMN00069-Blue-Y-873-300x166.png",300,166,true],"medium_large":["https:\/\/turkishtrade.co\/wp-content\/uploads\/2026\/01\/2400EJOMN00069-Blue-Y-873.png",453,250,false],"large":["https:\/\/turkishtrade.co\/wp-content\/uploads\/2026\/01\/2400EJOMN00069-Blue-Y-873.png",453,250,false],"1536x1536":["https:\/\/turkishtrade.co\/wp-content\/uploads\/2026\/01\/2400EJOMN00069-Blue-Y-873.png",453,250,false],"2048x2048":["https:\/\/turkishtrade.co\/wp-content\/uploads\/2026\/01\/2400EJOMN00069-Blue-Y-873.png",453,250,false],"trp-custom-language-flag":["https:\/\/turkishtrade.co\/wp-content\/uploads\/2026\/01\/2400EJOMN00069-Blue-Y-873-18x10.png",18,10,true],"woocommerce_thumbnail":["https:\/\/turkishtrade.co\/wp-content\/uploads\/2026\/01\/2400EJOMN00069-Blue-Y-873-400x250.png",400,250,true],"woocommerce_single":["https:\/\/turkishtrade.co\/wp-content\/uploads\/2026\/01\/2400EJOMN00069-Blue-Y-873.png",453,250,false],"woocommerce_gallery_thumbnail":["https:\/\/turkishtrade.co\/wp-content\/uploads\/2026\/01\/2400EJOMN00069-Blue-Y-873-100x100.png",100,100,true]},"uagb_author_info":{"display_name":"yaser olabi","author_link":"https:\/\/turkishtrade.co\/es\/author\/"},"uagb_comment_info":0,"uagb_excerpt":"Exquisite Design: Modern cap toe derby style in a sophisticated navy blue hue. Premium Materials: Luxurious calf leather exterior paired with soft goat leather lining for ultimate comfort. Lightweight Comfort: Features a durable yet incredibly light Microlight sole, perfect for all-day wear. European Sizing: Available in sizes 39, 40, 41, 42, 43, 44, 45 to&hellip;","_links":{"self":[{"href":"https:\/\/turkishtrade.co\/es\/wp-json\/wp\/v2\/product\/5100","targetHints":{"allow":["GET"]}}],"collection":[{"href":"https:\/\/turkishtrade.co\/es\/wp-json\/wp\/v2\/product"}],"about":[{"href":"https:\/\/turkishtrade.co\/es\/wp-json\/wp\/v2\/types\/product"}],"wp:featuredmedia":[{"embeddable":true,"href":"https:\/\/turkishtrade.co\/es\/wp-json\/wp\/v2\/media\/3446"}],"wp:attachment":[{"href":"https:\/\/turkishtrade.co\/es\/wp-json\/wp\/v2\/media?parent=5100"}],"wp:term":[{"taxonomy":"product_brand","embeddable":true,"href":"https:\/\/turkishtrade.co\/es\/wp-json\/wp\/v2\/product_brand?post=5100"},{"taxonomy":"product_cat","embeddable":true,"href":"https:\/\/turkishtrade.co\/es\/wp-json\/wp\/v2\/product_cat?post=5100"},{"taxonomy":"product_tag","embeddable":true,"href":"https:\/\/turkishtrade.co\/es\/wp-json\/wp\/v2\/product_tag?post=5100"}],"curies":[{"name":"wp","href":"https:\/\/api.w.org\/{rel}","templated":true}]}}