{"id":5089,"date":"2026-01-14T11:12:07","date_gmt":"2026-01-14T11:12:07","guid":{"rendered":"https:\/\/turkishtrade.co\/product\/mens-leather-oxford-shoes\/"},"modified":"2026-04-09T19:44:37","modified_gmt":"2026-04-09T19:44:37","slug":"mens-leather-oxford-shoes","status":"publish","type":"product","link":"https:\/\/turkishtrade.co\/es\/shop\/mens-leather-oxford-shoes\/","title":{"rendered":"Zapatos oxford de hombre en piel con grabado de cocodrilo azul de primera calidad"},"content":{"rendered":"<p><strong>Zapatos Oxford de piel para hombre<\/strong><\/p>\n<p>Ad\u00e9ntrese en una sofisticaci\u00f3n sin igual con nuestros zapatos Oxford de piel para hombre en relieve de cocodrilo azul de primera calidad. Dise\u00f1ados para el caballero moderno, estos exquisitos zapatos combinan la elegancia cl\u00e1sica con el estilo contempor\u00e1neo, convirti\u00e9ndolos en un complemento imprescindible para cualquier armario exigente. Cada par est\u00e1 meticulosamente confeccionado para garantizar tanto una est\u00e9tica impresionante como una comodidad suprema, ofreciendo una experiencia de calzado verdaderamente elevada.<\/p>\n<p>El exterior de estos excepcionales <b>zapatos oxford de cuero para hombre<\/b> est\u00e1 confeccionado en aut\u00e9ntica piel de becerro de alta calidad, que se distingue por su exclusivo y lujoso estampado de cocodrilo en relieve. Esta rica tonalidad azul a\u00f1ade un toque de individualidad, diferenci\u00e1ndote con un estilo sutil pero innegable. La piel de becerro es famosa por su durabilidad y su textura flexible, lo que garantiza que estos zapatos no s\u00f3lo tengan un aspecto magn\u00edfico, sino que tambi\u00e9n resistan el paso del tiempo, amold\u00e1ndose a su pie para un ajuste personalizado. Como complemento al robusto exterior, el interior est\u00e1 forrado con aut\u00e9ntica piel de cabra, conocida por su incre\u00edble suavidad y transpirabilidad. Esta cuidada elecci\u00f3n proporciona un nivel de comodidad inigualable, manteniendo sus pies frescos y apoyados durante todo el d\u00eda, tanto si est\u00e1 en la sala de juntas como si asiste a un evento especial.<\/p>\n<p>La comodidad se ve reforzada por la innovadora suela Microlight. Esta avanzada tecnolog\u00eda de suela garantiza que los zapatos sean extraordinariamente ligeros, reduciendo la fatiga y permitiendo un movimiento sin esfuerzo. Con una sutil altura de tac\u00f3n de 1-3 cm, estos <b>zapatos oxford de cuero para hombre<\/b> ofrecen un soporte ergon\u00f3mico sin comprometer su elegante perfil. La meticulosa atenci\u00f3n al detalle en su construcci\u00f3n, desde las costuras perfectamente cosidas hasta los resistentes cordones, refleja una artesan\u00eda superior que se hace evidente en cada aspecto del dise\u00f1o. Estos zapatos no son s\u00f3lo un accesorio; son una declaraci\u00f3n de calidad y estilo.<\/p>\n<h3>Versatilidad y oportunidades al por mayor<\/h3>\n<p>Nuestros zapatos Oxford de piel con grabado de cocodrilo azul para hombre son incre\u00edblemente vers\u00e1tiles. Pasan sin esfuerzo de un atuendo formal de negocios a eventos semiformales o incluso salidas informales elegantes, elevando al instante tu look. Comb\u00ednalos con un traje elegante para dar una impresi\u00f3n poderosa, o con pantalones de sastrer\u00eda y un abrigo deportivo para una elegancia refinada. Estos <b>zapatos oxford de cuero para hombre<\/b> est\u00e1n dise\u00f1ados para que se sienta seguro y distinguido en cualquier entorno.<\/p>\n<p>Para los minoristas y las empresas que desean ofrecer a sus clientes lo mejor en calzado de primera calidad, ofrecemos excelentes oportunidades de venta al por mayor. Con una cantidad m\u00ednima de pedido de tan solo 8 pares, podr\u00e1 abastecerse f\u00e1cilmente de estos codiciados estilos. Damos prioridad a la calidad y la eficacia, con un plazo de producci\u00f3n de aproximadamente 12 d\u00edas, seguido de un env\u00edo r\u00e1pido. As\u00f3ciese con nosotros para ofrecer a su clientela una calidad excepcional y un dise\u00f1o sofisticado, ofreci\u00e9ndoles el lujo y la comodidad que se merecen.<\/p>","protected":false},"excerpt":{"rendered":"<ul>\n<li>Material exterior: Lujosa piel de becerro aut\u00e9ntica con detalle de cocodrilo en relieve<\/li>\n<li>Material interior: Piel de cabra aut\u00e9ntica, suave y transpirable<\/li>\n<li>Suela: tecnolog\u00eda ligera Microlight para el m\u00e1ximo confort<\/li>\n<li>Altura del tal\u00f3n: Sutil 1-3 cm para un apoyo ergon\u00f3mico<\/li>\n<li>Tallas disponibles: Europea 39, 40, 41, 42, 43, 44, 45<\/li>\n<li>Cantidad m\u00ednima de pedido: 8 pares (ideal para mayoristas y minoristas)<\/li>\n<li>Producci\u00f3n y entrega: Por favor permita 12 d\u00edas para la producci\u00f3n m\u00e1s el tiempo de env\u00edo<\/li>\n<\/ul>","protected":false},"featured_media":3440,"template":"","meta":{"_acf_changed":false,"_uag_custom_page_level_css":"","site-sidebar-layout":"default","site-content-layout":"","ast-site-content-layout":"default","site-content-style":"default","site-sidebar-style":"default","ast-global-header-display":"","ast-banner-title-visibility":"","ast-main-header-display":"","ast-hfb-above-header-display":"","ast-hfb-below-header-display":"","ast-hfb-mobile-header-display":"","site-post-title":"","ast-breadcrumbs-content":"","ast-featured-img":"","footer-sml-layout":"","ast-disable-related-posts":"","theme-transparent-header-meta":"default","adv-header-id-meta":"","stick-header-meta":"","header-above-stick-meta":"","header-main-stick-meta":"","header-below-stick-meta":"","astra-migrate-meta-layouts":"set","ast-page-background-enabled":"default","ast-page-background-meta":{"desktop":{"background-color":"var(--ast-global-color-4)","background-image":"","background-repeat":"repeat","background-position":"center center","background-size":"auto","background-attachment":"scroll","background-type":"","background-media":"","overlay-type":"","overlay-color":"","overlay-opacity":"","overlay-gradient":""},"tablet":{"background-color":"","background-image":"","background-repeat":"repeat","background-position":"center center","background-size":"auto","background-attachment":"scroll","background-type":"","background-media":"","overlay-type":"","overlay-color":"","overlay-opacity":"","overlay-gradient":""},"mobile":{"background-color":"","background-image":"","background-repeat":"repeat","background-position":"center center","background-size":"auto","background-attachment":"scroll","background-type":"","background-media":"","overlay-type":"","overlay-color":"","overlay-opacity":"","overlay-gradient":""}},"ast-content-background-meta":{"desktop":{"background-color":"var(--ast-global-color-5)","background-image":"","background-repeat":"repeat","background-position":"center center","background-size":"auto","background-attachment":"scroll","background-type":"","background-media":"","overlay-type":"","overlay-color":"","overlay-opacity":"","overlay-gradient":""},"tablet":{"background-color":"var(--ast-global-color-5)","background-image":"","background-repeat":"repeat","background-position":"center center","background-size":"auto","background-attachment":"scroll","background-type":"","background-media":"","overlay-type":"","overlay-color":"","overlay-opacity":"","overlay-gradient":""},"mobile":{"background-color":"var(--ast-global-color-5)","background-image":"","background-repeat":"repeat","background-position":"center center","background-size":"auto","background-attachment":"scroll","background-type":"","background-media":"","overlay-type":"","overlay-color":"","overlay-opacity":"","overlay-gradient":""}}},"product_brand":[],"product_cat":[47,430,40],"product_tag":[646,405,451,693,694,284,480,251,437,227,416,198,466,204,362,281],"class_list":{"0":"post-5089","1":"product","2":"type-product","3":"status-publish","4":"has-post-thumbnail","6":"product_cat-classic","7":"product_cat-men","8":"product_cat-mens-shoes","9":"product_tag-blue-shoes","10":"product_tag-business-shoes","11":"product_tag-calfskin-leather","12":"product_tag-croc-embossed","13":"product_tag-designer-shoes","14":"product_tag-dress-shoes","15":"product_tag-elegant-shoes","16":"product_tag-formal-shoes","17":"product_tag-goat-leather","18":"product_tag-leather-shoes","19":"product_tag-luxury-shoes","20":"product_tag-mens-fashion","21":"product_tag-microlight-sole","22":"product_tag-oxford-shoes","23":"product_tag-premium-footwear","24":"product_tag-wholesale-shoes","25":"desktop-align-center","26":"tablet-align-center","27":"mobile-align-center","29":"first","30":"instock","31":"shipping-taxable","32":"purchasable","33":"product-type-variable","34":"has-default-attributes"},"acf":[],"uagb_featured_image_src":{"full":["https:\/\/turkishtrade.co\/wp-content\/uploads\/2026\/01\/2400EJOMN00064-BLUE-11585.png",453,250,false],"thumbnail":["https:\/\/turkishtrade.co\/wp-content\/uploads\/2026\/01\/2400EJOMN00064-BLUE-11585-150x150.png",150,150,true],"medium":["https:\/\/turkishtrade.co\/wp-content\/uploads\/2026\/01\/2400EJOMN00064-BLUE-11585-300x166.png",300,166,true],"medium_large":["https:\/\/turkishtrade.co\/wp-content\/uploads\/2026\/01\/2400EJOMN00064-BLUE-11585.png",453,250,false],"large":["https:\/\/turkishtrade.co\/wp-content\/uploads\/2026\/01\/2400EJOMN00064-BLUE-11585.png",453,250,false],"1536x1536":["https:\/\/turkishtrade.co\/wp-content\/uploads\/2026\/01\/2400EJOMN00064-BLUE-11585.png",453,250,false],"2048x2048":["https:\/\/turkishtrade.co\/wp-content\/uploads\/2026\/01\/2400EJOMN00064-BLUE-11585.png",453,250,false],"trp-custom-language-flag":["https:\/\/turkishtrade.co\/wp-content\/uploads\/2026\/01\/2400EJOMN00064-BLUE-11585-18x10.png",18,10,true],"woocommerce_thumbnail":["https:\/\/turkishtrade.co\/wp-content\/uploads\/2026\/01\/2400EJOMN00064-BLUE-11585-400x250.png",400,250,true],"woocommerce_single":["https:\/\/turkishtrade.co\/wp-content\/uploads\/2026\/01\/2400EJOMN00064-BLUE-11585.png",453,250,false],"woocommerce_gallery_thumbnail":["https:\/\/turkishtrade.co\/wp-content\/uploads\/2026\/01\/2400EJOMN00064-BLUE-11585-100x100.png",100,100,true]},"uagb_author_info":{"display_name":"yaser olabi","author_link":"https:\/\/turkishtrade.co\/es\/author\/"},"uagb_comment_info":0,"uagb_excerpt":"Outer Material: Luxurious Genuine Calfskin Leather with Croc-Embossed Detail Inner Material: Soft and Breathable Genuine Goat Leather Sole: Lightweight Microlight Technology for Ultimate Comfort Heel Height: Subtle 1-3 cm for Ergonomic Support Available Sizes: European 39, 40, 41, 42, 43, 44, 45 Minimum Order Quantity: 8 Pairs (Ideal for Wholesale &amp; Retail Partners) Production &amp;&hellip;","_links":{"self":[{"href":"https:\/\/turkishtrade.co\/es\/wp-json\/wp\/v2\/product\/5089","targetHints":{"allow":["GET"]}}],"collection":[{"href":"https:\/\/turkishtrade.co\/es\/wp-json\/wp\/v2\/product"}],"about":[{"href":"https:\/\/turkishtrade.co\/es\/wp-json\/wp\/v2\/types\/product"}],"wp:featuredmedia":[{"embeddable":true,"href":"https:\/\/turkishtrade.co\/es\/wp-json\/wp\/v2\/media\/3440"}],"wp:attachment":[{"href":"https:\/\/turkishtrade.co\/es\/wp-json\/wp\/v2\/media?parent=5089"}],"wp:term":[{"taxonomy":"product_brand","embeddable":true,"href":"https:\/\/turkishtrade.co\/es\/wp-json\/wp\/v2\/product_brand?post=5089"},{"taxonomy":"product_cat","embeddable":true,"href":"https:\/\/turkishtrade.co\/es\/wp-json\/wp\/v2\/product_cat?post=5089"},{"taxonomy":"product_tag","embeddable":true,"href":"https:\/\/turkishtrade.co\/es\/wp-json\/wp\/v2\/product_tag?post=5089"}],"curies":[{"name":"wp","href":"https:\/\/api.w.org\/{rel}","templated":true}]}}