{"id":5074,"date":"2026-01-14T11:09:44","date_gmt":"2026-01-14T11:09:44","guid":{"rendered":"https:\/\/turkishtrade.co\/product\/mens-black-patent-leather-loafers\/"},"modified":"2026-04-09T19:45:03","modified_gmt":"2026-04-09T19:45:03","slug":"mens-black-patent-leather-loafers","status":"publish","type":"product","link":"https:\/\/turkishtrade.co\/es\/shop\/mens-black-patent-leather-loafers\/","title":{"rendered":"Mocasines de hombre de charol negro con adorno met\u00e1lico"},"content":{"rendered":"<p><strong>Mocasines de hombre de charol negro<\/strong><\/p>\n<p>Eleve su atuendo formal con nuestro exquisito <strong>Mocasines de hombre de charol negro<\/strong>, un verdadero testimonio de estilo sofisticado y artesan\u00eda experta. Dise\u00f1ados para el caballero exigente, estos mocasines ofrecen una mezcla inigualable de elegancia cl\u00e1sica y estilo contempor\u00e1neo. Cada par de estos lujosos <strong>Mocasines de hombre de charol negro<\/strong> est\u00e1 meticulosamente elaborado para garantizar un aspecto llamativo y una comodidad duradera, lo que lo convierte en un complemento esencial para cualquier colecci\u00f3n de calzado de gama alta.<\/p>\n<p>Nuestra <strong>Mocasines de hombre de charol negro<\/strong> son algo m\u00e1s que zapatos: son una declaraci\u00f3n de clase y confianza. Combinan a la perfecci\u00f3n con esm\u00f3quines, trajes de negocios o incluso con sofisticados conjuntos elegantes e informales, ofreciendo una versatilidad extraordinaria. Su meticulosa fabricaci\u00f3n garantiza <strong>mocasines formales<\/strong> mantendr\u00e1n su condici\u00f3n pr\u00edstina y su c\u00f3modo ajuste durante a\u00f1os, afirmando su condici\u00f3n de sabia inversi\u00f3n en su guardarropa. Experimente la fusi\u00f3n perfecta entre el arte tradicional y la tecnolog\u00eda del calzado moderno con estos excepcionales zapatos. <strong>zapatos de charol negro<\/strong>.<\/p>\n<h3>Excelencia mayorista para minoristas<\/h3>\n<p>Para los minoristas que buscan ofrecer calzado de primera calidad a su clientela, estas <strong>Mocasines de hombre de charol negro<\/strong> presentan una oportunidad excepcional. Disponibles para su compra al por mayor, garantizamos la accesibilidad para empresas de todos los tama\u00f1os. Con un pedido m\u00ednimo de tan solo 8 pares, podr\u00e1 almacenar f\u00e1cilmente estos codiciados productos. <strong>mocasines premium<\/strong>. Benef\u00edciese de precios al por mayor competitivos en USD por par y de un plazo de entrega fiable de 12 d\u00edas m\u00e1s gastos de env\u00edo. Proporcione a sus clientes lo \u00faltimo en estilo, comodidad y lujo a\u00f1adiendo estos impecables <strong>Mocasines de hombre de charol negro<\/strong> a su inventario. As\u00f3ciese con nosotros para llevar a su mercado una calidad superior y un dise\u00f1o atemporal.<\/p>","protected":false},"excerpt":{"rendered":"<ul>\n<li>Exquisito exterior de aut\u00e9ntica piel de becerro con acabado charolado<\/li>\n<li>Lujoso interior de piel de cabra para un confort supremo<\/li>\n<li>Suela ultraligera duradera y ligera (tac\u00f3n de 1-3 cm)<\/li>\n<li>Embellecedor met\u00e1lico distintivo para un look elevado<\/li>\n<li>Disponible en tallas: 39, 40, 41, 42, 43, 44, 45<\/li>\n<li>Oportunidad de venta al por mayor: Pedido m\u00ednimo de 8 pares<\/li>\n<li>Precio competitivo al por mayor: USD por par<\/li>\n<li>Entrega fiable: 12 d\u00edas + gastos de env\u00edo<\/li>\n<\/ul>","protected":false},"featured_media":3432,"template":"","meta":{"_acf_changed":false,"_uag_custom_page_level_css":"","site-sidebar-layout":"default","site-content-layout":"","ast-site-content-layout":"default","site-content-style":"default","site-sidebar-style":"default","ast-global-header-display":"","ast-banner-title-visibility":"","ast-main-header-display":"","ast-hfb-above-header-display":"","ast-hfb-below-header-display":"","ast-hfb-mobile-header-display":"","site-post-title":"","ast-breadcrumbs-content":"","ast-featured-img":"","footer-sml-layout":"","ast-disable-related-posts":"","theme-transparent-header-meta":"default","adv-header-id-meta":"","stick-header-meta":"","header-above-stick-meta":"","header-main-stick-meta":"","header-below-stick-meta":"","astra-migrate-meta-layouts":"set","ast-page-background-enabled":"default","ast-page-background-meta":{"desktop":{"background-color":"var(--ast-global-color-4)","background-image":"","background-repeat":"repeat","background-position":"center center","background-size":"auto","background-attachment":"scroll","background-type":"","background-media":"","overlay-type":"","overlay-color":"","overlay-opacity":"","overlay-gradient":""},"tablet":{"background-color":"","background-image":"","background-repeat":"repeat","background-position":"center center","background-size":"auto","background-attachment":"scroll","background-type":"","background-media":"","overlay-type":"","overlay-color":"","overlay-opacity":"","overlay-gradient":""},"mobile":{"background-color":"","background-image":"","background-repeat":"repeat","background-position":"center center","background-size":"auto","background-attachment":"scroll","background-type":"","background-media":"","overlay-type":"","overlay-color":"","overlay-opacity":"","overlay-gradient":""}},"ast-content-background-meta":{"desktop":{"background-color":"var(--ast-global-color-5)","background-image":"","background-repeat":"repeat","background-position":"center center","background-size":"auto","background-attachment":"scroll","background-type":"","background-media":"","overlay-type":"","overlay-color":"","overlay-opacity":"","overlay-gradient":""},"tablet":{"background-color":"var(--ast-global-color-5)","background-image":"","background-repeat":"repeat","background-position":"center center","background-size":"auto","background-attachment":"scroll","background-type":"","background-media":"","overlay-type":"","overlay-color":"","overlay-opacity":"","overlay-gradient":""},"mobile":{"background-color":"var(--ast-global-color-5)","background-image":"","background-repeat":"repeat","background-position":"center center","background-size":"auto","background-attachment":"scroll","background-type":"","background-media":"","overlay-type":"","overlay-color":"","overlay-opacity":"","overlay-gradient":""}}},"product_brand":[],"product_cat":[47,430,40],"product_tag":[668,405,185,284,480,251,189,217,198,186,669,466,374,670,281],"class_list":{"0":"post-5074","1":"product","2":"type-product","3":"status-publish","4":"has-post-thumbnail","6":"product_cat-classic","7":"product_cat-men","8":"product_cat-mens-shoes","9":"product_tag-black-patent-leather","10":"product_tag-business-shoes","11":"product_tag-calf-leather-shoes","12":"product_tag-dress-shoes","13":"product_tag-elegant-shoes","14":"product_tag-formal-shoes","15":"product_tag-goat-leather-lining","16":"product_tag-luxury-footwear","17":"product_tag-mens-fashion","18":"product_tag-mens-loafers","19":"product_tag-metal-embellishment","20":"product_tag-microlight-sole","21":"product_tag-premium-loafers","22":"product_tag-stylish-loafers","23":"product_tag-wholesale-shoes","24":"desktop-align-center","25":"tablet-align-center","26":"mobile-align-center","28":"first","29":"instock","30":"shipping-taxable","31":"purchasable","32":"product-type-variable","33":"has-default-attributes"},"acf":[],"uagb_featured_image_src":{"full":["https:\/\/turkishtrade.co\/wp-content\/uploads\/2026\/01\/2400EJOMN00057-BLACK-X_12572_1.png",453,250,false],"thumbnail":["https:\/\/turkishtrade.co\/wp-content\/uploads\/2026\/01\/2400EJOMN00057-BLACK-X_12572_1-150x150.png",150,150,true],"medium":["https:\/\/turkishtrade.co\/wp-content\/uploads\/2026\/01\/2400EJOMN00057-BLACK-X_12572_1-300x166.png",300,166,true],"medium_large":["https:\/\/turkishtrade.co\/wp-content\/uploads\/2026\/01\/2400EJOMN00057-BLACK-X_12572_1.png",453,250,false],"large":["https:\/\/turkishtrade.co\/wp-content\/uploads\/2026\/01\/2400EJOMN00057-BLACK-X_12572_1.png",453,250,false],"1536x1536":["https:\/\/turkishtrade.co\/wp-content\/uploads\/2026\/01\/2400EJOMN00057-BLACK-X_12572_1.png",453,250,false],"2048x2048":["https:\/\/turkishtrade.co\/wp-content\/uploads\/2026\/01\/2400EJOMN00057-BLACK-X_12572_1.png",453,250,false],"trp-custom-language-flag":["https:\/\/turkishtrade.co\/wp-content\/uploads\/2026\/01\/2400EJOMN00057-BLACK-X_12572_1-18x10.png",18,10,true],"woocommerce_thumbnail":["https:\/\/turkishtrade.co\/wp-content\/uploads\/2026\/01\/2400EJOMN00057-BLACK-X_12572_1-400x250.png",400,250,true],"woocommerce_single":["https:\/\/turkishtrade.co\/wp-content\/uploads\/2026\/01\/2400EJOMN00057-BLACK-X_12572_1.png",453,250,false],"woocommerce_gallery_thumbnail":["https:\/\/turkishtrade.co\/wp-content\/uploads\/2026\/01\/2400EJOMN00057-BLACK-X_12572_1-100x100.png",100,100,true]},"uagb_author_info":{"display_name":"yaser olabi","author_link":"https:\/\/turkishtrade.co\/es\/author\/"},"uagb_comment_info":0,"uagb_excerpt":"Exquisite Genuine Calf Leather Exterior with Patent Finish Luxurious Goat Leather Interior for Supreme Comfort Durable and Lightweight Microlight Sole (1-3 cm heel) Distinctive Metal Embellishment for an Elevated Look Available in Sizes: 39, 40, 41, 42, 43, 44, 45 Wholesale Opportunity: Minimum Order of 8 Pairs Competitive Wholesale Price: USD per pair Reliable Delivery:&hellip;","_links":{"self":[{"href":"https:\/\/turkishtrade.co\/es\/wp-json\/wp\/v2\/product\/5074","targetHints":{"allow":["GET"]}}],"collection":[{"href":"https:\/\/turkishtrade.co\/es\/wp-json\/wp\/v2\/product"}],"about":[{"href":"https:\/\/turkishtrade.co\/es\/wp-json\/wp\/v2\/types\/product"}],"wp:featuredmedia":[{"embeddable":true,"href":"https:\/\/turkishtrade.co\/es\/wp-json\/wp\/v2\/media\/3432"}],"wp:attachment":[{"href":"https:\/\/turkishtrade.co\/es\/wp-json\/wp\/v2\/media?parent=5074"}],"wp:term":[{"taxonomy":"product_brand","embeddable":true,"href":"https:\/\/turkishtrade.co\/es\/wp-json\/wp\/v2\/product_brand?post=5074"},{"taxonomy":"product_cat","embeddable":true,"href":"https:\/\/turkishtrade.co\/es\/wp-json\/wp\/v2\/product_cat?post=5074"},{"taxonomy":"product_tag","embeddable":true,"href":"https:\/\/turkishtrade.co\/es\/wp-json\/wp\/v2\/product_tag?post=5074"}],"curies":[{"name":"wp","href":"https:\/\/api.w.org\/{rel}","templated":true}]}}