{"id":5066,"date":"2026-01-14T11:08:25","date_gmt":"2026-01-14T11:08:25","guid":{"rendered":"https:\/\/turkishtrade.co\/product\/black-patent-leather-loafers\/"},"modified":"2026-04-09T19:45:16","modified_gmt":"2026-04-09T19:45:16","slug":"black-patent-leather-loafers","status":"publish","type":"product","link":"https:\/\/turkishtrade.co\/es\/shop\/black-patent-leather-loafers\/","title":{"rendered":"Mocasines de hombre de charol negro con hebilla"},"content":{"rendered":"<p><strong>Mocasines de charol negro<\/strong><\/p>\n<p>Entre en un reino de elegancia sin parang\u00f3n con nuestro exquisito <b>Mocasines de charol negro<\/b>. Dise\u00f1ados para el caballero exigente, estos mocasines son un verdadero testimonio de estilo sofisticado y artesan\u00eda superior. Cada par de estos impresionantes <b>Mocasines de charol negro<\/b> est\u00e1 fabricado meticulosamente con materiales de primera calidad, lo que garantiza un tacto lujoso y una durabilidad a toda prueba. El exterior est\u00e1 confeccionado en piel de ternero aut\u00e9ntica de alto brillo, tratada con maestr\u00eda para lograr ese codiciado acabado charol que realza al instante cualquier atuendo. Esta superficie brillante y llamativa no s\u00f3lo irradia una sofisticaci\u00f3n innegable, sino que tambi\u00e9n ofrece una est\u00e9tica elegante y moderna, perfectamente adecuada para ocasiones formales, reuniones de negocios cruciales o cualquier evento en el que sea clave causar una impresi\u00f3n poderosa y memorable.<\/p>\n<h3>Confort inigualable y materiales de primera calidad<\/h3>\n<p>M\u00e1s all\u00e1 de su cautivador exterior, estos zapatos de vestir para hombre ofrecen una comodidad excepcional durante todo el d\u00eda. El interior est\u00e1 generosamente forrado con piel de cabra aut\u00e9ntica y flexible, famosa por su incre\u00edble suavidad y transpirabilidad natural, que proporciona una sensaci\u00f3n de aut\u00e9ntico lujo a cada paso. Desp\u00eddase de la incomodidad asociada a menudo con el calzado formal; nuestros mocasines de primera calidad est\u00e1n meticulosamente dise\u00f1ados para acunar sus pies con comodidad desde el amanecer hasta el anochecer, garantizando que se sienta tan bien como se ve. El cuidado dise\u00f1o se extiende a la suela, que presenta una construcci\u00f3n Microlight ligera pero incre\u00edblemente duradera. Esta innovadora tecnolog\u00eda de suela garantiza una flexibilidad y facilidad de movimiento superiores, haciendo que estos <b>Mocasines de charol negro<\/b> tan c\u00f3modos como excepcionalmente elegantes. Una sutil pero llamativa hebilla met\u00e1lica adorna la pala, a\u00f1adiendo un toque de car\u00e1cter refinado y distinguiendo estos mocasines de alta calidad de lo com\u00fan.<\/p>\n<h3>Oportunidad al por mayor para un estilo impecable<\/h3>\n<p>Disponibles en una amplia gama de tallas, de la 39 a la 45, encontrar su talla perfecta no supone ning\u00fan esfuerzo, lo que garantiza que todos los clientes puedan disfrutar de este lujo. Entendemos la fuerte demanda de calidad y estilo impecable, por lo que estamos orgullosos de ofrecer estos mocasines de primera calidad al por mayor. Con una cantidad m\u00ednima de pedido flexible de s\u00f3lo 8 pares, las empresas pueden abastecerse f\u00e1cilmente de estos zapatos formales imprescindibles, deleitando a sus clientes con un producto que combina a la perfecci\u00f3n lujo, comodidad incomparable y dise\u00f1o impecable. La entrega se gestiona con eficiencia y cuidado, y los pedidos suelen estar listos para su env\u00edo en 12 d\u00edas m\u00e1s el tiempo de carga est\u00e1ndar, lo que garantiza una cadena de suministro fluida. Invierta en estos extraordinarios <b>Mocasines de charol negro<\/b> y experimente la mezcla perfecta de elegancia tradicional y sofisticaci\u00f3n contempor\u00e1nea, convirti\u00e9ndolos en un complemento indispensable para cualquier armario refinado.<\/p>","protected":false},"excerpt":{"rendered":"<ul>\n<li>Exquisito exterior de charol negro para un acabado de alto brillo<\/li>\n<li>Lujoso forro interior de piel de cabra para mayor comodidad y transpirabilidad<\/li>\n<li>El detalle de la hebilla met\u00e1lica a\u00f1ade un toque de refinada elegancia<\/li>\n<li>Suela Microlight ligera y flexible para llevarla todo el d\u00eda<\/li>\n<li>Disponible en una amplia gama de tallas: 39, 40, 41, 42, 43, 44, 45<\/li>\n<li>Cantidad m\u00ednima de pedido: 8 pares (Perfecto para compras al por mayor y al por mayor)<\/li>\n<\/ul>","protected":false},"featured_media":3428,"template":"","meta":{"_acf_changed":false,"_uag_custom_page_level_css":"","site-sidebar-layout":"default","site-content-layout":"","ast-site-content-layout":"default","site-content-style":"default","site-sidebar-style":"default","ast-global-header-display":"","ast-banner-title-visibility":"","ast-main-header-display":"","ast-hfb-above-header-display":"","ast-hfb-below-header-display":"","ast-hfb-mobile-header-display":"","site-post-title":"","ast-breadcrumbs-content":"","ast-featured-img":"","footer-sml-layout":"","ast-disable-related-posts":"","theme-transparent-header-meta":"default","adv-header-id-meta":"","stick-header-meta":"","header-above-stick-meta":"","header-main-stick-meta":"","header-below-stick-meta":"","astra-migrate-meta-layouts":"set","ast-page-background-enabled":"default","ast-page-background-meta":{"desktop":{"background-color":"var(--ast-global-color-4)","background-image":"","background-repeat":"repeat","background-position":"center center","background-size":"auto","background-attachment":"scroll","background-type":"","background-media":"","overlay-type":"","overlay-color":"","overlay-opacity":"","overlay-gradient":""},"tablet":{"background-color":"","background-image":"","background-repeat":"repeat","background-position":"center center","background-size":"auto","background-attachment":"scroll","background-type":"","background-media":"","overlay-type":"","overlay-color":"","overlay-opacity":"","overlay-gradient":""},"mobile":{"background-color":"","background-image":"","background-repeat":"repeat","background-position":"center center","background-size":"auto","background-attachment":"scroll","background-type":"","background-media":"","overlay-type":"","overlay-color":"","overlay-opacity":"","overlay-gradient":""}},"ast-content-background-meta":{"desktop":{"background-color":"var(--ast-global-color-5)","background-image":"","background-repeat":"repeat","background-position":"center center","background-size":"auto","background-attachment":"scroll","background-type":"","background-media":"","overlay-type":"","overlay-color":"","overlay-opacity":"","overlay-gradient":""},"tablet":{"background-color":"var(--ast-global-color-5)","background-image":"","background-repeat":"repeat","background-position":"center center","background-size":"auto","background-attachment":"scroll","background-type":"","background-media":"","overlay-type":"","overlay-color":"","overlay-opacity":"","overlay-gradient":""},"mobile":{"background-color":"var(--ast-global-color-5)","background-image":"","background-repeat":"repeat","background-position":"center center","background-size":"auto","background-attachment":"scroll","background-type":"","background-media":"","overlay-type":"","overlay-color":"","overlay-opacity":"","overlay-gradient":""}}},"product_brand":[],"product_cat":[47,430,40],"product_tag":[660,315,263,609,352,189,384,324,198,466,285,254],"class_list":{"0":"post-5066","1":"product","2":"type-product","3":"status-publish","4":"has-post-thumbnail","6":"product_cat-classic","7":"product_cat-men","8":"product_cat-mens-shoes","9":"product_tag-black-patent-leather-loafers","10":"product_tag-buckle-loafers","11":"product_tag-calf-leather-loafers","12":"product_tag-elegant-mens-shoes","13":"product_tag-formal-loafers","14":"product_tag-goat-leather-lining","15":"product_tag-luxury-loafers","16":"product_tag-mens-dress-shoes","17":"product_tag-mens-fashion","18":"product_tag-microlight-sole","19":"product_tag-turkish-shoes","20":"product_tag-wholesale-footwear","21":"desktop-align-center","22":"tablet-align-center","23":"mobile-align-center","25":"first","26":"instock","27":"shipping-taxable","28":"purchasable","29":"product-type-variable","30":"has-default-attributes"},"acf":[],"uagb_featured_image_src":{"full":["https:\/\/turkishtrade.co\/wp-content\/uploads\/2026\/01\/2400EJOMN00053-BLACK-X_12572-3.png",453,250,false],"thumbnail":["https:\/\/turkishtrade.co\/wp-content\/uploads\/2026\/01\/2400EJOMN00053-BLACK-X_12572-3-150x150.png",150,150,true],"medium":["https:\/\/turkishtrade.co\/wp-content\/uploads\/2026\/01\/2400EJOMN00053-BLACK-X_12572-3-300x166.png",300,166,true],"medium_large":["https:\/\/turkishtrade.co\/wp-content\/uploads\/2026\/01\/2400EJOMN00053-BLACK-X_12572-3.png",453,250,false],"large":["https:\/\/turkishtrade.co\/wp-content\/uploads\/2026\/01\/2400EJOMN00053-BLACK-X_12572-3.png",453,250,false],"1536x1536":["https:\/\/turkishtrade.co\/wp-content\/uploads\/2026\/01\/2400EJOMN00053-BLACK-X_12572-3.png",453,250,false],"2048x2048":["https:\/\/turkishtrade.co\/wp-content\/uploads\/2026\/01\/2400EJOMN00053-BLACK-X_12572-3.png",453,250,false],"trp-custom-language-flag":["https:\/\/turkishtrade.co\/wp-content\/uploads\/2026\/01\/2400EJOMN00053-BLACK-X_12572-3-18x10.png",18,10,true],"woocommerce_thumbnail":["https:\/\/turkishtrade.co\/wp-content\/uploads\/2026\/01\/2400EJOMN00053-BLACK-X_12572-3-400x250.png",400,250,true],"woocommerce_single":["https:\/\/turkishtrade.co\/wp-content\/uploads\/2026\/01\/2400EJOMN00053-BLACK-X_12572-3.png",453,250,false],"woocommerce_gallery_thumbnail":["https:\/\/turkishtrade.co\/wp-content\/uploads\/2026\/01\/2400EJOMN00053-BLACK-X_12572-3-100x100.png",100,100,true]},"uagb_author_info":{"display_name":"yaser olabi","author_link":"https:\/\/turkishtrade.co\/es\/author\/"},"uagb_comment_info":0,"uagb_excerpt":"Exquisite Black Patent Leather exterior for a high-gloss finish Luxurious Goat Leather interior lining for ultimate comfort and breathability Stylish metallic buckle detail adds a touch of refined elegance Lightweight and flexible Microlight sole for all-day wear Available in a wide range of sizes: 39, 40, 41, 42, 43, 44, 45 Minimum order quantity: 8&hellip;","_links":{"self":[{"href":"https:\/\/turkishtrade.co\/es\/wp-json\/wp\/v2\/product\/5066","targetHints":{"allow":["GET"]}}],"collection":[{"href":"https:\/\/turkishtrade.co\/es\/wp-json\/wp\/v2\/product"}],"about":[{"href":"https:\/\/turkishtrade.co\/es\/wp-json\/wp\/v2\/types\/product"}],"wp:featuredmedia":[{"embeddable":true,"href":"https:\/\/turkishtrade.co\/es\/wp-json\/wp\/v2\/media\/3428"}],"wp:attachment":[{"href":"https:\/\/turkishtrade.co\/es\/wp-json\/wp\/v2\/media?parent=5066"}],"wp:term":[{"taxonomy":"product_brand","embeddable":true,"href":"https:\/\/turkishtrade.co\/es\/wp-json\/wp\/v2\/product_brand?post=5066"},{"taxonomy":"product_cat","embeddable":true,"href":"https:\/\/turkishtrade.co\/es\/wp-json\/wp\/v2\/product_cat?post=5066"},{"taxonomy":"product_tag","embeddable":true,"href":"https:\/\/turkishtrade.co\/es\/wp-json\/wp\/v2\/product_tag?post=5066"}],"curies":[{"name":"wp","href":"https:\/\/api.w.org\/{rel}","templated":true}]}}