{"id":5050,"date":"2026-01-14T11:05:14","date_gmt":"2026-01-14T11:05:14","guid":{"rendered":"https:\/\/turkishtrade.co\/product\/men-s-crocodile-embossed-loafers\/"},"modified":"2026-04-09T19:45:46","modified_gmt":"2026-04-09T19:45:46","slug":"mens-crocodile-embossed-loafers-4","status":"publish","type":"product","link":"https:\/\/turkishtrade.co\/es\/shop\/mens-crocodile-embossed-loafers-4\/","title":{"rendered":"Mocasines de lujo para hombre en piel con relieve de cocodrilo y hebilla"},"content":{"rendered":"<p><strong>Mocasines de hombre en relieve de cocodrilo<\/strong><\/p>\n<p>Descubra el ep\u00edtome del estilo sofisticado con nuestra exquisita colecci\u00f3n de <strong>Mocasines de hombre en relieve de cocodrilo<\/strong>. Dise\u00f1ados para el caballero exigente, estos mocasines combinan a la perfecci\u00f3n la elegancia atemporal con el lujo moderno. Cada par est\u00e1 meticulosamente elaborado para garantizar tanto una est\u00e9tica impresionante como una comodidad excepcional, lo que los convierte en un complemento imprescindible para cualquier armario contempor\u00e1neo.<\/p>\n<h3>Artesan\u00eda inigualable y materiales de primera calidad<\/h3>\n<p>En el coraz\u00f3n de estos lujosos mocasines se encuentra una selecci\u00f3n superior de materiales. La superficie exterior est\u00e1 confeccionada en piel de ternero de alta calidad, expertamente repujada para imitar la textura distintiva de la piel de cocodrilo, ofreciendo un aspecto de gama alta sin comprometer el abastecimiento \u00e9tico. Esta atenci\u00f3n al detalle garantiza que cada par de <strong>Mocasines de hombre en relieve de cocodrilo<\/strong> destaca por su car\u00e1cter \u00fanico y su sofisticado atractivo. En el interior, tus pies se acunan en el suave abrazo de un forro de aut\u00e9ntica piel de cabra, que proporciona transpirabilidad y un tacto incre\u00edblemente suave que dura todo el d\u00eda. La combinaci\u00f3n de estas pieles de primera calidad garantiza durabilidad y una c\u00f3moda experiencia de uso.<\/p>\n<h3>Dise\u00f1ado para la comodidad y el estilo<\/h3>\n<p>La comodidad es primordial, y nuestro <strong>Mocasines de hombre en relieve de cocodrilo<\/strong> entregan. Incorporan una suela Microlight ligera pero duradera, dise\u00f1ada para proporcionar un agarre y una flexibilidad excelentes, absorbiendo el impacto a cada paso. Con una sutil altura de tac\u00f3n de 1 a 3 cm, estos mocasines ofrecen una ligera elevaci\u00f3n que mejora la postura sin sacrificar la comodidad. El elegante detalle de hebilla met\u00e1lica a lo largo de la pala a\u00f1ade un toque de refinada clase, elevando estos zapatos m\u00e1s all\u00e1 del calzado ordinario. Disponibles en negro cl\u00e1sico y marr\u00f3n intenso, estos vers\u00e1tiles mocasines son perfectos para combinar con todo tipo de atuendos, desde elegantes trajes de negocios hasta conjuntos informales elegantes para ocasiones especiales.<\/p>\n<h3>Oportunidad mayorista y alcance mundial<\/h3>\n<p>Para los minoristas y las empresas que desean ofrecer calzado de primera calidad, nuestro <strong>Mocasines de hombre en relieve de cocodrilo<\/strong> est\u00e1n disponibles para su compra al por mayor. Con un pedido m\u00ednimo de s\u00f3lo 8 pares, es f\u00e1cil abastecerse de estos codiciados zapatos de lujo. Nos enorgullecemos de ofrecer un servicio eficaz, con un plazo de entrega de aproximadamente 12 d\u00edas m\u00e1s gastos de env\u00edo, lo que garantiza que su pedido le llegue puntualmente. Ofrecer estos mocasines de alta calidad y a la moda a un precio competitivo de USD por par representa una excelente oportunidad para mejorar su l\u00ednea de productos con calzado para hombre verdaderamente distintivo. Eleve su colecci\u00f3n y ofrezca a sus clientes el estilo y la comodidad incomparables de nuestros extraordinarios mocasines. <strong>Mocasines de hombre en relieve de cocodrilo<\/strong>.<\/p>","protected":false},"excerpt":{"rendered":"<ul>\n<li>Fabricado a mano en piel de becerro de primera calidad con grabado de cocodrilo<\/li>\n<li>Lujoso forro interior de piel de cabra para un confort supremo<\/li>\n<li>Suela ultraligera, duradera y ligera<\/li>\n<li>Elegante detalle de hebilla met\u00e1lica para un toque sofisticado<\/li>\n<li>Disponible en tallas europeas 39-45<\/li>\n<li>Disponibilidad al por mayor: Pedido m\u00ednimo de 8 pares<\/li>\n<li>Precio competitivo: USD por par<\/li>\n<\/ul>","protected":false},"featured_media":3420,"template":"","meta":{"_acf_changed":false,"_uag_custom_page_level_css":"","site-sidebar-layout":"default","site-content-layout":"","ast-site-content-layout":"default","site-content-style":"default","site-sidebar-style":"default","ast-global-header-display":"","ast-banner-title-visibility":"","ast-main-header-display":"","ast-hfb-above-header-display":"","ast-hfb-below-header-display":"","ast-hfb-mobile-header-display":"","site-post-title":"","ast-breadcrumbs-content":"","ast-featured-img":"","footer-sml-layout":"","ast-disable-related-posts":"","theme-transparent-header-meta":"default","adv-header-id-meta":"","stick-header-meta":"","header-above-stick-meta":"","header-main-stick-meta":"","header-below-stick-meta":"","astra-migrate-meta-layouts":"set","ast-page-background-enabled":"default","ast-page-background-meta":{"desktop":{"background-color":"var(--ast-global-color-4)","background-image":"","background-repeat":"repeat","background-position":"center center","background-size":"auto","background-attachment":"scroll","background-type":"","background-media":"","overlay-type":"","overlay-color":"","overlay-opacity":"","overlay-gradient":""},"tablet":{"background-color":"","background-image":"","background-repeat":"repeat","background-position":"center center","background-size":"auto","background-attachment":"scroll","background-type":"","background-media":"","overlay-type":"","overlay-color":"","overlay-opacity":"","overlay-gradient":""},"mobile":{"background-color":"","background-image":"","background-repeat":"repeat","background-position":"center center","background-size":"auto","background-attachment":"scroll","background-type":"","background-media":"","overlay-type":"","overlay-color":"","overlay-opacity":"","overlay-gradient":""}},"ast-content-background-meta":{"desktop":{"background-color":"var(--ast-global-color-5)","background-image":"","background-repeat":"repeat","background-position":"center center","background-size":"auto","background-attachment":"scroll","background-type":"","background-media":"","overlay-type":"","overlay-color":"","overlay-opacity":"","overlay-gradient":""},"tablet":{"background-color":"var(--ast-global-color-5)","background-image":"","background-repeat":"repeat","background-position":"center center","background-size":"auto","background-attachment":"scroll","background-type":"","background-media":"","overlay-type":"","overlay-color":"","overlay-opacity":"","overlay-gradient":""},"mobile":{"background-color":"var(--ast-global-color-5)","background-image":"","background-repeat":"repeat","background-position":"center center","background-size":"auto","background-attachment":"scroll","background-type":"","background-media":"","overlay-type":"","overlay-color":"","overlay-opacity":"","overlay-gradient":""}}},"product_brand":[],"product_cat":[47,430,40],"product_tag":[370,147,315,202,534,530,251,189,215,186,466,280,281],"class_list":{"0":"post-5050","1":"product","2":"type-product","3":"status-publish","4":"has-post-thumbnail","6":"product_cat-classic","7":"product_cat-men","8":"product_cat-mens-shoes","9":"product_tag-black-loafers","10":"product_tag-brown-loafers","11":"product_tag-buckle-loafers","12":"product_tag-calf-leather","13":"product_tag-crocodile-embossed-shoes","14":"product_tag-designer-loafers","15":"product_tag-formal-shoes","16":"product_tag-goat-leather-lining","17":"product_tag-leather-loafers","18":"product_tag-mens-loafers","19":"product_tag-microlight-sole","20":"product_tag-smart-casual-shoes","21":"product_tag-wholesale-shoes","22":"desktop-align-center","23":"tablet-align-center","24":"mobile-align-center","26":"first","27":"instock","28":"shipping-taxable","29":"purchasable","30":"product-type-variable","31":"has-default-attributes"},"acf":[],"uagb_featured_image_src":{"full":["https:\/\/turkishtrade.co\/wp-content\/uploads\/2026\/01\/2400EJOMN00046-BROWN-C_12572.png",453,250,false],"thumbnail":["https:\/\/turkishtrade.co\/wp-content\/uploads\/2026\/01\/2400EJOMN00046-BROWN-C_12572-150x150.png",150,150,true],"medium":["https:\/\/turkishtrade.co\/wp-content\/uploads\/2026\/01\/2400EJOMN00046-BROWN-C_12572-300x166.png",300,166,true],"medium_large":["https:\/\/turkishtrade.co\/wp-content\/uploads\/2026\/01\/2400EJOMN00046-BROWN-C_12572.png",453,250,false],"large":["https:\/\/turkishtrade.co\/wp-content\/uploads\/2026\/01\/2400EJOMN00046-BROWN-C_12572.png",453,250,false],"1536x1536":["https:\/\/turkishtrade.co\/wp-content\/uploads\/2026\/01\/2400EJOMN00046-BROWN-C_12572.png",453,250,false],"2048x2048":["https:\/\/turkishtrade.co\/wp-content\/uploads\/2026\/01\/2400EJOMN00046-BROWN-C_12572.png",453,250,false],"trp-custom-language-flag":["https:\/\/turkishtrade.co\/wp-content\/uploads\/2026\/01\/2400EJOMN00046-BROWN-C_12572-18x10.png",18,10,true],"woocommerce_thumbnail":["https:\/\/turkishtrade.co\/wp-content\/uploads\/2026\/01\/2400EJOMN00046-BROWN-C_12572-400x250.png",400,250,true],"woocommerce_single":["https:\/\/turkishtrade.co\/wp-content\/uploads\/2026\/01\/2400EJOMN00046-BROWN-C_12572.png",453,250,false],"woocommerce_gallery_thumbnail":["https:\/\/turkishtrade.co\/wp-content\/uploads\/2026\/01\/2400EJOMN00046-BROWN-C_12572-100x100.png",100,100,true]},"uagb_author_info":{"display_name":"yaser olabi","author_link":"https:\/\/turkishtrade.co\/es\/author\/"},"uagb_comment_info":0,"uagb_excerpt":"Handcrafted from Premium Calf Leather with Crocodile Embossing Luxurious Goat Leather Inner Lining for Supreme Comfort Durable and Lightweight Microlight Sole Elegant Metallic Buckle Accent for a Sophisticated Touch Available in European Sizes 39-45 Wholesale Availability: Minimum order of 8 pairs Competitive Price: USD per pair","_links":{"self":[{"href":"https:\/\/turkishtrade.co\/es\/wp-json\/wp\/v2\/product\/5050","targetHints":{"allow":["GET"]}}],"collection":[{"href":"https:\/\/turkishtrade.co\/es\/wp-json\/wp\/v2\/product"}],"about":[{"href":"https:\/\/turkishtrade.co\/es\/wp-json\/wp\/v2\/types\/product"}],"wp:featuredmedia":[{"embeddable":true,"href":"https:\/\/turkishtrade.co\/es\/wp-json\/wp\/v2\/media\/3420"}],"wp:attachment":[{"href":"https:\/\/turkishtrade.co\/es\/wp-json\/wp\/v2\/media?parent=5050"}],"wp:term":[{"taxonomy":"product_brand","embeddable":true,"href":"https:\/\/turkishtrade.co\/es\/wp-json\/wp\/v2\/product_brand?post=5050"},{"taxonomy":"product_cat","embeddable":true,"href":"https:\/\/turkishtrade.co\/es\/wp-json\/wp\/v2\/product_cat?post=5050"},{"taxonomy":"product_tag","embeddable":true,"href":"https:\/\/turkishtrade.co\/es\/wp-json\/wp\/v2\/product_tag?post=5050"}],"curies":[{"name":"wp","href":"https:\/\/api.w.org\/{rel}","templated":true}]}}