{"id":5047,"date":"2026-01-14T11:04:53","date_gmt":"2026-01-14T11:04:53","guid":{"rendered":"https:\/\/turkishtrade.co\/product\/men-calf-leather-derby-shoes\/"},"modified":"2026-04-09T19:45:52","modified_gmt":"2026-04-09T19:45:52","slug":"mens-calf-leather-derby-shoes-luxury","status":"publish","type":"product","link":"https:\/\/turkishtrade.co\/es\/shop\/mens-calf-leather-derby-shoes-luxury\/","title":{"rendered":"Zapatos Derby con puntera de piel de becerro de primera calidad para hombre"},"content":{"rendered":"<p><strong>Zapatos Derby de piel de becerro para hombre<\/strong><\/p>\n<p>Ad\u00e9ntrese en una sofisticaci\u00f3n y un confort sin igual con nuestra exquisita colecci\u00f3n de <strong>Zapatos Derby de piel de becerro para hombre<\/strong>. Dise\u00f1ados para el caballero exigente, estos zapatos de vestir de primera calidad combinan la elegancia atemporal con la artesan\u00eda moderna. Cada par se fabrica meticulosamente con los mejores materiales, lo que garantiza no s\u00f3lo un aspecto distinguido, sino tambi\u00e9n una durabilidad y resistencia excepcionales. Tanto si asiste a una reuni\u00f3n de negocios crucial, a un evento formal o simplemente para elevar su atuendo diario, estos zapatos Derby son la base perfecta para un conjunto pulido.<\/p>\n<h3>Calidad inigualable y confort superior<\/h3>\n<p>El exterior de estos lujosos <strong>Zapatos Derby de piel de becerro para hombre<\/strong> est\u00e1 confeccionado en flexible piel de ternero de alta calidad. Conocida por su suave textura, resistencia y elegante brillo, la piel de ternero ofrece una est\u00e9tica de primera calidad que envejece maravillosamente con el paso del tiempo. Esta elecci\u00f3n de material garantiza que sus zapatos mantendr\u00e1n su aspecto impecable incluso con un uso regular, lo que refleja un compromiso con la calidad que destaca. En el interior, sus pies experimentar\u00e1n la suavidad del forro de aut\u00e9ntica piel de cabra. La piel de cabra es famosa por su transpirabilidad y flexibilidad, adapt\u00e1ndose a la forma del pie para un ajuste personalizado y garantizando la comodidad durante todo el d\u00eda sin comprometer la sujeci\u00f3n.<\/p>\n<h3>Dise\u00f1o innovador para un uso moderno<\/h3>\n<p>El confort no acaba en el interior. Nuestro <strong>Zapatos Derby de piel de becerro para hombre<\/strong> incorporan una avanzada suela Microlight, dise\u00f1ada para proporcionar una amortiguaci\u00f3n ligera y una flexibilidad superior. Esta innovadora tecnolog\u00eda de suela absorbe el impacto, haciendo que cada paso se sienta sin esfuerzo, mientras que la sutil altura del tac\u00f3n de 1-3 cm a\u00f1ade un toque de sofisticaci\u00f3n sin sacrificar la estabilidad. El cl\u00e1sico dise\u00f1o Derby con puntera en punta ofrece una gran versatilidad, lo que hace que estos zapatos sean adecuados para una amplia gama de ocasiones, desde los ambientes m\u00e1s formales hasta las reuniones informales m\u00e1s elegantes. Disponibles en las tallas 39 a 45, garantizamos un ajuste perfecto para todo caballero que busque un calzado refinado.<\/p>\n<h3>Su socio de confianza para pedidos al por mayor<\/h3>\n<p>Para minoristas, casas de moda o quienes deseen abastecerse de calzado de alta calidad, ofrecemos atractivas opciones de compra al por mayor. Con un pedido m\u00ednimo de tan solo 8 pares, podr\u00e1 adquirir sin esfuerzo estos codiciados <strong>Zapatos Derby de piel de becerro para hombre<\/strong> para su clientela. Nuestro eficiente proceso garantiza un plazo de entrega de aproximadamente 12 d\u00edas m\u00e1s gastos de env\u00edo, lo que le permite planificar su inventario con confianza. Invierta en un calzado que combina estilo cl\u00e1sico, materiales de primera calidad y una comodidad excepcional, estableciendo un nuevo punto de referencia para su colecci\u00f3n.<\/p>","protected":false},"excerpt":{"rendered":"<ul>\n<li><b>Exterior de piel de becerro de primera calidad:<\/b> Acabado lujoso y duradero para una elegancia duradera.<\/li>\n<li><b>Interior en suave piel de cabra:<\/b> Garantiza la m\u00e1xima comodidad y transpirabilidad durante todo el d\u00eda.<\/li>\n<li><b>Suela ultraligera:<\/b> Proporciona un confort y una flexibilidad excepcionales con un tac\u00f3n de 1-3 cm.<\/li>\n<li><b>Vers\u00e1til estilo Derby con puntera en punta:<\/b> Perfecto para ocasiones formales e informales.<\/li>\n<li><b>Tallas disponibles:<\/b> De 39 a 45 para garantizar un ajuste perfecto.<\/li>\n<li><b>Disponibilidad a granel:<\/b> Pedido m\u00ednimo de 8 pares; ideal para minoristas y grandes compras.<\/li>\n<\/ul>","protected":false},"featured_media":3418,"template":"","meta":{"_acf_changed":false,"_uag_custom_page_level_css":"","site-sidebar-layout":"default","site-content-layout":"","ast-site-content-layout":"default","site-content-style":"default","site-sidebar-style":"default","ast-global-header-display":"","ast-banner-title-visibility":"","ast-main-header-display":"","ast-hfb-above-header-display":"","ast-hfb-below-header-display":"","ast-hfb-mobile-header-display":"","site-post-title":"","ast-breadcrumbs-content":"","ast-featured-img":"","footer-sml-layout":"","ast-disable-related-posts":"","theme-transparent-header-meta":"default","adv-header-id-meta":"","stick-header-meta":"","header-above-stick-meta":"","header-main-stick-meta":"","header-below-stick-meta":"","astra-migrate-meta-layouts":"set","ast-page-background-enabled":"default","ast-page-background-meta":{"desktop":{"background-color":"var(--ast-global-color-4)","background-image":"","background-repeat":"repeat","background-position":"center center","background-size":"auto","background-attachment":"scroll","background-type":"","background-media":"","overlay-type":"","overlay-color":"","overlay-opacity":"","overlay-gradient":""},"tablet":{"background-color":"","background-image":"","background-repeat":"repeat","background-position":"center center","background-size":"auto","background-attachment":"scroll","background-type":"","background-media":"","overlay-type":"","overlay-color":"","overlay-opacity":"","overlay-gradient":""},"mobile":{"background-color":"","background-image":"","background-repeat":"repeat","background-position":"center center","background-size":"auto","background-attachment":"scroll","background-type":"","background-media":"","overlay-type":"","overlay-color":"","overlay-opacity":"","overlay-gradient":""}},"ast-content-background-meta":{"desktop":{"background-color":"var(--ast-global-color-5)","background-image":"","background-repeat":"repeat","background-position":"center center","background-size":"auto","background-attachment":"scroll","background-type":"","background-media":"","overlay-type":"","overlay-color":"","overlay-opacity":"","overlay-gradient":""},"tablet":{"background-color":"var(--ast-global-color-5)","background-image":"","background-repeat":"repeat","background-position":"center center","background-size":"auto","background-attachment":"scroll","background-type":"","background-media":"","overlay-type":"","overlay-color":"","overlay-opacity":"","overlay-gradient":""},"mobile":{"background-color":"var(--ast-global-color-5)","background-image":"","background-repeat":"repeat","background-position":"center center","background-size":"auto","background-attachment":"scroll","background-type":"","background-media":"","overlay-type":"","overlay-color":"","overlay-opacity":"","overlay-gradient":""}}},"product_brand":[],"product_cat":[47,430,40],"product_tag":[196,202,638,212,609,251,189,416,324,466,392,281],"class_list":{"0":"post-5047","1":"product","2":"type-product","3":"status-publish","4":"has-post-thumbnail","6":"product_cat-classic","7":"product_cat-men","8":"product_cat-mens-shoes","9":"product_tag-black-leather-shoes","10":"product_tag-calf-leather","11":"product_tag-cap-toe","12":"product_tag-derby-shoes","13":"product_tag-elegant-mens-shoes","14":"product_tag-formal-shoes","15":"product_tag-goat-leather-lining","16":"product_tag-luxury-shoes","17":"product_tag-mens-dress-shoes","18":"product_tag-microlight-sole","19":"product_tag-premium-dress-shoes","20":"product_tag-wholesale-shoes","21":"desktop-align-center","22":"tablet-align-center","23":"mobile-align-center","25":"first","26":"instock","27":"shipping-taxable","28":"purchasable","29":"product-type-variable","30":"has-default-attributes"},"acf":[],"uagb_featured_image_src":{"full":["https:\/\/turkishtrade.co\/wp-content\/uploads\/2026\/01\/2400EJOMN00045-DARK-BLUE-Z_234.png",453,250,false],"thumbnail":["https:\/\/turkishtrade.co\/wp-content\/uploads\/2026\/01\/2400EJOMN00045-DARK-BLUE-Z_234-150x150.png",150,150,true],"medium":["https:\/\/turkishtrade.co\/wp-content\/uploads\/2026\/01\/2400EJOMN00045-DARK-BLUE-Z_234-300x166.png",300,166,true],"medium_large":["https:\/\/turkishtrade.co\/wp-content\/uploads\/2026\/01\/2400EJOMN00045-DARK-BLUE-Z_234.png",453,250,false],"large":["https:\/\/turkishtrade.co\/wp-content\/uploads\/2026\/01\/2400EJOMN00045-DARK-BLUE-Z_234.png",453,250,false],"1536x1536":["https:\/\/turkishtrade.co\/wp-content\/uploads\/2026\/01\/2400EJOMN00045-DARK-BLUE-Z_234.png",453,250,false],"2048x2048":["https:\/\/turkishtrade.co\/wp-content\/uploads\/2026\/01\/2400EJOMN00045-DARK-BLUE-Z_234.png",453,250,false],"trp-custom-language-flag":["https:\/\/turkishtrade.co\/wp-content\/uploads\/2026\/01\/2400EJOMN00045-DARK-BLUE-Z_234-18x10.png",18,10,true],"woocommerce_thumbnail":["https:\/\/turkishtrade.co\/wp-content\/uploads\/2026\/01\/2400EJOMN00045-DARK-BLUE-Z_234-400x250.png",400,250,true],"woocommerce_single":["https:\/\/turkishtrade.co\/wp-content\/uploads\/2026\/01\/2400EJOMN00045-DARK-BLUE-Z_234.png",453,250,false],"woocommerce_gallery_thumbnail":["https:\/\/turkishtrade.co\/wp-content\/uploads\/2026\/01\/2400EJOMN00045-DARK-BLUE-Z_234-100x100.png",100,100,true]},"uagb_author_info":{"display_name":"yaser olabi","author_link":"https:\/\/turkishtrade.co\/es\/author\/"},"uagb_comment_info":0,"uagb_excerpt":"Premium Calf Leather Exterior: Luxurious and durable finish for lasting elegance. Soft Goat Leather Interior: Ensures maximum comfort and breathability all day long. Lightweight Microlight Sole: Provides exceptional comfort and flexibility with a 1-3 cm heel. Versatile Cap Toe Derby Style: Perfect for formal and smart-casual occasions. Available Sizes: Ranging from 39 to 45 to&hellip;","_links":{"self":[{"href":"https:\/\/turkishtrade.co\/es\/wp-json\/wp\/v2\/product\/5047","targetHints":{"allow":["GET"]}}],"collection":[{"href":"https:\/\/turkishtrade.co\/es\/wp-json\/wp\/v2\/product"}],"about":[{"href":"https:\/\/turkishtrade.co\/es\/wp-json\/wp\/v2\/types\/product"}],"wp:featuredmedia":[{"embeddable":true,"href":"https:\/\/turkishtrade.co\/es\/wp-json\/wp\/v2\/media\/3418"}],"wp:attachment":[{"href":"https:\/\/turkishtrade.co\/es\/wp-json\/wp\/v2\/media?parent=5047"}],"wp:term":[{"taxonomy":"product_brand","embeddable":true,"href":"https:\/\/turkishtrade.co\/es\/wp-json\/wp\/v2\/product_brand?post=5047"},{"taxonomy":"product_cat","embeddable":true,"href":"https:\/\/turkishtrade.co\/es\/wp-json\/wp\/v2\/product_cat?post=5047"},{"taxonomy":"product_tag","embeddable":true,"href":"https:\/\/turkishtrade.co\/es\/wp-json\/wp\/v2\/product_tag?post=5047"}],"curies":[{"name":"wp","href":"https:\/\/api.w.org\/{rel}","templated":true}]}}