{"id":5017,"date":"2026-01-14T11:00:43","date_gmt":"2026-01-14T11:00:43","guid":{"rendered":"https:\/\/turkishtrade.co\/product\/mens-cap-toe-derby-shoes\/"},"modified":"2026-04-09T19:46:55","modified_gmt":"2026-04-09T19:46:55","slug":"mens-cap-toe-derby-shoes","status":"publish","type":"product","link":"https:\/\/turkishtrade.co\/es\/shop\/mens-cap-toe-derby-shoes\/","title":{"rendered":"Elegantes zapatos Derby con puntera redonda para hombre"},"content":{"rendered":"<p><strong>Zapatos Derby con puntera de ca\u00f1a para hombre<\/strong><\/p>\n<p>Ad\u00e9ntrese en un estilo y un confort incomparables con nuestra exquisita colecci\u00f3n de <strong>Zapatos Derby con puntera de ca\u00f1a para hombre<\/strong>. Dise\u00f1ados para el caballero exigente, estos zapatos combinan la sofisticaci\u00f3n cl\u00e1sica con la artesan\u00eda contempor\u00e1nea, convirti\u00e9ndolos en un complemento indispensable para cualquier armario. Cada par es un testimonio de arte meticuloso, hecho a mano para ofrecer un aspecto que es atemporal y sorprendentemente moderno. Tanto si asiste a un evento formal, como si se mueve en el mundo de los negocios o simplemente eleva su atuendo diario, estos zapatos derby prometen causar una impresi\u00f3n duradera.<\/p>\n<h3>Calidad y comodidad inigualables<\/h3>\n<p>Nuestra <strong>Zapatos Derby con puntera de ca\u00f1a para hombre<\/strong> est\u00e1n fabricados con los mejores materiales para garantizar su durabilidad y un tacto lujoso. El exterior es de piel de ternero de primera calidad, conocida por su textura suave, su resistencia y su elegante brillo. Esta piel de alta calidad no s\u00f3lo proporciona una est\u00e9tica distinguida, sino que tambi\u00e9n se amolda perfectamente al pie con el paso del tiempo, ofreciendo un ajuste personalizado. El forro interior de piel de cabra, suntuosamente suave, complementa el robusto exterior. Esta elecci\u00f3n de material interior garantiza una transpirabilidad y comodidad excepcionales, permiti\u00e9ndole llevar sus zapatos durante largos periodos sin molestias, lo que los hace ideales para largos d\u00edas o noches fuera.<\/p>\n<p>La base de este calzado excepcional es una suela Microlight ligera. Este innovador material de suela ofrece una flexibilidad y amortiguaci\u00f3n superiores a las de las suelas tradicionales, reduciendo la fatiga del pie y mejorando la comodidad general al caminar. Junto con una sutil altura de tac\u00f3n de 1-3 cm, estos zapatos derby proporcionan una suave elevaci\u00f3n que contribuye a una postura elegante sin comprometer la estabilidad ni la facilidad de movimiento. La cuidada combinaci\u00f3n de estos elementos culmina en un zapato tan c\u00f3modo como elegante.<\/p>\n<h3>Estilo vers\u00e1til y pr\u00e1ctico<\/h3>\n<p>El dise\u00f1o ic\u00f3nico de la puntera a\u00f1ade un toque de detalle refinado, haciendo que estas <strong>Zapatos Derby con puntera de ca\u00f1a para hombre<\/strong> incre\u00edblemente vers\u00e1til. El sistema de cordones abiertos del estilo Derby proporciona una est\u00e9tica ligeramente m\u00e1s relajada, aunque impecablemente formal, en comparaci\u00f3n con un Oxford, ofreciendo una mayor flexibilidad y un ajuste c\u00f3modo para una gama m\u00e1s amplia de formas de pie. Disponibles en una sofisticada gama de colores, que incluye el cl\u00e1sico negro y el azul marino intenso, estos zapatos pueden pasar sin esfuerzo de un elegante traje de negocios a un sofisticado traje de noche, o incluso elevar un conjunto elegante-casual.<\/p>\n<p>Para empresas, minoristas y distribuidores de moda, ofrecemos estos zapatos de primera calidad para su compra al por mayor con una cantidad m\u00ednima de pedido de s\u00f3lo 8 pares. Esto supone una excelente oportunidad para almacenar calzado artesanal de alta calidad que atrae a una clientela sofisticada. Nuestra eficaz log\u00edstica garantiza un plazo de entrega de aproximadamente 12 d\u00edas m\u00e1s gastos de env\u00edo, lo que le permite gestionar su inventario con eficacia y satisfacer la demanda de los clientes con prontitud. Invierta en estos lujosos zapatos derby y ofrezca a sus clientes un producto que ejemplifica artesan\u00eda, comodidad y estilo duradero.<\/p>","protected":false},"excerpt":{"rendered":"<ul>\n<li><strong>Elegancia artesanal:<\/strong> Exterior de piel de becerro de primera calidad para un aspecto y un tacto sofisticados.<\/li>\n<li><strong>Confort de lujo:<\/strong> El forro interior de suave piel de cabra garantiza una transpirabilidad y un confort excepcionales.<\/li>\n<li><strong>Dise\u00f1o ligero:<\/strong> La suela microligera proporciona una flexibilidad superior y un peso reducido para llevarlas todo el d\u00eda.<\/li>\n<li><strong>Elevaci\u00f3n sutil:<\/strong> La c\u00f3moda altura del tac\u00f3n de 1-3 cm ofrece una postura refinada sin comprometer la estabilidad.<\/li>\n<li><strong>Tallas vers\u00e1tiles:<\/strong> Disponible en las tallas 39, 40, 41, 42, 43, 44 y 45 de la UE para garantizar un ajuste perfecto.<\/li>\n<li><strong>Pedidos a granel:<\/strong> Cantidad m\u00ednima de pedido de 8 pares disponible para la venta al por mayor.<\/li>\n<li><strong>Entrega eficaz:<\/strong> Plazo de entrega de 12 d\u00edas m\u00e1s gastos de env\u00edo para su comodidad.<\/li>\n<\/ul>","protected":false},"featured_media":3399,"template":"","meta":{"_acf_changed":false,"_uag_custom_page_level_css":"","site-sidebar-layout":"default","site-content-layout":"","ast-site-content-layout":"default","site-content-style":"default","site-sidebar-style":"default","ast-global-header-display":"","ast-banner-title-visibility":"","ast-main-header-display":"","ast-hfb-above-header-display":"","ast-hfb-below-header-display":"","ast-hfb-mobile-header-display":"","site-post-title":"","ast-breadcrumbs-content":"","ast-featured-img":"","footer-sml-layout":"","ast-disable-related-posts":"","theme-transparent-header-meta":"default","adv-header-id-meta":"","stick-header-meta":"","header-above-stick-meta":"","header-main-stick-meta":"","header-below-stick-meta":"","astra-migrate-meta-layouts":"set","ast-page-background-enabled":"default","ast-page-background-meta":{"desktop":{"background-color":"var(--ast-global-color-4)","background-image":"","background-repeat":"repeat","background-position":"center center","background-size":"auto","background-attachment":"scroll","background-type":"","background-media":"","overlay-type":"","overlay-color":"","overlay-opacity":"","overlay-gradient":""},"tablet":{"background-color":"","background-image":"","background-repeat":"repeat","background-position":"center center","background-size":"auto","background-attachment":"scroll","background-type":"","background-media":"","overlay-type":"","overlay-color":"","overlay-opacity":"","overlay-gradient":""},"mobile":{"background-color":"","background-image":"","background-repeat":"repeat","background-position":"center center","background-size":"auto","background-attachment":"scroll","background-type":"","background-media":"","overlay-type":"","overlay-color":"","overlay-opacity":"","overlay-gradient":""}},"ast-content-background-meta":{"desktop":{"background-color":"var(--ast-global-color-5)","background-image":"","background-repeat":"repeat","background-position":"center center","background-size":"auto","background-attachment":"scroll","background-type":"","background-media":"","overlay-type":"","overlay-color":"","overlay-opacity":"","overlay-gradient":""},"tablet":{"background-color":"var(--ast-global-color-5)","background-image":"","background-repeat":"repeat","background-position":"center center","background-size":"auto","background-attachment":"scroll","background-type":"","background-media":"","overlay-type":"","overlay-color":"","overlay-opacity":"","overlay-gradient":""},"mobile":{"background-color":"var(--ast-global-color-5)","background-image":"","background-repeat":"repeat","background-position":"center center","background-size":"auto","background-attachment":"scroll","background-type":"","background-media":"","overlay-type":"","overlay-color":"","overlay-opacity":"","overlay-gradient":""}}},"product_brand":[],"product_cat":[47,430,40],"product_tag":[435,604,405,202,458,212,284,454,251,437,450,227,416,198,466,281],"class_list":{"0":"post-5017","1":"product","2":"type-product","3":"status-publish","4":"has-post-thumbnail","6":"product_cat-classic","7":"product_cat-men","8":"product_cat-mens-shoes","9":"product_tag-black-derby","10":"product_tag-blue-derby","11":"product_tag-business-shoes","12":"product_tag-calf-leather","13":"product_tag-cap-toe-shoes","14":"product_tag-derby-shoes","15":"product_tag-dress-shoes","16":"product_tag-elegant-footwear","17":"product_tag-formal-shoes","18":"product_tag-goat-leather","19":"product_tag-handcrafted-shoes","20":"product_tag-leather-shoes","21":"product_tag-luxury-shoes","22":"product_tag-mens-fashion","23":"product_tag-microlight-sole","24":"product_tag-wholesale-shoes","25":"desktop-align-center","26":"tablet-align-center","27":"mobile-align-center","29":"first","30":"instock","31":"shipping-taxable","32":"purchasable","33":"product-type-variable","34":"has-default-attributes"},"acf":[],"uagb_featured_image_src":{"full":["https:\/\/turkishtrade.co\/wp-content\/uploads\/2026\/01\/2400EJOMN00034-DARK-BLUE-X_12573.png",453,250,false],"thumbnail":["https:\/\/turkishtrade.co\/wp-content\/uploads\/2026\/01\/2400EJOMN00034-DARK-BLUE-X_12573-150x150.png",150,150,true],"medium":["https:\/\/turkishtrade.co\/wp-content\/uploads\/2026\/01\/2400EJOMN00034-DARK-BLUE-X_12573-300x166.png",300,166,true],"medium_large":["https:\/\/turkishtrade.co\/wp-content\/uploads\/2026\/01\/2400EJOMN00034-DARK-BLUE-X_12573.png",453,250,false],"large":["https:\/\/turkishtrade.co\/wp-content\/uploads\/2026\/01\/2400EJOMN00034-DARK-BLUE-X_12573.png",453,250,false],"1536x1536":["https:\/\/turkishtrade.co\/wp-content\/uploads\/2026\/01\/2400EJOMN00034-DARK-BLUE-X_12573.png",453,250,false],"2048x2048":["https:\/\/turkishtrade.co\/wp-content\/uploads\/2026\/01\/2400EJOMN00034-DARK-BLUE-X_12573.png",453,250,false],"trp-custom-language-flag":["https:\/\/turkishtrade.co\/wp-content\/uploads\/2026\/01\/2400EJOMN00034-DARK-BLUE-X_12573-18x10.png",18,10,true],"woocommerce_thumbnail":["https:\/\/turkishtrade.co\/wp-content\/uploads\/2026\/01\/2400EJOMN00034-DARK-BLUE-X_12573-400x250.png",400,250,true],"woocommerce_single":["https:\/\/turkishtrade.co\/wp-content\/uploads\/2026\/01\/2400EJOMN00034-DARK-BLUE-X_12573.png",453,250,false],"woocommerce_gallery_thumbnail":["https:\/\/turkishtrade.co\/wp-content\/uploads\/2026\/01\/2400EJOMN00034-DARK-BLUE-X_12573-100x100.png",100,100,true]},"uagb_author_info":{"display_name":"yaser olabi","author_link":"https:\/\/turkishtrade.co\/es\/author\/"},"uagb_comment_info":0,"uagb_excerpt":"Handcrafted Elegance: Premium calf leather exterior for a sophisticated look and feel. Luxurious Comfort: Soft goat leather interior lining ensures exceptional breathability and comfort. Lightweight Design: Microlight sole provides superior flexibility and reduced weight for all-day wear. Subtle Lift: Comfortable 1-3 cm heel height offers a refined stance without compromising stability. Versatile Sizing: Available in&hellip;","_links":{"self":[{"href":"https:\/\/turkishtrade.co\/es\/wp-json\/wp\/v2\/product\/5017","targetHints":{"allow":["GET"]}}],"collection":[{"href":"https:\/\/turkishtrade.co\/es\/wp-json\/wp\/v2\/product"}],"about":[{"href":"https:\/\/turkishtrade.co\/es\/wp-json\/wp\/v2\/types\/product"}],"wp:featuredmedia":[{"embeddable":true,"href":"https:\/\/turkishtrade.co\/es\/wp-json\/wp\/v2\/media\/3399"}],"wp:attachment":[{"href":"https:\/\/turkishtrade.co\/es\/wp-json\/wp\/v2\/media?parent=5017"}],"wp:term":[{"taxonomy":"product_brand","embeddable":true,"href":"https:\/\/turkishtrade.co\/es\/wp-json\/wp\/v2\/product_brand?post=5017"},{"taxonomy":"product_cat","embeddable":true,"href":"https:\/\/turkishtrade.co\/es\/wp-json\/wp\/v2\/product_cat?post=5017"},{"taxonomy":"product_tag","embeddable":true,"href":"https:\/\/turkishtrade.co\/es\/wp-json\/wp\/v2\/product_tag?post=5017"}],"curies":[{"name":"wp","href":"https:\/\/api.w.org\/{rel}","templated":true}]}}