{"id":5012,"date":"2026-01-14T10:59:58","date_gmt":"2026-01-14T10:59:58","guid":{"rendered":"https:\/\/turkishtrade.co\/product\/men-s-leather-dress-shoes\/"},"modified":"2026-04-09T19:47:06","modified_gmt":"2026-04-09T19:47:06","slug":"luxury-footwear-mens-leather-dress-shoes","status":"publish","type":"product","link":"https:\/\/turkishtrade.co\/es\/shop\/luxury-footwear-mens-leather-dress-shoes\/","title":{"rendered":"Elegantes zapatos de vestir Derby de piel marr\u00f3n para hombre"},"content":{"rendered":"<p><strong>Zapatos de vestir de piel para hombre<\/strong><\/p>\n<p>Entre en la elegancia atemporal con nuestro exquisito <b>zapatos de vestir de piel para hombre<\/b>, meticulosamente elaborados para el caballero moderno. Dise\u00f1ados para ofrecer un estilo y un confort inigualables, estos zapatos premium <b>zapatos de vestir de piel para hombre<\/b> son el complemento perfecto para cualquier armario exigente. Tanto si asiste a un evento formal como si acude a una importante reuni\u00f3n de negocios o simplemente busca un calzado sofisticado para el d\u00eda a d\u00eda, estos zapatos Derby marrones realzar\u00e1n su presencia.<\/p>\n<h3>Artesan\u00eda inigualable y materiales de primera calidad<\/h3>\n<p>Fabricado con los mejores materiales, el exterior de estos impresionantes <b>zapatos de vestir de piel para hombre<\/b> incorpora piel de becerro de alta calidad, conocida por su excepcional durabilidad, suave textura y elegante acabado. Este revestimiento exterior de primera calidad garantiza longevidad y un aspecto lujoso que s\u00f3lo mejorar\u00e1 con el paso del tiempo. Como complemento del robusto exterior, el interior est\u00e1 forrado con flexible piel de cabra, que proporciona un entorno incre\u00edblemente suave y transpirable para tus pies. Esta cuidada combinaci\u00f3n de materiales garantiza un tacto lujoso y una comodidad duradera durante todo el d\u00eda.<\/p>\n<h3>Dise\u00f1ado para ofrecer comodidad y estilo<\/h3>\n<p>Experimenta un confort superior a cada paso gracias a la innovadora suela Microlight. Dise\u00f1ado para una flexibilidad ligera, la suela Microlight ofrece una excelente absorci\u00f3n de impactos y reduce la fatiga del pie, por lo que estos <b>zapatos de vestir de piel para hombre<\/b> ideal para un uso prolongado. La modesta altura del tac\u00f3n de 1-3 cm a\u00f1ade una sutil elevaci\u00f3n sin comprometer la estabilidad ni la comodidad. El cl\u00e1sico sistema de cordones Derby no s\u00f3lo realza la sofisticada est\u00e9tica del zapato, sino que tambi\u00e9n permite un ajuste m\u00e1s regulable, adapt\u00e1ndose a diversas formas de pie con facilidad. No son unos zapatos cualquiera <b>zapatos de vestir de piel para hombre<\/b>; son una declaraci\u00f3n de clase y comodidad.<\/p>\n<p>&nbsp;<\/p>","protected":false},"excerpt":{"rendered":"<ul>\n<li><b>Materiales de primera calidad:<\/b> Fabricado con piel de ternero duradera en el exterior y piel de cabra suave en el interior.<\/li>\n<li><b>Confort superior:<\/b> Equipadas con una ligera suela Microlight y un modesto tac\u00f3n de 1-3 cm para llevarlas todo el d\u00eda.<\/li>\n<li><b>Estilo cl\u00e1sico:<\/b> Dise\u00f1o Derby marr\u00f3n atemporal, perfecto para ocasiones de negocios, formales e informales elegantes.<\/li>\n<li><b>Tallas disponibles:<\/b> Se ofrece en una amplia gama de tallas de la UE, de la 39 a la 45.<\/li>\n<li><b>Disponibilidad al por mayor:<\/b> Pedido m\u00ednimo de 8 pares con un plazo de entrega de 12 d\u00edas m\u00e1s gastos de env\u00edo.<\/li>\n<\/ul>","protected":false},"featured_media":3395,"template":"","meta":{"_acf_changed":false,"_uag_custom_page_level_css":"","site-sidebar-layout":"default","site-content-layout":"","ast-site-content-layout":"default","site-content-style":"default","site-sidebar-style":"default","ast-global-header-display":"","ast-banner-title-visibility":"","ast-main-header-display":"","ast-hfb-above-header-display":"","ast-hfb-below-header-display":"","ast-hfb-mobile-header-display":"","site-post-title":"","ast-breadcrumbs-content":"","ast-featured-img":"","footer-sml-layout":"","ast-disable-related-posts":"","theme-transparent-header-meta":"default","adv-header-id-meta":"","stick-header-meta":"","header-above-stick-meta":"","header-main-stick-meta":"","header-below-stick-meta":"","astra-migrate-meta-layouts":"set","ast-page-background-enabled":"default","ast-page-background-meta":{"desktop":{"background-color":"var(--ast-global-color-4)","background-image":"","background-repeat":"repeat","background-position":"center center","background-size":"auto","background-attachment":"scroll","background-type":"","background-media":"","overlay-type":"","overlay-color":"","overlay-opacity":"","overlay-gradient":""},"tablet":{"background-color":"","background-image":"","background-repeat":"repeat","background-position":"center center","background-size":"auto","background-attachment":"scroll","background-type":"","background-media":"","overlay-type":"","overlay-color":"","overlay-opacity":"","overlay-gradient":""},"mobile":{"background-color":"","background-image":"","background-repeat":"repeat","background-position":"center center","background-size":"auto","background-attachment":"scroll","background-type":"","background-media":"","overlay-type":"","overlay-color":"","overlay-opacity":"","overlay-gradient":""}},"ast-content-background-meta":{"desktop":{"background-color":"var(--ast-global-color-5)","background-image":"","background-repeat":"repeat","background-position":"center center","background-size":"auto","background-attachment":"scroll","background-type":"","background-media":"","overlay-type":"","overlay-color":"","overlay-opacity":"","overlay-gradient":""},"tablet":{"background-color":"var(--ast-global-color-5)","background-image":"","background-repeat":"repeat","background-position":"center center","background-size":"auto","background-attachment":"scroll","background-type":"","background-media":"","overlay-type":"","overlay-color":"","overlay-opacity":"","overlay-gradient":""},"mobile":{"background-color":"var(--ast-global-color-5)","background-image":"","background-repeat":"repeat","background-position":"center center","background-size":"auto","background-attachment":"scroll","background-type":"","background-media":"","overlay-type":"","overlay-color":"","overlay-opacity":"","overlay-gradient":""}}},"product_brand":[],"product_cat":[47,430,40],"product_tag":[218,405,202,181,212,284,480,593,251,437,227,198,466,281],"class_list":{"0":"post-5012","1":"product","2":"type-product","3":"status-publish","4":"has-post-thumbnail","6":"product_cat-classic","7":"product_cat-men","8":"product_cat-mens-shoes","9":"product_tag-brown-shoes","10":"product_tag-business-shoes","11":"product_tag-calf-leather","12":"product_tag-comfortable-dress-shoes","13":"product_tag-derby-shoes","14":"product_tag-dress-shoes","15":"product_tag-elegant-shoes","16":"product_tag-eu-sizes-39-45","17":"product_tag-formal-shoes","18":"product_tag-goat-leather","19":"product_tag-leather-shoes","20":"product_tag-mens-fashion","21":"product_tag-microlight-sole","22":"product_tag-wholesale-shoes","23":"desktop-align-center","24":"tablet-align-center","25":"mobile-align-center","27":"first","28":"instock","29":"shipping-taxable","30":"purchasable","31":"product-type-variable","32":"has-default-attributes"},"acf":[],"uagb_featured_image_src":{"full":["https:\/\/turkishtrade.co\/wp-content\/uploads\/2026\/01\/2400EJOMN00032-BROWN-Y_301.png",453,250,false],"thumbnail":["https:\/\/turkishtrade.co\/wp-content\/uploads\/2026\/01\/2400EJOMN00032-BROWN-Y_301-150x150.png",150,150,true],"medium":["https:\/\/turkishtrade.co\/wp-content\/uploads\/2026\/01\/2400EJOMN00032-BROWN-Y_301-300x166.png",300,166,true],"medium_large":["https:\/\/turkishtrade.co\/wp-content\/uploads\/2026\/01\/2400EJOMN00032-BROWN-Y_301.png",453,250,false],"large":["https:\/\/turkishtrade.co\/wp-content\/uploads\/2026\/01\/2400EJOMN00032-BROWN-Y_301.png",453,250,false],"1536x1536":["https:\/\/turkishtrade.co\/wp-content\/uploads\/2026\/01\/2400EJOMN00032-BROWN-Y_301.png",453,250,false],"2048x2048":["https:\/\/turkishtrade.co\/wp-content\/uploads\/2026\/01\/2400EJOMN00032-BROWN-Y_301.png",453,250,false],"trp-custom-language-flag":["https:\/\/turkishtrade.co\/wp-content\/uploads\/2026\/01\/2400EJOMN00032-BROWN-Y_301-18x10.png",18,10,true],"woocommerce_thumbnail":["https:\/\/turkishtrade.co\/wp-content\/uploads\/2026\/01\/2400EJOMN00032-BROWN-Y_301-400x250.png",400,250,true],"woocommerce_single":["https:\/\/turkishtrade.co\/wp-content\/uploads\/2026\/01\/2400EJOMN00032-BROWN-Y_301.png",453,250,false],"woocommerce_gallery_thumbnail":["https:\/\/turkishtrade.co\/wp-content\/uploads\/2026\/01\/2400EJOMN00032-BROWN-Y_301-100x100.png",100,100,true]},"uagb_author_info":{"display_name":"yaser olabi","author_link":"https:\/\/turkishtrade.co\/es\/author\/"},"uagb_comment_info":0,"uagb_excerpt":"Premium Materials: Crafted with durable calf leather exterior and soft goat leather interior. Superior Comfort: Equipped with a lightweight Microlight sole and a modest 1-3 cm heel for all-day wear. Classic Style: Timeless brown Derby design, perfect for business, formal, and smart casual occasions. Available Sizes: Offered in a wide range of EU sizes from&hellip;","_links":{"self":[{"href":"https:\/\/turkishtrade.co\/es\/wp-json\/wp\/v2\/product\/5012","targetHints":{"allow":["GET"]}}],"collection":[{"href":"https:\/\/turkishtrade.co\/es\/wp-json\/wp\/v2\/product"}],"about":[{"href":"https:\/\/turkishtrade.co\/es\/wp-json\/wp\/v2\/types\/product"}],"wp:featuredmedia":[{"embeddable":true,"href":"https:\/\/turkishtrade.co\/es\/wp-json\/wp\/v2\/media\/3395"}],"wp:attachment":[{"href":"https:\/\/turkishtrade.co\/es\/wp-json\/wp\/v2\/media?parent=5012"}],"wp:term":[{"taxonomy":"product_brand","embeddable":true,"href":"https:\/\/turkishtrade.co\/es\/wp-json\/wp\/v2\/product_brand?post=5012"},{"taxonomy":"product_cat","embeddable":true,"href":"https:\/\/turkishtrade.co\/es\/wp-json\/wp\/v2\/product_cat?post=5012"},{"taxonomy":"product_tag","embeddable":true,"href":"https:\/\/turkishtrade.co\/es\/wp-json\/wp\/v2\/product_tag?post=5012"}],"curies":[{"name":"wp","href":"https:\/\/api.w.org\/{rel}","templated":true}]}}