{"id":5010,"date":"2026-01-14T10:59:36","date_gmt":"2026-01-14T10:59:36","guid":{"rendered":"https:\/\/turkishtrade.co\/product\/men-s-black-calf-leather-oxford-shoes\/"},"modified":"2026-04-09T19:47:09","modified_gmt":"2026-04-09T19:47:09","slug":"mens-black-calf-leather-oxford-shoes","status":"publish","type":"product","link":"https:\/\/turkishtrade.co\/es\/shop\/mens-black-calf-leather-oxford-shoes\/","title":{"rendered":"Zapatos Oxford de hombre en piel de becerro negra"},"content":{"rendered":"<p><strong>Zapatos Oxford de hombre en piel de becerro negra<\/strong><\/p>\n<p>Entre en la sofisticaci\u00f3n con nuestro excepcional <b>Zapatos Oxford de hombre en piel de becerro negra<\/b>. Meticulosamente hechos a mano, estos zapatos son el ep\u00edtome de la elegancia atemporal y la artesan\u00eda superior. Dise\u00f1ados para el individuo exigente, nuestros <b>Zapatos Oxford de hombre en piel de becerro negra<\/b> combinan a la perfecci\u00f3n el estilo tradicional con la comodidad moderna, convirti\u00e9ndolos en un complemento indispensable para cualquier vestuario formal o profesional.<\/p>\n<p><h3>Materiales de calidad incomparable<\/h3>\n<\/p>\n<p>Experimente el lujo a cada paso. El exterior de estos impresionantes zapatos Oxford est\u00e1 confeccionado en aut\u00e9ntica piel de ternero de primera calidad, conocida por su textura suave, su notable durabilidad y su acabado lustroso. Este material de alta calidad no s\u00f3lo garantiza un aspecto sofisticado, sino que tambi\u00e9n promete longevidad, resistiendo el desgaste y manteniendo su aspecto impecable con el paso del tiempo.<\/p>\n<p>Como complemento al robusto exterior, el interior est\u00e1 forrado con piel de cabra incre\u00edblemente suave, que proporciona una comodidad y transpirabilidad inigualables durante todo el d\u00eda. El resultado es un par de <b>Zapatos Oxford de hombre en piel de becerro negra<\/b> que se sienten tan bien como se ven, ofreciendo un entorno afelpado para tus pies.<\/p>\n<p><h3>Dise\u00f1ado para la comodidad y el estilo<\/h3>\n<\/p>\n<p>M\u00e1s all\u00e1 de su impactante est\u00e9tica, estos <b>Zapatos Oxford de hombre en piel de becerro negra<\/b> est\u00e1n dise\u00f1adas para un confort supremo. Con una suela Microlight ligera, ofrecen una excelente absorci\u00f3n de impactos y flexibilidad, garantizando la facilidad de movimiento tanto si te mueves por las calles de la ciudad como si permaneces de pie durante largos eventos. El sutil tac\u00f3n de 1-3 cm proporciona la elevaci\u00f3n justa, mejorando la postura sin sacrificar la comodidad.<\/p>\n<p>El dise\u00f1o cl\u00e1sico de puntera de ca\u00f1a a\u00f1ade un toque de refinada formalidad, lo que los hace adecuados para reuniones de negocios, bodas, eventos de etiqueta y otras ocasiones elegantes. Cada par es un testimonio de la meticulosa atenci\u00f3n al detalle y un compromiso con la calidad que resiste el paso del tiempo.<\/p>\n<p>Estos vers\u00e1tiles <b>Zapatos Oxford de hombre en piel de becerro negra<\/b> est\u00e1n disponibles en una amplia gama de tallas, de la 39 a la 45, lo que garantiza un ajuste perfecto para un amplio espectro de clientes. Comb\u00ednelos con un traje elegante para un look profesional dominante, o mod\u00e9relos ligeramente con pantalones de sastrer\u00eda para eventos elegantes e informales. Su cl\u00e1sico tono negro hace que sean incre\u00edblemente f\u00e1ciles de integrar en cualquier fondo de armario, sirviendo de base fiable para innumerables conjuntos.<\/p>\n<p><h3>Ventajas de los pedidos a granel<\/h3>\n<\/p>\n<p>Para los minoristas, las empresas o quienes deseen abastecerse de calzado formal de alta calidad, nuestros <b>Zapatos Oxford de hombre en piel de becerro negra<\/b> est\u00e1n disponibles para la compra al por mayor con una cantidad m\u00ednima de pedido de 8 pares.<\/p>\n<p>Benef\u00edciese de un precio competitivo de s\u00f3lo USD por par, lo que los convierte en una excelente inversi\u00f3n para su inventario. Con un plazo de entrega de aproximadamente 12 d\u00edas m\u00e1s gastos de env\u00edo, podr\u00e1 mejorar r\u00e1pidamente su oferta con calzado de primera calidad, elaborado por expertos, que impresionar\u00e1 a su clientela.<\/p>\n<p>Invierta en estilo y comodidad duraderos con un calzado que dice mucho de su gusto. Nuestro <b>Zapatos Oxford de hombre en piel de becerro negra<\/b> son algo m\u00e1s que calzado: son una declaraci\u00f3n de sofisticaci\u00f3n y calidad. Haz tu pedido hoy y experimenta la mezcla perfecta de tradici\u00f3n, lujo y comodidad.<\/p>","protected":false},"excerpt":{"rendered":"<p>Eleve su vestuario formal con nuestros exquisitos zapatos Oxford de hombre en piel de becerro negra, que combinan el estilo cl\u00e1sico con la m\u00e1xima comodidad.<\/p>\n<ul>\n<li>Exterior de piel de becerro negra de primera calidad para un aspecto refinado y durabilidad<\/li>\n<li>El lujoso forro interior de piel de cabra garantiza un confort y una transpirabilidad inigualables<\/li>\n<li>La suela Microlight, que mejora el confort, proporciona flexibilidad y sujeci\u00f3n ligeras<\/li>\n<li>Tac\u00f3n sutil de 1-3 cm para una postura refinada y un confort ergon\u00f3mico<\/li>\n<li>Disponible en una amplia gama de tallas: 39, 40, 41, 42, 43, 44, 45<\/li>\n<li>Cantidad m\u00ednima de pedido: 8 pares (Excelente para compras al por mayor y minoristas)<\/li>\n<\/ul>","protected":false},"featured_media":3394,"template":"","meta":{"_acf_changed":false,"_uag_custom_page_level_css":"","site-sidebar-layout":"default","site-content-layout":"","ast-site-content-layout":"default","site-content-style":"default","site-sidebar-style":"default","ast-global-header-display":"","ast-banner-title-visibility":"","ast-main-header-display":"","ast-hfb-above-header-display":"","ast-hfb-below-header-display":"","ast-hfb-mobile-header-display":"","site-post-title":"","ast-breadcrumbs-content":"","ast-featured-img":"","footer-sml-layout":"","ast-disable-related-posts":"","theme-transparent-header-meta":"","adv-header-id-meta":"","stick-header-meta":"","header-above-stick-meta":"","header-main-stick-meta":"","header-below-stick-meta":"","astra-migrate-meta-layouts":"default","ast-page-background-enabled":"default","ast-page-background-meta":{"desktop":{"background-color":"var(--ast-global-color-4)","background-image":"","background-repeat":"repeat","background-position":"center center","background-size":"auto","background-attachment":"scroll","background-type":"","background-media":"","overlay-type":"","overlay-color":"","overlay-opacity":"","overlay-gradient":""},"tablet":{"background-color":"","background-image":"","background-repeat":"repeat","background-position":"center center","background-size":"auto","background-attachment":"scroll","background-type":"","background-media":"","overlay-type":"","overlay-color":"","overlay-opacity":"","overlay-gradient":""},"mobile":{"background-color":"","background-image":"","background-repeat":"repeat","background-position":"center center","background-size":"auto","background-attachment":"scroll","background-type":"","background-media":"","overlay-type":"","overlay-color":"","overlay-opacity":"","overlay-gradient":""}},"ast-content-background-meta":{"desktop":{"background-color":"var(--ast-global-color-5)","background-image":"","background-repeat":"repeat","background-position":"center center","background-size":"auto","background-attachment":"scroll","background-type":"","background-media":"","overlay-type":"","overlay-color":"","overlay-opacity":"","overlay-gradient":""},"tablet":{"background-color":"var(--ast-global-color-5)","background-image":"","background-repeat":"repeat","background-position":"center center","background-size":"auto","background-attachment":"scroll","background-type":"","background-media":"","overlay-type":"","overlay-color":"","overlay-opacity":"","overlay-gradient":""},"mobile":{"background-color":"var(--ast-global-color-5)","background-image":"","background-repeat":"repeat","background-position":"center center","background-size":"auto","background-attachment":"scroll","background-type":"","background-media":"","overlay-type":"","overlay-color":"","overlay-opacity":"","overlay-gradient":""}}},"product_brand":[],"product_cat":[47,430,40],"product_tag":[540,590,405,185,541,284,454,314,591,189,351,589,466,281],"class_list":{"0":"post-5010","1":"product","2":"type-product","3":"status-publish","4":"has-post-thumbnail","6":"product_cat-classic","7":"product_cat-men","8":"product_cat-mens-shoes","9":"product_tag-black-oxford-shoes","10":"product_tag-bulk-oxford-shoes","11":"product_tag-business-shoes","12":"product_tag-calf-leather-shoes","13":"product_tag-cap-toe-oxfords","14":"product_tag-dress-shoes","15":"product_tag-elegant-footwear","16":"product_tag-formal-mens-shoes","17":"product_tag-formal-wear","18":"product_tag-goat-leather-lining","19":"product_tag-leather-footwear","20":"product_tag-mens-black-calf-leather-oxford-shoes","21":"product_tag-microlight-sole","22":"product_tag-wholesale-shoes","23":"desktop-align-center","24":"tablet-align-center","25":"mobile-align-center","27":"first","28":"instock","29":"shipping-taxable","30":"purchasable","31":"product-type-variable","32":"has-default-attributes"},"acf":[],"uagb_featured_image_src":{"full":["https:\/\/turkishtrade.co\/wp-content\/uploads\/2026\/01\/2400EJOMN00031-BLACK-Y_554.png",453,250,false],"thumbnail":["https:\/\/turkishtrade.co\/wp-content\/uploads\/2026\/01\/2400EJOMN00031-BLACK-Y_554-150x150.png",150,150,true],"medium":["https:\/\/turkishtrade.co\/wp-content\/uploads\/2026\/01\/2400EJOMN00031-BLACK-Y_554-300x166.png",300,166,true],"medium_large":["https:\/\/turkishtrade.co\/wp-content\/uploads\/2026\/01\/2400EJOMN00031-BLACK-Y_554.png",453,250,false],"large":["https:\/\/turkishtrade.co\/wp-content\/uploads\/2026\/01\/2400EJOMN00031-BLACK-Y_554.png",453,250,false],"1536x1536":["https:\/\/turkishtrade.co\/wp-content\/uploads\/2026\/01\/2400EJOMN00031-BLACK-Y_554.png",453,250,false],"2048x2048":["https:\/\/turkishtrade.co\/wp-content\/uploads\/2026\/01\/2400EJOMN00031-BLACK-Y_554.png",453,250,false],"trp-custom-language-flag":["https:\/\/turkishtrade.co\/wp-content\/uploads\/2026\/01\/2400EJOMN00031-BLACK-Y_554-18x10.png",18,10,true],"woocommerce_thumbnail":["https:\/\/turkishtrade.co\/wp-content\/uploads\/2026\/01\/2400EJOMN00031-BLACK-Y_554-400x250.png",400,250,true],"woocommerce_single":["https:\/\/turkishtrade.co\/wp-content\/uploads\/2026\/01\/2400EJOMN00031-BLACK-Y_554.png",453,250,false],"woocommerce_gallery_thumbnail":["https:\/\/turkishtrade.co\/wp-content\/uploads\/2026\/01\/2400EJOMN00031-BLACK-Y_554-100x100.png",100,100,true]},"uagb_author_info":{"display_name":"yaser olabi","author_link":"https:\/\/turkishtrade.co\/es\/author\/"},"uagb_comment_info":0,"uagb_excerpt":"Elevate your formal wardrobe with our exquisite Men's Black Calf Leather Oxford Shoes, blending classic style with ultimate comfort. Premium Black Calf Leather Exterior for a refined look and durability Luxurious Goat Leather Interior Lining ensures unparalleled comfort and breathability Comfort-enhancing Microlight Sole provides lightweight flexibility and support Subtle 1-3cm Heel for a refined stance&hellip;","_links":{"self":[{"href":"https:\/\/turkishtrade.co\/es\/wp-json\/wp\/v2\/product\/5010","targetHints":{"allow":["GET"]}}],"collection":[{"href":"https:\/\/turkishtrade.co\/es\/wp-json\/wp\/v2\/product"}],"about":[{"href":"https:\/\/turkishtrade.co\/es\/wp-json\/wp\/v2\/types\/product"}],"wp:featuredmedia":[{"embeddable":true,"href":"https:\/\/turkishtrade.co\/es\/wp-json\/wp\/v2\/media\/3394"}],"wp:attachment":[{"href":"https:\/\/turkishtrade.co\/es\/wp-json\/wp\/v2\/media?parent=5010"}],"wp:term":[{"taxonomy":"product_brand","embeddable":true,"href":"https:\/\/turkishtrade.co\/es\/wp-json\/wp\/v2\/product_brand?post=5010"},{"taxonomy":"product_cat","embeddable":true,"href":"https:\/\/turkishtrade.co\/es\/wp-json\/wp\/v2\/product_cat?post=5010"},{"taxonomy":"product_tag","embeddable":true,"href":"https:\/\/turkishtrade.co\/es\/wp-json\/wp\/v2\/product_tag?post=5010"}],"curies":[{"name":"wp","href":"https:\/\/api.w.org\/{rel}","templated":true}]}}