{"id":5006,"date":"2026-01-14T10:58:59","date_gmt":"2026-01-14T10:58:59","guid":{"rendered":"https:\/\/turkishtrade.co\/product\/mens-black-leather-derby-shoes\/"},"modified":"2026-04-09T19:47:15","modified_gmt":"2026-04-09T19:47:15","slug":"mens-black-leather-derby-shoes","status":"publish","type":"product","link":"https:\/\/turkishtrade.co\/es\/shop\/mens-black-leather-derby-shoes\/","title":{"rendered":"Zapatos de vestir Derby de piel negra de primera calidad para hombre"},"content":{"rendered":"<p><strong>Zapatos Derby de cuero negro para hombre<\/strong><\/p>\n<p>Entre en la elegancia sofisticada con nuestra exquisita colecci\u00f3n de <strong>Zapatos Derby de cuero negro para hombre<\/strong>. Dise\u00f1ados para el caballero exigente, estos zapatos Derby de primera calidad combinan el estilo cl\u00e1sico con una comodidad inigualable. Cada par es un testimonio de artesan\u00eda superior, asegurando que usted hace una impresi\u00f3n duradera si usted est\u00e1 en la sala de juntas o en un evento formal. No son s\u00f3lo unos zapatos; son una inversi\u00f3n en su estilo personal y en su comodidad.<\/p>\n<h3>Calidad y comodidad inigualables<\/h3>\n<p>Nuestra <strong>Zapatos Derby de cuero negro para hombre<\/strong> est\u00e1n fabricados meticulosamente con los mejores materiales. El exterior est\u00e1 confeccionado en aut\u00e9ntica piel de becerro de alta calidad, conocida por su suave textura, durabilidad y capacidad para desarrollar una hermosa p\u00e1tina con el paso del tiempo. En el interior, sus pies se ver\u00e1n envueltos en el suave abrazo del forro de piel de cabra, que proporciona una transpirabilidad y un confort excepcionales durante todo el d\u00eda. Esta combinaci\u00f3n garantiza una sensaci\u00f3n de lujo desde el primer momento.<\/p>\n<p>La innovadora suela Microlight las convierte en <strong>Zapatos Derby de cuero negro para hombre<\/strong> que ofrece una sorprendente sensaci\u00f3n de ligereza sin comprometer la durabilidad ni el agarre. Esta avanzada tecnolog\u00eda de suela proporciona una excelente amortiguaci\u00f3n y flexibilidad, haci\u00e9ndolas incre\u00edblemente c\u00f3modas para un uso prolongado. Junto con una sutil altura de tac\u00f3n de 1-3 cm, estos zapatos ofrecen el equilibrio perfecto entre elevaci\u00f3n y estabilidad. Experimente la fusi\u00f3n del dise\u00f1o tradicional y el confort moderno a cada paso con estas magn\u00edficas <strong>Zapatos Derby de cuero negro para hombre<\/strong>.<\/p>\n<h3>Estilo y artesan\u00eda vers\u00e1tiles<\/h3>\n<p>El atemporal dise\u00f1o Derby negro garantiza que estos zapatos sean un complemento vers\u00e1til para cualquier armario. El sistema de cordones abiertos proporciona un ajuste c\u00f3modo para distintas formas de pie, mientras que el elegante detalle de brogue en el lateral a\u00f1ade un toque de sofisticaci\u00f3n cl\u00e1sica. Estos zapatos son perfectos para combinar con trajes de sastrer\u00eda, pantalones elegantes o incluso con prendas informales elevadas. <strong>Zapatos Derby de cuero negro para hombre<\/strong> est\u00e1n dise\u00f1ados para complementar una amplia gama de atuendos. Desde importantes reuniones de negocios a encuentros formales, son la elecci\u00f3n ideal para cualquier ocasi\u00f3n que requiera elegancia y presencia.<\/p>\n<p>Estamos orgullosos de la calidad artesanal de nuestro calzado. Cada puntada y cada corte reflejan una dedicaci\u00f3n a la excelencia, garantizando que cada par de <strong>Zapatos Derby de cuero negro para hombre<\/strong> cumple los m\u00e1s altos est\u00e1ndares de artesan\u00eda. Disponibles en tallas que van de la UE 39 a la 45, cubrimos un amplio espectro de necesidades. Para las empresas que buscan mejorar su inventario, estos zapatos de primera calidad est\u00e1n disponibles con un pedido m\u00ednimo de 8 pares, con un plazo de entrega de 12 d\u00edas m\u00e1s gastos de env\u00edo. Eleve su colecci\u00f3n de calzado con un par que realmente resista la prueba del tiempo y el estilo.<\/p>","protected":false},"excerpt":{"rendered":"<ul>\n<li><strong>Materiales de primera calidad:<\/strong> Fabricado en lujosa piel de becerro en el exterior y suave piel de cabra en el interior.<\/li>\n<li><strong>Suela de confort:<\/strong> Incorpora una suela Microlight ligera para un confort y una flexibilidad excepcionales.<\/li>\n<li><strong>Dise\u00f1o cl\u00e1sico:<\/strong> Estilo Derby negro atemporal con elegantes detalles de brogue, adecuado para ocasiones formales y de negocios.<\/li>\n<li><strong>Altura \u00f3ptima del tac\u00f3n:<\/strong> Sutil tac\u00f3n de 1-3 cm que proporciona una c\u00f3moda elevaci\u00f3n.<\/li>\n<li><strong>Tallas disponibles:<\/strong> Amplia gama de tallas de la UE 39 a la 45.<\/li>\n<li><strong>Disponibilidad a granel:<\/strong> Pedido m\u00ednimo de 8 pares disponibles para la compra al por mayor.<\/li>\n<li><strong>Entrega eficaz:<\/strong> Plazo de entrega de 12 d\u00edas m\u00e1s gastos de env\u00edo.<\/li>\n<\/ul>","protected":false},"featured_media":3392,"template":"","meta":{"_acf_changed":false,"_uag_custom_page_level_css":"","site-sidebar-layout":"default","site-content-layout":"","ast-site-content-layout":"default","site-content-style":"default","site-sidebar-style":"default","ast-global-header-display":"","ast-banner-title-visibility":"","ast-main-header-display":"","ast-hfb-above-header-display":"","ast-hfb-below-header-display":"","ast-hfb-mobile-header-display":"","site-post-title":"","ast-breadcrumbs-content":"","ast-featured-img":"","footer-sml-layout":"","ast-disable-related-posts":"","theme-transparent-header-meta":"default","adv-header-id-meta":"","stick-header-meta":"","header-above-stick-meta":"","header-main-stick-meta":"","header-below-stick-meta":"","astra-migrate-meta-layouts":"set","ast-page-background-enabled":"default","ast-page-background-meta":{"desktop":{"background-color":"var(--ast-global-color-4)","background-image":"","background-repeat":"repeat","background-position":"center center","background-size":"auto","background-attachment":"scroll","background-type":"","background-media":"","overlay-type":"","overlay-color":"","overlay-opacity":"","overlay-gradient":""},"tablet":{"background-color":"","background-image":"","background-repeat":"repeat","background-position":"center center","background-size":"auto","background-attachment":"scroll","background-type":"","background-media":"","overlay-type":"","overlay-color":"","overlay-opacity":"","overlay-gradient":""},"mobile":{"background-color":"","background-image":"","background-repeat":"repeat","background-position":"center center","background-size":"auto","background-attachment":"scroll","background-type":"","background-media":"","overlay-type":"","overlay-color":"","overlay-opacity":"","overlay-gradient":""}},"ast-content-background-meta":{"desktop":{"background-color":"var(--ast-global-color-5)","background-image":"","background-repeat":"repeat","background-position":"center center","background-size":"auto","background-attachment":"scroll","background-type":"","background-media":"","overlay-type":"","overlay-color":"","overlay-opacity":"","overlay-gradient":""},"tablet":{"background-color":"var(--ast-global-color-5)","background-image":"","background-repeat":"repeat","background-position":"center center","background-size":"auto","background-attachment":"scroll","background-type":"","background-media":"","overlay-type":"","overlay-color":"","overlay-opacity":"","overlay-gradient":""},"mobile":{"background-color":"var(--ast-global-color-5)","background-image":"","background-repeat":"repeat","background-position":"center center","background-size":"auto","background-attachment":"scroll","background-type":"","background-media":"","overlay-type":"","overlay-color":"","overlay-opacity":"","overlay-gradient":""}}},"product_brand":[],"product_cat":[47,430,40],"product_tag":[196,405,451,145,212,284,251,556,198,466,362,281],"class_list":{"0":"post-5006","1":"product","2":"type-product","3":"status-publish","4":"has-post-thumbnail","6":"product_cat-classic","7":"product_cat-men","8":"product_cat-mens-shoes","9":"product_tag-black-leather-shoes","10":"product_tag-business-shoes","11":"product_tag-calfskin-leather","12":"product_tag-classic-shoes","13":"product_tag-derby-shoes","14":"product_tag-dress-shoes","15":"product_tag-formal-shoes","16":"product_tag-goatskin-lining","17":"product_tag-mens-fashion","18":"product_tag-microlight-sole","19":"product_tag-premium-footwear","20":"product_tag-wholesale-shoes","21":"desktop-align-center","22":"tablet-align-center","23":"mobile-align-center","25":"first","26":"instock","27":"shipping-taxable","28":"purchasable","29":"product-type-variable","30":"has-default-attributes"},"acf":[],"uagb_featured_image_src":{"full":["https:\/\/turkishtrade.co\/wp-content\/uploads\/2026\/01\/2400EJOMN00029-BLACK-DKS_870.png",453,250,false],"thumbnail":["https:\/\/turkishtrade.co\/wp-content\/uploads\/2026\/01\/2400EJOMN00029-BLACK-DKS_870-150x150.png",150,150,true],"medium":["https:\/\/turkishtrade.co\/wp-content\/uploads\/2026\/01\/2400EJOMN00029-BLACK-DKS_870-300x166.png",300,166,true],"medium_large":["https:\/\/turkishtrade.co\/wp-content\/uploads\/2026\/01\/2400EJOMN00029-BLACK-DKS_870.png",453,250,false],"large":["https:\/\/turkishtrade.co\/wp-content\/uploads\/2026\/01\/2400EJOMN00029-BLACK-DKS_870.png",453,250,false],"1536x1536":["https:\/\/turkishtrade.co\/wp-content\/uploads\/2026\/01\/2400EJOMN00029-BLACK-DKS_870.png",453,250,false],"2048x2048":["https:\/\/turkishtrade.co\/wp-content\/uploads\/2026\/01\/2400EJOMN00029-BLACK-DKS_870.png",453,250,false],"trp-custom-language-flag":["https:\/\/turkishtrade.co\/wp-content\/uploads\/2026\/01\/2400EJOMN00029-BLACK-DKS_870-18x10.png",18,10,true],"woocommerce_thumbnail":["https:\/\/turkishtrade.co\/wp-content\/uploads\/2026\/01\/2400EJOMN00029-BLACK-DKS_870-400x250.png",400,250,true],"woocommerce_single":["https:\/\/turkishtrade.co\/wp-content\/uploads\/2026\/01\/2400EJOMN00029-BLACK-DKS_870.png",453,250,false],"woocommerce_gallery_thumbnail":["https:\/\/turkishtrade.co\/wp-content\/uploads\/2026\/01\/2400EJOMN00029-BLACK-DKS_870-100x100.png",100,100,true]},"uagb_author_info":{"display_name":"yaser olabi","author_link":"https:\/\/turkishtrade.co\/es\/author\/"},"uagb_comment_info":0,"uagb_excerpt":"Premium Materials: Crafted from luxurious calfskin leather exterior and soft goatskin interior. Comfort-Driven Sole: Features a lightweight Microlight sole for exceptional comfort and flexibility. Classic Design: Timeless black Derby style with elegant brogue detailing, suitable for formal and business occasions. Optimal Heel Height: Subtle 1-3cm heel provides a comfortable lift. Available Sizes: Comprehensive size range&hellip;","_links":{"self":[{"href":"https:\/\/turkishtrade.co\/es\/wp-json\/wp\/v2\/product\/5006","targetHints":{"allow":["GET"]}}],"collection":[{"href":"https:\/\/turkishtrade.co\/es\/wp-json\/wp\/v2\/product"}],"about":[{"href":"https:\/\/turkishtrade.co\/es\/wp-json\/wp\/v2\/types\/product"}],"wp:featuredmedia":[{"embeddable":true,"href":"https:\/\/turkishtrade.co\/es\/wp-json\/wp\/v2\/media\/3392"}],"wp:attachment":[{"href":"https:\/\/turkishtrade.co\/es\/wp-json\/wp\/v2\/media?parent=5006"}],"wp:term":[{"taxonomy":"product_brand","embeddable":true,"href":"https:\/\/turkishtrade.co\/es\/wp-json\/wp\/v2\/product_brand?post=5006"},{"taxonomy":"product_cat","embeddable":true,"href":"https:\/\/turkishtrade.co\/es\/wp-json\/wp\/v2\/product_cat?post=5006"},{"taxonomy":"product_tag","embeddable":true,"href":"https:\/\/turkishtrade.co\/es\/wp-json\/wp\/v2\/product_tag?post=5006"}],"curies":[{"name":"wp","href":"https:\/\/api.w.org\/{rel}","templated":true}]}}