{"id":4994,"date":"2026-01-14T10:57:30","date_gmt":"2026-01-14T10:57:30","guid":{"rendered":"https:\/\/turkishtrade.co\/product\/men-calf-leather-loafers\/"},"modified":"2026-04-09T19:47:44","modified_gmt":"2026-04-09T19:47:44","slug":"rare-mens-calf-leather-loafers","status":"publish","type":"product","link":"https:\/\/turkishtrade.co\/es\/shop\/rare-mens-calf-leather-loafers\/","title":{"rendered":"Mocasines de hombre en piel de becerro de primera calidad con suela ultraligera"},"content":{"rendered":"<p><strong>Mocasines de hombre de piel de becerro<\/strong><\/p>\n<p>Entre en la elegancia refinada con nuestro <b>Mocasines de hombre de piel de becerro<\/b>, meticulosamente dise\u00f1ados para el caballero moderno. Estos exquisitos zapatos sin cordones son algo m\u00e1s que calzado: son una declaraci\u00f3n de estilo sofisticado y comodidad sin igual. Cada par de nuestros <b>Mocasines de hombre de piel de becerro<\/b> se fabrica a mano con los mejores materiales, lo que garantiza su durabilidad y un tacto lujoso que perdura con el paso de los a\u00f1os.<\/p>\n<h3>Calidad y comodidad inigualables<\/h3>\n<p>El exterior de estos excepcionales <b>Mocasines de hombre de piel de becerro<\/b> cuenta con aut\u00e9ntica piel de ternero de alta calidad, famosa por su textura suave, su rico aspecto y su resistencia. Este exquisito material se amolda al pie con el paso del tiempo, proporcionando un ajuste personalizado que s\u00f3lo mejora con la edad. Como complemento a su robusto exterior, el interior est\u00e1 forrado con flexible piel de cabra, que ofrece un tacto incre\u00edblemente suave y una transpirabilidad superior. Esta combinaci\u00f3n garantiza que tus pies se mantengan c\u00f3modos y frescos durante todo el d\u00eda, haciendo que estos <b>Mocasines de hombre de piel de becerro<\/b> perfecto para largas horas en la oficina o eventos especiales.<\/p>\n<p>La innovadora suela Microlight proporciona una base ligera pero resistente. Esta avanzada tecnolog\u00eda de suela ofrece una excelente amortiguaci\u00f3n y flexibilidad, contribuyendo a una zancada sin esfuerzo. Con una sutil altura de tac\u00f3n de 1-3 cm, estos elegantes <b>Mocasines de hombre de piel de becerro<\/b> proporcionan la cantidad justa de elevaci\u00f3n sin comprometer la estabilidad ni la comodidad, garantizando que te veas y te sientas lo mejor posible.<\/p>\n<h3>Estilo vers\u00e1til para cualquier ocasi\u00f3n<\/h3>\n<p>Nuestra <b>Mocasines de hombre de piel de becerro<\/b> est\u00e1n dise\u00f1ados para adaptarse a la perfecci\u00f3n a distintos entornos. Tanto si acude a una reuni\u00f3n de negocios como a un evento formal o disfruta de una salida elegante e informal, estos zapatos realzan cualquier conjunto. Su dise\u00f1o atemporal, combinado con el brillo de la piel de becerro de primera calidad, los convierte en un complemento vers\u00e1til para cualquier armario exigente. Disponibles en una amplia gama de tallas, de la UE 39 a la 45, encontrar el zapato perfecto es muy sencillo.<\/p>\n<h3>Oportunidades para mayoristas y minoristas<\/h3>\n<p>Para las empresas que desean almacenar calzado de alta calidad, estas <b>Mocasines de hombre de piel de becerro<\/b> est\u00e1n disponibles con un pedido m\u00ednimo de 8 pares. Nos enorgullecemos de ofrecer un servicio eficaz, con un plazo de entrega de aproximadamente 12 d\u00edas m\u00e1s gastos de env\u00edo. As\u00f3ciese con nosotros para ofrecer a sus clientes lo \u00faltimo en calzado masculino sofisticado. Experimente la mezcla de tradici\u00f3n e innovaci\u00f3n con nuestros productos meticulosamente elaborados. <b>Mocasines de hombre de piel de becerro<\/b>, un verdadero testimonio de fabricaci\u00f3n de calzado superior.<\/p>","protected":false},"excerpt":{"rendered":"<ul>\n<li><b>Materiales de primera calidad:<\/b> Confeccionadas con una parte superior de aut\u00e9ntica piel de ternero y un suave forro de piel de cabra para un confort supremo.<\/li>\n<li><b>Suela c\u00f3moda:<\/b> Incorpora una suela Microlight ligera y duradera que garantiza la comodidad durante todo el d\u00eda.<\/li>\n<li><b>Dise\u00f1o elegante:<\/b> Estilo de mocas\u00edn cl\u00e1sico perfecto para ocasiones formales, de negocios e informales elegantes.<\/li>\n<li><b>Tac\u00f3n sutil:<\/b> Dise\u00f1ado con un refinado tac\u00f3n de 1-3 cm para mejorar la postura y ofrecer un atractivo sofisticado.<\/li>\n<li><b>Tallas disponibles:<\/b> Amplia gama de EU 39 a 45 para garantizar un ajuste perfecto.<\/li>\n<li><b>Disponibilidad a granel:<\/b> Pedido m\u00ednimo de 8 pares disponible para socios mayoristas y minoristas.<\/li>\n<\/ul>","protected":false},"featured_media":3385,"template":"","meta":{"_acf_changed":false,"_uag_custom_page_level_css":"","site-sidebar-layout":"default","site-content-layout":"","ast-site-content-layout":"default","site-content-style":"default","site-sidebar-style":"default","ast-global-header-display":"","ast-banner-title-visibility":"","ast-main-header-display":"","ast-hfb-above-header-display":"","ast-hfb-below-header-display":"","ast-hfb-mobile-header-display":"","site-post-title":"","ast-breadcrumbs-content":"","ast-featured-img":"","footer-sml-layout":"","ast-disable-related-posts":"","theme-transparent-header-meta":"default","adv-header-id-meta":"","stick-header-meta":"","header-above-stick-meta":"","header-main-stick-meta":"","header-below-stick-meta":"","astra-migrate-meta-layouts":"set","ast-page-background-enabled":"default","ast-page-background-meta":{"desktop":{"background-color":"var(--ast-global-color-4)","background-image":"","background-repeat":"repeat","background-position":"center center","background-size":"auto","background-attachment":"scroll","background-type":"","background-media":"","overlay-type":"","overlay-color":"","overlay-opacity":"","overlay-gradient":""},"tablet":{"background-color":"","background-image":"","background-repeat":"repeat","background-position":"center center","background-size":"auto","background-attachment":"scroll","background-type":"","background-media":"","overlay-type":"","overlay-color":"","overlay-opacity":"","overlay-gradient":""},"mobile":{"background-color":"","background-image":"","background-repeat":"repeat","background-position":"center center","background-size":"auto","background-attachment":"scroll","background-type":"","background-media":"","overlay-type":"","overlay-color":"","overlay-opacity":"","overlay-gradient":""}},"ast-content-background-meta":{"desktop":{"background-color":"var(--ast-global-color-5)","background-image":"","background-repeat":"repeat","background-position":"center center","background-size":"auto","background-attachment":"scroll","background-type":"","background-media":"","overlay-type":"","overlay-color":"","overlay-opacity":"","overlay-gradient":""},"tablet":{"background-color":"var(--ast-global-color-5)","background-image":"","background-repeat":"repeat","background-position":"center center","background-size":"auto","background-attachment":"scroll","background-type":"","background-media":"","overlay-type":"","overlay-color":"","overlay-opacity":"","overlay-gradient":""},"mobile":{"background-color":"var(--ast-global-color-5)","background-image":"","background-repeat":"repeat","background-position":"center center","background-size":"auto","background-attachment":"scroll","background-type":"","background-media":"","overlay-type":"","overlay-color":"","overlay-opacity":"","overlay-gradient":""}}},"product_brand":[],"product_cat":[47,430,40],"product_tag":[187,200,185,284,545,251,189,217,198,186,466,184,281],"class_list":{"0":"post-4994","1":"product","2":"type-product","3":"status-publish","4":"has-post-thumbnail","6":"product_cat-classic","7":"product_cat-men","8":"product_cat-mens-shoes","9":"product_tag-brown-leather-loafers","10":"product_tag-business-casual","11":"product_tag-calf-leather-shoes","12":"product_tag-dress-shoes","13":"product_tag-eu-39-45","14":"product_tag-formal-shoes","15":"product_tag-goat-leather-lining","16":"product_tag-luxury-footwear","17":"product_tag-mens-fashion","18":"product_tag-mens-loafers","19":"product_tag-microlight-sole","20":"product_tag-slip-on-shoes","21":"product_tag-wholesale-shoes","22":"desktop-align-center","23":"tablet-align-center","24":"mobile-align-center","26":"first","27":"instock","28":"shipping-taxable","29":"purchasable","30":"product-type-variable","31":"has-default-attributes"},"acf":[],"uagb_featured_image_src":{"full":["https:\/\/turkishtrade.co\/wp-content\/uploads\/2026\/01\/2400EJOMN00025-DARK-BROWN-Y_7660.png",453,250,false],"thumbnail":["https:\/\/turkishtrade.co\/wp-content\/uploads\/2026\/01\/2400EJOMN00025-DARK-BROWN-Y_7660-150x150.png",150,150,true],"medium":["https:\/\/turkishtrade.co\/wp-content\/uploads\/2026\/01\/2400EJOMN00025-DARK-BROWN-Y_7660-300x166.png",300,166,true],"medium_large":["https:\/\/turkishtrade.co\/wp-content\/uploads\/2026\/01\/2400EJOMN00025-DARK-BROWN-Y_7660.png",453,250,false],"large":["https:\/\/turkishtrade.co\/wp-content\/uploads\/2026\/01\/2400EJOMN00025-DARK-BROWN-Y_7660.png",453,250,false],"1536x1536":["https:\/\/turkishtrade.co\/wp-content\/uploads\/2026\/01\/2400EJOMN00025-DARK-BROWN-Y_7660.png",453,250,false],"2048x2048":["https:\/\/turkishtrade.co\/wp-content\/uploads\/2026\/01\/2400EJOMN00025-DARK-BROWN-Y_7660.png",453,250,false],"trp-custom-language-flag":["https:\/\/turkishtrade.co\/wp-content\/uploads\/2026\/01\/2400EJOMN00025-DARK-BROWN-Y_7660-18x10.png",18,10,true],"woocommerce_thumbnail":["https:\/\/turkishtrade.co\/wp-content\/uploads\/2026\/01\/2400EJOMN00025-DARK-BROWN-Y_7660-400x250.png",400,250,true],"woocommerce_single":["https:\/\/turkishtrade.co\/wp-content\/uploads\/2026\/01\/2400EJOMN00025-DARK-BROWN-Y_7660.png",453,250,false],"woocommerce_gallery_thumbnail":["https:\/\/turkishtrade.co\/wp-content\/uploads\/2026\/01\/2400EJOMN00025-DARK-BROWN-Y_7660-100x100.png",100,100,true]},"uagb_author_info":{"display_name":"yaser olabi","author_link":"https:\/\/turkishtrade.co\/es\/author\/"},"uagb_comment_info":0,"uagb_excerpt":"Premium Materials: Crafted from genuine calf leather upper with a soft goat leather lining for supreme comfort. Comfortable Sole: Features a lightweight and durable Microlight sole, ensuring all-day ease. Elegant Design: Classic loafer style perfect for formal, business, and smart-casual occasions. Subtle Heel: Designed with a refined 1-3 cm heel for enhanced posture and sophisticated&hellip;","_links":{"self":[{"href":"https:\/\/turkishtrade.co\/es\/wp-json\/wp\/v2\/product\/4994","targetHints":{"allow":["GET"]}}],"collection":[{"href":"https:\/\/turkishtrade.co\/es\/wp-json\/wp\/v2\/product"}],"about":[{"href":"https:\/\/turkishtrade.co\/es\/wp-json\/wp\/v2\/types\/product"}],"wp:featuredmedia":[{"embeddable":true,"href":"https:\/\/turkishtrade.co\/es\/wp-json\/wp\/v2\/media\/3385"}],"wp:attachment":[{"href":"https:\/\/turkishtrade.co\/es\/wp-json\/wp\/v2\/media?parent=4994"}],"wp:term":[{"taxonomy":"product_brand","embeddable":true,"href":"https:\/\/turkishtrade.co\/es\/wp-json\/wp\/v2\/product_brand?post=4994"},{"taxonomy":"product_cat","embeddable":true,"href":"https:\/\/turkishtrade.co\/es\/wp-json\/wp\/v2\/product_cat?post=4994"},{"taxonomy":"product_tag","embeddable":true,"href":"https:\/\/turkishtrade.co\/es\/wp-json\/wp\/v2\/product_tag?post=4994"}],"curies":[{"name":"wp","href":"https:\/\/api.w.org\/{rel}","templated":true}]}}