{"id":4991,"date":"2026-01-14T10:57:07","date_gmt":"2026-01-14T10:57:07","guid":{"rendered":"https:\/\/turkishtrade.co\/product\/mens-leather-monk-strap-shoes\/"},"modified":"2026-04-09T19:47:49","modified_gmt":"2026-04-09T19:47:49","slug":"mens-leather-monk-strap-shoes","status":"publish","type":"product","link":"https:\/\/turkishtrade.co\/es\/shop\/mens-leather-monk-strap-shoes\/","title":{"rendered":"Zapatos monk strap de hombre en piel de becerro de primera calidad"},"content":{"rendered":"<p><strong>zapatos monk strap de piel para hombre<\/strong><\/p>\n<p>Ad\u00e9ntrese en una sofisticaci\u00f3n sin igual con nuestra exquisita colecci\u00f3n de <strong>zapatos monk strap de piel para hombre<\/strong>. Dise\u00f1ados para el caballero exigente, estos zapatos combinan la elegancia cl\u00e1sica con la comodidad contempor\u00e1nea. Elaborados con la mejor piel de becerro en su superficie exterior, cada par desprende un lujoso brillo y promete una durabilidad excepcional. El distintivo dise\u00f1o de correa monje con su elegante cierre de hebilla ofrece una elegante alternativa a los tradicionales zapatos de cordones, haciendo de estos <strong>zapatos monk strap de piel para hombre<\/strong> una pieza clave para cualquier vestuario. Tanto si asiste a una reuni\u00f3n de negocios crucial, a un evento formal o simplemente para elevar su atuendo diario, estos zapatos est\u00e1n dise\u00f1ados para impresionar con su atractivo atemporal.<\/p>\n<h3>Confort inigualable y artesan\u00eda superior<\/h3>\n<p>Nuestro compromiso con la calidad es evidente en cada detalle de estos extraordinarios productos. <strong>zapatos monk strap de piel para hombre<\/strong>. El interior est\u00e1 meticulosamente forrado con suave piel de cabra, lo que garantiza un ajuste transpirable y sumamente c\u00f3modo desde el primer uso. Este cuidadoso forro interior se adapta al pie, proporcionando una sensaci\u00f3n personalizada durante todo el d\u00eda. Como complemento a la piel de primera calidad, la suela es ligera y ultraligera, dise\u00f1ada para ofrecer flexibilidad y durabilidad sin renunciar al estilo. Con una sutil altura de tac\u00f3n de 1 a 3 cm, estos zapatos ofrecen la elevaci\u00f3n perfecta al tiempo que mantienen la estabilidad y el confort, lo que los convierte en la opci\u00f3n ideal para un uso prolongado y en un complemento esencial de cualquier colecci\u00f3n de calzado formal.<\/p>\n<h3>Versatilidad y estilo duradero<\/h3>\n<p>Estos vers\u00e1tiles <strong>zapatos monk strap de piel para hombre<\/strong> est\u00e1n disponibles en una amplia gama de tallas, de la UE 39 a la 45, lo que garantiza un ajuste perfecto para una gran variedad de clientes. El dise\u00f1o cl\u00e1sico, enriquecido por los ricos tonos de la piel de becerro, combina sin esfuerzo con una gran variedad de atuendos, desde elegantes trajes de negocios hasta elegantes conjuntos informales, haci\u00e9ndolos realmente adaptables. Invertir en estos <strong>zapatos monk strap de piel para hombre<\/strong> significa elegir un estilo atemporal que seguir\u00e1 siendo relevante en las pr\u00f3ximas temporadas. Para las empresas que buscan calzado de alta calidad, ofrecemos una cantidad m\u00ednima de pedido de 8 pares, lo que hace que estos zapatos excepcionales sean accesibles para las oportunidades de venta al por mayor. Experimente la fusi\u00f3n perfecta de tradici\u00f3n y modernidad con un calzado que destaca tanto por su calidad como por su dise\u00f1o.<\/p>","protected":false},"excerpt":{"rendered":"<ul>\n<li><strong>Material exterior:<\/strong> Piel de becerro de primera calidad<\/li>\n<li><strong>Material interior:<\/strong> Forro de suave piel de cabra<\/li>\n<li><strong>Suela:<\/strong> Suela ultraligera para mayor comodidad<\/li>\n<li><strong>Altura del tac\u00f3n:<\/strong> Sutil 1-3 cm<\/li>\n<li><strong>Tallas disponibles:<\/strong> UE 39, 40, 41, 42, 43, 44, 45<\/li>\n<li><strong>Cantidad m\u00ednima de pedido:<\/strong> 8 Pares<\/li>\n<li><strong>Tiempo estimado de entrega:<\/strong> 12 d\u00edas + gastos de env\u00edo<\/li>\n<li><strong>Precio al por mayor:<\/strong> USD por par<\/li>\n<\/ul>","protected":false},"featured_media":3383,"template":"","meta":{"_acf_changed":false,"_uag_custom_page_level_css":"","site-sidebar-layout":"default","site-content-layout":"","ast-site-content-layout":"default","site-content-style":"default","site-sidebar-style":"default","ast-global-header-display":"","ast-banner-title-visibility":"","ast-main-header-display":"","ast-hfb-above-header-display":"","ast-hfb-below-header-display":"","ast-hfb-mobile-header-display":"","site-post-title":"","ast-breadcrumbs-content":"","ast-featured-img":"","footer-sml-layout":"","ast-disable-related-posts":"","theme-transparent-header-meta":"default","adv-header-id-meta":"","stick-header-meta":"","header-above-stick-meta":"","header-main-stick-meta":"","header-below-stick-meta":"","astra-migrate-meta-layouts":"set","ast-page-background-enabled":"default","ast-page-background-meta":{"desktop":{"background-color":"var(--ast-global-color-4)","background-image":"","background-repeat":"repeat","background-position":"center center","background-size":"auto","background-attachment":"scroll","background-type":"","background-media":"","overlay-type":"","overlay-color":"","overlay-opacity":"","overlay-gradient":""},"tablet":{"background-color":"","background-image":"","background-repeat":"repeat","background-position":"center center","background-size":"auto","background-attachment":"scroll","background-type":"","background-media":"","overlay-type":"","overlay-color":"","overlay-opacity":"","overlay-gradient":""},"mobile":{"background-color":"","background-image":"","background-repeat":"repeat","background-position":"center center","background-size":"auto","background-attachment":"scroll","background-type":"","background-media":"","overlay-type":"","overlay-color":"","overlay-opacity":"","overlay-gradient":""}},"ast-content-background-meta":{"desktop":{"background-color":"var(--ast-global-color-5)","background-image":"","background-repeat":"repeat","background-position":"center center","background-size":"auto","background-attachment":"scroll","background-type":"","background-media":"","overlay-type":"","overlay-color":"","overlay-opacity":"","overlay-gradient":""},"tablet":{"background-color":"var(--ast-global-color-5)","background-image":"","background-repeat":"repeat","background-position":"center center","background-size":"auto","background-attachment":"scroll","background-type":"","background-media":"","overlay-type":"","overlay-color":"","overlay-opacity":"","overlay-gradient":""},"mobile":{"background-color":"var(--ast-global-color-5)","background-image":"","background-repeat":"repeat","background-position":"center center","background-size":"auto","background-attachment":"scroll","background-type":"","background-media":"","overlay-type":"","overlay-color":"","overlay-opacity":"","overlay-gradient":""}}},"product_brand":[],"product_cat":[47,430,40],"product_tag":[405,566,454,189,535,565,567,466,261,508,281],"class_list":{"0":"post-4991","1":"product","2":"type-product","3":"status-publish","4":"has-post-thumbnail","6":"product_cat-classic","7":"product_cat-men","8":"product_cat-mens-shoes","9":"product_tag-business-shoes","10":"product_tag-calfskin-shoes","11":"product_tag-elegant-footwear","12":"product_tag-goat-leather-lining","13":"product_tag-leather-dress-shoes","14":"product_tag-mens-formal-shoes","15":"product_tag-mens-luxury-shoes","16":"product_tag-microlight-sole","17":"product_tag-monk-strap-shoes","18":"product_tag-single-monk-strap","19":"product_tag-wholesale-shoes","20":"desktop-align-center","21":"tablet-align-center","22":"mobile-align-center","24":"first","25":"instock","26":"shipping-taxable","27":"purchasable","28":"product-type-variable","29":"has-default-attributes"},"acf":[],"uagb_featured_image_src":{"full":["https:\/\/turkishtrade.co\/wp-content\/uploads\/2026\/01\/2400EJOMN00024-DARK-BROWN-SL_239.png",453,250,false],"thumbnail":["https:\/\/turkishtrade.co\/wp-content\/uploads\/2026\/01\/2400EJOMN00024-DARK-BROWN-SL_239-150x150.png",150,150,true],"medium":["https:\/\/turkishtrade.co\/wp-content\/uploads\/2026\/01\/2400EJOMN00024-DARK-BROWN-SL_239-300x166.png",300,166,true],"medium_large":["https:\/\/turkishtrade.co\/wp-content\/uploads\/2026\/01\/2400EJOMN00024-DARK-BROWN-SL_239.png",453,250,false],"large":["https:\/\/turkishtrade.co\/wp-content\/uploads\/2026\/01\/2400EJOMN00024-DARK-BROWN-SL_239.png",453,250,false],"1536x1536":["https:\/\/turkishtrade.co\/wp-content\/uploads\/2026\/01\/2400EJOMN00024-DARK-BROWN-SL_239.png",453,250,false],"2048x2048":["https:\/\/turkishtrade.co\/wp-content\/uploads\/2026\/01\/2400EJOMN00024-DARK-BROWN-SL_239.png",453,250,false],"trp-custom-language-flag":["https:\/\/turkishtrade.co\/wp-content\/uploads\/2026\/01\/2400EJOMN00024-DARK-BROWN-SL_239-18x10.png",18,10,true],"woocommerce_thumbnail":["https:\/\/turkishtrade.co\/wp-content\/uploads\/2026\/01\/2400EJOMN00024-DARK-BROWN-SL_239-400x250.png",400,250,true],"woocommerce_single":["https:\/\/turkishtrade.co\/wp-content\/uploads\/2026\/01\/2400EJOMN00024-DARK-BROWN-SL_239.png",453,250,false],"woocommerce_gallery_thumbnail":["https:\/\/turkishtrade.co\/wp-content\/uploads\/2026\/01\/2400EJOMN00024-DARK-BROWN-SL_239-100x100.png",100,100,true]},"uagb_author_info":{"display_name":"yaser olabi","author_link":"https:\/\/turkishtrade.co\/es\/author\/"},"uagb_comment_info":0,"uagb_excerpt":"Outer Material: Premium Calf Leather Inner Material: Soft Goat Leather Lining Sole: Lightweight Microlight Sole for Enhanced Comfort Heel Height: Subtle 1-3 cm Available Sizes: EU 39, 40, 41, 42, 43, 44, 45 Minimum Order Quantity: 8 Pairs Estimated Delivery Time: 12 days + Shipping Wholesale Price: USD per pair","_links":{"self":[{"href":"https:\/\/turkishtrade.co\/es\/wp-json\/wp\/v2\/product\/4991","targetHints":{"allow":["GET"]}}],"collection":[{"href":"https:\/\/turkishtrade.co\/es\/wp-json\/wp\/v2\/product"}],"about":[{"href":"https:\/\/turkishtrade.co\/es\/wp-json\/wp\/v2\/types\/product"}],"wp:featuredmedia":[{"embeddable":true,"href":"https:\/\/turkishtrade.co\/es\/wp-json\/wp\/v2\/media\/3383"}],"wp:attachment":[{"href":"https:\/\/turkishtrade.co\/es\/wp-json\/wp\/v2\/media?parent=4991"}],"wp:term":[{"taxonomy":"product_brand","embeddable":true,"href":"https:\/\/turkishtrade.co\/es\/wp-json\/wp\/v2\/product_brand?post=4991"},{"taxonomy":"product_cat","embeddable":true,"href":"https:\/\/turkishtrade.co\/es\/wp-json\/wp\/v2\/product_cat?post=4991"},{"taxonomy":"product_tag","embeddable":true,"href":"https:\/\/turkishtrade.co\/es\/wp-json\/wp\/v2\/product_tag?post=4991"}],"curies":[{"name":"wp","href":"https:\/\/api.w.org\/{rel}","templated":true}]}}