{"id":4988,"date":"2026-01-14T10:56:43","date_gmt":"2026-01-14T10:56:43","guid":{"rendered":"https:\/\/turkishtrade.co\/product\/men-s-leather-derby-shoes\/"},"modified":"2026-04-09T19:47:57","modified_gmt":"2026-04-09T19:47:57","slug":"luxury-mens-leather-derby-shoes","status":"publish","type":"product","link":"https:\/\/turkishtrade.co\/es\/shop\/luxury-mens-leather-derby-shoes\/","title":{"rendered":"Zapatos Derby de caballero en piel de becerro y cabra de primera calidad"},"content":{"rendered":"<p><strong>Zapatos Derby de piel para hombre<\/strong><\/p>\n<p>Ad\u00e9ntrese en una sofisticaci\u00f3n sin igual con nuestros zapatos Derby para hombre en piel de ternera y cabra de primera calidad. Dise\u00f1ados para el caballero exigente, estos exquisitos zapatos derby de piel para hombre combinan la artesan\u00eda tradicional con la comodidad moderna, convirti\u00e9ndolos en un complemento indispensable para cualquier armario profesional o formal. Cada par refleja un compromiso con la calidad, ofreciendo un tacto lujoso y una apariencia distinguida que le distingue.<\/p>\n<h3>Materiales y artesan\u00eda inigualables<\/h3>\n<p>Nuestros zapatos derby de piel para hombre est\u00e1n fabricados meticulosamente con los mejores materiales. El exterior es de aut\u00e9ntica piel de ternero plena flor, famosa por su textura flexible, su rico acabado y su excepcional durabilidad. Esta piel de becerro de primera calidad no s\u00f3lo garantiza una est\u00e9tica impresionante, sino que tambi\u00e9n promete envejecer maravillosamente, desarrollando una p\u00e1tina \u00fanica con el paso del tiempo. En el interior, sus pies estar\u00e1n acunados por un forro de piel de cabra suave y transpirable, que proporciona un nivel de comodidad incomparable que dura de la ma\u00f1ana a la noche. Esta combinaci\u00f3n de pieles de primera categor\u00eda crea un zapato robusto y extraordinariamente c\u00f3modo.<\/p>\n<h3>Dise\u00f1ado para la comodidad y el estilo<\/h3>\n<p>M\u00e1s all\u00e1 de su lujoso exterior, estos zapatos derby de piel para hombre priorizan tu comodidad. La innovadora suela Microlight ofrece una flexibilidad ligera y una excelente absorci\u00f3n de impactos, garantizando un paso amortiguado en cada zancada. Como complemento, el sutil tac\u00f3n de 1 a 3 cm proporciona la elevaci\u00f3n justa para una postura elegante sin comprometer la estabilidad. La cl\u00e1sica silueta Derby, caracterizada por su sistema de cordones abiertos, ofrece un look vers\u00e1til adecuado para diversos tipos de pie y ocasiones.<\/p>\n<h3>Versatilidad para todas las ocasiones<\/h3>\n<p>Estos zapatos derby de piel para hombre son la elecci\u00f3n perfecta para una reuni\u00f3n de negocios importante, un evento formal o simplemente para mejorar tu atuendo diario. Disponibles en negro atemporal y marr\u00f3n intenso, complementan sin esfuerzo una amplia gama de atuendos, desde trajes elegantes hasta conjuntos informales elegantes. Invierta en un par de zapatos derby de piel para hombre que irradien confianza y refinamiento, asegur\u00e1ndose de que se ve y se siente lo mejor posible en todo momento. Las empresas o minoristas que deseen tener en stock calzado de alta calidad deben tener en cuenta que nuestro pedido m\u00ednimo es de 8 pares, con un plazo de entrega estimado de 12 d\u00edas m\u00e1s gastos de env\u00edo. Eleve su colecci\u00f3n con estos zapatos excepcionales.<\/p>","protected":false},"excerpt":{"rendered":"<ul>\n<li>El exterior est\u00e1 confeccionado en piel de becerro de primera calidad para ofrecer una elegancia y durabilidad atemporales.<\/li>\n<li>El lujoso forro interior de piel de cabra garantiza una transpirabilidad excepcional y comodidad durante todo el d\u00eda.<\/li>\n<li>Incorpora una suela Microlight ligera y flexible que ofrece una amortiguaci\u00f3n y una tracci\u00f3n superiores.<\/li>\n<li>La sutil altura del tac\u00f3n de 1-3 cm proporciona una c\u00f3moda elevaci\u00f3n y una postura refinada.<\/li>\n<li>Disponible en los sofisticados acabados negro y marr\u00f3n cl\u00e1sico para adaptarse a cualquier armario.<\/li>\n<li>Se ofrece en una amplia gama de tallas: EU 39, 40, 41, 42, 43, 44, 45.<\/li>\n<li><strong>Cantidad m\u00ednima de pedido: 8 pares.<\/strong><\/li>\n<li><strong>Plazo de entrega estimado: 12 d\u00edas + gastos de env\u00edo.<\/strong><\/li>\n<\/ul>","protected":false},"featured_media":3381,"template":"","meta":{"_acf_changed":false,"_uag_custom_page_level_css":"","site-sidebar-layout":"default","site-content-layout":"","ast-site-content-layout":"default","site-content-style":"default","site-sidebar-style":"default","ast-global-header-display":"","ast-banner-title-visibility":"","ast-main-header-display":"","ast-hfb-above-header-display":"","ast-hfb-below-header-display":"","ast-hfb-mobile-header-display":"","site-post-title":"","ast-breadcrumbs-content":"","ast-featured-img":"","footer-sml-layout":"","ast-disable-related-posts":"","theme-transparent-header-meta":"default","adv-header-id-meta":"","stick-header-meta":"","header-above-stick-meta":"","header-main-stick-meta":"","header-below-stick-meta":"","astra-migrate-meta-layouts":"set","ast-page-background-enabled":"default","ast-page-background-meta":{"desktop":{"background-color":"var(--ast-global-color-4)","background-image":"","background-repeat":"repeat","background-position":"center center","background-size":"auto","background-attachment":"scroll","background-type":"","background-media":"","overlay-type":"","overlay-color":"","overlay-opacity":"","overlay-gradient":""},"tablet":{"background-color":"","background-image":"","background-repeat":"repeat","background-position":"center center","background-size":"auto","background-attachment":"scroll","background-type":"","background-media":"","overlay-type":"","overlay-color":"","overlay-opacity":"","overlay-gradient":""},"mobile":{"background-color":"","background-image":"","background-repeat":"repeat","background-position":"center center","background-size":"auto","background-attachment":"scroll","background-type":"","background-media":"","overlay-type":"","overlay-color":"","overlay-opacity":"","overlay-gradient":""}},"ast-content-background-meta":{"desktop":{"background-color":"var(--ast-global-color-5)","background-image":"","background-repeat":"repeat","background-position":"center center","background-size":"auto","background-attachment":"scroll","background-type":"","background-media":"","overlay-type":"","overlay-color":"","overlay-opacity":"","overlay-gradient":""},"tablet":{"background-color":"var(--ast-global-color-5)","background-image":"","background-repeat":"repeat","background-position":"center center","background-size":"auto","background-attachment":"scroll","background-type":"","background-media":"","overlay-type":"","overlay-color":"","overlay-opacity":"","overlay-gradient":""},"mobile":{"background-color":"var(--ast-global-color-5)","background-image":"","background-repeat":"repeat","background-position":"center center","background-size":"auto","background-attachment":"scroll","background-type":"","background-media":"","overlay-type":"","overlay-color":"","overlay-opacity":"","overlay-gradient":""}}},"product_brand":[],"product_cat":[47,430,40],"product_tag":[435,561,405,202,290,212,454,251,437,416,324,466],"class_list":{"0":"post-4988","1":"product","2":"type-product","3":"status-publish","4":"has-post-thumbnail","6":"product_cat-classic","7":"product_cat-men","8":"product_cat-mens-shoes","9":"product_tag-black-derby","10":"product_tag-brown-derby","11":"product_tag-business-shoes","12":"product_tag-calf-leather","13":"product_tag-comfortable-mens-shoes","14":"product_tag-derby-shoes","15":"product_tag-elegant-footwear","16":"product_tag-formal-shoes","17":"product_tag-goat-leather","18":"product_tag-luxury-shoes","19":"product_tag-mens-dress-shoes","20":"product_tag-microlight-sole","21":"desktop-align-center","22":"tablet-align-center","23":"mobile-align-center","25":"first","26":"instock","27":"shipping-taxable","28":"purchasable","29":"product-type-variable","30":"has-default-attributes"},"acf":[],"uagb_featured_image_src":{"full":["https:\/\/turkishtrade.co\/wp-content\/uploads\/2026\/01\/2400EJOMN00023-BROWN-Y_100.png",453,250,false],"thumbnail":["https:\/\/turkishtrade.co\/wp-content\/uploads\/2026\/01\/2400EJOMN00023-BROWN-Y_100-150x150.png",150,150,true],"medium":["https:\/\/turkishtrade.co\/wp-content\/uploads\/2026\/01\/2400EJOMN00023-BROWN-Y_100-300x166.png",300,166,true],"medium_large":["https:\/\/turkishtrade.co\/wp-content\/uploads\/2026\/01\/2400EJOMN00023-BROWN-Y_100.png",453,250,false],"large":["https:\/\/turkishtrade.co\/wp-content\/uploads\/2026\/01\/2400EJOMN00023-BROWN-Y_100.png",453,250,false],"1536x1536":["https:\/\/turkishtrade.co\/wp-content\/uploads\/2026\/01\/2400EJOMN00023-BROWN-Y_100.png",453,250,false],"2048x2048":["https:\/\/turkishtrade.co\/wp-content\/uploads\/2026\/01\/2400EJOMN00023-BROWN-Y_100.png",453,250,false],"trp-custom-language-flag":["https:\/\/turkishtrade.co\/wp-content\/uploads\/2026\/01\/2400EJOMN00023-BROWN-Y_100-18x10.png",18,10,true],"woocommerce_thumbnail":["https:\/\/turkishtrade.co\/wp-content\/uploads\/2026\/01\/2400EJOMN00023-BROWN-Y_100-400x250.png",400,250,true],"woocommerce_single":["https:\/\/turkishtrade.co\/wp-content\/uploads\/2026\/01\/2400EJOMN00023-BROWN-Y_100.png",453,250,false],"woocommerce_gallery_thumbnail":["https:\/\/turkishtrade.co\/wp-content\/uploads\/2026\/01\/2400EJOMN00023-BROWN-Y_100-100x100.png",100,100,true]},"uagb_author_info":{"display_name":"yaser olabi","author_link":"https:\/\/turkishtrade.co\/es\/author\/"},"uagb_comment_info":0,"uagb_excerpt":"Crafted from premium full-grain Calf Leather exterior for timeless elegance and durability. Luxurious Goat Leather interior lining ensures exceptional breathability and all-day comfort. Features a lightweight and flexible Microlight sole, offering superior cushioning and traction. Subtle 1-3cm heel height provides a comfortable lift and refined posture. Available in sophisticated Black and classic Brown finishes to&hellip;","_links":{"self":[{"href":"https:\/\/turkishtrade.co\/es\/wp-json\/wp\/v2\/product\/4988","targetHints":{"allow":["GET"]}}],"collection":[{"href":"https:\/\/turkishtrade.co\/es\/wp-json\/wp\/v2\/product"}],"about":[{"href":"https:\/\/turkishtrade.co\/es\/wp-json\/wp\/v2\/types\/product"}],"wp:featuredmedia":[{"embeddable":true,"href":"https:\/\/turkishtrade.co\/es\/wp-json\/wp\/v2\/media\/3381"}],"wp:attachment":[{"href":"https:\/\/turkishtrade.co\/es\/wp-json\/wp\/v2\/media?parent=4988"}],"wp:term":[{"taxonomy":"product_brand","embeddable":true,"href":"https:\/\/turkishtrade.co\/es\/wp-json\/wp\/v2\/product_brand?post=4988"},{"taxonomy":"product_cat","embeddable":true,"href":"https:\/\/turkishtrade.co\/es\/wp-json\/wp\/v2\/product_cat?post=4988"},{"taxonomy":"product_tag","embeddable":true,"href":"https:\/\/turkishtrade.co\/es\/wp-json\/wp\/v2\/product_tag?post=4988"}],"curies":[{"name":"wp","href":"https:\/\/api.w.org\/{rel}","templated":true}]}}