{"id":4984,"date":"2026-01-14T10:56:17","date_gmt":"2026-01-14T10:56:17","guid":{"rendered":"https:\/\/turkishtrade.co\/product\/mens-leather-loafers\/"},"modified":"2026-04-09T19:48:08","modified_gmt":"2026-04-09T19:48:08","slug":"mens-leather-loafers","status":"publish","type":"product","link":"https:\/\/turkishtrade.co\/es\/shop\/mens-leather-loafers\/","title":{"rendered":"Elegantes mocasines de piel para hombre"},"content":{"rendered":"<p><strong>Mocasines de piel para hombre<\/strong><\/p>\n<p>Disfrute de una sofisticaci\u00f3n y un confort incomparables con nuestros productos de gama alta. <strong>Mocasines de piel para hombre<\/strong>. Dise\u00f1ados para el caballero moderno, estos zapatos sin cordones combinan a la perfecci\u00f3n la elegancia cl\u00e1sica con el estilo contempor\u00e1neo. Elaborados con los mejores materiales, estos mocasines no son s\u00f3lo un calzado; son una inversi\u00f3n en calidad duradera y gusto refinado. Tanto si te vistes para una reuni\u00f3n de negocios, un evento formal o una salida elegante e informal, estos mocasines son perfectos para ti. <strong>mocasines de piel para hombre<\/strong> realzar\u00e1n tu conjunto con su inconfundible encanto.<\/p>\n<h3>Artesan\u00eda y materiales inigualables para sus mocasines de piel para hombre<\/h3>\n<p>Cada par de nuestros <strong>Mocasines de piel para hombre<\/strong> est\u00e1 meticulosamente fabricado para ofrecer durabilidad y un lujoso confort. El exterior est\u00e1 confeccionado en piel de becerro de alta calidad, conocida por su suave textura, resistencia y elegante acabado. Esta piel de primera calidad proporciona un aspecto sofisticado que s\u00f3lo mejora con el paso del tiempo. En el interior, sus pies se acunar\u00e1n bajo el suave abrazo del forro de piel de cabra aut\u00e9ntica, que garantiza la transpirabilidad y una experiencia de uso excepcionalmente c\u00f3moda durante todo el d\u00eda. La cuidada combinaci\u00f3n de estas exquisitas pieles garantiza un zapato que sienta tan bien como parece.<\/p>\n<h3>Dise\u00f1ado para la comodidad y el estilo<\/h3>\n<p>M\u00e1s all\u00e1 de su impresionante aspecto, estos <strong>mocasines de piel para hombre<\/strong> dan prioridad a tu comodidad. Incorporan una suela Microlight de \u00faltima generaci\u00f3n, dise\u00f1ada para ser extraordinariamente ligera y flexible, permitiendo un movimiento natural y reduciendo la fatiga del pie. Un sutil tac\u00f3n de 1 a 3 cm proporciona la elevaci\u00f3n justa para una zancada segura, lo que hace que estos mocasines sean adecuados para un uso prolongado. Disponibles en las tallas 39 a 45, garantizan un ajuste perfecto para una amplia gama de tama\u00f1os de pie. El elegante dise\u00f1o, en azul marino atemporal y marr\u00f3n intenso, incluye paneles texturizados de buen gusto y un elegante detalle met\u00e1lico que a\u00f1ade un toque \u00fanico a estos mocasines esenciales. <strong>mocasines de piel para hombre<\/strong>.<\/p>\n<h3>Ideal para pedidos al por mayor y a granel<\/h3>\n<p>Para los minoristas y las empresas que buscan calzado de alta calidad, estos <strong>Mocasines de piel para hombre<\/strong> est\u00e1n disponibles para la compra al por mayor con un pedido m\u00ednimo de 8 pares. Nos enorgullecemos de ofrecer un servicio eficaz, con un plazo de entrega de 12 d\u00edas m\u00e1s gastos de env\u00edo, lo que le garantiza que recibir\u00e1 su pedido lo antes posible. Ofrezca a sus clientes el lujo y la comodidad de estos excepcionales <strong>mocasines de piel para hombre<\/strong>, un verdadero testimonio de artesan\u00eda superior y estilo perdurable.<\/p>","protected":false},"excerpt":{"rendered":"<ul>\n<li><strong>Materiales de primera calidad:<\/strong> Fabricado con un exterior de piel de ternero resistente y un interior de suave piel de cabra para el m\u00e1ximo confort.<\/li>\n<li><strong>Suela de confort:<\/strong> Incorpora una suela Microlight ligera para una flexibilidad excepcional y un uso durante todo el d\u00eda.<\/li>\n<li><strong>Tac\u00f3n sutil:<\/strong> Un c\u00f3modo tac\u00f3n de 1-3 cm proporciona una ligera elevaci\u00f3n sin comprometer la estabilidad.<\/li>\n<li><strong>Tallas vers\u00e1tiles:<\/strong> Disponible en una amplia gama de tallas, de la 39 a la 45, para garantizar un ajuste perfecto.<\/li>\n<li><strong>Disponibilidad a granel:<\/strong> Pedido m\u00ednimo de 8 pares, con un plazo de entrega de 12 d\u00edas m\u00e1s gastos de env\u00edo.<\/li>\n<li><strong>Dise\u00f1o elegante:<\/strong> Disponible en los sofisticados colores azul marino y marr\u00f3n cl\u00e1sico, con paneles de textura distintiva.<\/li>\n<\/ul>","protected":false},"featured_media":3379,"template":"","meta":{"_acf_changed":false,"_uag_custom_page_level_css":"","site-sidebar-layout":"default","site-content-layout":"","ast-site-content-layout":"default","site-content-style":"default","site-sidebar-style":"default","ast-global-header-display":"","ast-banner-title-visibility":"","ast-main-header-display":"","ast-hfb-above-header-display":"","ast-hfb-below-header-display":"","ast-hfb-mobile-header-display":"","site-post-title":"","ast-breadcrumbs-content":"","ast-featured-img":"","footer-sml-layout":"","ast-disable-related-posts":"","theme-transparent-header-meta":"default","adv-header-id-meta":"","stick-header-meta":"","header-above-stick-meta":"","header-main-stick-meta":"","header-below-stick-meta":"","astra-migrate-meta-layouts":"set","ast-page-background-enabled":"default","ast-page-background-meta":{"desktop":{"background-color":"var(--ast-global-color-4)","background-image":"","background-repeat":"repeat","background-position":"center center","background-size":"auto","background-attachment":"scroll","background-type":"","background-media":"","overlay-type":"","overlay-color":"","overlay-opacity":"","overlay-gradient":""},"tablet":{"background-color":"","background-image":"","background-repeat":"repeat","background-position":"center center","background-size":"auto","background-attachment":"scroll","background-type":"","background-media":"","overlay-type":"","overlay-color":"","overlay-opacity":"","overlay-gradient":""},"mobile":{"background-color":"","background-image":"","background-repeat":"repeat","background-position":"center center","background-size":"auto","background-attachment":"scroll","background-type":"","background-media":"","overlay-type":"","overlay-color":"","overlay-opacity":"","overlay-gradient":""}},"ast-content-background-meta":{"desktop":{"background-color":"var(--ast-global-color-5)","background-image":"","background-repeat":"repeat","background-position":"center center","background-size":"auto","background-attachment":"scroll","background-type":"","background-media":"","overlay-type":"","overlay-color":"","overlay-opacity":"","overlay-gradient":""},"tablet":{"background-color":"var(--ast-global-color-5)","background-image":"","background-repeat":"repeat","background-position":"center center","background-size":"auto","background-attachment":"scroll","background-type":"","background-media":"","overlay-type":"","overlay-color":"","overlay-opacity":"","overlay-gradient":""},"mobile":{"background-color":"var(--ast-global-color-5)","background-image":"","background-repeat":"repeat","background-position":"center center","background-size":"auto","background-attachment":"scroll","background-type":"","background-media":"","overlay-type":"","overlay-color":"","overlay-opacity":"","overlay-gradient":""}}},"product_brand":[],"product_cat":[47,430,40],"product_tag":[147,555,220,284,352,556,215,217,198,466,557,184,280],"class_list":{"0":"post-4984","1":"product","2":"type-product","3":"status-publish","4":"has-post-thumbnail","6":"product_cat-classic","7":"product_cat-men","8":"product_cat-mens-shoes","9":"product_tag-brown-loafers","10":"product_tag-calfskin-loafers","11":"product_tag-comfortable-loafers","12":"product_tag-dress-shoes","13":"product_tag-formal-loafers","14":"product_tag-goatskin-lining","15":"product_tag-leather-loafers","16":"product_tag-luxury-footwear","17":"product_tag-mens-fashion","18":"product_tag-microlight-sole","19":"product_tag-navy-loafers","20":"product_tag-slip-on-shoes","21":"product_tag-smart-casual-shoes","22":"desktop-align-center","23":"tablet-align-center","24":"mobile-align-center","26":"first","27":"instock","28":"shipping-taxable","29":"purchasable","30":"product-type-variable","31":"has-default-attributes"},"acf":[],"uagb_featured_image_src":{"full":["https:\/\/turkishtrade.co\/wp-content\/uploads\/2026\/01\/2400EJOMN00022-DARK-BROWN-DKS_7550.png",453,250,false],"thumbnail":["https:\/\/turkishtrade.co\/wp-content\/uploads\/2026\/01\/2400EJOMN00022-DARK-BROWN-DKS_7550-150x150.png",150,150,true],"medium":["https:\/\/turkishtrade.co\/wp-content\/uploads\/2026\/01\/2400EJOMN00022-DARK-BROWN-DKS_7550-300x166.png",300,166,true],"medium_large":["https:\/\/turkishtrade.co\/wp-content\/uploads\/2026\/01\/2400EJOMN00022-DARK-BROWN-DKS_7550.png",453,250,false],"large":["https:\/\/turkishtrade.co\/wp-content\/uploads\/2026\/01\/2400EJOMN00022-DARK-BROWN-DKS_7550.png",453,250,false],"1536x1536":["https:\/\/turkishtrade.co\/wp-content\/uploads\/2026\/01\/2400EJOMN00022-DARK-BROWN-DKS_7550.png",453,250,false],"2048x2048":["https:\/\/turkishtrade.co\/wp-content\/uploads\/2026\/01\/2400EJOMN00022-DARK-BROWN-DKS_7550.png",453,250,false],"trp-custom-language-flag":["https:\/\/turkishtrade.co\/wp-content\/uploads\/2026\/01\/2400EJOMN00022-DARK-BROWN-DKS_7550-18x10.png",18,10,true],"woocommerce_thumbnail":["https:\/\/turkishtrade.co\/wp-content\/uploads\/2026\/01\/2400EJOMN00022-DARK-BROWN-DKS_7550-400x250.png",400,250,true],"woocommerce_single":["https:\/\/turkishtrade.co\/wp-content\/uploads\/2026\/01\/2400EJOMN00022-DARK-BROWN-DKS_7550.png",453,250,false],"woocommerce_gallery_thumbnail":["https:\/\/turkishtrade.co\/wp-content\/uploads\/2026\/01\/2400EJOMN00022-DARK-BROWN-DKS_7550-100x100.png",100,100,true]},"uagb_author_info":{"display_name":"yaser olabi","author_link":"https:\/\/turkishtrade.co\/es\/author\/"},"uagb_comment_info":0,"uagb_excerpt":"Premium Materials: Crafted with a durable calfskin leather exterior and a soft goatskin leather interior for ultimate comfort. Comfort Sole: Features a lightweight Microlight sole for exceptional flexibility and all-day wear. Subtle Heel: A comfortable 1-3 cm heel provides a slight lift without compromising stability. Versatile Sizing: Available in a wide range of sizes from&hellip;","_links":{"self":[{"href":"https:\/\/turkishtrade.co\/es\/wp-json\/wp\/v2\/product\/4984","targetHints":{"allow":["GET"]}}],"collection":[{"href":"https:\/\/turkishtrade.co\/es\/wp-json\/wp\/v2\/product"}],"about":[{"href":"https:\/\/turkishtrade.co\/es\/wp-json\/wp\/v2\/types\/product"}],"wp:featuredmedia":[{"embeddable":true,"href":"https:\/\/turkishtrade.co\/es\/wp-json\/wp\/v2\/media\/3379"}],"wp:attachment":[{"href":"https:\/\/turkishtrade.co\/es\/wp-json\/wp\/v2\/media?parent=4984"}],"wp:term":[{"taxonomy":"product_brand","embeddable":true,"href":"https:\/\/turkishtrade.co\/es\/wp-json\/wp\/v2\/product_brand?post=4984"},{"taxonomy":"product_cat","embeddable":true,"href":"https:\/\/turkishtrade.co\/es\/wp-json\/wp\/v2\/product_cat?post=4984"},{"taxonomy":"product_tag","embeddable":true,"href":"https:\/\/turkishtrade.co\/es\/wp-json\/wp\/v2\/product_tag?post=4984"}],"curies":[{"name":"wp","href":"https:\/\/api.w.org\/{rel}","templated":true}]}}