{"id":4977,"date":"2026-01-14T10:55:13","date_gmt":"2026-01-14T10:55:13","guid":{"rendered":"https:\/\/turkishtrade.co\/product\/mens-calf-leather-oxford-shoes\/"},"modified":"2026-04-09T19:48:22","modified_gmt":"2026-04-09T19:48:22","slug":"mens-calf-leather-oxford-shoes","status":"publish","type":"product","link":"https:\/\/turkishtrade.co\/es\/shop\/mens-calf-leather-oxford-shoes\/","title":{"rendered":"Zapatos de vestir Oxford de piel de becerro hechos a mano para hombre"},"content":{"rendered":"<p><strong>Zapatos Oxford de piel de becerro para hombre<\/strong><\/p>\n<p>Entre en la elegancia atemporal con nuestra exquisita gama de <b>Zapatos Oxford de piel de becerro para hombre<\/b>. Dise\u00f1ados para el caballero exigente, estos zapatos son el ep\u00edtome del calzado sofisticado, combinando la artesan\u00eda tradicional con el confort moderno. Cada par se elabora meticulosamente a mano para garantizar no solo una est\u00e9tica superior, sino tambi\u00e9n una durabilidad inigualable y un ajuste perfecto.<\/p>\n<p>Tanto si asiste a una reuni\u00f3n de negocios crucial, a un evento formal o simplemente desea elevar su atuendo profesional diario, estos zapatos Oxford son su compa\u00f1ero definitivo.<\/p>\n<p><h3>Calidad y artesan\u00eda inigualables<\/h3>\n<\/p>\n<p>Nuestro compromiso con la calidad comienza con la selecci\u00f3n de materiales de primera calidad. El exterior de estos excepcionales <b>Zapatos Oxford de piel de becerro para hombre<\/b> est\u00e1 confeccionado en piel de ternero flexible de alta calidad, famosa por su textura suave, su brillo natural y su capacidad para amoldarse perfectamente al pie con el paso del tiempo.<\/p>\n<p>La elecci\u00f3n de la piel de becerro garantiza un aspecto y un tacto lujosos, convirtiendo cada par en una pieza \u00fanica. La atenci\u00f3n al detalle es evidente en la precisi\u00f3n de las costuras y en el dise\u00f1o cl\u00e1sico de la puntera, que demuestra el saber hacer artesanal.<\/p>\n<p><h3>Confort superior con interiores de lujo<\/h3>\n<\/p>\n<p>El confort es primordial en nuestra filosof\u00eda de dise\u00f1o. El interior de estos <b>Zapatos Oxford de piel de becerro para hombre<\/b> est\u00e1 totalmente forrado con piel de cabra suave y transpirable. Este forro de primera calidad no solo proporciona un tacto incre\u00edblemente suave sobre la piel, sino que tambi\u00e9n ayuda a evacuar la humedad, manteniendo los pies c\u00f3modos y frescos durante los d\u00edas m\u00e1s largos.<\/p>\n<p>El interior de felpa se complementa con una ligera suela ultraligera, dise\u00f1ada para ofrecer flexibilidad, una excelente amortiguaci\u00f3n y un agarre fiable. Con una sutil altura de tac\u00f3n de 1-3 cm, estos zapatos ofrecen un perfil cl\u00e1sico sin renunciar a la comodidad.<\/p>\n<p><h3>Estilo vers\u00e1til para cualquier ocasi\u00f3n<\/h3>\n<\/p>\n<p>El dise\u00f1o cl\u00e1sico de estos <b>Zapatos Oxford de piel de becerro para hombre<\/b> los hace incre\u00edblemente vers\u00e1tiles. Son la elecci\u00f3n perfecta para entornos de negocios formales, ya que a\u00f1aden un toque de autoridad y elegancia a sus trajes y pantalones de sastrer\u00eda. M\u00e1s all\u00e1 de la sala de juntas, son perfectos para eventos de etiqueta, bodas y sofisticadas reuniones sociales.<\/p>\n<p>Disponibles en una gama de tallas del 39 al 45 (UE), garantizamos un ajuste perfecto para una amplia gama de clientes. Experimente la mezcla de tradici\u00f3n y estilo contempor\u00e1neo que solo nuestros zapatos Oxford de primera calidad pueden ofrecer.<\/p>\n<p><h3>Oportunidades al por mayor y entrega fiable<\/h3>\n<\/p>\n<p>Para los minoristas y las empresas que desean almacenar calzado masculino de alta calidad, nuestro <b>Zapatos Oxford de piel de becerro para hombre<\/b> est\u00e1n disponibles para su compra al por mayor. Con una cantidad m\u00ednima de pedido de s\u00f3lo 8 pares, es f\u00e1cil introducir este producto de primera calidad a su clientela. Nos enorgullecemos de ofrecer un servicio eficaz, con un plazo de entrega de aproximadamente 12 d\u00edas m\u00e1s gastos de env\u00edo, lo que garantiza que su pedido llegue puntualmente.<\/p>\n<p>Invierte en un calzado que hable de calidad y estilo.<\/p>","protected":false},"excerpt":{"rendered":"<ul>\n<li><b>Exterior:<\/b> Piel de becerro de primera calidad para un acabado elegante y refinado.<\/li>\n<li><b>Interior:<\/b> El lujoso forro de piel de cabra garantiza transpirabilidad y comodidad.<\/li>\n<li><b>Suela:<\/b> Suela ligera Microlight para un excelente agarre y uso durante todo el d\u00eda.<\/li>\n<li><b>Altura del tac\u00f3n:<\/b> Sutil 1-3 cm para un perfil cl\u00e1sico.<\/li>\n<li><b>Tallas disponibles:<\/b> 39, 40, 41, 42, 43, 44, 45 (UE).<\/li>\n<li><b>Pedido m\u00ednimo:<\/b> 8 pares: ideal para minoristas y compradores al por mayor.<\/li>\n<li><b>Plazo de entrega:<\/b> Aproximadamente 12 d\u00edas + gastos de env\u00edo.<\/li>\n<li><b>Precio al por mayor:<\/b> USD por par (para este modelo de zapato).<\/li>\n<\/ul>","protected":false},"featured_media":3375,"template":"","meta":{"_acf_changed":false,"_uag_custom_page_level_css":"","site-sidebar-layout":"default","site-content-layout":"","ast-site-content-layout":"default","site-content-style":"default","site-sidebar-style":"default","ast-global-header-display":"","ast-banner-title-visibility":"","ast-main-header-display":"","ast-hfb-above-header-display":"","ast-hfb-below-header-display":"","ast-hfb-mobile-header-display":"","site-post-title":"","ast-breadcrumbs-content":"","ast-featured-img":"","footer-sml-layout":"","ast-disable-related-posts":"","theme-transparent-header-meta":"default","adv-header-id-meta":"","stick-header-meta":"","header-above-stick-meta":"","header-main-stick-meta":"","header-below-stick-meta":"","astra-migrate-meta-layouts":"set","ast-page-background-enabled":"default","ast-page-background-meta":{"desktop":{"background-color":"var(--ast-global-color-4)","background-image":"","background-repeat":"repeat","background-position":"center center","background-size":"auto","background-attachment":"scroll","background-type":"","background-media":"","overlay-type":"","overlay-color":"","overlay-opacity":"","overlay-gradient":""},"tablet":{"background-color":"","background-image":"","background-repeat":"repeat","background-position":"center center","background-size":"auto","background-attachment":"scroll","background-type":"","background-media":"","overlay-type":"","overlay-color":"","overlay-opacity":"","overlay-gradient":""},"mobile":{"background-color":"","background-image":"","background-repeat":"repeat","background-position":"center center","background-size":"auto","background-attachment":"scroll","background-type":"","background-media":"","overlay-type":"","overlay-color":"","overlay-opacity":"","overlay-gradient":""}},"ast-content-background-meta":{"desktop":{"background-color":"var(--ast-global-color-5)","background-image":"","background-repeat":"repeat","background-position":"center center","background-size":"auto","background-attachment":"scroll","background-type":"","background-media":"","overlay-type":"","overlay-color":"","overlay-opacity":"","overlay-gradient":""},"tablet":{"background-color":"var(--ast-global-color-5)","background-image":"","background-repeat":"repeat","background-position":"center center","background-size":"auto","background-attachment":"scroll","background-type":"","background-media":"","overlay-type":"","overlay-color":"","overlay-opacity":"","overlay-gradient":""},"mobile":{"background-color":"var(--ast-global-color-5)","background-image":"","background-repeat":"repeat","background-position":"center center","background-size":"auto","background-attachment":"scroll","background-type":"","background-media":"","overlay-type":"","overlay-color":"","overlay-opacity":"","overlay-gradient":""}}},"product_brand":[],"product_cat":[47,430,40],"product_tag":[540,405,185,541,284,454,251,189,297,416,198,359,466],"class_list":{"0":"post-4977","1":"product","2":"type-product","3":"status-publish","4":"has-post-thumbnail","6":"product_cat-classic","7":"product_cat-men","8":"product_cat-mens-shoes","9":"product_tag-black-oxford-shoes","10":"product_tag-business-shoes","11":"product_tag-calf-leather-shoes","12":"product_tag-cap-toe-oxfords","13":"product_tag-dress-shoes","14":"product_tag-elegant-footwear","15":"product_tag-formal-shoes","16":"product_tag-goat-leather-lining","17":"product_tag-handmade-leather-shoes","18":"product_tag-luxury-shoes","19":"product_tag-mens-fashion","20":"product_tag-mens-oxford-shoes","21":"product_tag-microlight-sole","22":"desktop-align-center","23":"tablet-align-center","24":"mobile-align-center","26":"first","27":"instock","28":"shipping-taxable","29":"purchasable","30":"product-type-variable","31":"has-default-attributes"},"acf":[],"uagb_featured_image_src":{"full":["https:\/\/turkishtrade.co\/wp-content\/uploads\/2026\/01\/2400EJOMN00015-DARK-BLUE-A_642.png",453,250,false],"thumbnail":["https:\/\/turkishtrade.co\/wp-content\/uploads\/2026\/01\/2400EJOMN00015-DARK-BLUE-A_642-150x150.png",150,150,true],"medium":["https:\/\/turkishtrade.co\/wp-content\/uploads\/2026\/01\/2400EJOMN00015-DARK-BLUE-A_642-300x166.png",300,166,true],"medium_large":["https:\/\/turkishtrade.co\/wp-content\/uploads\/2026\/01\/2400EJOMN00015-DARK-BLUE-A_642.png",453,250,false],"large":["https:\/\/turkishtrade.co\/wp-content\/uploads\/2026\/01\/2400EJOMN00015-DARK-BLUE-A_642.png",453,250,false],"1536x1536":["https:\/\/turkishtrade.co\/wp-content\/uploads\/2026\/01\/2400EJOMN00015-DARK-BLUE-A_642.png",453,250,false],"2048x2048":["https:\/\/turkishtrade.co\/wp-content\/uploads\/2026\/01\/2400EJOMN00015-DARK-BLUE-A_642.png",453,250,false],"trp-custom-language-flag":["https:\/\/turkishtrade.co\/wp-content\/uploads\/2026\/01\/2400EJOMN00015-DARK-BLUE-A_642-18x10.png",18,10,true],"woocommerce_thumbnail":["https:\/\/turkishtrade.co\/wp-content\/uploads\/2026\/01\/2400EJOMN00015-DARK-BLUE-A_642-400x250.png",400,250,true],"woocommerce_single":["https:\/\/turkishtrade.co\/wp-content\/uploads\/2026\/01\/2400EJOMN00015-DARK-BLUE-A_642.png",453,250,false],"woocommerce_gallery_thumbnail":["https:\/\/turkishtrade.co\/wp-content\/uploads\/2026\/01\/2400EJOMN00015-DARK-BLUE-A_642-100x100.png",100,100,true]},"uagb_author_info":{"display_name":"yaser olabi","author_link":"https:\/\/turkishtrade.co\/es\/author\/"},"uagb_comment_info":0,"uagb_excerpt":"Exterior: Premium Calf Leather for a sleek, refined finish. Interior: Luxurious Goat Leather lining ensures breathability and comfort. Sole: Lightweight Microlight sole for excellent grip and all-day wear. Heel Height: Subtle 1-3 cm for a classic profile. Available Sizes: 39, 40, 41, 42, 43, 44, 45 (EU). Minimum Order: 8 pairs \u2013 ideal for retailers&hellip;","_links":{"self":[{"href":"https:\/\/turkishtrade.co\/es\/wp-json\/wp\/v2\/product\/4977","targetHints":{"allow":["GET"]}}],"collection":[{"href":"https:\/\/turkishtrade.co\/es\/wp-json\/wp\/v2\/product"}],"about":[{"href":"https:\/\/turkishtrade.co\/es\/wp-json\/wp\/v2\/types\/product"}],"wp:featuredmedia":[{"embeddable":true,"href":"https:\/\/turkishtrade.co\/es\/wp-json\/wp\/v2\/media\/3375"}],"wp:attachment":[{"href":"https:\/\/turkishtrade.co\/es\/wp-json\/wp\/v2\/media?parent=4977"}],"wp:term":[{"taxonomy":"product_brand","embeddable":true,"href":"https:\/\/turkishtrade.co\/es\/wp-json\/wp\/v2\/product_brand?post=4977"},{"taxonomy":"product_cat","embeddable":true,"href":"https:\/\/turkishtrade.co\/es\/wp-json\/wp\/v2\/product_cat?post=4977"},{"taxonomy":"product_tag","embeddable":true,"href":"https:\/\/turkishtrade.co\/es\/wp-json\/wp\/v2\/product_tag?post=4977"}],"curies":[{"name":"wp","href":"https:\/\/api.w.org\/{rel}","templated":true}]}}