{"id":4974,"date":"2026-01-14T10:54:49","date_gmt":"2026-01-14T10:54:49","guid":{"rendered":"https:\/\/turkishtrade.co\/product\/men-crocodile-embossed-loafers\/"},"modified":"2026-04-09T19:48:29","modified_gmt":"2026-04-09T19:48:29","slug":"mens-crocodile-embossed-loafers-2","status":"publish","type":"product","link":"https:\/\/turkishtrade.co\/es\/shop\/mens-crocodile-embossed-loafers-2\/","title":{"rendered":"Mocasines de lujo para hombre en piel grabada con cocodrilo"},"content":{"rendered":"<p data-rm-block-id=\"block-1\">Entre en un reino de elegancia incomparable con nuestra exquisita colecci\u00f3n de <strong>Mocasines de hombre en relieve de cocodrilo<\/strong>. Dise\u00f1ados para el caballero exigente, estos zapatos slip-on de lujo son un testimonio de estilo sofisticado y artesan\u00eda superior. Cada par presenta una asombrosa combinaci\u00f3n de piel de ternero lisa de primera calidad y piel de cocodrilo en relieve con una rica textura distintiva en la pala y la puntera, creando una obra maestra visual que llama la atenci\u00f3n. Para quienes aprecian los detalles distintivos, estos <strong>Mocasines de hombre en relieve de cocodrilo<\/strong> son un complemento esencial para cualquier armario refinado. Tanto si acude a una reuni\u00f3n de negocios, a un evento formal o a una reuni\u00f3n informal y elegante, estos zapatos de primera calidad son perfectos para cualquier ocasi\u00f3n. <strong>Mocasines de hombre en relieve de cocodrilo<\/strong> se asegurar\u00e1 de causar una impresi\u00f3n duradera.<\/p>\n<h3 data-rm-block-id=\"block-2\">Artesan\u00eda inigualable y materiales de primera calidad en nuestros mocasines para hombre con relieve de cocodrilo<\/h3>\n<p data-rm-block-id=\"block-3\">Nuestro compromiso con la calidad es evidente en cada puntada de este calzado excepcional. El exterior est\u00e1 meticulosamente confeccionado en piel de ternero de alta calidad, famosa por su textura flexible, su durabilidad y su capacidad para envejecer maravillosamente. El interior cuenta con un lujoso forro de suave piel de cabra, que proporciona un entorno incre\u00edblemente c\u00f3modo y transpirable para tus pies durante todo el d\u00eda. Esta cuidadosa selecci\u00f3n de materiales naturales no s\u00f3lo realza el atractivo est\u00e9tico de estos elegantes <strong>Mocasines de hombre en relieve de cocodrilo<\/strong> sino que tambi\u00e9n garantiza un uso duradero y una experiencia confortable, lo que realmente las distingue.<\/p>\n<h3 data-rm-block-id=\"block-4\">Dise\u00f1ado para ofrecer comodidad y versatilidad<\/h3>\n<p data-rm-block-id=\"block-5\">M\u00e1s all\u00e1 de su aspecto llamativo, estos <strong>Mocasines de hombre en relieve de cocodrilo<\/strong> est\u00e1n dise\u00f1adas para ofrecer el m\u00e1ximo confort. La ligera suela Microlight ofrece una flexibilidad y una sujeci\u00f3n excelentes, mientras que el sutil tac\u00f3n de 1 a 3 cm proporciona una elevaci\u00f3n refinada sin comprometer la estabilidad. Disponibles en una amplia gama de tallas, de la 39 a la 45, encontrar el ajuste perfecto no supone ning\u00fan esfuerzo. El dise\u00f1o sin cordones garantiza su comodidad, lo que las convierte en la opci\u00f3n ideal para el hombre moderno que no quiere renunciar al estilo ni a la comodidad. Eleve su colecci\u00f3n de calzado con estos zapatos realmente distinguidos. <strong>Mocasines de hombre en relieve de cocodrilo<\/strong>, una mezcla de dise\u00f1o atemporal y estilo contempor\u00e1neo.<\/p>\n<h3 data-rm-block-id=\"block-6\">Disponibilidad al por mayor y entrega fiable de mocasines de hombre con relieve de cocodrilo<\/h3>\n<p data-rm-block-id=\"block-7\">Para los minoristas y las empresas que buscan ofrecer calzado de primera calidad, nuestra colecci\u00f3n de <strong>Mocasines de hombre en relieve de cocodrilo<\/strong> est\u00e1 disponible para la venta al por mayor. Con un pedido m\u00ednimo de s\u00f3lo 8 pares, podr\u00e1 abastecerse f\u00e1cilmente de este codiciado dise\u00f1o y satisfacer a clientes exigentes. Garantizamos un proceso de pedido sin complicaciones con un plazo de entrega estimado de 12 d\u00edas, m\u00e1s gastos de env\u00edo. Invierta en calidad y estilo que cautivar\u00e1n a sus clientes con estos elegantes y duraderos <strong>Mocasines de hombre en relieve de cocodrilo<\/strong>.<\/p>","protected":false},"excerpt":{"rendered":"<ul>\n<li>Exterior de piel de ternero de primera calidad con detalles distintivos de cocodrilo en relieve<\/li>\n<li>Lujoso interior de piel de cabra para un confort excepcional<\/li>\n<li>Suela ligera Microlight con un refinado tac\u00f3n de 1-3 cm<\/li>\n<li>Disponible en las tallas 39-45 para un ajuste perfecto<\/li>\n<li>Cantidad m\u00ednima de pedido: 8 pares<\/li>\n<li>Entrega estimada: 12 d\u00edas m\u00e1s gastos de env\u00edo<\/li>\n<\/ul>","protected":false},"featured_media":3373,"template":"","meta":{"_acf_changed":false,"_uag_custom_page_level_css":"","site-sidebar-layout":"default","site-content-layout":"","ast-site-content-layout":"default","site-content-style":"default","site-sidebar-style":"default","ast-global-header-display":"","ast-banner-title-visibility":"","ast-main-header-display":"","ast-hfb-above-header-display":"","ast-hfb-below-header-display":"","ast-hfb-mobile-header-display":"","site-post-title":"","ast-breadcrumbs-content":"","ast-featured-img":"","footer-sml-layout":"","ast-disable-related-posts":"","theme-transparent-header-meta":"default","adv-header-id-meta":"","stick-header-meta":"","header-above-stick-meta":"","header-main-stick-meta":"","header-below-stick-meta":"","astra-migrate-meta-layouts":"set","ast-page-background-enabled":"default","ast-page-background-meta":{"desktop":{"background-color":"var(--ast-global-color-4)","background-image":"","background-repeat":"repeat","background-position":"center center","background-size":"auto","background-attachment":"scroll","background-type":"","background-media":"","overlay-type":"","overlay-color":"","overlay-opacity":"","overlay-gradient":""},"tablet":{"background-color":"","background-image":"","background-repeat":"repeat","background-position":"center center","background-size":"auto","background-attachment":"scroll","background-type":"","background-media":"","overlay-type":"","overlay-color":"","overlay-opacity":"","overlay-gradient":""},"mobile":{"background-color":"","background-image":"","background-repeat":"repeat","background-position":"center center","background-size":"auto","background-attachment":"scroll","background-type":"","background-media":"","overlay-type":"","overlay-color":"","overlay-opacity":"","overlay-gradient":""}},"ast-content-background-meta":{"desktop":{"background-color":"var(--ast-global-color-5)","background-image":"","background-repeat":"repeat","background-position":"center center","background-size":"auto","background-attachment":"scroll","background-type":"","background-media":"","overlay-type":"","overlay-color":"","overlay-opacity":"","overlay-gradient":""},"tablet":{"background-color":"var(--ast-global-color-5)","background-image":"","background-repeat":"repeat","background-position":"center center","background-size":"auto","background-attachment":"scroll","background-type":"","background-media":"","overlay-type":"","overlay-color":"","overlay-opacity":"","overlay-gradient":""},"mobile":{"background-color":"var(--ast-global-color-5)","background-image":"","background-repeat":"repeat","background-position":"center center","background-size":"auto","background-attachment":"scroll","background-type":"","background-media":"","overlay-type":"","overlay-color":"","overlay-opacity":"","overlay-gradient":""}}},"product_brand":[],"product_cat":[47,430,40],"product_tag":[202,534,251,189,219,535,217,198,186,466,536,184,280,281],"class_list":{"0":"post-4974","1":"product","2":"type-product","3":"status-publish","4":"has-post-thumbnail","6":"product_cat-classic","7":"product_cat-men","8":"product_cat-mens-shoes","9":"product_tag-calf-leather","10":"product_tag-crocodile-embossed-shoes","11":"product_tag-formal-shoes","12":"product_tag-goat-leather-lining","13":"product_tag-handmade-shoes","14":"product_tag-leather-dress-shoes","15":"product_tag-luxury-footwear","16":"product_tag-mens-fashion","17":"product_tag-mens-loafers","18":"product_tag-microlight-sole","19":"product_tag-premium-leather-loafers","20":"product_tag-slip-on-shoes","21":"product_tag-smart-casual-shoes","22":"product_tag-wholesale-shoes","23":"desktop-align-center","24":"tablet-align-center","25":"mobile-align-center","27":"first","28":"instock","29":"shipping-taxable","30":"purchasable","31":"product-type-variable","32":"has-default-attributes"},"acf":[],"uagb_featured_image_src":{"full":["https:\/\/turkishtrade.co\/wp-content\/uploads\/2026\/01\/2400EJOMN00014-DARK-BROWN-M_132.png",453,250,false],"thumbnail":["https:\/\/turkishtrade.co\/wp-content\/uploads\/2026\/01\/2400EJOMN00014-DARK-BROWN-M_132-150x150.png",150,150,true],"medium":["https:\/\/turkishtrade.co\/wp-content\/uploads\/2026\/01\/2400EJOMN00014-DARK-BROWN-M_132-300x166.png",300,166,true],"medium_large":["https:\/\/turkishtrade.co\/wp-content\/uploads\/2026\/01\/2400EJOMN00014-DARK-BROWN-M_132.png",453,250,false],"large":["https:\/\/turkishtrade.co\/wp-content\/uploads\/2026\/01\/2400EJOMN00014-DARK-BROWN-M_132.png",453,250,false],"1536x1536":["https:\/\/turkishtrade.co\/wp-content\/uploads\/2026\/01\/2400EJOMN00014-DARK-BROWN-M_132.png",453,250,false],"2048x2048":["https:\/\/turkishtrade.co\/wp-content\/uploads\/2026\/01\/2400EJOMN00014-DARK-BROWN-M_132.png",453,250,false],"trp-custom-language-flag":["https:\/\/turkishtrade.co\/wp-content\/uploads\/2026\/01\/2400EJOMN00014-DARK-BROWN-M_132-18x10.png",18,10,true],"woocommerce_thumbnail":["https:\/\/turkishtrade.co\/wp-content\/uploads\/2026\/01\/2400EJOMN00014-DARK-BROWN-M_132-400x250.png",400,250,true],"woocommerce_single":["https:\/\/turkishtrade.co\/wp-content\/uploads\/2026\/01\/2400EJOMN00014-DARK-BROWN-M_132.png",453,250,false],"woocommerce_gallery_thumbnail":["https:\/\/turkishtrade.co\/wp-content\/uploads\/2026\/01\/2400EJOMN00014-DARK-BROWN-M_132-100x100.png",100,100,true]},"uagb_author_info":{"display_name":"yaser olabi","author_link":"https:\/\/turkishtrade.co\/es\/author\/"},"uagb_comment_info":0,"uagb_excerpt":"Premium calf leather exterior with distinctive crocodile embossed detailing Luxurious goat leather interior for exceptional comfort Lightweight Microlight sole with a refined 1-3cm heel Available in sizes 39-45 for a perfect fit Minimum order quantity: 8 pairs Estimated delivery: 12 days plus shipping","_links":{"self":[{"href":"https:\/\/turkishtrade.co\/es\/wp-json\/wp\/v2\/product\/4974","targetHints":{"allow":["GET"]}}],"collection":[{"href":"https:\/\/turkishtrade.co\/es\/wp-json\/wp\/v2\/product"}],"about":[{"href":"https:\/\/turkishtrade.co\/es\/wp-json\/wp\/v2\/types\/product"}],"wp:featuredmedia":[{"embeddable":true,"href":"https:\/\/turkishtrade.co\/es\/wp-json\/wp\/v2\/media\/3373"}],"wp:attachment":[{"href":"https:\/\/turkishtrade.co\/es\/wp-json\/wp\/v2\/media?parent=4974"}],"wp:term":[{"taxonomy":"product_brand","embeddable":true,"href":"https:\/\/turkishtrade.co\/es\/wp-json\/wp\/v2\/product_brand?post=4974"},{"taxonomy":"product_cat","embeddable":true,"href":"https:\/\/turkishtrade.co\/es\/wp-json\/wp\/v2\/product_cat?post=4974"},{"taxonomy":"product_tag","embeddable":true,"href":"https:\/\/turkishtrade.co\/es\/wp-json\/wp\/v2\/product_tag?post=4974"}],"curies":[{"name":"wp","href":"https:\/\/api.w.org\/{rel}","templated":true}]}}