{"id":4961,"date":"2026-01-14T10:53:19","date_gmt":"2026-01-14T10:53:19","guid":{"rendered":"https:\/\/turkishtrade.co\/product\/men-s-calf-leather-loafers\/"},"modified":"2026-04-09T19:48:57","modified_gmt":"2026-04-09T19:48:57","slug":"premium-mens-calf-leather-loafers","status":"publish","type":"product","link":"https:\/\/turkishtrade.co\/es\/shop\/premium-mens-calf-leather-loafers\/","title":{"rendered":"Mocasines para hombre en piel de becerro de primera calidad con suela ultraligera"},"content":{"rendered":"<p><strong>Mocasines de hombre de piel de becerro<\/strong><\/p>\n<p>Ad\u00e9ntrese en una sofisticaci\u00f3n sin igual con nuestros mocasines de piel de becerro de primera calidad para hombre. Dise\u00f1ados para el individuo exigente, estos exquisitos mocasines combinan el estilo cl\u00e1sico con la comodidad moderna, convirti\u00e9ndolos en un complemento indispensable para cualquier armario. Cada par de estos <strong>Mocasines de hombre de piel de becerro<\/strong> es un testimonio de artesan\u00eda superior, que ofrece una experiencia de lujo desde el momento en que te los pones. Tanto si acude a una reuni\u00f3n de negocios como a un evento formal o simplemente disfruta de una refinada salida informal, estos mocasines ofrecen el equilibrio perfecto entre elegancia y comodidad.<\/p>\n<p>El exterior de estos excepcionales <strong>Mocasines de hombre de piel de becerro<\/strong> est\u00e1 meticulosamente confeccionado en aut\u00e9ntica piel de ternero 100%. Este material de primera calidad no s\u00f3lo proporciona una est\u00e9tica impresionante, sino que tambi\u00e9n promete durabilidad y una hermosa p\u00e1tina que se desarrolla con el tiempo, realzando el car\u00e1cter del zapato. La sutil textura visible tanto en la opci\u00f3n cl\u00e1sica negra como en la marr\u00f3n intenso a\u00f1ade profundidad y un toque de singularidad a cada par. Como complemento al robusto exterior, el interior est\u00e1 forrado con flexible piel de cabra, que garantiza un ajuste suave, transpirable e incre\u00edblemente c\u00f3modo que se amolda a tus pies.<\/p>\n<h3>Confort y dise\u00f1o inigualables<\/h3>\n<p>La comodidad es primordial, y nuestro <strong>Mocasines de hombre de piel de becerro<\/strong> entregar. La innovadora tecnolog\u00eda de suela Microlight ofrece una ligereza y flexibilidad excepcionales, reduciendo la fatiga del pie incluso tras largas horas de uso. Esta avanzada suela proporciona una amortiguaci\u00f3n y tracci\u00f3n superiores, garantizando una zancada estable y c\u00f3moda. Con una altura de tac\u00f3n de 1 a 3 cm, estos mocasines ofrecen una sutil elevaci\u00f3n que favorece una postura correcta sin comprometer la comodidad. El dise\u00f1o atemporal de los mocasines hace que estos <strong>Mocasines de hombre de piel de becerro<\/strong> incre\u00edblemente vers\u00e1til, adecuado para combinar con todo, desde trajes a medida hasta elegantes pantalones informales.<\/p>\n<h3>Oportunidad para los mayoristas de calzado de calidad<\/h3>\n<p>Para las empresas que desean ofrecer calzado de alta calidad y con estilo, nuestra gama Premium <strong>Mocasines de hombre de piel de becerro<\/strong> est\u00e1n disponibles para la venta al por mayor. Requerimos un pedido m\u00ednimo de 8 pares, por lo que es conveniente para los minoristas y distribuidores para abastecerse de este art\u00edculo popular y lujoso. Los pedidos se procesan con un plazo de entrega de aproximadamente 12 d\u00edas, m\u00e1s gastos de env\u00edo, lo que garantiza un suministro constante para su clientela. Estos elegantes <strong>Mocasines de hombre de piel de becerro<\/strong> representan un valor excelente, con un precio de USD por par, excluyendo estilos de botas espec\u00edficos. Ampl\u00ede su colecci\u00f3n con estas <strong>Mocasines de hombre de piel de becerro<\/strong> y ofrezca a sus clientes una mezcla de lujo, comodidad y estilo perdurable.<\/p>\n<p>Invierta en un calzado que dice mucho sobre calidad y gusto. Nuestro Premium <strong>Mocasines de hombre de piel de becerro<\/strong> no son s\u00f3lo zapatos; son una experiencia de vida refinada, dise\u00f1ada para elevar cada paso que das. Descubre la diferencia que marca la verdadera artesan\u00eda.<\/p>","protected":false},"excerpt":{"rendered":"<ul>\n<li>Fabricada en piel de ternero 100% para un exterior sofisticado<\/li>\n<li>El lujoso forro interior de piel de cabra garantiza un confort excepcional<\/li>\n<li>Incorpora una suela Microlight ligera para una mayor amortiguaci\u00f3n y flexibilidad<\/li>\n<li>Disponible en una amplia gama de tallas, de la 39 a la 45.<\/li>\n<li>Cantidad m\u00ednima de pedido: 8 pares, ideal para compras al por mayor y al por mayor<\/li>\n<li>Altura del tac\u00f3n: 1-3 cm para una sutil elevaci\u00f3n y un dise\u00f1o ergon\u00f3mico<\/li>\n<\/ul>","protected":false},"featured_media":3365,"template":"","meta":{"_acf_changed":false,"_uag_custom_page_level_css":"","site-sidebar-layout":"default","site-content-layout":"","ast-site-content-layout":"default","site-content-style":"default","site-sidebar-style":"default","ast-global-header-display":"","ast-banner-title-visibility":"","ast-main-header-display":"","ast-hfb-above-header-display":"","ast-hfb-below-header-display":"","ast-hfb-mobile-header-display":"","site-post-title":"","ast-breadcrumbs-content":"","ast-featured-img":"","footer-sml-layout":"","ast-disable-related-posts":"","theme-transparent-header-meta":"default","adv-header-id-meta":"","stick-header-meta":"","header-above-stick-meta":"","header-main-stick-meta":"","header-below-stick-meta":"","astra-migrate-meta-layouts":"set","ast-page-background-enabled":"default","ast-page-background-meta":{"desktop":{"background-color":"var(--ast-global-color-4)","background-image":"","background-repeat":"repeat","background-position":"center center","background-size":"auto","background-attachment":"scroll","background-type":"","background-media":"","overlay-type":"","overlay-color":"","overlay-opacity":"","overlay-gradient":""},"tablet":{"background-color":"","background-image":"","background-repeat":"repeat","background-position":"center center","background-size":"auto","background-attachment":"scroll","background-type":"","background-media":"","overlay-type":"","overlay-color":"","overlay-opacity":"","overlay-gradient":""},"mobile":{"background-color":"","background-image":"","background-repeat":"repeat","background-position":"center center","background-size":"auto","background-attachment":"scroll","background-type":"","background-media":"","overlay-type":"","overlay-color":"","overlay-opacity":"","overlay-gradient":""}},"ast-content-background-meta":{"desktop":{"background-color":"var(--ast-global-color-5)","background-image":"","background-repeat":"repeat","background-position":"center center","background-size":"auto","background-attachment":"scroll","background-type":"","background-media":"","overlay-type":"","overlay-color":"","overlay-opacity":"","overlay-gradient":""},"tablet":{"background-color":"var(--ast-global-color-5)","background-image":"","background-repeat":"repeat","background-position":"center center","background-size":"auto","background-attachment":"scroll","background-type":"","background-media":"","overlay-type":"","overlay-color":"","overlay-opacity":"","overlay-gradient":""},"mobile":{"background-color":"var(--ast-global-color-5)","background-image":"","background-repeat":"repeat","background-position":"center center","background-size":"auto","background-attachment":"scroll","background-type":"","background-media":"","overlay-type":"","overlay-color":"","overlay-opacity":"","overlay-gradient":""}}},"product_brand":[],"product_cat":[47,430,40],"product_tag":[185,512,352,189,351,517,518,186,466,279,281],"class_list":{"0":"post-4961","1":"product","2":"type-product","3":"status-publish","4":"has-post-thumbnail","6":"product_cat-classic","7":"product_cat-men","8":"product_cat-mens-shoes","9":"product_tag-calf-leather-shoes","10":"product_tag-casual-loafers","11":"product_tag-formal-loafers","12":"product_tag-goat-leather-lining","13":"product_tag-leather-footwear","14":"product_tag-mens-black-loafers","15":"product_tag-mens-brown-loafers","16":"product_tag-mens-loafers","17":"product_tag-microlight-sole","18":"product_tag-penny-loafers","19":"product_tag-wholesale-shoes","20":"desktop-align-center","21":"tablet-align-center","22":"mobile-align-center","24":"first","25":"instock","26":"shipping-taxable","27":"purchasable","28":"product-type-variable","29":"has-default-attributes"},"acf":[],"uagb_featured_image_src":{"full":["https:\/\/turkishtrade.co\/wp-content\/uploads\/2026\/01\/2400EJOMN00009-BROWN-Y_543.png",453,250,false],"thumbnail":["https:\/\/turkishtrade.co\/wp-content\/uploads\/2026\/01\/2400EJOMN00009-BROWN-Y_543-150x150.png",150,150,true],"medium":["https:\/\/turkishtrade.co\/wp-content\/uploads\/2026\/01\/2400EJOMN00009-BROWN-Y_543-300x166.png",300,166,true],"medium_large":["https:\/\/turkishtrade.co\/wp-content\/uploads\/2026\/01\/2400EJOMN00009-BROWN-Y_543.png",453,250,false],"large":["https:\/\/turkishtrade.co\/wp-content\/uploads\/2026\/01\/2400EJOMN00009-BROWN-Y_543.png",453,250,false],"1536x1536":["https:\/\/turkishtrade.co\/wp-content\/uploads\/2026\/01\/2400EJOMN00009-BROWN-Y_543.png",453,250,false],"2048x2048":["https:\/\/turkishtrade.co\/wp-content\/uploads\/2026\/01\/2400EJOMN00009-BROWN-Y_543.png",453,250,false],"trp-custom-language-flag":["https:\/\/turkishtrade.co\/wp-content\/uploads\/2026\/01\/2400EJOMN00009-BROWN-Y_543-18x10.png",18,10,true],"woocommerce_thumbnail":["https:\/\/turkishtrade.co\/wp-content\/uploads\/2026\/01\/2400EJOMN00009-BROWN-Y_543-400x250.png",400,250,true],"woocommerce_single":["https:\/\/turkishtrade.co\/wp-content\/uploads\/2026\/01\/2400EJOMN00009-BROWN-Y_543.png",453,250,false],"woocommerce_gallery_thumbnail":["https:\/\/turkishtrade.co\/wp-content\/uploads\/2026\/01\/2400EJOMN00009-BROWN-Y_543-100x100.png",100,100,true]},"uagb_author_info":{"display_name":"yaser olabi","author_link":"https:\/\/turkishtrade.co\/es\/author\/"},"uagb_comment_info":0,"uagb_excerpt":"Crafted from 100% genuine calf leather for a sophisticated exterior Luxurious goat leather interior lining ensures exceptional comfort Features a lightweight Microlight sole for superior cushioning and flexibility Available in a comprehensive size range from 39 to 45 Minimum order quantity: 8 pairs, ideal for bulk and wholesale purchases Heel height: 1-3 cm for a&hellip;","_links":{"self":[{"href":"https:\/\/turkishtrade.co\/es\/wp-json\/wp\/v2\/product\/4961","targetHints":{"allow":["GET"]}}],"collection":[{"href":"https:\/\/turkishtrade.co\/es\/wp-json\/wp\/v2\/product"}],"about":[{"href":"https:\/\/turkishtrade.co\/es\/wp-json\/wp\/v2\/types\/product"}],"wp:featuredmedia":[{"embeddable":true,"href":"https:\/\/turkishtrade.co\/es\/wp-json\/wp\/v2\/media\/3365"}],"wp:attachment":[{"href":"https:\/\/turkishtrade.co\/es\/wp-json\/wp\/v2\/media?parent=4961"}],"wp:term":[{"taxonomy":"product_brand","embeddable":true,"href":"https:\/\/turkishtrade.co\/es\/wp-json\/wp\/v2\/product_brand?post=4961"},{"taxonomy":"product_cat","embeddable":true,"href":"https:\/\/turkishtrade.co\/es\/wp-json\/wp\/v2\/product_cat?post=4961"},{"taxonomy":"product_tag","embeddable":true,"href":"https:\/\/turkishtrade.co\/es\/wp-json\/wp\/v2\/product_tag?post=4961"}],"curies":[{"name":"wp","href":"https:\/\/api.w.org\/{rel}","templated":true}]}}