{"id":4958,"date":"2026-01-14T10:52:55","date_gmt":"2026-01-14T10:52:55","guid":{"rendered":"https:\/\/turkishtrade.co\/product\/mens-leather-loafer-shoes\/"},"modified":"2026-04-09T19:49:04","modified_gmt":"2026-04-09T19:49:04","slug":"mens-leather-loafer-shoes","status":"publish","type":"product","link":"https:\/\/turkishtrade.co\/es\/shop\/mens-leather-loafer-shoes\/","title":{"rendered":"Mocasines de piel para hombre hechos a mano de primera calidad"},"content":{"rendered":"<p><strong>Mocasines de piel para hombre<\/strong><\/p>\n<p>Ad\u00e9ntrese en una sofisticaci\u00f3n y un confort sin igual con nuestra exquisita colecci\u00f3n de <strong>Mocasines de piel para hombre<\/strong>. Dise\u00f1ados para el caballero moderno que aprecia el estilo cl\u00e1sico y la artesan\u00eda superior, estos mocasines son un testimonio de arte meticuloso y materiales de primera calidad. Tanto si te vistes para una reuni\u00f3n de negocios, una salida informal o un evento especial, nuestros <strong>Mocasines de piel para hombre<\/strong> ofrecen la combinaci\u00f3n perfecta de elegancia y funcionalidad, para que siempre causes una impresi\u00f3n distinguida.<\/p>\n<p>&nbsp;<\/p>\n<h3>Estilo atemporal y elegancia vers\u00e1til<\/h3>\n<p>Nuestra <strong>Mocasines de piel para hombre<\/strong> encarnan un dise\u00f1o atemporal que tiende puentes sin esfuerzo entre la ropa formal y la informal. La elegante silueta slip-on, a menudo con una distinguida puntera y sutiles detalles, los convierte en un complemento vers\u00e1til para cualquier armario. Disponibles en los cl\u00e1sicos negro y marr\u00f3n, estos mocasines pueden combinarse a la perfecci\u00f3n con trajes de sastrer\u00eda para un look profesional elegante, con chinos o pantalones elegantes para un look informal de negocios, o incluso con vaqueros de primera calidad para un conjunto de fin de semana sofisticado. Su discreta sofisticaci\u00f3n garantiza que sigan siendo una pieza b\u00e1sica, reflejo de un gusto exigente por el calzado de calidad que nunca pasa de moda. Experimente el atractivo duradero de un calzado realmente bien hecho que se adapta a su estilo de vida.<\/p>\n<h3>Comodidad \u00f3ptima y ajuste perfecto<\/h3>\n<p>La comodidad es primordial en el dise\u00f1o de nuestros <strong>Mocasines de piel para hombre<\/strong>. El forro completo de piel de cabra no s\u00f3lo es lujoso, sino que tambi\u00e9n absorbe la humedad, manteniendo los pies secos y frescos durante todo el d\u00eda. Con tallas que van de la UE 39 a la 45, garantizamos un ajuste perfecto para una amplia gama de clientes exigentes. La cuidadosa construcci\u00f3n y selecci\u00f3n de materiales hace que estos mocasines requieran un tiempo de adaptaci\u00f3n m\u00ednimo, proporcionando una comodidad inmediata desde el primer uso. Invierta en unos zapatos que priorizan su comodidad sin sacrificar un \u00e1pice de estilo.<\/p>\n<h3>Oportunidades de venta al por mayor para minoristas<\/h3>\n<p>Para los minoristas que buscan ofrecer calzado de primera calidad a su clientela, nuestro <strong>Mocasines de piel para hombre<\/strong> presentan una excelente oportunidad. Ofrecemos atractivos precios al por mayor, a partir de USD por par, con una cantidad m\u00ednima de pedido de s\u00f3lo 8 pares. Nuestro eficiente proceso de producci\u00f3n y entrega garantiza que su pedido estar\u00e1 listo para el env\u00edo en un plazo de 12 d\u00edas, seguido de una entrega de carga est\u00e1ndar. Proporcione a sus clientes mocasines de cuero de alta calidad hechos a mano que prometen estilo y sustancia, aumentando su inventario con calzado que se vende solo. Mejore su colecci\u00f3n con estos esenciales <strong>Mocasines de piel para hombre<\/strong> \u00a1hoy!<\/p>","protected":false},"excerpt":{"rendered":"<ul>\n<li>Fabricado a mano por expertos con un exterior de piel de becerro de primera calidad para una elegancia duradera.<\/li>\n<li>El lujoso forro interior de piel de cabra garantiza un confort y una transpirabilidad superiores.<\/li>\n<li>Incorpora una duradera suela Microlight y un sutil tac\u00f3n de 1-3 cm para una sujeci\u00f3n \u00f3ptima.<\/li>\n<li>Disponible en una amplia gama de tallas, de la UE 39 a la 45.<\/li>\n<li><strong>Disponibilidad a granel:<\/strong> Cantidad m\u00ednima de pedido de 8 pares con atractivos precios al por mayor (a partir de USD por par).<\/li>\n<\/ul>","protected":false},"featured_media":3363,"template":"","meta":{"_acf_changed":false,"_uag_custom_page_level_css":"","site-sidebar-layout":"default","site-content-layout":"","ast-site-content-layout":"default","site-content-style":"default","site-sidebar-style":"default","ast-global-header-display":"","ast-banner-title-visibility":"","ast-main-header-display":"","ast-hfb-above-header-display":"","ast-hfb-below-header-display":"","ast-hfb-mobile-header-display":"","site-post-title":"","ast-breadcrumbs-content":"","ast-featured-img":"","footer-sml-layout":"","ast-disable-related-posts":"","theme-transparent-header-meta":"default","adv-header-id-meta":"","stick-header-meta":"","header-above-stick-meta":"","header-main-stick-meta":"","header-below-stick-meta":"","astra-migrate-meta-layouts":"set","ast-page-background-enabled":"default","ast-page-background-meta":{"desktop":{"background-color":"var(--ast-global-color-4)","background-image":"","background-repeat":"repeat","background-position":"center center","background-size":"auto","background-attachment":"scroll","background-type":"","background-media":"","overlay-type":"","overlay-color":"","overlay-opacity":"","overlay-gradient":""},"tablet":{"background-color":"","background-image":"","background-repeat":"repeat","background-position":"center center","background-size":"auto","background-attachment":"scroll","background-type":"","background-media":"","overlay-type":"","overlay-color":"","overlay-opacity":"","overlay-gradient":""},"mobile":{"background-color":"","background-image":"","background-repeat":"repeat","background-position":"center center","background-size":"auto","background-attachment":"scroll","background-type":"","background-media":"","overlay-type":"","overlay-color":"","overlay-opacity":"","overlay-gradient":""}},"ast-content-background-meta":{"desktop":{"background-color":"var(--ast-global-color-5)","background-image":"","background-repeat":"repeat","background-position":"center center","background-size":"auto","background-attachment":"scroll","background-type":"","background-media":"","overlay-type":"","overlay-color":"","overlay-opacity":"","overlay-gradient":""},"tablet":{"background-color":"var(--ast-global-color-5)","background-image":"","background-repeat":"repeat","background-position":"center center","background-size":"auto","background-attachment":"scroll","background-type":"","background-media":"","overlay-type":"","overlay-color":"","overlay-opacity":"","overlay-gradient":""},"mobile":{"background-color":"var(--ast-global-color-5)","background-image":"","background-repeat":"repeat","background-position":"center center","background-size":"auto","background-attachment":"scroll","background-type":"","background-media":"","overlay-type":"","overlay-color":"","overlay-opacity":"","overlay-gradient":""}}},"product_brand":[],"product_cat":[47,430,40],"product_tag":[370,147,513,202,512,480,352,437,450,227,186,374,184,254],"class_list":{"0":"post-4958","1":"product","2":"type-product","3":"status-publish","4":"has-post-thumbnail","6":"product_cat-classic","7":"product_cat-men","8":"product_cat-mens-shoes","9":"product_tag-black-loafers","10":"product_tag-brown-loafers","11":"product_tag-business-casual-shoes","12":"product_tag-calf-leather","13":"product_tag-casual-loafers","14":"product_tag-elegant-shoes","15":"product_tag-formal-loafers","16":"product_tag-goat-leather","17":"product_tag-handcrafted-shoes","18":"product_tag-leather-shoes","19":"product_tag-mens-loafers","20":"product_tag-premium-loafers","21":"product_tag-slip-on-shoes","22":"product_tag-wholesale-footwear","23":"desktop-align-center","24":"tablet-align-center","25":"mobile-align-center","27":"first","28":"instock","29":"shipping-taxable","30":"purchasable","31":"product-type-variable","32":"has-default-attributes"},"acf":[],"uagb_featured_image_src":{"full":["https:\/\/turkishtrade.co\/wp-content\/uploads\/2026\/01\/2400EJOMN00008-BROWN-H_70.png",453,250,false],"thumbnail":["https:\/\/turkishtrade.co\/wp-content\/uploads\/2026\/01\/2400EJOMN00008-BROWN-H_70-150x150.png",150,150,true],"medium":["https:\/\/turkishtrade.co\/wp-content\/uploads\/2026\/01\/2400EJOMN00008-BROWN-H_70-300x166.png",300,166,true],"medium_large":["https:\/\/turkishtrade.co\/wp-content\/uploads\/2026\/01\/2400EJOMN00008-BROWN-H_70.png",453,250,false],"large":["https:\/\/turkishtrade.co\/wp-content\/uploads\/2026\/01\/2400EJOMN00008-BROWN-H_70.png",453,250,false],"1536x1536":["https:\/\/turkishtrade.co\/wp-content\/uploads\/2026\/01\/2400EJOMN00008-BROWN-H_70.png",453,250,false],"2048x2048":["https:\/\/turkishtrade.co\/wp-content\/uploads\/2026\/01\/2400EJOMN00008-BROWN-H_70.png",453,250,false],"trp-custom-language-flag":["https:\/\/turkishtrade.co\/wp-content\/uploads\/2026\/01\/2400EJOMN00008-BROWN-H_70-18x10.png",18,10,true],"woocommerce_thumbnail":["https:\/\/turkishtrade.co\/wp-content\/uploads\/2026\/01\/2400EJOMN00008-BROWN-H_70-400x250.png",400,250,true],"woocommerce_single":["https:\/\/turkishtrade.co\/wp-content\/uploads\/2026\/01\/2400EJOMN00008-BROWN-H_70.png",453,250,false],"woocommerce_gallery_thumbnail":["https:\/\/turkishtrade.co\/wp-content\/uploads\/2026\/01\/2400EJOMN00008-BROWN-H_70-100x100.png",100,100,true]},"uagb_author_info":{"display_name":"yaser olabi","author_link":"https:\/\/turkishtrade.co\/es\/author\/"},"uagb_comment_info":0,"uagb_excerpt":"Expertly handcrafted with a premium calf leather exterior for lasting elegance. Luxurious goat leather interior lining ensures superior comfort and breathability. Features a durable Microlight sole and a subtle 1-3 cm heel for optimal support. Available in a comprehensive range of sizes from EU 39 to 45. Bulk Availability: Minimum order quantity of 8 pairs&hellip;","_links":{"self":[{"href":"https:\/\/turkishtrade.co\/es\/wp-json\/wp\/v2\/product\/4958","targetHints":{"allow":["GET"]}}],"collection":[{"href":"https:\/\/turkishtrade.co\/es\/wp-json\/wp\/v2\/product"}],"about":[{"href":"https:\/\/turkishtrade.co\/es\/wp-json\/wp\/v2\/types\/product"}],"wp:featuredmedia":[{"embeddable":true,"href":"https:\/\/turkishtrade.co\/es\/wp-json\/wp\/v2\/media\/3363"}],"wp:attachment":[{"href":"https:\/\/turkishtrade.co\/es\/wp-json\/wp\/v2\/media?parent=4958"}],"wp:term":[{"taxonomy":"product_brand","embeddable":true,"href":"https:\/\/turkishtrade.co\/es\/wp-json\/wp\/v2\/product_brand?post=4958"},{"taxonomy":"product_cat","embeddable":true,"href":"https:\/\/turkishtrade.co\/es\/wp-json\/wp\/v2\/product_cat?post=4958"},{"taxonomy":"product_tag","embeddable":true,"href":"https:\/\/turkishtrade.co\/es\/wp-json\/wp\/v2\/product_tag?post=4958"}],"curies":[{"name":"wp","href":"https:\/\/api.w.org\/{rel}","templated":true}]}}