{"id":4944,"date":"2026-01-14T10:50:28","date_gmt":"2026-01-14T10:50:28","guid":{"rendered":"https:\/\/turkishtrade.co\/product\/classic-calf-leather-loafers\/"},"modified":"2026-04-09T19:49:31","modified_gmt":"2026-04-09T19:49:31","slug":"classic-calf-leather-loafers","status":"publish","type":"product","link":"https:\/\/turkishtrade.co\/es\/shop\/classic-calf-leather-loafers\/","title":{"rendered":"Mocasines de piel de becerro cl\u00e1sicos para hombre"},"content":{"rendered":"<p><strong>Mocasines cl\u00e1sicos de piel de becerro<\/strong><\/p>\n<p>Ad\u00e9ntrese en un mundo donde la elegancia cl\u00e1sica se une al confort moderno con nuestra exquisita colecci\u00f3n de <strong>Mocasines cl\u00e1sicos de piel de becerro<\/strong>. Dise\u00f1ados para el caballero exigente, estos mocasines son algo m\u00e1s que calzado: son una declaraci\u00f3n de estilo sofisticado y artesan\u00eda sin igual. Cada par de nuestros <strong>Mocasines cl\u00e1sicos de piel de becerro<\/strong> est\u00e1 meticulosamente confeccionado en piel de ternero aut\u00e9ntica de primera calidad para el exterior, ofreciendo un aspecto elegante y pulido que permite pasar sin esfuerzo de la sala de juntas a una escapada de fin de semana.<\/p>\n<h3>Comodidad y calidad inigualables<\/h3>\n<p>Experimenta un lujoso confort a cada paso, gracias al flexible forro de piel de cabra que acaricia tus pies. Este material de primera calidad de la superficie interior garantiza transpirabilidad y un tacto suave, haciendo que nuestros <strong>Mocasines cl\u00e1sicos de piel de becerro<\/strong> perfectas para un uso prolongado. La robusta suela de TPU proporciona un agarre y una durabilidad excepcionales, mientras que el sutil tac\u00f3n de 1-3 cm ofrece la elevaci\u00f3n justa para una zancada segura sin renunciar a la comodidad. Nuestro compromiso con la calidad significa que inviertes en un calzado que resiste el paso del tiempo, tanto en estilo como en construcci\u00f3n.<\/p>\n<h3>Versatilidad para todas las ocasiones<\/h3>\n<p>Tanto si te vistes para un evento formal como si buscas un toque refinado para tu atuendo informal, estos zapatos estilo penny <strong>Mocasines cl\u00e1sicos de piel de becerro<\/strong> son su elecci\u00f3n ideal. Su dise\u00f1o atemporal garantiza que complementen una amplia gama de conjuntos, desde trajes a medida y pantalones elegantes hasta chinos y vaqueros de primera calidad. Disponibles en una amplia gama de sofisticados colores, como el marr\u00f3n intenso, el burdeos oscuro y el negro elegante (tanto en acabado brillante como mate), puede elegir el par perfecto que se adapte a su est\u00e9tica personal. Ofrecemos una amplia gama de tallas, desde la UE 39 a la 45, para garantizar un ajuste perfecto a cada cliente.<\/p>\n<h3>Venta al por mayor y entrega puntual<\/h3>\n<p>Para los minoristas y las empresas que desean ofrecer calzado de primera calidad, nuestro <strong>Mocasines cl\u00e1sicos de piel de becerro<\/strong> est\u00e1n disponibles para su compra al por mayor. Requerimos una cantidad m\u00ednima de pedido de s\u00f3lo 8 pares, por lo que es conveniente para almacenar estos zapatos populares y de alta calidad. Con una producci\u00f3n eficiente y un plazo de entrega de aproximadamente 12 d\u00edas m\u00e1s gastos de env\u00edo, puede reponer r\u00e1pidamente su inventario y satisfacer la demanda de los clientes. Nuestros precios competitivos, con colores espec\u00edficos y otros , garantizan un valor excelente para una artesan\u00eda tan superior. Eleve su colecci\u00f3n de calzado o ampl\u00ede su oferta de productos con nuestros impresionantes <strong>Mocasines cl\u00e1sicos de piel de becerro<\/strong> hoy en d\u00eda, famosas por su atractivo y comodidad duraderos.<\/p>","protected":false},"excerpt":{"rendered":"<ul>\n<li><strong>Materiales de primera calidad:<\/strong> Confeccionadas con una parte superior de aut\u00e9ntica piel de ternero y un suave forro de piel de cabra para ofrecer el m\u00e1ximo confort y durabilidad.<\/li>\n<li><strong>Estilo vers\u00e1til:<\/strong> Dise\u00f1o cl\u00e1sico de mocas\u00edn, adecuado tanto para ocasiones formales como informales.<\/li>\n<li><strong>Suela duradera:<\/strong> Incorpora una resistente suela de TPU con un sutil tac\u00f3n de 1-3 cm para mayor estabilidad y comodidad.<\/li>\n<li><strong>Tallas disponibles:<\/strong> EU 39, 40, 41, 42, 43, 44, 45.<\/li>\n<li><strong>Disponibilidad al por mayor:<\/strong> Pedido m\u00ednimo de 8 pares.<\/li>\n<li><strong>Entrega eficaz:<\/strong> Producci\u00f3n y entrega en 12 d\u00edas m\u00e1s el tiempo de env\u00edo.<\/li>\n<\/ul>","protected":false},"featured_media":3353,"template":"","meta":{"_acf_changed":false,"_uag_custom_page_level_css":"","site-sidebar-layout":"default","site-content-layout":"","ast-site-content-layout":"default","site-content-style":"default","site-sidebar-style":"default","ast-global-header-display":"","ast-banner-title-visibility":"","ast-main-header-display":"","ast-hfb-above-header-display":"","ast-hfb-below-header-display":"","ast-hfb-mobile-header-display":"","site-post-title":"","ast-breadcrumbs-content":"","ast-featured-img":"","footer-sml-layout":"","ast-disable-related-posts":"","theme-transparent-header-meta":"default","adv-header-id-meta":"","stick-header-meta":"","header-above-stick-meta":"","header-main-stick-meta":"","header-below-stick-meta":"","astra-migrate-meta-layouts":"set","ast-page-background-enabled":"default","ast-page-background-meta":{"desktop":{"background-color":"var(--ast-global-color-4)","background-image":"","background-repeat":"repeat","background-position":"center center","background-size":"auto","background-attachment":"scroll","background-type":"","background-media":"","overlay-type":"","overlay-color":"","overlay-opacity":"","overlay-gradient":""},"tablet":{"background-color":"","background-image":"","background-repeat":"repeat","background-position":"center center","background-size":"auto","background-attachment":"scroll","background-type":"","background-media":"","overlay-type":"","overlay-color":"","overlay-opacity":"","overlay-gradient":""},"mobile":{"background-color":"","background-image":"","background-repeat":"repeat","background-position":"center center","background-size":"auto","background-attachment":"scroll","background-type":"","background-media":"","overlay-type":"","overlay-color":"","overlay-opacity":"","overlay-gradient":""}},"ast-content-background-meta":{"desktop":{"background-color":"var(--ast-global-color-5)","background-image":"","background-repeat":"repeat","background-position":"center center","background-size":"auto","background-attachment":"scroll","background-type":"","background-media":"","overlay-type":"","overlay-color":"","overlay-opacity":"","overlay-gradient":""},"tablet":{"background-color":"var(--ast-global-color-5)","background-image":"","background-repeat":"repeat","background-position":"center center","background-size":"auto","background-attachment":"scroll","background-type":"","background-media":"","overlay-type":"","overlay-color":"","overlay-opacity":"","overlay-gradient":""},"mobile":{"background-color":"var(--ast-global-color-5)","background-image":"","background-repeat":"repeat","background-position":"center center","background-size":"auto","background-attachment":"scroll","background-type":"","background-media":"","overlay-type":"","overlay-color":"","overlay-opacity":"","overlay-gradient":""}}},"product_brand":[],"product_cat":[48,47,430,40],"product_tag":[405,202,449,457,284,251,437,227,148,384,225,279,452,456],"class_list":{"0":"post-4944","1":"product","2":"type-product","3":"status-publish","4":"has-post-thumbnail","6":"product_cat-casual","7":"product_cat-classic","8":"product_cat-men","9":"product_cat-mens-shoes","10":"product_tag-business-shoes","11":"product_tag-calf-leather","12":"product_tag-casual-shoes","13":"product_tag-classic-loafers","14":"product_tag-dress-shoes","15":"product_tag-formal-shoes","16":"product_tag-goat-leather","17":"product_tag-leather-shoes","18":"product_tag-loafers","19":"product_tag-luxury-loafers","20":"product_tag-mens-footwear","21":"product_tag-penny-loafers","22":"product_tag-tpu-sole","23":"product_tag-wholesale-loafers","24":"desktop-align-center","25":"tablet-align-center","26":"mobile-align-center","28":"first","29":"instock","30":"shipping-taxable","31":"purchasable","32":"product-type-variable","33":"has-default-attributes"},"acf":[],"uagb_featured_image_src":{"full":["https:\/\/turkishtrade.co\/wp-content\/uploads\/2026\/01\/2400EJOMN00002-DARK-BURGUNDY-ZL_103-150-USD.png",453,250,false],"thumbnail":["https:\/\/turkishtrade.co\/wp-content\/uploads\/2026\/01\/2400EJOMN00002-DARK-BURGUNDY-ZL_103-150-USD.png",150,83,false],"medium":["https:\/\/turkishtrade.co\/wp-content\/uploads\/2026\/01\/2400EJOMN00002-DARK-BURGUNDY-ZL_103-150-USD.png",300,166,false],"medium_large":["https:\/\/turkishtrade.co\/wp-content\/uploads\/2026\/01\/2400EJOMN00002-DARK-BURGUNDY-ZL_103-150-USD.png",453,250,false],"large":["https:\/\/turkishtrade.co\/wp-content\/uploads\/2026\/01\/2400EJOMN00002-DARK-BURGUNDY-ZL_103-150-USD.png",453,250,false],"1536x1536":["https:\/\/turkishtrade.co\/wp-content\/uploads\/2026\/01\/2400EJOMN00002-DARK-BURGUNDY-ZL_103-150-USD.png",453,250,false],"2048x2048":["https:\/\/turkishtrade.co\/wp-content\/uploads\/2026\/01\/2400EJOMN00002-DARK-BURGUNDY-ZL_103-150-USD.png",453,250,false],"trp-custom-language-flag":["https:\/\/turkishtrade.co\/wp-content\/uploads\/2026\/01\/2400EJOMN00002-DARK-BURGUNDY-ZL_103-150-USD.png",18,10,false],"woocommerce_thumbnail":["https:\/\/turkishtrade.co\/wp-content\/uploads\/2026\/01\/2400EJOMN00002-DARK-BURGUNDY-ZL_103-150-USD-400x250.png",400,250,true],"woocommerce_single":["https:\/\/turkishtrade.co\/wp-content\/uploads\/2026\/01\/2400EJOMN00002-DARK-BURGUNDY-ZL_103-150-USD.png",453,250,false],"woocommerce_gallery_thumbnail":["https:\/\/turkishtrade.co\/wp-content\/uploads\/2026\/01\/2400EJOMN00002-DARK-BURGUNDY-ZL_103-150-USD-100x100.png",100,100,true]},"uagb_author_info":{"display_name":"yaser olabi","author_link":"https:\/\/turkishtrade.co\/es\/author\/"},"uagb_comment_info":0,"uagb_excerpt":"Premium Materials: Crafted with genuine calf leather upper and soft goat leather lining for ultimate comfort and durability. Versatile Style: Classic penny loafer design, suitable for both formal and casual occasions. Durable Sole: Features a resilient TPU sole with a subtle 1-3 cm heel for stability and comfort. Available Sizes: EU 39, 40, 41, 42,&hellip;","_links":{"self":[{"href":"https:\/\/turkishtrade.co\/es\/wp-json\/wp\/v2\/product\/4944","targetHints":{"allow":["GET"]}}],"collection":[{"href":"https:\/\/turkishtrade.co\/es\/wp-json\/wp\/v2\/product"}],"about":[{"href":"https:\/\/turkishtrade.co\/es\/wp-json\/wp\/v2\/types\/product"}],"wp:featuredmedia":[{"embeddable":true,"href":"https:\/\/turkishtrade.co\/es\/wp-json\/wp\/v2\/media\/3353"}],"wp:attachment":[{"href":"https:\/\/turkishtrade.co\/es\/wp-json\/wp\/v2\/media?parent=4944"}],"wp:term":[{"taxonomy":"product_brand","embeddable":true,"href":"https:\/\/turkishtrade.co\/es\/wp-json\/wp\/v2\/product_brand?post=4944"},{"taxonomy":"product_cat","embeddable":true,"href":"https:\/\/turkishtrade.co\/es\/wp-json\/wp\/v2\/product_cat?post=4944"},{"taxonomy":"product_tag","embeddable":true,"href":"https:\/\/turkishtrade.co\/es\/wp-json\/wp\/v2\/product_tag?post=4944"}],"curies":[{"name":"wp","href":"https:\/\/api.w.org\/{rel}","templated":true}]}}