{"id":4943,"date":"2026-01-14T10:50:14","date_gmt":"2026-01-14T10:50:14","guid":{"rendered":"https:\/\/turkishtrade.co\/product\/mens-classic-leather-loafers\/"},"modified":"2026-04-09T19:49:38","modified_gmt":"2026-04-09T19:49:38","slug":"mens-classic-leather-loafers","status":"publish","type":"product","link":"https:\/\/turkishtrade.co\/es\/shop\/mens-classic-leather-loafers\/","title":{"rendered":"Mocasines cl\u00e1sicos de piel para hombre hechos a mano"},"content":{"rendered":"<p><strong>Mocasines cl\u00e1sicos de piel para hombre<\/strong><\/p>\n<p>Ad\u00e9ntrese en la elegancia atemporal y el confort incomparable de nuestra colecci\u00f3n de <b>Mocasines cl\u00e1sicos de piel para hombre hechos a mano<\/b>. Dise\u00f1ados para el caballero exigente, estos exquisitos mocasines combinan a la perfecci\u00f3n la artesan\u00eda tradicional con el estilo contempor\u00e1neo. Cada par est\u00e1 meticulosamente construido, lo que refleja un compromiso con la calidad y el detalle que es evidente desde el primer vistazo.<\/p>\n<p>Nuestra <b>Mocasines cl\u00e1sicos de piel para hombre<\/b> presentan un exterior de piel de becerro de primera calidad, elegida por su textura flexible, su brillo natural y su notable durabilidad. Este material exterior de alta calidad no s\u00f3lo tiene un aspecto sofisticado, sino que tambi\u00e9n se amolda al pie con el paso del tiempo, garantizando un ajuste personalizado. El interior est\u00e1 forrado de piel de cabra incre\u00edblemente suave, que proporciona una comodidad transpirable que mantiene tus pies a gusto durante todo el d\u00eda, tanto si te enfrentas a un ajetreado d\u00eda de trabajo como si disfrutas de un relajado fin de semana.<\/p>\n<h3>Comodidad y durabilidad inigualables<\/h3>\n<p>M\u00e1s all\u00e1 de su impresionante est\u00e9tica, estos <b>Mocasines cl\u00e1sicos de piel para hombre<\/b> est\u00e1n dise\u00f1adas para el rendimiento. La robusta suela de TPU ofrece una tracci\u00f3n y flexibilidad excepcionales, haciendo que cada paso sea seguro y c\u00f3modo. A diferencia de las suelas de cuero tradicionales, el material TPU proporciona una mayor absorci\u00f3n de impactos y resistencia al desgaste, garantizando que sus mocasines sigan siendo un b\u00e1sico en su armario durante a\u00f1os. Un sutil tac\u00f3n de 1-3 cm a\u00f1ade un toque de refinamiento sin comprometer la estabilidad, perfecto para mantener una apariencia pulida.<\/p>\n<h3>Estilo vers\u00e1til para cualquier ocasi\u00f3n<\/h3>\n<p>Tanto si te vistes para una reuni\u00f3n de empresa, un evento especial o simplemente para elevar tu atuendo diario, estas <b>Mocasines cl\u00e1sicos de piel para hombre<\/b> son incre\u00edblemente vers\u00e1tiles. Su elegante dise\u00f1o de puntera redondeada y el detalle met\u00e1lico decorativo de buen gusto (como se ve en nuestra variante marr\u00f3n) destilan una sofisticaci\u00f3n refinada. Comb\u00ednalos con trajes de sastrer\u00eda para un look business cl\u00e1sico, o con chinos y un abrigo sport para un conjunto informal elegante. Disponibles en tonos intensos como el marr\u00f3n y el burdeos oscuro, pero tambi\u00e9n en otros colores, podr\u00e1 elegir el tono perfecto para complementar su estilo personal.<\/p>\n<h3>Oportunidades al por mayor y artesan\u00eda<\/h3>\n<p>Nos enorgullece ofrecer estos productos artesanales <b>Mocasines cl\u00e1sicos de piel para hombre<\/b> a empresas y minoristas. Con un pedido m\u00ednimo de 8 pares, nos dirigimos a quienes desean ofrecer a sus clientes calzado de primera calidad. Nuestro eficaz proceso de producci\u00f3n garantiza la entrega en 12 d\u00edas m\u00e1s gastos de env\u00edo, lo que le permite abastecer r\u00e1pidamente su inventario con estos estilos tan solicitados. Invierta en un calzado que supere la prueba del tiempo y la moda, y ofrezca a su clientela lo \u00faltimo en mocasines de lujo para hombre.<\/p>","protected":false},"excerpt":{"rendered":"<ul>\n<li><b>Materiales de primera calidad:<\/b> Elaborado con un lujoso exterior de piel de becerro y un suave interior de piel de cabra.<\/li>\n<li><b>Suela duradera:<\/b> Equipadas con una resistente suela de TPU para un mayor agarre y longevidad.<\/li>\n<li><b>Tac\u00f3n elegante:<\/b> Sutil tac\u00f3n de 1-3 cm de altura para una elevaci\u00f3n sofisticada.<\/li>\n<li><b>Estilo vers\u00e1til:<\/b> Ideal tanto para conjuntos formales cl\u00e1sicos como para conjuntos informales con estilo.<\/li>\n<li><b>Tallas disponibles:<\/b> Entre EU 39 y 45.<\/li>\n<li><b>Disponibilidad a granel:<\/b> Pedido m\u00ednimo de 8 pares; perfecto para socios mayoristas y minoristas.<\/li>\n<li><b>Producci\u00f3n y env\u00edo:<\/b> Entrega en 12 d\u00edas m\u00e1s el tiempo de env\u00edo.<\/li>\n<\/ul>","protected":false},"featured_media":3348,"template":"","meta":{"_acf_changed":false,"_uag_custom_page_level_css":"","site-sidebar-layout":"default","site-content-layout":"","ast-site-content-layout":"default","site-content-style":"default","site-sidebar-style":"default","ast-global-header-display":"","ast-banner-title-visibility":"","ast-main-header-display":"","ast-hfb-above-header-display":"","ast-hfb-below-header-display":"","ast-hfb-mobile-header-display":"","site-post-title":"","ast-breadcrumbs-content":"","ast-featured-img":"","footer-sml-layout":"","ast-disable-related-posts":"","theme-transparent-header-meta":"default","adv-header-id-meta":"","stick-header-meta":"","header-above-stick-meta":"","header-main-stick-meta":"","header-below-stick-meta":"","astra-migrate-meta-layouts":"set","ast-page-background-enabled":"default","ast-page-background-meta":{"desktop":{"background-color":"var(--ast-global-color-4)","background-image":"","background-repeat":"repeat","background-position":"center center","background-size":"auto","background-attachment":"scroll","background-type":"","background-media":"","overlay-type":"","overlay-color":"","overlay-opacity":"","overlay-gradient":""},"tablet":{"background-color":"","background-image":"","background-repeat":"repeat","background-position":"center center","background-size":"auto","background-attachment":"scroll","background-type":"","background-media":"","overlay-type":"","overlay-color":"","overlay-opacity":"","overlay-gradient":""},"mobile":{"background-color":"","background-image":"","background-repeat":"repeat","background-position":"center center","background-size":"auto","background-attachment":"scroll","background-type":"","background-media":"","overlay-type":"","overlay-color":"","overlay-opacity":"","overlay-gradient":""}},"ast-content-background-meta":{"desktop":{"background-color":"var(--ast-global-color-5)","background-image":"","background-repeat":"repeat","background-position":"center center","background-size":"auto","background-attachment":"scroll","background-type":"","background-media":"","overlay-type":"","overlay-color":"","overlay-opacity":"","overlay-gradient":""},"tablet":{"background-color":"var(--ast-global-color-5)","background-image":"","background-repeat":"repeat","background-position":"center center","background-size":"auto","background-attachment":"scroll","background-type":"","background-media":"","overlay-type":"","overlay-color":"","overlay-opacity":"","overlay-gradient":""},"mobile":{"background-color":"var(--ast-global-color-5)","background-image":"","background-repeat":"repeat","background-position":"center center","background-size":"auto","background-attachment":"scroll","background-type":"","background-media":"","overlay-type":"","overlay-color":"","overlay-opacity":"","overlay-gradient":""}}},"product_brand":[],"product_cat":[48,47,430,40],"product_tag":[147,453,451,449,145,222,455,284,454,437,450,215,198,186,184,452,281],"class_list":{"0":"post-4943","1":"product","2":"type-product","3":"status-publish","4":"has-post-thumbnail","6":"product_cat-casual","7":"product_cat-classic","8":"product_cat-men","9":"product_cat-mens-shoes","10":"product_tag-brown-loafers","11":"product_tag-bulk-footwear","12":"product_tag-calfskin-leather","13":"product_tag-casual-shoes","14":"product_tag-classic-shoes","15":"product_tag-comfortable-shoes","16":"product_tag-dark-burgundy-loafers","17":"product_tag-dress-shoes","18":"product_tag-elegant-footwear","19":"product_tag-goat-leather","20":"product_tag-handcrafted-shoes","21":"product_tag-leather-loafers","22":"product_tag-mens-fashion","23":"product_tag-mens-loafers","24":"product_tag-slip-on-shoes","25":"product_tag-tpu-sole","26":"product_tag-wholesale-shoes","27":"desktop-align-center","28":"tablet-align-center","29":"mobile-align-center","31":"first","32":"instock","33":"sale","34":"shipping-taxable","35":"purchasable","36":"product-type-variable","37":"has-default-attributes"},"acf":[],"uagb_featured_image_src":{"full":["https:\/\/turkishtrade.co\/wp-content\/uploads\/2026\/01\/2400EJOMN00001-BROWN-ZL_101.png",453,250,false],"thumbnail":["https:\/\/turkishtrade.co\/wp-content\/uploads\/2026\/01\/2400EJOMN00001-BROWN-ZL_101-150x150.png",150,150,true],"medium":["https:\/\/turkishtrade.co\/wp-content\/uploads\/2026\/01\/2400EJOMN00001-BROWN-ZL_101-300x166.png",300,166,true],"medium_large":["https:\/\/turkishtrade.co\/wp-content\/uploads\/2026\/01\/2400EJOMN00001-BROWN-ZL_101.png",453,250,false],"large":["https:\/\/turkishtrade.co\/wp-content\/uploads\/2026\/01\/2400EJOMN00001-BROWN-ZL_101.png",453,250,false],"1536x1536":["https:\/\/turkishtrade.co\/wp-content\/uploads\/2026\/01\/2400EJOMN00001-BROWN-ZL_101.png",453,250,false],"2048x2048":["https:\/\/turkishtrade.co\/wp-content\/uploads\/2026\/01\/2400EJOMN00001-BROWN-ZL_101.png",453,250,false],"trp-custom-language-flag":["https:\/\/turkishtrade.co\/wp-content\/uploads\/2026\/01\/2400EJOMN00001-BROWN-ZL_101-18x10.png",18,10,true],"woocommerce_thumbnail":["https:\/\/turkishtrade.co\/wp-content\/uploads\/2026\/01\/2400EJOMN00001-BROWN-ZL_101-400x250.png",400,250,true],"woocommerce_single":["https:\/\/turkishtrade.co\/wp-content\/uploads\/2026\/01\/2400EJOMN00001-BROWN-ZL_101.png",453,250,false],"woocommerce_gallery_thumbnail":["https:\/\/turkishtrade.co\/wp-content\/uploads\/2026\/01\/2400EJOMN00001-BROWN-ZL_101-100x100.png",100,100,true]},"uagb_author_info":{"display_name":"yaser olabi","author_link":"https:\/\/turkishtrade.co\/es\/author\/"},"uagb_comment_info":0,"uagb_excerpt":"Premium Materials: Crafted with luxurious calfskin leather exterior and soft goat leather interior. Durable Sole: Equipped with a resilient TPU sole for superior grip and longevity. Elegant Heel: Subtle 1-3 cm heel height for a sophisticated lift. Versatile Style: Ideal for both classic formal and stylish casual ensembles. Available Sizes: Ranging from EU 39 to&hellip;","_links":{"self":[{"href":"https:\/\/turkishtrade.co\/es\/wp-json\/wp\/v2\/product\/4943","targetHints":{"allow":["GET"]}}],"collection":[{"href":"https:\/\/turkishtrade.co\/es\/wp-json\/wp\/v2\/product"}],"about":[{"href":"https:\/\/turkishtrade.co\/es\/wp-json\/wp\/v2\/types\/product"}],"wp:featuredmedia":[{"embeddable":true,"href":"https:\/\/turkishtrade.co\/es\/wp-json\/wp\/v2\/media\/3348"}],"wp:attachment":[{"href":"https:\/\/turkishtrade.co\/es\/wp-json\/wp\/v2\/media?parent=4943"}],"wp:term":[{"taxonomy":"product_brand","embeddable":true,"href":"https:\/\/turkishtrade.co\/es\/wp-json\/wp\/v2\/product_brand?post=4943"},{"taxonomy":"product_cat","embeddable":true,"href":"https:\/\/turkishtrade.co\/es\/wp-json\/wp\/v2\/product_cat?post=4943"},{"taxonomy":"product_tag","embeddable":true,"href":"https:\/\/turkishtrade.co\/es\/wp-json\/wp\/v2\/product_tag?post=4943"}],"curies":[{"name":"wp","href":"https:\/\/api.w.org\/{rel}","templated":true}]}}