{"id":967,"date":"2025-11-15T15:07:59","date_gmt":"2025-11-15T15:07:59","guid":{"rendered":"https:\/\/turkishtrade.co\/?page_id=967"},"modified":"2025-11-29T20:12:49","modified_gmt":"2025-11-29T20:12:49","slug":"co2-emissions","status":"publish","type":"page","link":"https:\/\/turkishtrade.co\/es\/sustainability\/co2-emissions\/","title":{"rendered":"Emisiones de CO2"},"content":{"rendered":"<div class=\"wp-block-uagb-container uagb-block-d84fc8d7 alignfull uagb-is-root-container\"><div class=\"uagb-container-inner-blocks-wrap\">\n<h1 class=\"wp-block-heading has-text-align-center has-ast-global-color-5-color has-text-color has-link-color wp-elements-d2636d3e8a73bb3e6ad26bb88cae33e4\">Emisiones de CO2<\/h1>\n<\/div><\/div>\n\n\n\n<div class=\"wp-block-uagb-container uagb-block-e60423d6 alignfull uagb-is-root-container\"><div class=\"uagb-container-inner-blocks-wrap\">\n<h2 class=\"wp-block-heading\">Reducir las emisiones de CO2: Nuestro compromiso<\/h2>\n\n\n\n<p>Reconocemos que las emisiones de CO2 son una de las principales causas del cambio clim\u00e1tico. Por ello, nuestra empresa se ha comprometido a reducir de forma continua y cuantificable las emisiones de carbono en todas sus operaciones.<\/p>\n\n\n\n<h3 class=\"wp-block-heading\">Medir nuestra huella de carbono<\/h3>\n\n\n\n<p>Utilizamos normas internacionales y m\u00e9todos cient\u00edficos para calcular con precisi\u00f3n nuestras emisiones de CO2. Esto nos ayuda a seguir los progresos y fijar objetivos de mejora realistas.<\/p>\n\n\n\n<div class=\"wp-block-uagb-image alignleft uagb-block-edb8ae28 wp-block-uagb-image--layout-default wp-block-uagb-image--effect-static wp-block-uagb-image--align-left\"><figure class=\"wp-block-uagb-image__figure\"><img decoding=\"async\" srcset=\"https:\/\/turkishtrade.co\/wp-content\/uploads\/2025\/11\/CO2-Emissions-img.webp ,https:\/\/turkishtrade.co\/wp-content\/uploads\/2025\/11\/CO2-Emissions-img.webp 780w, https:\/\/turkishtrade.co\/wp-content\/uploads\/2025\/11\/CO2-Emissions-img.webp 360w\" sizes=\"auto, (max-width: 480px) 150px\" src=\"https:\/\/turkishtrade.co\/wp-content\/uploads\/2025\/11\/CO2-Emissions-img.webp\" alt=\"co2 emissions img\" class=\"uag-image-1024\" width=\"1000\" height=\"560\" title=\"emisiones de co2 img\" loading=\"lazy\" role=\"img\"\/><\/figure><\/div>\n\n\n\n<h4 class=\"wp-block-heading\">C\u00f3mo reducimos nuestra emisi\u00f3n de CO2<\/h4>\n\n\n\n<h5 class=\"wp-block-heading has-medium-font-size\">1. Optimizaci\u00f3n de la energ\u00eda<\/h5>\n\n\n\n<p>Utilizar maquinaria eficiente y fuentes de energ\u00eda renovables.<\/p>\n\n\n\n<h5 class=\"wp-block-heading has-medium-font-size\">2. Transporte limpio<\/h5>\n\n\n\n<p>Fomentar los veh\u00edculos el\u00e9ctricos, optimizar las rutas de reparto y reducir los desplazamientos innecesarios.<\/p>\n\n\n\n<h5 class=\"wp-block-heading has-medium-font-size\">3. Fabricaci\u00f3n inteligente<\/h5>\n\n\n\n<p>Minimizar los residuos, mejorar la eficiencia de la producci\u00f3n y utilizar materias primas ecol\u00f3gicas.<\/p>\n\n\n\n<h5 class=\"wp-block-heading has-medium-font-size\">4. Programas de reciclaje<\/h5>\n\n\n\n<p>El reciclaje de materiales reduce significativamente las emisiones asociadas a la producci\u00f3n de nuevos recursos.<\/p>\n\n\n\n<h4 class=\"wp-block-heading\">Objetivos de carbono a largo plazo<\/h4>\n\n\n\n<p>Nuestro objetivo es lograr una reducci\u00f3n significativa de las emisiones de CO2 adoptando tecnolog\u00edas m\u00e1s limpias, opciones energ\u00e9ticas sostenibles y sistemas de producci\u00f3n m\u00e1s inteligentes.<\/p>\n\n\n\n<h4 class=\"wp-block-heading\">Parte de nuestra visi\u00f3n de la sostenibilidad<\/h4>\n\n\n\n<p>Reducir las emisiones de CO2 est\u00e1 directamente relacionado con <a href=\"https:\/\/turkishtrade.co\/sustainability\/green-mission\/\" data-type=\"page\" data-id=\"955\">Misi\u00f3n Verde<\/a> y apoya nuestra <a href=\"https:\/\/turkishtrade.co\/sustainability\/\" data-type=\"page\" data-id=\"927\">Sostenibilidad<\/a> iniciativas.<\/p>\n<\/div><\/div>","protected":false},"excerpt":{"rendered":"<p>CO2 Emissions Reducing CO2 Emissions: Our Commitment We recognize that CO2 emissions are one of the leading causes of climate [&hellip;]<\/p>\n","protected":false},"author":1,"featured_media":0,"parent":927,"menu_order":0,"comment_status":"closed","ping_status":"closed","template":"","meta":{"_acf_changed":false,"_uag_custom_page_level_css":"","site-sidebar-layout":"default","site-content-layout":"","ast-site-content-layout":"default","site-content-style":"default","site-sidebar-style":"default","ast-global-header-display":"","ast-banner-title-visibility":"","ast-main-header-display":"","ast-hfb-above-header-display":"","ast-hfb-below-header-display":"","ast-hfb-mobile-header-display":"","site-post-title":"disabled","ast-breadcrumbs-content":"","ast-featured-img":"","footer-sml-layout":"","ast-disable-related-posts":"","theme-transparent-header-meta":"","adv-header-id-meta":"","stick-header-meta":"","header-above-stick-meta":"","header-main-stick-meta":"","header-below-stick-meta":"","astra-migrate-meta-layouts":"default","ast-page-background-enabled":"default","ast-page-background-meta":{"desktop":{"background-color":"var(--ast-global-color-4)","background-image":"","background-repeat":"repeat","background-position":"center center","background-size":"auto","background-attachment":"scroll","background-type":"","background-media":"","overlay-type":"","overlay-color":"","overlay-opacity":"","overlay-gradient":""},"tablet":{"background-color":"","background-image":"","background-repeat":"repeat","background-position":"center center","background-size":"auto","background-attachment":"scroll","background-type":"","background-media":"","overlay-type":"","overlay-color":"","overlay-opacity":"","overlay-gradient":""},"mobile":{"background-color":"","background-image":"","background-repeat":"repeat","background-position":"center center","background-size":"auto","background-attachment":"scroll","background-type":"","background-media":"","overlay-type":"","overlay-color":"","overlay-opacity":"","overlay-gradient":""}},"ast-content-background-meta":{"desktop":{"background-color":"var(--ast-global-color-5)","background-image":"","background-repeat":"repeat","background-position":"center center","background-size":"auto","background-attachment":"scroll","background-type":"","background-media":"","overlay-type":"","overlay-color":"","overlay-opacity":"","overlay-gradient":""},"tablet":{"background-color":"var(--ast-global-color-5)","background-image":"","background-repeat":"repeat","background-position":"center center","background-size":"auto","background-attachment":"scroll","background-type":"","background-media":"","overlay-type":"","overlay-color":"","overlay-opacity":"","overlay-gradient":""},"mobile":{"background-color":"var(--ast-global-color-5)","background-image":"","background-repeat":"repeat","background-position":"center center","background-size":"auto","background-attachment":"scroll","background-type":"","background-media":"","overlay-type":"","overlay-color":"","overlay-opacity":"","overlay-gradient":""}},"footnotes":""},"class_list":["post-967","page","type-page","status-publish","hentry"],"acf":[],"_hostinger_reach_plugin_has_subscription_block":false,"_hostinger_reach_plugin_is_elementor":false,"uagb_featured_image_src":{"full":false,"thumbnail":false,"medium":false,"medium_large":false,"large":false,"1536x1536":false,"2048x2048":false,"trp-custom-language-flag":false,"woocommerce_thumbnail":false,"woocommerce_single":false,"woocommerce_gallery_thumbnail":false},"uagb_author_info":{"display_name":"\u0628\u0631\u0643\u0627\u062a \u0627\u0644\u064a\u0648\u0633\u0641","author_link":"https:\/\/turkishtrade.co\/es\/author\/salih-2-1-2003-993gmail-com\/"},"uagb_comment_info":0,"uagb_excerpt":"CO2 Emissions Reducing CO2 Emissions: Our Commitment We recognize that CO2 emissions are one of the leading causes of climate [&hellip;]","_links":{"self":[{"href":"https:\/\/turkishtrade.co\/es\/wp-json\/wp\/v2\/pages\/967","targetHints":{"allow":["GET"]}}],"collection":[{"href":"https:\/\/turkishtrade.co\/es\/wp-json\/wp\/v2\/pages"}],"about":[{"href":"https:\/\/turkishtrade.co\/es\/wp-json\/wp\/v2\/types\/page"}],"author":[{"embeddable":true,"href":"https:\/\/turkishtrade.co\/es\/wp-json\/wp\/v2\/users\/1"}],"replies":[{"embeddable":true,"href":"https:\/\/turkishtrade.co\/es\/wp-json\/wp\/v2\/comments?post=967"}],"version-history":[{"count":13,"href":"https:\/\/turkishtrade.co\/es\/wp-json\/wp\/v2\/pages\/967\/revisions"}],"predecessor-version":[{"id":1140,"href":"https:\/\/turkishtrade.co\/es\/wp-json\/wp\/v2\/pages\/967\/revisions\/1140"}],"up":[{"embeddable":true,"href":"https:\/\/turkishtrade.co\/es\/wp-json\/wp\/v2\/pages\/927"}],"wp:attachment":[{"href":"https:\/\/turkishtrade.co\/es\/wp-json\/wp\/v2\/media?parent=967"}],"curies":[{"name":"wp","href":"https:\/\/api.w.org\/{rel}","templated":true}]}}