{"id":955,"date":"2025-11-15T14:07:00","date_gmt":"2025-11-15T14:07:00","guid":{"rendered":"https:\/\/turkishtrade.co\/?page_id=955"},"modified":"2025-11-29T20:11:37","modified_gmt":"2025-11-29T20:11:37","slug":"green-mission","status":"publish","type":"page","link":"https:\/\/turkishtrade.co\/es\/sustainability\/green-mission\/","title":{"rendered":"Misi\u00f3n Verde"},"content":{"rendered":"<div class=\"wp-block-uagb-container uagb-block-dbb76509 alignfull uagb-is-root-container\"><div class=\"uagb-container-inner-blocks-wrap\">\n<h1 class=\"wp-block-heading has-text-align-center has-ast-global-color-5-color has-text-color has-link-color wp-elements-daf10be26753644a79bce8e750d2b53a\">Misi\u00f3n Verde<\/h1>\n<\/div><\/div>\n\n\n\n<div class=\"wp-block-uagb-container uagb-block-26b6462b alignfull uagb-is-root-container\"><div class=\"uagb-container-inner-blocks-wrap\">\n<h2 class=\"wp-block-heading\"><strong>Nuestra misi\u00f3n verde<\/strong><\/h2>\n\n\n\n<p>Nuestra Misi\u00f3n Verde refleja nuestro compromiso con la protecci\u00f3n del medio ambiente mediante el uso de materiales sostenibles, pr\u00e1cticas energ\u00e9ticamente eficientes y m\u00e9todos de producci\u00f3n respetuosos con el medio ambiente. Mediante la mejora continua y la toma de decisiones consciente, pretendemos crear un futuro m\u00e1s verde para nuestra comunidad y el planeta.<\/p>\n\n\n\n<h3 class=\"wp-block-heading\"><strong>Materiales ecol\u00f3gicos<\/strong><\/h3>\n\n\n\n<p>Utilizamos materiales reciclables, renovables y de origen responsable para reducir el impacto ambiental y mantener al mismo tiempo la calidad del producto. Este enfoque favorece la sostenibilidad a largo plazo y minimiza los residuos.<\/p>\n\n\n\n<h4 class=\"wp-block-heading\"><strong>Operaciones energ\u00e9ticamente eficientes<\/strong><\/h4>\n\n\n\n<p>Nuestros procesos de producci\u00f3n se basan en tecnolog\u00edas de ahorro energ\u00e9tico dise\u00f1adas para reducir el consumo de electricidad y las emisiones nocivas. Al optimizar nuestro flujo de trabajo, contribuimos a un sistema de fabricaci\u00f3n m\u00e1s limpio y responsable.<\/p>\n\n\n\n<div class=\"wp-block-uagb-image alignleft uagb-block-894d023d wp-block-uagb-image--layout-default wp-block-uagb-image--effect-static wp-block-uagb-image--align-left\"><figure class=\"wp-block-uagb-image__figure\"><img decoding=\"async\" srcset=\"https:\/\/turkishtrade.co\/wp-content\/uploads\/2025\/11\/green-mission-img.webp ,https:\/\/turkishtrade.co\/wp-content\/uploads\/2025\/11\/green-mission-img.webp 780w, https:\/\/turkishtrade.co\/wp-content\/uploads\/2025\/11\/green-mission-img.webp 360w\" sizes=\"auto, (max-width: 480px) 150px\" src=\"https:\/\/turkishtrade.co\/wp-content\/uploads\/2025\/11\/green-mission-img.webp\" alt=\"Green Mission sustainable green mission practices\" class=\"uag-image-1009\" width=\"1000\" height=\"667\" title=\"misi\u00f3n verde img\" loading=\"lazy\" role=\"img\"\/><\/figure><\/div>\n\n\n\n<h4 class=\"wp-block-heading\"><strong>Compromiso Cero Residuos<\/strong><\/h4>\n\n\n\n<p>Seguimos el principio de \u201cDesperdiciar menos, reutilizar m\u00e1s\u201d. Siempre que es posible, los materiales se reutilizan o reciclan. Esto nos ayuda a reducir la cantidad de residuos que se env\u00edan a los vertederos y favorece la econom\u00eda circular.<\/p>\n\n\n\n<h4 class=\"wp-block-heading\"><strong>Concienciaci\u00f3n y educaci\u00f3n ecol\u00f3gicas<\/strong><\/h4>\n\n\n\n<p>Creemos que el cambio medioambiental empieza por la concienciaci\u00f3n. Por eso educamos activamente a nuestro equipo, clientes y socios sobre pr\u00e1cticas sostenibles y la importancia de adoptar h\u00e1bitos ecol\u00f3gicos.<\/p>\n\n\n\n<h4 class=\"wp-block-heading\"><strong>Parte de nuestro programa de sostenibilidad<\/strong><\/h4>\n\n\n\n<p>Nuestra Misi\u00f3n Verde se enmarca en nuestra Estrategia de Sostenibilidad m\u00e1s amplia y contribuye directamente a reducir las emisiones de CO\u2082, mejorar la eficiencia de los recursos y promover la salud medioambiental a largo plazo.<\/p>\n<\/div><\/div>\n\n\n\n<p><strong>M\u00e1s informaci\u00f3n <a href=\"https:\/\/turkishtrade.co\/sustainability\/\" data-type=\"page\" data-id=\"927\">Sostenibilidad<\/a> Estrategia<\/strong> <\/p>\n\n\n\n<p>Para m\u00e1s informaci\u00f3n sobre las normas mundiales de sostenibilidad, visite <a href=\"https:\/\/www.un.org\/sustainabledevelopment\/\" target=\"_blank\" rel=\"noreferrer noopener nofollow\">https:\/\/www.un.org\/sustainabledevelopment\/<\/a><\/p>\n\n\n\n<p><\/p>","protected":false},"excerpt":{"rendered":"<p>Green Mission Our Green Mission Our Green Mission reflects our commitment to protecting the environment by using sustainable materials, energy-efficient [&hellip;]<\/p>\n","protected":false},"author":1,"featured_media":0,"parent":927,"menu_order":0,"comment_status":"closed","ping_status":"closed","template":"","meta":{"_acf_changed":false,"_uag_custom_page_level_css":"","site-sidebar-layout":"default","site-content-layout":"","ast-site-content-layout":"default","site-content-style":"default","site-sidebar-style":"default","ast-global-header-display":"","ast-banner-title-visibility":"","ast-main-header-display":"","ast-hfb-above-header-display":"","ast-hfb-below-header-display":"","ast-hfb-mobile-header-display":"","site-post-title":"disabled","ast-breadcrumbs-content":"","ast-featured-img":"","footer-sml-layout":"","ast-disable-related-posts":"","theme-transparent-header-meta":"","adv-header-id-meta":"","stick-header-meta":"","header-above-stick-meta":"","header-main-stick-meta":"","header-below-stick-meta":"","astra-migrate-meta-layouts":"default","ast-page-background-enabled":"default","ast-page-background-meta":{"desktop":{"background-color":"var(--ast-global-color-4)","background-image":"","background-repeat":"repeat","background-position":"center center","background-size":"auto","background-attachment":"scroll","background-type":"","background-media":"","overlay-type":"","overlay-color":"","overlay-opacity":"","overlay-gradient":""},"tablet":{"background-color":"","background-image":"","background-repeat":"repeat","background-position":"center center","background-size":"auto","background-attachment":"scroll","background-type":"","background-media":"","overlay-type":"","overlay-color":"","overlay-opacity":"","overlay-gradient":""},"mobile":{"background-color":"","background-image":"","background-repeat":"repeat","background-position":"center center","background-size":"auto","background-attachment":"scroll","background-type":"","background-media":"","overlay-type":"","overlay-color":"","overlay-opacity":"","overlay-gradient":""}},"ast-content-background-meta":{"desktop":{"background-color":"var(--ast-global-color-5)","background-image":"","background-repeat":"repeat","background-position":"center center","background-size":"auto","background-attachment":"scroll","background-type":"","background-media":"","overlay-type":"","overlay-color":"","overlay-opacity":"","overlay-gradient":""},"tablet":{"background-color":"var(--ast-global-color-5)","background-image":"","background-repeat":"repeat","background-position":"center center","background-size":"auto","background-attachment":"scroll","background-type":"","background-media":"","overlay-type":"","overlay-color":"","overlay-opacity":"","overlay-gradient":""},"mobile":{"background-color":"var(--ast-global-color-5)","background-image":"","background-repeat":"repeat","background-position":"center center","background-size":"auto","background-attachment":"scroll","background-type":"","background-media":"","overlay-type":"","overlay-color":"","overlay-opacity":"","overlay-gradient":""}},"footnotes":""},"class_list":["post-955","page","type-page","status-publish","hentry"],"acf":[],"_hostinger_reach_plugin_has_subscription_block":false,"_hostinger_reach_plugin_is_elementor":false,"uagb_featured_image_src":{"full":false,"thumbnail":false,"medium":false,"medium_large":false,"large":false,"1536x1536":false,"2048x2048":false,"trp-custom-language-flag":false,"woocommerce_thumbnail":false,"woocommerce_single":false,"woocommerce_gallery_thumbnail":false},"uagb_author_info":{"display_name":"\u0628\u0631\u0643\u0627\u062a \u0627\u0644\u064a\u0648\u0633\u0641","author_link":"https:\/\/turkishtrade.co\/es\/author\/salih-2-1-2003-993gmail-com\/"},"uagb_comment_info":0,"uagb_excerpt":"Green Mission Our Green Mission Our Green Mission reflects our commitment to protecting the environment by using sustainable materials, energy-efficient [&hellip;]","_links":{"self":[{"href":"https:\/\/turkishtrade.co\/es\/wp-json\/wp\/v2\/pages\/955","targetHints":{"allow":["GET"]}}],"collection":[{"href":"https:\/\/turkishtrade.co\/es\/wp-json\/wp\/v2\/pages"}],"about":[{"href":"https:\/\/turkishtrade.co\/es\/wp-json\/wp\/v2\/types\/page"}],"author":[{"embeddable":true,"href":"https:\/\/turkishtrade.co\/es\/wp-json\/wp\/v2\/users\/1"}],"replies":[{"embeddable":true,"href":"https:\/\/turkishtrade.co\/es\/wp-json\/wp\/v2\/comments?post=955"}],"version-history":[{"count":10,"href":"https:\/\/turkishtrade.co\/es\/wp-json\/wp\/v2\/pages\/955\/revisions"}],"predecessor-version":[{"id":1139,"href":"https:\/\/turkishtrade.co\/es\/wp-json\/wp\/v2\/pages\/955\/revisions\/1139"}],"up":[{"embeddable":true,"href":"https:\/\/turkishtrade.co\/es\/wp-json\/wp\/v2\/pages\/927"}],"wp:attachment":[{"href":"https:\/\/turkishtrade.co\/es\/wp-json\/wp\/v2\/media?parent=955"}],"curies":[{"name":"wp","href":"https:\/\/api.w.org\/{rel}","templated":true}]}}