{"id":485,"date":"2025-11-01T14:41:19","date_gmt":"2025-11-01T14:41:19","guid":{"rendered":"https:\/\/turkishtrade.co\/about-us\/"},"modified":"2026-03-28T16:01:50","modified_gmt":"2026-03-28T16:01:50","slug":"about-us","status":"publish","type":"page","link":"https:\/\/turkishtrade.co\/es\/about-us\/","title":{"rendered":"Qui\u00e9nes somos"},"content":{"rendered":"<div class=\"wp-block-uagb-container uagb-block-bea5283e alignfull uagb-is-root-container\"><div class=\"uagb-container-inner-blocks-wrap\">\n<div class=\"wp-block-uagb-advanced-heading uagb-block-fc6aaff1\"><h1 class=\"uagb-heading-text\">Qui\u00e9nes somos<\/h1><\/div>\n<\/div><\/div>\n\n\n\n<div class=\"wp-block-uagb-container uagb-block-29842745 alignfull uagb-is-root-container\"><div class=\"uagb-container-inner-blocks-wrap\">\n<div class=\"wp-block-uagb-info-box uagb-block-2554c78b uagb-infobox__content-wrap  uagb-infobox-icon-above-title uagb-infobox-image-valign-top\"><div class=\"uagb-ifb-content\"><div class=\"uagb-ifb-title-wrap\"><h2 class=\"uagb-ifb-title\">Sobre el Turkish Trade<\/h2><\/div><\/div><\/div>\n\n\n\n<div class=\"wp-block-uagb-separator uagb-block-c1f8b284\"><div class=\"uagb-separator-spacing-wrapper\"><div class=\"wp-block-uagb-separator__inner\" style=\"--my-background-image:\"><\/div><\/div><\/div>\n\n\n\n<div class=\"wp-block-uagb-container uagb-block-2bc90d6f\">\n<div class=\"wp-block-uagb-advanced-heading uagb-block-9f1ae72a\"><h5 class=\"uagb-heading-text\">En <strong>Turkish Trade<\/strong>, no nos limitamos a fabricar zapatos: creamos una declaraci\u00f3n de estilo, calidad e identidad.<br>Nuestro viaje comenz\u00f3 con la pasi\u00f3n por <strong>aut\u00e9ntica artesan\u00eda turca<\/strong>,<br>donde cada puntada cuenta una historia de dedicaci\u00f3n y elegancia.<\/h5><\/div>\n\n\n\n<div class=\"wp-block-uagb-info-box uagb-block-71da6051 uagb-infobox__content-wrap  uagb-infobox-icon-above-title uagb-infobox-image-valign-top\"><div class=\"uagb-ifb-content\"><div class=\"uagb-ifb-title-wrap\"><\/div><p class=\"uagb-ifb-desc\">Estamos orgullosos de producir <strong>calzado turco de lujo<\/strong> que combina t\u00e9cnicas tradicionales<br>con un dise\u00f1o moderno para lograr el equilibrio perfecto entre <strong>confort y sofisticaci\u00f3n<\/strong>.<br>Cada par se fabrica cuidadosamente a mano con <strong>cuero natural de primera calidad<\/strong>,<br>que reflejan el rico patrimonio y el arte de Turqu\u00eda.<br>Nuestra misi\u00f3n es sencilla: aportar <strong>Excelencia turca<\/strong> al mundo.<br>De los talleres locales a las puertas de todo el mundo,<br>nos aseguramos de que cada cliente experimente la belleza de <strong>perfecci\u00f3n artesanal<\/strong>,<br>elaborados con amor, precisi\u00f3n y estilo atemporal.<\/p><\/div><\/div>\n<\/div>\n<\/div><\/div>\n\n\n\n<div class=\"wp-block-uagb-container uagb-block-03daffa8 alignfull uagb-is-root-container\"><div class=\"uagb-container-inner-blocks-wrap\">\n<div class=\"wp-block-uagb-info-box uagb-block-3625f0bd uagb-infobox__content-wrap  uagb-infobox-icon-above-title uagb-infobox-image-valign-top\"><div class=\"uagb-ifb-content\"><div class=\"uagb-ifb-title-wrap\"><h3 class=\"uagb-ifb-title\">Nuestra visi\u00f3n<\/h3><\/div><p class=\"uagb-ifb-desc\"><strong>Turkish Trade<\/strong> aspira a convertirse en uno de los <strong>principales nombres de la industria de la moda turca<\/strong> y un <strong>marca respetada en todo el mundo<\/strong> que representa la excelencia de <strong>Moda made in Turkey<\/strong>.<br>Guiados por los valores de <strong>sostenibilidad, innovaci\u00f3n y creatividad<\/strong>, Aspiramos a <strong>marcan las tendencias de la moda mundial<\/strong> y definir los estilos del futuro.<br>Pretendemos ser no s\u00f3lo un proveedor de productos turcos de primera calidad, sino tambi\u00e9n un <strong>socio comercial fiable<\/strong> que se adapta r\u00e1pidamente a los cambios del mercado con una <strong>enfoque orientado a las soluciones<\/strong>.<br>Nuestro objetivo final es <strong>Turkish Trade<\/strong> a <strong>marca mundialmente reconocida<\/strong> conocido por <strong>alta calidad, dise\u00f1o moderno y una filosof\u00eda orientada al cliente<\/strong>.<\/p><\/div><\/div>\n<\/div><\/div>\n\n\n\n<div class=\"wp-block-uagb-container uagb-block-4ad07b0b alignfull uagb-is-root-container\"><div class=\"uagb-container-inner-blocks-wrap\">\n<div class=\"wp-block-uagb-container uagb-block-dde14a08\">\n<div class=\"wp-block-uagb-advanced-heading uagb-block-819b66ad\"><h4 class=\"uagb-heading-text\">Nuestra misi\u00f3n<br><\/h4><\/div>\n<\/div>\n\n\n\n<div class=\"wp-block-uagb-container uagb-block-9276b384\">\n<div class=\"wp-block-uagb-info-box uagb-block-d2c339f6 uagb-infobox__content-wrap  uagb-infobox-icon-above-title uagb-infobox-image-valign-top\"><div class=\"uagb-ifb-content\"><div class=\"uagb-ifb-title-wrap\"><p class=\"uagb-ifb-title\">Con m\u00e1s de <strong>16 a\u00f1os de experiencia<\/strong>, <strong>Turkish Trade<\/strong> es una empresa l\u00edder dedicada a llevar la <strong>fuerza, creatividad y artesan\u00eda de la moda turca<\/strong> al mercado mundial.<br>Nuestro objetivo es ofrecer a nuestros clientes <strong>calzado y ropa turcos de alta calidad<\/strong> a precios competitivos y con un servicio fiable.<br>Como marca, siempre damos prioridad a <strong>satisfacci\u00f3n del cliente<\/strong>, se adhieren a <strong>pr\u00e1cticas empresariales \u00e9ticas<\/strong>, y abrazar <strong>innovaci\u00f3n continua<\/strong>.<br>Mediante el establecimiento de s\u00f3lidas asociaciones internacionales, nos esforzamos por hacer que <strong>Moda turca<\/strong> reconocida, fiable y preferida en todo el mundo.<\/p><\/div><\/div><\/div>\n<\/div>\n\n\n\n<div class=\"wp-block-uagb-separator uagb-block-5f83295c\"><div class=\"wp-block-uagb-separator__inner\" style=\"--my-background-image:\"><\/div><\/div>\n<\/div><\/div>\n\n\n\n<div class=\"wp-block-uagb-container uagb-block-ccc4e980 alignfull uagb-is-root-container\"><div class=\"uagb-container-inner-blocks-wrap\">\n<div class=\"wp-block-uagb-container uagb-block-9aa8d9e0\">\n<div class=\"wp-block-uagb-info-box uagb-block-d1091790 uagb-infobox__content-wrap  uagb-infobox-icon-above-title uagb-infobox-image-valign-top\"><div class=\"uagb-ifb-content\"><div class=\"uagb-ifb-title-wrap\"><h6 class=\"uagb-ifb-title-prefix\"><strong>Entre en la elegancia - <\/strong><\/h6><h2 class=\"uagb-ifb-title\"><strong>descubra la artesan\u00eda turca en su m\u00e1xima expresi\u00f3n.<\/strong><\/h2><\/div><p class=\"uagb-ifb-desc\">Explora nuestro <strong>zapatos de lujo hechos a mano<\/strong> elaborado a partir de <strong>cuero aut\u00e9ntico de primera calidad<\/strong>,<br>donde <strong>la comodidad se une a un estilo atemporal<\/strong>.<br>Compre ahora y experimente la verdadera esencia de <strong>Calidad turca<\/strong> y <strong>sofisticaci\u00f3n global<\/strong>.<\/p><\/div><\/div>\n\n\n\n<div class=\"wp-block-uagb-buttons uagb-buttons__outer-wrap uagb-btn__default-btn uagb-btn-tablet__default-btn uagb-btn-mobile__default-btn uagb-block-181e40e0\"><div class=\"uagb-buttons__wrap uagb-buttons-layout-wrap\">\n<div class=\"wp-block-uagb-buttons-child uagb-buttons__outer-wrap uagb-block-4687be33 wp-block-button\"><div class=\"uagb-button__wrapper\"><a class=\"uagb-buttons-repeater wp-block-button__link\" aria-label=\"\" href=\"https:\/\/turkishtrade.co\/shop\/\" rel=\"follow noopener\" target=\"_self\" role=\"button\"><div class=\"uagb-button__link\">Comprar ahora<\/div><\/a><\/div><\/div>\n<\/div><\/div>\n<\/div>\n<\/div><\/div>","protected":false},"excerpt":{"rendered":"<p>About Us At Turkish Trade, we don\u2019t just make shoes \u2014 we create a statement of style, quality, and identity.Our [&hellip;]<\/p>\n","protected":false},"author":1,"featured_media":0,"parent":0,"menu_order":0,"comment_status":"closed","ping_status":"closed","template":"","meta":{"_acf_changed":false,"_uag_custom_page_level_css":"","site-sidebar-layout":"default","site-content-layout":"","ast-site-content-layout":"default","site-content-style":"default","site-sidebar-style":"default","ast-global-header-display":"","ast-banner-title-visibility":"","ast-main-header-display":"","ast-hfb-above-header-display":"","ast-hfb-below-header-display":"","ast-hfb-mobile-header-display":"","site-post-title":"disabled","ast-breadcrumbs-content":"","ast-featured-img":"","footer-sml-layout":"","ast-disable-related-posts":"","theme-transparent-header-meta":"enabled","adv-header-id-meta":"","stick-header-meta":"","header-above-stick-meta":"","header-main-stick-meta":"","header-below-stick-meta":"","astra-migrate-meta-layouts":"default","ast-page-background-enabled":"default","ast-page-background-meta":{"desktop":{"background-color":"var(--ast-global-color-4)","background-image":"","background-repeat":"repeat","background-position":"center center","background-size":"auto","background-attachment":"scroll","background-type":"","background-media":"","overlay-type":"","overlay-color":"","overlay-opacity":"","overlay-gradient":""},"tablet":{"background-color":"","background-image":"","background-repeat":"repeat","background-position":"center center","background-size":"auto","background-attachment":"scroll","background-type":"","background-media":"","overlay-type":"","overlay-color":"","overlay-opacity":"","overlay-gradient":""},"mobile":{"background-color":"","background-image":"","background-repeat":"repeat","background-position":"center center","background-size":"auto","background-attachment":"scroll","background-type":"","background-media":"","overlay-type":"","overlay-color":"","overlay-opacity":"","overlay-gradient":""}},"ast-content-background-meta":{"desktop":{"background-color":"var(--ast-global-color-5)","background-image":"","background-repeat":"repeat","background-position":"center center","background-size":"auto","background-attachment":"scroll","background-type":"","background-media":"","overlay-type":"","overlay-color":"","overlay-opacity":"","overlay-gradient":""},"tablet":{"background-color":"var(--ast-global-color-5)","background-image":"","background-repeat":"repeat","background-position":"center center","background-size":"auto","background-attachment":"scroll","background-type":"","background-media":"","overlay-type":"","overlay-color":"","overlay-opacity":"","overlay-gradient":""},"mobile":{"background-color":"var(--ast-global-color-5)","background-image":"","background-repeat":"repeat","background-position":"center center","background-size":"auto","background-attachment":"scroll","background-type":"","background-media":"","overlay-type":"","overlay-color":"","overlay-opacity":"","overlay-gradient":""}},"footnotes":""},"class_list":["post-485","page","type-page","status-publish","hentry"],"acf":[],"_hostinger_reach_plugin_has_subscription_block":false,"_hostinger_reach_plugin_is_elementor":false,"uagb_featured_image_src":{"full":false,"thumbnail":false,"medium":false,"medium_large":false,"large":false,"1536x1536":false,"2048x2048":false,"trp-custom-language-flag":false,"woocommerce_thumbnail":false,"woocommerce_single":false,"woocommerce_gallery_thumbnail":false},"uagb_author_info":{"display_name":"\u0628\u0631\u0643\u0627\u062a \u0627\u0644\u064a\u0648\u0633\u0641","author_link":"https:\/\/turkishtrade.co\/es\/author\/salih-2-1-2003-993gmail-com\/"},"uagb_comment_info":0,"uagb_excerpt":"About Us At Turkish Trade, we don\u2019t just make shoes \u2014 we create a statement of style, quality, and identity.Our [&hellip;]","_links":{"self":[{"href":"https:\/\/turkishtrade.co\/es\/wp-json\/wp\/v2\/pages\/485","targetHints":{"allow":["GET"]}}],"collection":[{"href":"https:\/\/turkishtrade.co\/es\/wp-json\/wp\/v2\/pages"}],"about":[{"href":"https:\/\/turkishtrade.co\/es\/wp-json\/wp\/v2\/types\/page"}],"author":[{"embeddable":true,"href":"https:\/\/turkishtrade.co\/es\/wp-json\/wp\/v2\/users\/1"}],"replies":[{"embeddable":true,"href":"https:\/\/turkishtrade.co\/es\/wp-json\/wp\/v2\/comments?post=485"}],"version-history":[{"count":26,"href":"https:\/\/turkishtrade.co\/es\/wp-json\/wp\/v2\/pages\/485\/revisions"}],"predecessor-version":[{"id":8943,"href":"https:\/\/turkishtrade.co\/es\/wp-json\/wp\/v2\/pages\/485\/revisions\/8943"}],"wp:attachment":[{"href":"https:\/\/turkishtrade.co\/es\/wp-json\/wp\/v2\/media?parent=485"}],"curies":[{"name":"wp","href":"https:\/\/api.w.org\/{rel}","templated":true}]}}