{"id":3,"date":"2025-10-31T17:10:46","date_gmt":"2025-10-31T17:10:46","guid":{"rendered":"https:\/\/turkishtrade.co\/?page_id=3"},"modified":"2026-01-28T20:05:43","modified_gmt":"2026-01-28T20:05:43","slug":"privacy-policy","status":"publish","type":"page","link":"https:\/\/turkishtrade.co\/en\/privacy-policy\/","title":{"rendered":"Privacy Policy"},"content":{"rendered":"\n<div class=\"wp-block-uagb-container uagb-block-2bc4dc5c alignfull uagb-is-root-container\"><div class=\"uagb-container-inner-blocks-wrap\">\n<div class=\"wp-block-uagb-advanced-heading uagb-block-ea348862\"><h1 class=\"uagb-heading-text\">PRIVACY POLICY<\/h1><\/div>\n<\/div><\/div>\n\n\n\n<p><\/p>\n\n\n\n<div class=\"wp-block-uagb-container uagb-block-d99d9cd1 alignfull uagb-is-root-container\"><div class=\"uagb-container-inner-blocks-wrap\">\n<h2 class=\"wp-block-heading\">PRIVACY POLICY&nbsp;&nbsp;<\/h2>\n\n\n\n<ol start=\"1\" class=\"wp-block-list\">\n<li class=\"has-medium-font-size\" style=\"font-style:normal;font-weight:700\"><strong>WHO IS THE DATA CONTROLLER\u00a0\u00a0<\/strong><\/li>\n<\/ol>\n\n\n\n<p>The data controller&nbsp;of&nbsp;your personal data is&nbsp;Bgl&nbsp;Group Textile Ltd, with registered office in T\u00fcrkiye. (hereinafter &#8220;Digital Properties&#8221;).&nbsp;&nbsp;<\/p>\n\n\n\n<p>You can contact the Data Controller in writing at the above address.&nbsp;&nbsp;<\/p>\n\n\n\n<p>You can also contact the&nbsp;Bgl&nbsp;Group Textile Ltd, Data Protection Officer directly at the e-mail address info@turkishtrade.co, or by writing to the following address: Data Protection Manager, at&nbsp;Bgl&nbsp;Group Textile Ltd,&nbsp;\u0130ncilip\u0131nar&nbsp;District Mehmet Sait El\u00e7i St. Building No:8 Gate No:8&nbsp; 27090&nbsp;\u015eehitkamil\/Gaziantep\/T\u00fcrkiye&nbsp;&nbsp;<\/p>\n\n\n\n<ol start=\"2\" class=\"wp-block-list\">\n<li class=\"has-medium-font-size\" style=\"font-style:normal;font-weight:700\"><strong>TYPE OF DATA\u00a0<\/strong>\u00a0<\/li>\n<\/ol>\n\n\n\n<p>Depending on the products,&nbsp;services&nbsp;or functions of the platform you wish to use on each occasion, as&nbsp;indicated&nbsp;above, certain data may be necessary rather than others.&nbsp;&nbsp;<\/p>\n\n\n\n<p>In general, the data being processed can be:&nbsp;&nbsp;<\/p>\n\n\n\n<ul class=\"wp-block-list\">\n<li>user identification data (e.g.&nbsp;first name, last name, date of birth,&nbsp;language&nbsp;and country from which you are&nbsp;operating, etc.);&nbsp;&nbsp;<\/li>\n<\/ul>\n\n\n\n<ul class=\"wp-block-list\">\n<li>contact&nbsp;data (e.g.&nbsp;email address, phone number, home address&#8230;)&nbsp;&nbsp;<\/li>\n<\/ul>\n\n\n\n<ul class=\"wp-block-list\">\n<li>transaction data (e.g.&nbsp;your payment or card details, information concerning your purchases, orders, returns,&nbsp;&nbsp;<\/li>\n<\/ul>\n\n\n\n<p>etc.);&nbsp;&nbsp;<\/p>\n\n\n\n<ul class=\"wp-block-list\">\n<li>connection, geo-location&nbsp;and navigation data (if, for example, IP address, mobile app,&nbsp;cookie&nbsp;or similar technologies);&nbsp;&nbsp;<\/li>\n<\/ul>\n\n\n\n<ul class=\"wp-block-list\">\n<li>commercial data (e.g., loyalty program subscription, newsletter subscription),&nbsp;\uf0b7&nbsp;tastes and preferences data.&nbsp;&nbsp;<\/li>\n<\/ul>\n\n\n\n<p>Depending on the services and\/or functionalities&nbsp;requested, some data may be&nbsp;required&nbsp;mandatorily as they are needed for providing the service or product you require or&nbsp;in order to&nbsp;allow you to access that function.&nbsp;&nbsp;<\/p>\n\n\n\n<p>Therefore, these data are necessary for correctly fulfilling our obligations under the contract, or necessary for&nbsp;complying with&nbsp;obligations which arise from applicable legal or regulatory provisions.&nbsp;&nbsp;<\/p>\n\n\n\n<p>Failure to enter these data may result in the inability to complete your registration as a user or the inability to receive such services or products or to&nbsp;benefit&nbsp;from the functionality&nbsp;required.&nbsp;&nbsp;<\/p>\n\n\n\n<ol start=\"3\" class=\"wp-block-list\">\n<li class=\"has-medium-font-size\" style=\"font-style:normal;font-weight:700\"><strong>PURPOSE OF PROCESSING, LEGAL\u00a0BASIS\u00a0AND RETENTION PERIOD<\/strong>\u00a0\u00a0<\/li>\n<\/ol>\n\n\n\n<p>Below we&nbsp;indicate&nbsp;the processing purposes, the legal basis on which the data are processed and for how long they are&nbsp;retained, based on the types of services and\/or functions&nbsp;requested.&nbsp;&nbsp;<\/p>\n\n\n\n<figure class=\"wp-block-table\"><table class=\"has-fixed-layout\"><tbody><tr><td>&nbsp;<\/td><td>&nbsp;<\/td><td>&nbsp;<\/td><td>&nbsp;<\/td><\/tr><tr><td>PURPOSES&nbsp;&nbsp;<\/td><td>DESCRIPTION OF THE&nbsp;&nbsp;PURPOSES&nbsp;&nbsp;<\/td><td>LEGAL&nbsp;&nbsp;BASIS&nbsp;&nbsp;<\/td><td>RETENTION&nbsp;&nbsp;TIME&nbsp;&nbsp;<\/td><\/tr><\/tbody><\/table><\/figure>\n\n\n\n<figure class=\"wp-block-table\"><table class=\"has-fixed-layout\"><tbody><tr><td>Management of&nbsp;&nbsp;the registration as user of the&nbsp;&nbsp;Digital&nbsp;&nbsp;Properties.&nbsp;&nbsp;<\/td><td>Should you decide to register on the www.turkishtrade.co website, some of your personal data will be processed&nbsp;in order to&nbsp;identify&nbsp;you as a user and to&nbsp;authorise&nbsp;you to access its various functions and services.&nbsp;&nbsp;<\/td><td>Terms and conditions governing the use of the website (Art.&nbsp;&nbsp;6.1.b GDPR)&nbsp;&nbsp;<\/td><td>Until the consumer requests deletion of the account&nbsp;&nbsp;<\/td><\/tr><tr><td>Fulfilment and execution of the contract for the purchase of goods and\/or services&nbsp;&nbsp;<\/td><td>Personal data are subject to processing in the following cases:&nbsp;&nbsp;Management of requests for information concerning the availability of articles, order products&nbsp;&nbsp;Provision of services such as, for example, product&nbsp;customisation&nbsp;&nbsp;Provision of sales documents and\/or invoices relating to transactions carried out&nbsp;&nbsp;Activation of mechanisms to control and avoid potential&nbsp;scams&nbsp;during the purchase operation&nbsp;&nbsp;Contacting the consumer for updates or information notices concerning the features, products and services purchased&nbsp;&nbsp;<\/td><td>(Art. 6.1.b&nbsp;&nbsp;GDPR)&nbsp;&nbsp;<\/td><td>Not beyond 24 months after conclusion of the contract&nbsp;&nbsp;<\/td><\/tr><\/tbody><\/table><\/figure>\n\n\n\n<figure class=\"wp-block-table\"><table class=\"has-fixed-layout\"><tbody><tr><td>Processing&nbsp;of&nbsp;requests&nbsp;received&nbsp;through&nbsp;customer&nbsp;service&nbsp;channels&nbsp;&nbsp;<\/td><td>Your&nbsp;personal&nbsp;data&nbsp;will&nbsp;be&nbsp;processed&nbsp;to&nbsp;handle&nbsp;inquiries,&nbsp;to&nbsp;process&nbsp;complaints&nbsp;and&nbsp;product&nbsp;warranties,&nbsp;to&nbsp;provide&nbsp;technical&nbsp;support&nbsp;through&nbsp;e-mail,&nbsp;telephone&nbsp;calls&nbsp;and&nbsp;social&nbsp;media.&nbsp;&nbsp;<\/td><td>Legitimate&nbsp;interest&nbsp;(Art.&nbsp;&nbsp;6.1.f GDPR)&nbsp;&nbsp;<\/td><td>For&nbsp;the&nbsp;time&nbsp;strictly&nbsp;necessary&nbsp;for&nbsp;managing&nbsp;the&nbsp;requests&nbsp;(and&nbsp;in&nbsp;any&nbsp;case&nbsp;not&nbsp;beyond&nbsp;two&nbsp;years&nbsp;from&nbsp;the&nbsp;date&nbsp;of&nbsp;receipt&nbsp;of&nbsp;the&nbsp;request).&nbsp;&nbsp;<\/td><\/tr><tr><td>Marketing&nbsp;purposes&nbsp;&nbsp;<\/td><td>We&nbsp;will&nbsp;process&nbsp;your&nbsp;personal&nbsp;data&nbsp;to&nbsp;manage&nbsp;your&nbsp;subscription&nbsp;to&nbsp;the&nbsp;newsletter&nbsp;and&nbsp;to&nbsp;send&nbsp;you&nbsp;personalised&nbsp;information&nbsp;about&nbsp;our&nbsp;products&nbsp;or&nbsp;services,&nbsp;using&nbsp;various&nbsp;means&nbsp;of&nbsp;electronic&nbsp;communication&nbsp;(e.g., e-mail&nbsp;or&nbsp;SMS).&nbsp;In&nbsp;addition,&nbsp;we&nbsp;may&nbsp;also&nbsp;send&nbsp;you&nbsp;such&nbsp;newsletters&nbsp;and&nbsp;communications&nbsp;via&nbsp;push&nbsp;&nbsp;notifications,&nbsp;if&nbsp;this&nbsp;service&nbsp;is&nbsp;activated&nbsp;on&nbsp;your&nbsp;mobile&nbsp;device.&nbsp;&nbsp;You&nbsp;can&nbsp;unsubscribe&nbsp;from&nbsp;the&nbsp;&nbsp;Newsletter&nbsp;at&nbsp;any&nbsp;time&nbsp;through:&nbsp;&nbsp;The&nbsp;specific&nbsp;link&nbsp;at&nbsp;the&nbsp;bottom&nbsp;of&nbsp;each&nbsp;newsletter;&nbsp;&nbsp;The&nbsp;specific&nbsp;link&nbsp;indicated&nbsp;in&nbsp;the&nbsp;My&nbsp;Area.&nbsp;&nbsp;A&nbsp;request&nbsp;to&nbsp;the&nbsp;Contact&nbsp;&nbsp;Centre.&nbsp;&nbsp;In&nbsp;order&nbsp;to&nbsp;stop&nbsp;receiving&nbsp;push&nbsp;notifications,&nbsp;you&nbsp;can&nbsp;deactivate&nbsp;this&nbsp;function&nbsp;on&nbsp;your&nbsp;mobile&nbsp;device.&nbsp;&nbsp;To&nbsp;carry&nbsp;out&nbsp;promotional&nbsp;actions&nbsp;(for&nbsp;example,&nbsp;to&nbsp;implement&nbsp;contests&nbsp;or&nbsp;to&nbsp;forward&nbsp;your&nbsp;list&nbsp;of&nbsp;&nbsp;<\/td><td>Consent&nbsp;(Art.&nbsp;&nbsp;6.1.a GDPR)&nbsp;&nbsp;<\/td><td>24&nbsp;months&nbsp;from&nbsp;the&nbsp;date&nbsp;of&nbsp;issue&nbsp;of&nbsp;the&nbsp;marketing&nbsp;consent&nbsp;or&nbsp;from&nbsp;the&nbsp;date&nbsp;of&nbsp;the&nbsp;last&nbsp;interaction&nbsp;with&nbsp;the&nbsp;Controller.&nbsp;&nbsp;<\/td><\/tr><\/tbody><\/table><\/figure>\n\n\n\n<figure class=\"wp-block-table\"><table class=\"has-fixed-layout\"><tbody><tr><td>&nbsp;<\/td><td>saved&nbsp;items&nbsp;to&nbsp;the&nbsp;e-mail&nbsp;address&nbsp;you&nbsp;specify).&nbsp;&nbsp;With your express consent, to&nbsp;disseminate&nbsp;publicly shared photos or images on the Platform or on social networks through our channels.&nbsp;&nbsp;<\/td><td>&nbsp;<\/td><td>&nbsp;<\/td><\/tr><tr><td>Profiling&nbsp;purposes&nbsp;&nbsp;<\/td><td>We will use data concerning your web browsing&nbsp;behaviour, social&nbsp;iteration&nbsp;and transaction data to define consumer clusters&nbsp;in order to&nbsp;improve communications and the offer of products and services dedicated to you.&nbsp;&nbsp;<\/td><td>Consent&nbsp;(Art.&nbsp;&nbsp;6.1.a GDPR)&nbsp;&nbsp;<\/td><td>24&nbsp;months&nbsp;&nbsp;<\/td><\/tr><tr><td>Analysis of the use of platforms and services&nbsp;in order to&nbsp;improve the user experience and the offer&nbsp;&nbsp;<\/td><td>When&nbsp;you&nbsp;access&nbsp;our&nbsp;digital&nbsp;properties,&nbsp;we&nbsp;inform&nbsp;you&nbsp;that&nbsp;your&nbsp;navigation&nbsp;and&nbsp;interaction&nbsp;data&nbsp;with&nbsp;social&nbsp;channels&nbsp;will&nbsp;be&nbsp;processed&nbsp;for&nbsp;analytical&nbsp;and&nbsp;statistical&nbsp;purposes,&nbsp;&nbsp;i.e.&nbsp;to understand how users interact with our Platform and to enable us to improve it.&nbsp;&nbsp;<\/td><td>Consent&nbsp;(Art.&nbsp;&nbsp;6.1.a GDPR)&nbsp;&nbsp;<\/td><td>Until&nbsp;the&nbsp;navigation&nbsp;data&nbsp;are&nbsp;made&nbsp;anonymous&nbsp;&nbsp;<\/td><\/tr><\/tbody><\/table><\/figure>\n\n\n\n<ol start=\"4\" class=\"wp-block-list\">\n<li class=\"has-medium-font-size\" style=\"font-style:normal;font-weight:700\">SHARING INFORMATION WITH OTHER PARTIES&nbsp;&nbsp;<\/li>\n<\/ol>\n\n\n\n<p>For the purposes indicated in this information notice, your personal data may be communicated to other companies controlled by the Data Controller or to third parties who work in collaboration with the Data Controller in the provision of services, duly appointed as data processors or persons in charge of processing. These include:&nbsp;&nbsp;<\/p>\n\n\n\n<ul class=\"wp-block-list\">\n<li>a) Franchise&nbsp;partners.and&nbsp;branch of other countries&nbsp;&nbsp;<\/li>\n<\/ul>\n\n\n\n<ul class=\"wp-block-list\">\n<li>b)&nbsp;Financial&nbsp;institutions and companies&nbsp;specialising&nbsp;in online payments and in the detection and prevention of frauds and&nbsp;scams.&nbsp;&nbsp;<\/li>\n<\/ul>\n\n\n\n<ul class=\"wp-block-list\">\n<li>c) Technology service providers.&nbsp;&nbsp;<\/li>\n<\/ul>\n\n\n\n<ul class=\"wp-block-list\">\n<li>d) Suppliers and collaborators of&nbsp;logistics,&nbsp;transport&nbsp;and delivery services.&nbsp;&nbsp;<\/li>\n<\/ul>\n\n\n\n<ul class=\"wp-block-list\">\n<li>e) Providers of services related to customer service.&nbsp;&nbsp;<\/li>\n<\/ul>\n\n\n\n<ul class=\"wp-block-list\">\n<li>f) Providers, collaborators and partners&nbsp;of&nbsp;marketing and advertising services.&nbsp;&nbsp;<\/li>\n<\/ul>\n\n\n\n<p>Furthermore, for all the purposes indicated in the information notice, your data may also be transmitted abroad, inside or outside the European Union, in compliance with the rights and guarantees provided for by current legislation and subject to verification of the adequacy of the level of protection ensured by the Third Country.&nbsp;&nbsp;<\/p>\n\n\n\n<p>Finally, your data will be processed by adequately trained personnel within the Data Controller\u2019s offices, who&nbsp;operate&nbsp;as&nbsp;authorised&nbsp;personnel for the processing of personal data.&nbsp;&nbsp;<\/p>\n\n\n\n<ol start=\"5\" class=\"wp-block-list\">\n<li class=\"has-medium-font-size\" style=\"font-style:normal;font-weight:700\">DATA SUBJECT RIGHTS&nbsp;&nbsp;<\/li>\n<\/ol>\n\n\n\n<p>We wish to inform you that you have the right to ask the Data Controller for access to your personal data and to rectify these if inaccurate, to cancel or limit processing if the conditions are met, or to oppose their processing for legitimate interests pursued by our Company, and to obtain the portability of the data provided, only if subject to automated processing based on your consent or on the contract.&nbsp;&nbsp;<\/p>\n\n\n\n<p>You also have the right to revoke the consent given for the purposes of processing which require it, without prejudice to the lawfulness of the processing carried out until the time of revocation.&nbsp;&nbsp;<\/p>\n\n\n\n<p>You may exercise these rights by contacting the Data Controller at the addresses listed in point 1,&nbsp;indicating&nbsp;the reason for your request and the right you intend to exercise. If&nbsp;deemed&nbsp;necessary for identification purposes, we may ask you to provide us with a copy of a document which certifies your identity.&nbsp;&nbsp;<\/p>\n\n\n\n<p>Please note that if you have&nbsp;registered for&nbsp;the services as a user, you may also access the&nbsp;appropriate section&nbsp;of your personal data in your account for any change or update. In any case, please note that by actively providing us with your personal data by any means, you guarantee its truthfulness and accuracy and undertake to&nbsp;notify us&nbsp;of any change. Any loss or damages caused to the Controller or to a third party due to incorrect,&nbsp;inaccurate&nbsp;or incomplete information contained in the registration forms, will be the sole responsibility of the user. In general, you&nbsp;are only required to&nbsp;provide us with your personal data, not the data of third parties, without prejudice to the provisions of the privacy and cookie policy. We also inform you that you have the right to lodge a complaint with the Data Protection Supervisor&nbsp;(https:\/\/www.verisytms.com.tr\/en) for the protection of personal data.&nbsp;&nbsp;<\/p>\n\n\n\n<ol start=\"6\" class=\"wp-block-list\">\n<li class=\"has-medium-font-size\" style=\"font-style:normal;font-weight:700\">CHANGES TO THE POLICY&nbsp;&nbsp;<\/li>\n<\/ol>\n\n\n\n<p>When&nbsp;deemed&nbsp;appropriate, we may&nbsp;modify&nbsp;the information contained in this statement. In this case, we will notify you in various ways (for example, by posting on websites, newsletters, with a banner, pop-up or push notification) or by forwarding a specific e-mail if the change affects the purposes for which the data were collected, so that you can view the changes, make your assessments and, where appropriate, oppose or terminate any services or functions.&nbsp;&nbsp;<\/p>\n<\/div><\/div>\n","protected":false},"excerpt":{"rendered":"<p>PRIVACY POLICY PRIVACY POLICY&nbsp;&nbsp; The data controller&nbsp;of&nbsp;your personal data is&nbsp;Bgl&nbsp;Group Textile Ltd, with registered office in T\u00fcrkiye. (hereinafter &#8220;Digital Properties&#8221;).&nbsp;&nbsp; [&hellip;]<\/p>\n","protected":false},"author":1,"featured_media":0,"parent":0,"menu_order":0,"comment_status":"closed","ping_status":"open","template":"","meta":{"_acf_changed":false,"_uag_custom_page_level_css":"","site-sidebar-layout":"default","site-content-layout":"","ast-site-content-layout":"default","site-content-style":"default","site-sidebar-style":"default","ast-global-header-display":"","ast-banner-title-visibility":"","ast-main-header-display":"","ast-hfb-above-header-display":"","ast-hfb-below-header-display":"","ast-hfb-mobile-header-display":"","site-post-title":"disabled","ast-breadcrumbs-content":"","ast-featured-img":"","footer-sml-layout":"","ast-disable-related-posts":"","theme-transparent-header-meta":"","adv-header-id-meta":"","stick-header-meta":"","header-above-stick-meta":"","header-main-stick-meta":"","header-below-stick-meta":"","astra-migrate-meta-layouts":"default","ast-page-background-enabled":"default","ast-page-background-meta":{"desktop":{"background-color":"var(--ast-global-color-4)","background-image":"","background-repeat":"repeat","background-position":"center center","background-size":"auto","background-attachment":"scroll","background-type":"","background-media":"","overlay-type":"","overlay-color":"","overlay-opacity":"","overlay-gradient":""},"tablet":{"background-color":"","background-image":"","background-repeat":"repeat","background-position":"center center","background-size":"auto","background-attachment":"scroll","background-type":"","background-media":"","overlay-type":"","overlay-color":"","overlay-opacity":"","overlay-gradient":""},"mobile":{"background-color":"","background-image":"","background-repeat":"repeat","background-position":"center center","background-size":"auto","background-attachment":"scroll","background-type":"","background-media":"","overlay-type":"","overlay-color":"","overlay-opacity":"","overlay-gradient":""}},"ast-content-background-meta":{"desktop":{"background-color":"var(--ast-global-color-5)","background-image":"","background-repeat":"repeat","background-position":"center center","background-size":"auto","background-attachment":"scroll","background-type":"","background-media":"","overlay-type":"","overlay-color":"","overlay-opacity":"","overlay-gradient":""},"tablet":{"background-color":"var(--ast-global-color-5)","background-image":"","background-repeat":"repeat","background-position":"center center","background-size":"auto","background-attachment":"scroll","background-type":"","background-media":"","overlay-type":"","overlay-color":"","overlay-opacity":"","overlay-gradient":""},"mobile":{"background-color":"var(--ast-global-color-5)","background-image":"","background-repeat":"repeat","background-position":"center center","background-size":"auto","background-attachment":"scroll","background-type":"","background-media":"","overlay-type":"","overlay-color":"","overlay-opacity":"","overlay-gradient":""}},"footnotes":""},"class_list":["post-3","page","type-page","status-publish","hentry"],"acf":[],"_hostinger_reach_plugin_has_subscription_block":false,"_hostinger_reach_plugin_is_elementor":false,"uagb_featured_image_src":{"full":false,"thumbnail":false,"medium":false,"medium_large":false,"large":false,"1536x1536":false,"2048x2048":false,"trp-custom-language-flag":false,"woocommerce_thumbnail":false,"woocommerce_single":false,"woocommerce_gallery_thumbnail":false},"uagb_author_info":{"display_name":"\u0628\u0631\u0643\u0627\u062a \u0627\u0644\u064a\u0648\u0633\u0641","author_link":"https:\/\/turkishtrade.co\/en\/author\/salih-2-1-2003-993gmail-com\/"},"uagb_comment_info":0,"uagb_excerpt":"PRIVACY POLICY PRIVACY POLICY&nbsp;&nbsp; The data controller&nbsp;of&nbsp;your personal data is&nbsp;Bgl&nbsp;Group Textile Ltd, with registered office in T\u00fcrkiye. (hereinafter &#8220;Digital Properties&#8221;).&nbsp;&nbsp; [&hellip;]","_links":{"self":[{"href":"https:\/\/turkishtrade.co\/en\/wp-json\/wp\/v2\/pages\/3","targetHints":{"allow":["GET"]}}],"collection":[{"href":"https:\/\/turkishtrade.co\/en\/wp-json\/wp\/v2\/pages"}],"about":[{"href":"https:\/\/turkishtrade.co\/en\/wp-json\/wp\/v2\/types\/page"}],"author":[{"embeddable":true,"href":"https:\/\/turkishtrade.co\/en\/wp-json\/wp\/v2\/users\/1"}],"replies":[{"embeddable":true,"href":"https:\/\/turkishtrade.co\/en\/wp-json\/wp\/v2\/comments?post=3"}],"version-history":[{"count":5,"href":"https:\/\/turkishtrade.co\/en\/wp-json\/wp\/v2\/pages\/3\/revisions"}],"predecessor-version":[{"id":7603,"href":"https:\/\/turkishtrade.co\/en\/wp-json\/wp\/v2\/pages\/3\/revisions\/7603"}],"wp:attachment":[{"href":"https:\/\/turkishtrade.co\/en\/wp-json\/wp\/v2\/media?parent=3"}],"curies":[{"name":"wp","href":"https:\/\/api.w.org\/{rel}","templated":true}]}}