{"id":8595,"date":"2026-01-29T14:51:20","date_gmt":"2026-01-29T14:51:20","guid":{"rendered":"https:\/\/turkishtrade.co\/?post_type=product&#038;p=8595"},"modified":"2026-04-09T20:20:13","modified_gmt":"2026-04-09T20:20:13","slug":"mens-blue-calf-loafers","status":"publish","type":"product","link":"https:\/\/turkishtrade.co\/de\/shop\/mens-blue-calf-loafers\/","title":{"rendered":"Herren Blau Kalb Loafers Authentic | Herren Blau Kalb Leder Casual"},"content":{"rendered":"<h3>Erh\u00f6hen Sie Ihren Stil mit Premium Loafers aus blauem Kalbfleisch f\u00fcr M\u00e4nner<\/h3>\n<p>Erleben Sie unvergleichlichen Stil und Komfort mit unserem exquisiten <strong>Herren-Slipper aus blauem Kalb<\/strong>. Diese Loafer wurden f\u00fcr den modernen Mann entworfen, der sowohl Eleganz als auch Leichtigkeit sch\u00e4tzt, und sind ein Beweis f\u00fcr hervorragende Schuhmacherkunst. Der satte, tiefblaue Farbton in Kombination mit dem raffinierten Design macht sie zu einer vielseitigen Erg\u00e4nzung f\u00fcr jede Garderobe, die sich m\u00fchelos von l\u00e4ssiger B\u00fcrokleidung bis hin zu entspannten Wochenendausfl\u00fcgen kombinieren l\u00e4sst. Unser <strong>Herren-Slipper aus blauem Kalb<\/strong> sind nicht einfach nur Schuhe, sie sind ein Erlebnis von Luxus und Haltbarkeit.<\/p>\n<h3>Un\u00fcbertroffener Komfort und hochwertige Materialien<\/h3>\n<p>Erleben Sie den Unterschied, den hochwertige Materialien ausmachen. Das Obermaterial dieser anspruchsvollen Loafer ist aus echtem Leder gefertigt. <strong>Kalbsleder<\/strong>, ist bekannt f\u00fcr seine glatte Textur, seine au\u00dfergew\u00f6hnliche Haltbarkeit und seine F\u00e4higkeit, sch\u00f6n zu altern. Dieses hochwertige Leder bietet ein luxuri\u00f6ses Gef\u00fchl und stellt sicher, dass Ihre Schuhe den Test der Zeit bestehen und ihr makelloses Aussehen auch bei regelm\u00e4\u00dfigem Tragen beibehalten. Innen werden Ihre F\u00fc\u00dfe von einem \u00fcppig weichen Leder umh\u00fcllt. <strong>Futter aus Ziegenleder<\/strong>. Dieses nat\u00fcrliche Material ist bekannt f\u00fcr seine Atmungsaktivit\u00e4t und seine feuchtigkeitsableitenden Eigenschaften, die Ihre F\u00fc\u00dfe den ganzen Tag \u00fcber bequem und trocken halten, Unbehagen verhindern und f\u00fcr ein frisches Gef\u00fchl sorgen.<\/p>\n<p>Unter den F\u00fc\u00dfen ist das leichte und dennoch robuste <strong>EVA-Sohle<\/strong> bietet hervorragende D\u00e4mpfung und Unterst\u00fctzung. Die EVA-Sohle wurde f\u00fcr optimale Flexibilit\u00e4t und Sto\u00dfd\u00e4mpfung entwickelt und tr\u00e4gt zu einem unglaublich komfortablen Lauferlebnis bei, das Erm\u00fcdungserscheinungen reduziert und es Ihnen erm\u00f6glicht, l\u00e4nger auf den Beinen zu bleiben. Die griffige Sohle bietet au\u00dferdem zuverl\u00e4ssige Traktion und macht diese <strong>Herren-Slipper aus blauem Kalb<\/strong> eine praktische Wahl f\u00fcr verschiedene st\u00e4dtische Umgebungen.<\/p>\n<h3>Anspruchsvolles Design und Vielseitigkeit<\/h3>\n<p>Das Design dieser l\u00e4ssigen Loafer ist eine Meisterklasse in schlichter Eleganz. Mit einer klassischen Loafer-Silhouette, die durch komplizierte N\u00e4hte um das Vorderblatt und einen stilvollen Metall-Akzent aufgewertet wird, strahlen diese Schuhe Raffinesse aus. Die sorgf\u00e4ltige Handwerkskunst zeigt sich in jedem Detail, von den pr\u00e4zisen N\u00e4hten bis zur makellosen Verarbeitung des Kalbsleders. Erh\u00e4ltlich in einer breiten Palette von Gr\u00f6\u00dfen von 40 bis 44 (EU), garantieren wir eine perfekte Passform f\u00fcr eine breite Palette von anspruchsvollen Herren.<\/p>\n<p>Egal, ob Sie sich f\u00fcr ein Business-Casual-Meeting, einen gem\u00fctlichen Brunch oder eine halb-formelle Veranstaltung kleiden, diese <strong>Herren-Slipper aus blauem Kalb<\/strong> wird Ihre erste Wahl f\u00fcr Schuhe sein. Kombinieren Sie sie mit ma\u00dfgeschneiderten Chinos und einem knackigen Hemd f\u00fcr einen eleganten Look oder mit Jeans und einem Polo f\u00fcr ein entspanntes, aber raffiniertes Ensemble. Ihre zeitlose Attraktivit\u00e4t sorgt daf\u00fcr, dass sie auch in den kommenden Saisons ein fester Bestandteil Ihrer Kollektion sein werden. Investieren Sie in ein Paar Schuhe, das sowohl tadellosen Stil als auch dauerhaften Komfort bietet.<\/p>\n<h3>M\u00f6glichkeiten f\u00fcr den Gro\u00dfhandel<\/h3>\n<p>F\u00fcr Einzelh\u00e4ndler und Unternehmen, die Premium-Schuhe anbieten m\u00f6chten, sind diese au\u00dfergew\u00f6hnlichen <strong>Herren-Slipper aus blauem Kalb<\/strong> sind f\u00fcr den Gro\u00dfhandel erh\u00e4ltlich. Mit einer Mindestbestellmenge von nur 8 Paaren k\u00f6nnen Sie Ihren Bestand problemlos mit gefragten Qualit\u00e4tsprodukten aufstocken, die Ihre Kunden lieben werden. Setzen Sie sich noch heute mit uns in Verbindung, um mehr \u00fcber unsere Gro\u00dfhandelspreise und Partnerschaftsm\u00f6glichkeiten zu erfahren, und bringen Sie den Luxus echter Kalbsleder-Loafer zu Ihren Kunden.<\/p>","protected":false},"excerpt":{"rendered":"<ul>\n<li>Obermaterial aus hochwertigem Kalbsleder f\u00fcr Langlebigkeit und Stil<\/li>\n<li>Luxuri\u00f6ses Ziegenleder-Futter f\u00fcr atmungsaktiven Komfort<\/li>\n<li>Leichte und gepolsterte EVA-Sohle f\u00fcr ganzt\u00e4gigen Halt<\/li>\n<li>Anspruchsvolles, l\u00e4ssiges Loafer-Design mit elegantem Metall-Bit-Detail<\/li>\n<li>Erh\u00e4ltlich in den Herrengr\u00f6\u00dfen 40-44 (EU)<\/li>\n<li>Gro\u00dfhandel verf\u00fcgbar: Mindestbestellmenge 8 Paare<\/li>\n<\/ul>","protected":false},"featured_media":6752,"template":"","meta":{"_acf_changed":false,"_uag_custom_page_level_css":"","site-sidebar-layout":"default","site-content-layout":"","ast-site-content-layout":"default","site-content-style":"default","site-sidebar-style":"default","ast-global-header-display":"","ast-banner-title-visibility":"","ast-main-header-display":"","ast-hfb-above-header-display":"","ast-hfb-below-header-display":"","ast-hfb-mobile-header-display":"","site-post-title":"","ast-breadcrumbs-content":"","ast-featured-img":"","footer-sml-layout":"","ast-disable-related-posts":"","theme-transparent-header-meta":"","adv-header-id-meta":"","stick-header-meta":"","header-above-stick-meta":"","header-main-stick-meta":"","header-below-stick-meta":"","astra-migrate-meta-layouts":"default","ast-page-background-enabled":"default","ast-page-background-meta":{"desktop":{"background-color":"var(--ast-global-color-4)","background-image":"","background-repeat":"repeat","background-position":"center center","background-size":"auto","background-attachment":"scroll","background-type":"","background-media":"","overlay-type":"","overlay-color":"","overlay-opacity":"","overlay-gradient":""},"tablet":{"background-color":"","background-image":"","background-repeat":"repeat","background-position":"center center","background-size":"auto","background-attachment":"scroll","background-type":"","background-media":"","overlay-type":"","overlay-color":"","overlay-opacity":"","overlay-gradient":""},"mobile":{"background-color":"","background-image":"","background-repeat":"repeat","background-position":"center center","background-size":"auto","background-attachment":"scroll","background-type":"","background-media":"","overlay-type":"","overlay-color":"","overlay-opacity":"","overlay-gradient":""}},"ast-content-background-meta":{"desktop":{"background-color":"var(--ast-global-color-5)","background-image":"","background-repeat":"repeat","background-position":"center center","background-size":"auto","background-attachment":"scroll","background-type":"","background-media":"","overlay-type":"","overlay-color":"","overlay-opacity":"","overlay-gradient":""},"tablet":{"background-color":"var(--ast-global-color-5)","background-image":"","background-repeat":"repeat","background-position":"center center","background-size":"auto","background-attachment":"scroll","background-type":"","background-media":"","overlay-type":"","overlay-color":"","overlay-opacity":"","overlay-gradient":""},"mobile":{"background-color":"var(--ast-global-color-5)","background-image":"","background-repeat":"repeat","background-position":"center center","background-size":"auto","background-attachment":"scroll","background-type":"","background-media":"","overlay-type":"","overlay-color":"","overlay-opacity":"","overlay-gradient":""}}},"product_brand":[],"product_cat":[48,49,430,1200],"product_tag":[635,185,512,287,189,186,184,380,281],"class_list":{"0":"post-8595","1":"product","2":"type-product","3":"status-publish","4":"has-post-thumbnail","6":"product_cat-casual","7":"product_cat-loafer","8":"product_cat-men","9":"product_cat-mens-shoes-2","10":"product_tag-blue-loafers","11":"product_tag-calf-leather-shoes","12":"product_tag-casual-loafers","13":"product_tag-eva-sole-shoes","14":"product_tag-goat-leather-lining","15":"product_tag-mens-loafers","16":"product_tag-slip-on-shoes","17":"product_tag-smart-casual-footwear","18":"product_tag-wholesale-shoes","19":"desktop-align-center","20":"tablet-align-center","21":"mobile-align-center","23":"first","24":"instock","25":"shipping-taxable","26":"purchasable","27":"product-type-variable","28":"has-default-attributes"},"acf":[],"uagb_featured_image_src":{"full":["https:\/\/turkishtrade.co\/wp-content\/uploads\/2026\/01\/2600QLOMN00047-DARK-BLUE.png",453,250,false],"thumbnail":["https:\/\/turkishtrade.co\/wp-content\/uploads\/2026\/01\/2600QLOMN00047-DARK-BLUE-150x150.png",150,150,true],"medium":["https:\/\/turkishtrade.co\/wp-content\/uploads\/2026\/01\/2600QLOMN00047-DARK-BLUE-300x166.png",300,166,true],"medium_large":["https:\/\/turkishtrade.co\/wp-content\/uploads\/2026\/01\/2600QLOMN00047-DARK-BLUE.png",453,250,false],"large":["https:\/\/turkishtrade.co\/wp-content\/uploads\/2026\/01\/2600QLOMN00047-DARK-BLUE.png",453,250,false],"1536x1536":["https:\/\/turkishtrade.co\/wp-content\/uploads\/2026\/01\/2600QLOMN00047-DARK-BLUE.png",453,250,false],"2048x2048":["https:\/\/turkishtrade.co\/wp-content\/uploads\/2026\/01\/2600QLOMN00047-DARK-BLUE.png",453,250,false],"trp-custom-language-flag":["https:\/\/turkishtrade.co\/wp-content\/uploads\/2026\/01\/2600QLOMN00047-DARK-BLUE-18x10.png",18,10,true],"woocommerce_thumbnail":["https:\/\/turkishtrade.co\/wp-content\/uploads\/2026\/01\/2600QLOMN00047-DARK-BLUE-400x250.png",400,250,true],"woocommerce_single":["https:\/\/turkishtrade.co\/wp-content\/uploads\/2026\/01\/2600QLOMN00047-DARK-BLUE.png",453,250,false],"woocommerce_gallery_thumbnail":["https:\/\/turkishtrade.co\/wp-content\/uploads\/2026\/01\/2600QLOMN00047-DARK-BLUE-100x100.png",100,100,true]},"uagb_author_info":{"display_name":"python python","author_link":"https:\/\/turkishtrade.co\/de\/author\/"},"uagb_comment_info":0,"uagb_excerpt":"Premium Calf Leather Upper for Durability &amp; Style Luxurious Goat Leather Lining for Breathable Comfort Lightweight &amp; Cushioned EVA Sole for All-Day Support Sophisticated Casual Loafer Design with Elegant Metal Bit Detail Available in Men's Sizes 40-44 (EU) Wholesale Available: Minimum Order Quantity 8 Pairs","_links":{"self":[{"href":"https:\/\/turkishtrade.co\/de\/wp-json\/wp\/v2\/product\/8595","targetHints":{"allow":["GET"]}}],"collection":[{"href":"https:\/\/turkishtrade.co\/de\/wp-json\/wp\/v2\/product"}],"about":[{"href":"https:\/\/turkishtrade.co\/de\/wp-json\/wp\/v2\/types\/product"}],"wp:featuredmedia":[{"embeddable":true,"href":"https:\/\/turkishtrade.co\/de\/wp-json\/wp\/v2\/media\/6752"}],"wp:attachment":[{"href":"https:\/\/turkishtrade.co\/de\/wp-json\/wp\/v2\/media?parent=8595"}],"wp:term":[{"taxonomy":"product_brand","embeddable":true,"href":"https:\/\/turkishtrade.co\/de\/wp-json\/wp\/v2\/product_brand?post=8595"},{"taxonomy":"product_cat","embeddable":true,"href":"https:\/\/turkishtrade.co\/de\/wp-json\/wp\/v2\/product_cat?post=8595"},{"taxonomy":"product_tag","embeddable":true,"href":"https:\/\/turkishtrade.co\/de\/wp-json\/wp\/v2\/product_tag?post=8595"}],"curies":[{"name":"wp","href":"https:\/\/api.w.org\/{rel}","templated":true}]}}