{"id":8589,"date":"2026-01-29T14:51:20","date_gmt":"2026-01-29T14:51:20","guid":{"rendered":"https:\/\/turkishtrade.co\/?post_type=product&#038;p=8589"},"modified":"2026-04-09T20:20:35","modified_gmt":"2026-04-09T20:20:35","slug":"mens-navy-leather-loafers-4","status":"publish","type":"product","link":"https:\/\/turkishtrade.co\/de\/shop\/mens-navy-leather-loafers-4\/","title":{"rendered":"Herren Navy Leder Loafers Best-Selling | Herren Navy Leder Casual Loafers"},"content":{"rendered":"<p><strong>Marineblaue Leder-Slipper f\u00fcr M\u00e4nner<\/strong>. Best-Selling Qualit\u00e4t und Design.<\/p>\n<p>Erleben Sie unvergleichlichen Komfort und raffinierten Stil mit unseren hochwertigen <b>Marineblaue Leder-Slipper f\u00fcr M\u00e4nner<\/b>. Diese l\u00e4ssigen Loafer wurden f\u00fcr den modernen Gentleman entworfen und vereinen zeitloses Design mit modernen Eigenschaften, was sie zu einer unverzichtbaren Erg\u00e4nzung f\u00fcr jede anspruchsvolle Garderobe macht. Egal, ob Sie einen anstrengenden Arbeitstag, einen entspannten Wochenendausflug oder eine l\u00e4ssige Veranstaltung besuchen, diese Loafer bieten die perfekte Kombination aus Eleganz, Haltbarkeit und ganzt\u00e4gigem Komfort.<\/p>\n<h3>Unerreichte Qualit\u00e4t und Handwerkskunst<\/h3>\n<p>Das Herzst\u00fcck dieser au\u00dfergew\u00f6hnlichen <b>Marineblaue Leder-Slipper f\u00fcr M\u00e4nner<\/b> steht f\u00fcr \u00fcberlegene Handwerkskunst und ein Engagement f\u00fcr hochwertige Materialien. Das Obermaterial wurde sorgf\u00e4ltig aus echtem Kalbsleder gefertigt, das f\u00fcr seine weiche Textur, sein luxuri\u00f6ses Gef\u00fchl und seine beeindruckende Haltbarkeit bekannt ist. Dieses Premium-Leder sorgt nicht nur f\u00fcr eine raffinierte \u00c4sthetik, sondern passt sich mit der Zeit auch an Ihren Fu\u00df an und bietet eine individuelle Passform. Erg\u00e4nzt wird das exquisite \u00c4u\u00dfere durch ein Futter aus Ziegenleder. Dieses nat\u00fcrliche Material ist bekannt f\u00fcr seine Atmungsaktivit\u00e4t, seine feuchtigkeitsableitenden Eigenschaften und seinen unglaublich weichen Griff, der daf\u00fcr sorgt, dass Ihre F\u00fc\u00dfe auch bei l\u00e4ngerem Tragen bequem und frisch bleiben. Dies sind wirklich die bequemen Navy Leder Loafers f\u00fcr Herren, nach denen Sie gesucht haben.<\/p>\n<h3>Hoher Komfort mit leichter EVA-Sohle<\/h3>\n<p>Mit der innovativen EVA-Sohle (Ethylen-Vinylacetat) gehen Sie wie auf Wolken. Im Gegensatz zu herk\u00f6mmlichen schweren Sohlen bietet unsere leichte EVA-Sohle au\u00dfergew\u00f6hnliche D\u00e4mpfung, Flexibilit\u00e4t und Sto\u00dfabsorption, was die Erm\u00fcdung der F\u00fc\u00dfe drastisch reduziert. Diese Eigenschaft macht unsere Loafer ideal f\u00fcr l\u00e4ngeres Stehen oder Gehen und bietet ein federndes, reaktionsfreudiges Gef\u00fchl bei jedem Schritt. Die robuste und dennoch flexible Sohle sorgt f\u00fcr exzellenten Halt und Stabilit\u00e4t und macht diese <b>Marineblaue Leder-Slipper f\u00fcr M\u00e4nner<\/b> nicht nur stilvoll, sondern auch unglaublich praktisch f\u00fcr verschiedene st\u00e4dtische Umgebungen.<\/p>\n<h3>Elegantes Design und Vielseitigkeit<\/h3>\n<p>Das Design dieser l\u00e4ssigen Loafer spricht B\u00e4nde \u00fcber unaufdringlichen Luxus. Die klassische Slipper-Silhouette wird durch aufwendige Mokassin-N\u00e4hte um das Vorderblatt und eine unverwechselbare silberfarbene Metallverzierung aufgewertet, die einen Hauch von raffiniertem Charakter verleiht. Der tiefe Navy-Farbton ist eine raffinierte Alternative zu traditionellem Schwarz oder Braun und bietet eine Vielseitigkeit, die sich m\u00fchelos mit einer breiten Palette von Outfits kombinieren l\u00e4sst. Von ma\u00dfgeschneiderten Chinos und eleganten Jeans bis hin zu Sommerhosen und Shorts werten diese Loafers aus Leder in Marineblau Ihr Ensemble auf und eignen sich sowohl f\u00fcr l\u00e4ssige Alltagsoutfits als auch f\u00fcr elegantere Anl\u00e4sse. Erh\u00e4ltlich in einer breiten Palette von EU-Gr\u00f6\u00dfen von 40 bis 44, ist es einfach, die perfekte Passform zu finden.<\/p>\n<h3>Ideal f\u00fcr Gro\u00dfhandelsk\u00e4ufe<\/h3>\n<p>F\u00fcr Einzelh\u00e4ndler und Unternehmen, die auf der Suche nach hochwertigen Schuhen sind, sind unsere Navy Leather Loafers f\u00fcr den Gro\u00dfhandel erh\u00e4ltlich. Wir halten eine Mindestbestellmenge von 8 Paaren ein, um sicherzustellen, dass unsere Partner eine vielseitige Auswahl an Gr\u00f6\u00dfen auf Lager haben und ihren Kunden hochwertige, langlebige und stilvolle Optionen anbieten k\u00f6nnen. Investieren Sie in Schuhe, die zeitlose Attraktivit\u00e4t mit modernem Komfort und hochwertigen Materialien verbinden und Ihre Kunden garantiert beeindrucken werden. Unser Engagement f\u00fcr hervorragende Qualit\u00e4t bedeutet, dass Sie nur das Beste an Freizeitschuhen f\u00fcr M\u00e4nner anbieten.<\/p>","protected":false},"excerpt":{"rendered":"<ul>\n<li>Gefertigt aus hochwertigem, echtem Kalbsleder f\u00fcr dauerhafte Qualit\u00e4t und ein luxuri\u00f6ses Gef\u00fchl.<\/li>\n<li>Das herrlich weiche und atmungsaktive Ziegenlederfutter sorgt f\u00fcr ganzt\u00e4gigen Komfort.<\/li>\n<li>Ausgestattet mit einer leichten, flexiblen und sto\u00dfd\u00e4mpfenden EVA-Sohle f\u00fcr hervorragende D\u00e4mpfung.<\/li>\n<li>Elegantes Slip-on-Design mit markanten Mokassin-N\u00e4hten und einer raffinierten silberfarbenen Verzierung.<\/li>\n<li>Erh\u00e4ltlich in den EU-Gr\u00f6\u00dfen 40-44, entworfen f\u00fcr die vielseitige Garderobe des modernen Mannes.<\/li>\n<li>Ideal als Loafers f\u00fcr Herren in Marineblau, sowohl f\u00fcr Freizeitkleidung als auch f\u00fcr elegante Freizeitkleidung.<\/li>\n<li>Gro\u00dfhandelsbestellungen sind willkommen (Mindestbestellmenge: 8 Paar).<\/li>\n<\/ul>","protected":false},"featured_media":6745,"template":"","meta":{"_acf_changed":false,"_uag_custom_page_level_css":"","site-sidebar-layout":"default","site-content-layout":"","ast-site-content-layout":"default","site-content-style":"default","site-sidebar-style":"default","ast-global-header-display":"","ast-banner-title-visibility":"","ast-main-header-display":"","ast-hfb-above-header-display":"","ast-hfb-below-header-display":"","ast-hfb-mobile-header-display":"","site-post-title":"","ast-breadcrumbs-content":"","ast-featured-img":"","footer-sml-layout":"","ast-disable-related-posts":"","theme-transparent-header-meta":"","adv-header-id-meta":"","stick-header-meta":"","header-above-stick-meta":"","header-main-stick-meta":"","header-below-stick-meta":"","astra-migrate-meta-layouts":"default","ast-page-background-enabled":"default","ast-page-background-meta":{"desktop":{"background-color":"var(--ast-global-color-4)","background-image":"","background-repeat":"repeat","background-position":"center center","background-size":"auto","background-attachment":"scroll","background-type":"","background-media":"","overlay-type":"","overlay-color":"","overlay-opacity":"","overlay-gradient":""},"tablet":{"background-color":"","background-image":"","background-repeat":"repeat","background-position":"center center","background-size":"auto","background-attachment":"scroll","background-type":"","background-media":"","overlay-type":"","overlay-color":"","overlay-opacity":"","overlay-gradient":""},"mobile":{"background-color":"","background-image":"","background-repeat":"repeat","background-position":"center center","background-size":"auto","background-attachment":"scroll","background-type":"","background-media":"","overlay-type":"","overlay-color":"","overlay-opacity":"","overlay-gradient":""}},"ast-content-background-meta":{"desktop":{"background-color":"var(--ast-global-color-5)","background-image":"","background-repeat":"repeat","background-position":"center center","background-size":"auto","background-attachment":"scroll","background-type":"","background-media":"","overlay-type":"","overlay-color":"","overlay-opacity":"","overlay-gradient":""},"tablet":{"background-color":"var(--ast-global-color-5)","background-image":"","background-repeat":"repeat","background-position":"center center","background-size":"auto","background-attachment":"scroll","background-type":"","background-media":"","overlay-type":"","overlay-color":"","overlay-opacity":"","overlay-gradient":""},"mobile":{"background-color":"var(--ast-global-color-5)","background-image":"","background-repeat":"repeat","background-position":"center center","background-size":"auto","background-attachment":"scroll","background-type":"","background-media":"","overlay-type":"","overlay-color":"","overlay-opacity":"","overlay-gradient":""}}},"product_brand":[],"product_cat":[48,49,430,1200],"product_tag":[185,512,287,1258,215,198,1366,1155,670,254],"class_list":{"0":"post-8589","1":"product","2":"type-product","3":"status-publish","4":"has-post-thumbnail","6":"product_cat-casual","7":"product_cat-loafer","8":"product_cat-men","9":"product_cat-mens-shoes-2","10":"product_tag-calf-leather-shoes","11":"product_tag-casual-loafers","12":"product_tag-eva-sole-shoes","13":"product_tag-goat-lined-shoes","14":"product_tag-leather-loafers","15":"product_tag-mens-fashion","16":"product_tag-mens-navy-leather-loafers","17":"product_tag-slip-on-loafers","18":"product_tag-stylish-loafers","19":"product_tag-wholesale-footwear","20":"desktop-align-center","21":"tablet-align-center","22":"mobile-align-center","24":"first","25":"instock","26":"shipping-taxable","27":"purchasable","28":"product-type-variable","29":"has-default-attributes"},"acf":[],"uagb_featured_image_src":{"full":["https:\/\/turkishtrade.co\/wp-content\/uploads\/2026\/01\/2600QLOMN00041-DARK-BLUE.png",453,250,false],"thumbnail":["https:\/\/turkishtrade.co\/wp-content\/uploads\/2026\/01\/2600QLOMN00041-DARK-BLUE-150x150.png",150,150,true],"medium":["https:\/\/turkishtrade.co\/wp-content\/uploads\/2026\/01\/2600QLOMN00041-DARK-BLUE-300x166.png",300,166,true],"medium_large":["https:\/\/turkishtrade.co\/wp-content\/uploads\/2026\/01\/2600QLOMN00041-DARK-BLUE.png",453,250,false],"large":["https:\/\/turkishtrade.co\/wp-content\/uploads\/2026\/01\/2600QLOMN00041-DARK-BLUE.png",453,250,false],"1536x1536":["https:\/\/turkishtrade.co\/wp-content\/uploads\/2026\/01\/2600QLOMN00041-DARK-BLUE.png",453,250,false],"2048x2048":["https:\/\/turkishtrade.co\/wp-content\/uploads\/2026\/01\/2600QLOMN00041-DARK-BLUE.png",453,250,false],"trp-custom-language-flag":["https:\/\/turkishtrade.co\/wp-content\/uploads\/2026\/01\/2600QLOMN00041-DARK-BLUE-18x10.png",18,10,true],"woocommerce_thumbnail":["https:\/\/turkishtrade.co\/wp-content\/uploads\/2026\/01\/2600QLOMN00041-DARK-BLUE-400x250.png",400,250,true],"woocommerce_single":["https:\/\/turkishtrade.co\/wp-content\/uploads\/2026\/01\/2600QLOMN00041-DARK-BLUE.png",453,250,false],"woocommerce_gallery_thumbnail":["https:\/\/turkishtrade.co\/wp-content\/uploads\/2026\/01\/2600QLOMN00041-DARK-BLUE-100x100.png",100,100,true]},"uagb_author_info":{"display_name":"python python","author_link":"https:\/\/turkishtrade.co\/de\/author\/"},"uagb_comment_info":0,"uagb_excerpt":"Crafted from premium genuine calf leather for lasting quality and a luxurious feel. Features a sumptuously soft and breathable goat leather lining for all-day comfort. Equipped with a lightweight, flexible, and shock-absorbing EVA sole for superior cushioning. Stylish slip-on design with distinctive moccasin stitching and a sophisticated silver-tone embellishment. Available in EU sizes 40-44, designed&hellip;","_links":{"self":[{"href":"https:\/\/turkishtrade.co\/de\/wp-json\/wp\/v2\/product\/8589","targetHints":{"allow":["GET"]}}],"collection":[{"href":"https:\/\/turkishtrade.co\/de\/wp-json\/wp\/v2\/product"}],"about":[{"href":"https:\/\/turkishtrade.co\/de\/wp-json\/wp\/v2\/types\/product"}],"wp:featuredmedia":[{"embeddable":true,"href":"https:\/\/turkishtrade.co\/de\/wp-json\/wp\/v2\/media\/6745"}],"wp:attachment":[{"href":"https:\/\/turkishtrade.co\/de\/wp-json\/wp\/v2\/media?parent=8589"}],"wp:term":[{"taxonomy":"product_brand","embeddable":true,"href":"https:\/\/turkishtrade.co\/de\/wp-json\/wp\/v2\/product_brand?post=8589"},{"taxonomy":"product_cat","embeddable":true,"href":"https:\/\/turkishtrade.co\/de\/wp-json\/wp\/v2\/product_cat?post=8589"},{"taxonomy":"product_tag","embeddable":true,"href":"https:\/\/turkishtrade.co\/de\/wp-json\/wp\/v2\/product_tag?post=8589"}],"curies":[{"name":"wp","href":"https:\/\/api.w.org\/{rel}","templated":true}]}}